{"id":286,"date":"2025-10-04T14:26:55","date_gmt":"2025-10-04T11:26:55","guid":{"rendered":"https:\/\/magazinulmiculcalaret.ro\/?post_type=product&#038;p=286"},"modified":"2025-10-13T23:23:54","modified_gmt":"2025-10-13T20:23:54","slug":"saddle-soap-250gr","status":"publish","type":"product","link":"https:\/\/magazinulmiculcalaret.ro\/hu\/product\/saddle-soap-250gr\/","title":{"rendered":"Saddle Soap 250gr"},"content":{"rendered":"<p data-start=\"0\" data-end=\"248\">A NAF Saddle Soap egy hagyom\u00e1nyos b\u0151rtiszt\u00edt\u00f3 szappan, amely alaposan, m\u00e9gis k\u00edm\u00e9letesen t\u00e1vol\u00edtja el a szennyez\u0151d\u00e9seket a b\u0151rb\u0151l k\u00e9sz\u00fclt felszerel\u00e9sekr\u0151l. Seg\u00edt meg\u0151rizni a b\u0151r term\u00e9szetes rugalmass\u00e1g\u00e1t \u00e9s f\u00e9ny\u00e9t, \u00edgy hosszabb \u00e9lettartamot biztos\u00edt.<\/p>\n<p data-start=\"250\" data-end=\"265\"><strong data-start=\"250\" data-end=\"263\">El\u0151ny\u00f6k:<\/strong><\/p>\n<ul data-start=\"266\" data-end=\"545\">\n<li data-start=\"266\" data-end=\"320\">\n<p data-start=\"268\" data-end=\"320\">Klasszikus, bev\u00e1lt b\u0151rtiszt\u00edt\u00f3 formula<\/p>\n<\/li>\n<li data-start=\"321\" data-end=\"379\">\n<p data-start=\"323\" data-end=\"379\">Hat\u00e9konyan elt\u00e1vol\u00edtja a koszt, port \u00e9s izzads\u00e1got<\/p>\n<\/li>\n<li data-start=\"380\" data-end=\"433\">\n<p data-start=\"382\" data-end=\"433\">Meg\u0151rzi a b\u0151r rugalmass\u00e1g\u00e1t \u00e9s term\u00e9szetes f\u00e9ny\u00e9t<\/p>\n<\/li>\n<li data-start=\"434\" data-end=\"506\">\n<p data-start=\"436\" data-end=\"506\">El\u0151k\u00e9sz\u00edti a b\u0151rt a tov\u00e1bbi \u00e1pol\u00e1shoz (balzsam, kondicion\u00e1l\u00f3)<\/p>\n<\/li>\n<li data-start=\"507\" data-end=\"545\">\n<p data-start=\"509\" data-end=\"545\">Ide\u00e1lis a rendszeres karbantart\u00e1shoz<\/p>\n<\/li>\n<\/ul>\n<p data-start=\"547\" data-end=\"767\" data-is-last-node=\"\" data-is-only-node=\"\"><strong data-start=\"547\" data-end=\"568\">Haszn\u00e1lat:<\/strong><br data-start=\"568\" data-end=\"571\" \/>Nedves szivaccsal vidd fel a szappant a b\u0151rre, habos\u00edtsd fel, majd t\u00f6r\u00f6ld \u00e1t. Haszn\u00e1lat ut\u00e1n hagyd megsz\u00e1radni, \u00e9s sz\u00fcks\u00e9g eset\u00e9n \u00e1pold tov\u00e1bb b\u0151r\u00e1pol\u00f3 balzsammal vagy kondicion\u00e1l\u00f3val.<\/p>","protected":false},"excerpt":{"rendered":"<p>A NAF Saddle Soap egy hagyom\u00e1nyos b\u0151rtiszt\u00edt\u00f3 szappan, amely alaposan, m\u00e9gis k\u00edm\u00e9letesen t\u00e1vol\u00edtja el a szennyez\u0151d\u00e9seket a b\u0151rb\u0151l k\u00e9sz\u00fclt felszerel\u00e9sekr\u0151l. Seg\u00edt meg\u0151rizni a b\u0151r term\u00e9szetes rugalmass\u00e1g\u00e1t \u00e9s f\u00e9ny\u00e9t, \u00edgy hosszabb \u00e9lettartamot biztos\u00edt.<\/p>","protected":false},"featured_media":763,"comment_status":"open","ping_status":"closed","template":"","meta":{"site-sidebar-layout":"default","site-content-layout":"","ast-site-content-layout":"default","site-content-style":"default","site-sidebar-style":"default","ast-global-header-display":"","ast-banner-title-visibility":"","ast-main-header-display":"","ast-hfb-above-header-display":"","ast-hfb-below-header-display":"","ast-hfb-mobile-header-display":"","site-post-title":"","ast-breadcrumbs-content":"","ast-featured-img":"","footer-sml-layout":"","theme-transparent-header-meta":"default","adv-header-id-meta":"","stick-header-meta":"","header-above-stick-meta":"","header-main-stick-meta":"","header-below-stick-meta":"","astra-migrate-meta-layouts":"set","ast-page-background-enabled":"default","ast-page-background-meta":{"desktop":{"background-color":"var(--ast-global-color-5)","background-image":"","background-repeat":"repeat","background-position":"center center","background-size":"auto","background-attachment":"scroll","background-type":"","background-media":"","overlay-type":"","overlay-color":"","overlay-opacity":"","overlay-gradient":""},"tablet":{"background-color":"","background-image":"","background-repeat":"repeat","background-position":"center center","background-size":"auto","background-attachment":"scroll","background-type":"","background-media":"","overlay-type":"","overlay-color":"","overlay-opacity":"","overlay-gradient":""},"mobile":{"background-color":"","background-image":"","background-repeat":"repeat","background-position":"center center","background-size":"auto","background-attachment":"scroll","background-type":"","background-media":"","overlay-type":"","overlay-color":"","overlay-opacity":"","overlay-gradient":""}},"ast-content-background-meta":{"desktop":{"background-color":"var(--ast-global-color-4)","background-image":"","background-repeat":"repeat","background-position":"center center","background-size":"auto","background-attachment":"scroll","background-type":"","background-media":"","overlay-type":"","overlay-color":"","overlay-opacity":"","overlay-gradient":""},"tablet":{"background-color":"var(--ast-global-color-4)","background-image":"","background-repeat":"repeat","background-position":"center center","background-size":"auto","background-attachment":"scroll","background-type":"","background-media":"","overlay-type":"","overlay-color":"","overlay-opacity":"","overlay-gradient":""},"mobile":{"background-color":"var(--ast-global-color-4)","background-image":"","background-repeat":"repeat","background-position":"center center","background-size":"auto","background-attachment":"scroll","background-type":"","background-media":"","overlay-type":"","overlay-color":"","overlay-opacity":"","overlay-gradient":""}}},"product_brand":[],"product_cat":[33],"product_tag":[],"class_list":{"0":"post-286","1":"product","2":"type-product","3":"status-publish","4":"has-post-thumbnail","6":"product_cat-curatare-rapida-si-protectie-pentru-sa-si-ham","7":"desktop-align-left","8":"tablet-align-left","9":"mobile-align-left","11":"first","12":"instock","13":"shipping-taxable","14":"purchasable","15":"product-type-simple"},"jetpack_sharing_enabled":true,"_links":{"self":[{"href":"https:\/\/magazinulmiculcalaret.ro\/hu\/wp-json\/wp\/v2\/product\/286","targetHints":{"allow":["GET"]}}],"collection":[{"href":"https:\/\/magazinulmiculcalaret.ro\/hu\/wp-json\/wp\/v2\/product"}],"about":[{"href":"https:\/\/magazinulmiculcalaret.ro\/hu\/wp-json\/wp\/v2\/types\/product"}],"replies":[{"embeddable":true,"href":"https:\/\/magazinulmiculcalaret.ro\/hu\/wp-json\/wp\/v2\/comments?post=286"}],"wp:featuredmedia":[{"embeddable":true,"href":"https:\/\/magazinulmiculcalaret.ro\/hu\/wp-json\/wp\/v2\/media\/763"}],"wp:attachment":[{"href":"https:\/\/magazinulmiculcalaret.ro\/hu\/wp-json\/wp\/v2\/media?parent=286"}],"wp:term":[{"taxonomy":"product_brand","embeddable":true,"href":"https:\/\/magazinulmiculcalaret.ro\/hu\/wp-json\/wp\/v2\/product_brand?post=286"},{"taxonomy":"product_cat","embeddable":true,"href":"https:\/\/magazinulmiculcalaret.ro\/hu\/wp-json\/wp\/v2\/product_cat?post=286"},{"taxonomy":"product_tag","embeddable":true,"href":"https:\/\/magazinulmiculcalaret.ro\/hu\/wp-json\/wp\/v2\/product_tag?post=286"}],"curies":[{"name":"wp","href":"https:\/\/api.w.org\/{rel}","templated":true}]}}