{"id":292,"date":"2025-10-04T14:33:06","date_gmt":"2025-10-04T11:33:06","guid":{"rendered":"https:\/\/magazinulmiculcalaret.ro\/?post_type=product&#038;p=292"},"modified":"2025-10-07T00:14:50","modified_gmt":"2025-10-06T21:14:50","slug":"ulei-de-in-1l","status":"publish","type":"product","link":"https:\/\/magazinulmiculcalaret.ro\/hu\/product\/ulei-de-in-1l\/","title":{"rendered":"Lenolaj 1L"},"content":{"rendered":"<p data-start=\"0\" data-end=\"202\">Hidegen sajtolt lenmagolaj. Jav\u00edtja a b\u0151r \u00e9s sz\u0151r kond\u00edci\u00f3j\u00e1t valamint hasznos em\u00e9szt\u00e9st seg\u00edt\u0151 anyag, el\u0151ny\u00f6s hat\u00e1sa van a sz\u00edv- \u00e9s \u00e9rrendszerre, a szapor\u00edt\u00f3szervekre \u00e9s idegrendszerre is.<\/p>\n<p data-start=\"204\" data-end=\"284\"><strong data-start=\"204\" data-end=\"228\">Alkalmaz\u00e1si m\u00f3d:<\/strong><br data-start=\"228\" data-end=\"231\" \/>Naponta 1-3 ev\u0151kan\u00e1lnyit (15-45 ml) abrakhoz keverve.<\/p>\n<p data-start=\"286\" data-end=\"323\"><strong data-start=\"286\" data-end=\"301\">\u00d6sszet\u00e9tel<\/strong><br data-start=\"301\" data-end=\"304\" \/>Lenmagolaj (100%)<\/p>\n<p data-start=\"325\" data-end=\"352\"><strong data-start=\"325\" data-end=\"350\">Analitikai \u00f6sszetev\u0151k<\/strong><\/p>\n<ul data-start=\"353\" data-end=\"408\" data-is-last-node=\"\" data-is-only-node=\"\">\n<li data-start=\"353\" data-end=\"388\">\n<p data-start=\"355\" data-end=\"388\">Nyers olajok \u00e9s zs\u00edrok\t99,9%<\/p>\n<\/li>\n<li data-start=\"389\" data-end=\"408\" data-is-last-node=\"\">\n<p data-start=\"391\" data-end=\"408\" data-is-last-node=\"\">Nyersrost\t0,1%<\/p>\n<\/li>\n<\/ul>","protected":false},"excerpt":{"rendered":"<p>Hidegen sajtolt lenmagolaj. Jav\u00edtja a b\u0151r \u00e9s sz\u0151r kond\u00edci\u00f3j\u00e1t valamint hasznos em\u00e9szt\u00e9st seg\u00edt\u0151 anyag, el\u0151ny\u00f6s hat\u00e1sa van a sz\u00edv- \u00e9s \u00e9rrendszerre, a szapor\u00edt\u00f3szervekre \u00e9s idegrendszerre is.<\/p>","protected":false},"featured_media":294,"comment_status":"open","ping_status":"closed","template":"","meta":{"site-sidebar-layout":"default","site-content-layout":"","ast-site-content-layout":"default","site-content-style":"default","site-sidebar-style":"default","ast-global-header-display":"","ast-banner-title-visibility":"","ast-main-header-display":"","ast-hfb-above-header-display":"","ast-hfb-below-header-display":"","ast-hfb-mobile-header-display":"","site-post-title":"","ast-breadcrumbs-content":"","ast-featured-img":"","footer-sml-layout":"","theme-transparent-header-meta":"default","adv-header-id-meta":"","stick-header-meta":"","header-above-stick-meta":"","header-main-stick-meta":"","header-below-stick-meta":"","astra-migrate-meta-layouts":"set","ast-page-background-enabled":"default","ast-page-background-meta":{"desktop":{"background-color":"var(--ast-global-color-5)","background-image":"","background-repeat":"repeat","background-position":"center center","background-size":"auto","background-attachment":"scroll","background-type":"","background-media":"","overlay-type":"","overlay-color":"","overlay-opacity":"","overlay-gradient":""},"tablet":{"background-color":"","background-image":"","background-repeat":"repeat","background-position":"center center","background-size":"auto","background-attachment":"scroll","background-type":"","background-media":"","overlay-type":"","overlay-color":"","overlay-opacity":"","overlay-gradient":""},"mobile":{"background-color":"","background-image":"","background-repeat":"repeat","background-position":"center center","background-size":"auto","background-attachment":"scroll","background-type":"","background-media":"","overlay-type":"","overlay-color":"","overlay-opacity":"","overlay-gradient":""}},"ast-content-background-meta":{"desktop":{"background-color":"var(--ast-global-color-4)","background-image":"","background-repeat":"repeat","background-position":"center center","background-size":"auto","background-attachment":"scroll","background-type":"","background-media":"","overlay-type":"","overlay-color":"","overlay-opacity":"","overlay-gradient":""},"tablet":{"background-color":"var(--ast-global-color-4)","background-image":"","background-repeat":"repeat","background-position":"center center","background-size":"auto","background-attachment":"scroll","background-type":"","background-media":"","overlay-type":"","overlay-color":"","overlay-opacity":"","overlay-gradient":""},"mobile":{"background-color":"var(--ast-global-color-4)","background-image":"","background-repeat":"repeat","background-position":"center center","background-size":"auto","background-attachment":"scroll","background-type":"","background-media":"","overlay-type":"","overlay-color":"","overlay-opacity":"","overlay-gradient":""}}},"product_brand":[],"product_cat":[42,34],"product_tag":[],"class_list":{"0":"post-292","1":"product","2":"type-product","3":"status-publish","4":"has-post-thumbnail","6":"product_cat-confort-intestinal-si-absorbtie-optima","7":"product_cat-suplimente-si-ingrijire-pentru-un-cal-sanatos","8":"desktop-align-left","9":"tablet-align-left","10":"mobile-align-left","12":"first","13":"instock","14":"shipping-taxable","15":"purchasable","16":"product-type-simple"},"jetpack_sharing_enabled":true,"_links":{"self":[{"href":"https:\/\/magazinulmiculcalaret.ro\/hu\/wp-json\/wp\/v2\/product\/292","targetHints":{"allow":["GET"]}}],"collection":[{"href":"https:\/\/magazinulmiculcalaret.ro\/hu\/wp-json\/wp\/v2\/product"}],"about":[{"href":"https:\/\/magazinulmiculcalaret.ro\/hu\/wp-json\/wp\/v2\/types\/product"}],"replies":[{"embeddable":true,"href":"https:\/\/magazinulmiculcalaret.ro\/hu\/wp-json\/wp\/v2\/comments?post=292"}],"wp:featuredmedia":[{"embeddable":true,"href":"https:\/\/magazinulmiculcalaret.ro\/hu\/wp-json\/wp\/v2\/media\/294"}],"wp:attachment":[{"href":"https:\/\/magazinulmiculcalaret.ro\/hu\/wp-json\/wp\/v2\/media?parent=292"}],"wp:term":[{"taxonomy":"product_brand","embeddable":true,"href":"https:\/\/magazinulmiculcalaret.ro\/hu\/wp-json\/wp\/v2\/product_brand?post=292"},{"taxonomy":"product_cat","embeddable":true,"href":"https:\/\/magazinulmiculcalaret.ro\/hu\/wp-json\/wp\/v2\/product_cat?post=292"},{"taxonomy":"product_tag","embeddable":true,"href":"https:\/\/magazinulmiculcalaret.ro\/hu\/wp-json\/wp\/v2\/product_tag?post=292"}],"curies":[{"name":"wp","href":"https:\/\/api.w.org\/{rel}","templated":true}]}}