{"id":304,"date":"2025-10-04T14:46:17","date_gmt":"2025-10-04T11:46:17","guid":{"rendered":"https:\/\/magazinulmiculcalaret.ro\/?post_type=product&#038;p=304"},"modified":"2025-10-04T14:46:17","modified_gmt":"2025-10-04T11:46:17","slug":"ulei-omega-2-5l","status":"publish","type":"product","link":"https:\/\/magazinulmiculcalaret.ro\/hu\/product\/ulei-omega-2-5l\/","title":{"rendered":"Omega olaj 2.5L"},"content":{"rendered":"<p data-start=\"0\" data-end=\"333\">\u00c9rt\u00e9kes energia- \u00e9s Omega 3, 6 \u00e9s 9 zs\u00edrsav forr\u00e1s. Megfelel\u0151 mennyis\u00e9gben adagolva az oxid\u00e1ci\u00f3s \u00e9s anyagcsere folyamatok felgyorsulnak. \u00c1ltala a lovak kitart\u00f3bbak lesznek az edz\u00e9sek alatt, magasabb teljes\u00edtm\u00e9nyt ny\u00fajtanak, jobb izomzatot \u00e9p\u00edtenek, gyorsabban kipihenik a kem\u00e9ny munk\u00e1t.<\/p>\n<p data-start=\"335\" data-end=\"379\"><strong data-start=\"335\" data-end=\"350\">\u00d6sszet\u00e9tel<\/strong><br data-start=\"350\" data-end=\"353\" \/>Lenmagolaj, sz\u00f3jabab olaj<\/p>\n<p data-start=\"381\" data-end=\"408\"><strong data-start=\"381\" data-end=\"406\">Analitikai \u00f6sszetev\u0151k<\/strong><\/p>\n<ul data-start=\"409\" data-end=\"589\" data-is-last-node=\"\" data-is-only-node=\"\">\n<li data-start=\"409\" data-end=\"433\">\n<p data-start=\"411\" data-end=\"433\">Protein\u0103 brut\u0103: 0,6%<\/p>\n<\/li>\n<li data-start=\"434\" data-end=\"458\">\n<p data-start=\"436\" data-end=\"458\">Gr\u0103simi brute: 98,9%<\/p>\n<\/li>\n<li data-start=\"459\" data-end=\"481\">\n<p data-start=\"461\" data-end=\"481\">Cenu\u0219\u0103 brut\u0103: 0,2%<\/p>\n<\/li>\n<li data-start=\"482\" data-end=\"498\">\n<p data-start=\"484\" data-end=\"498\">Sodiu: 0,01%<\/p>\n<\/li>\n<li data-start=\"499\" data-end=\"529\">\n<p data-start=\"501\" data-end=\"529\">Acizi gra\u0219i Omega-3: 36,3%<\/p>\n<\/li>\n<li data-start=\"530\" data-end=\"560\">\n<p data-start=\"532\" data-end=\"560\">Acizi gra\u0219i Omega-6: 29,6%<\/p>\n<\/li>\n<li data-start=\"561\" data-end=\"589\" data-is-last-node=\"\">\n<p data-start=\"563\" data-end=\"589\" data-is-last-node=\"\">Acizi gra\u0219i Omega-9: 21,5%<\/p>\n<\/li>\n<\/ul>","protected":false},"excerpt":{"rendered":"<p>\u00c9rt\u00e9kes energia- \u00e9s Omega 3, 6 \u00e9s 9 zs\u00edrsav forr\u00e1s. Megfelel\u0151 mennyis\u00e9gben adagolva az oxid\u00e1ci\u00f3s \u00e9s anyagcsere folyamatok felgyorsulnak. \u00c1ltala a lovak kitart\u00f3bbak lesznek az edz\u00e9sek alatt, magasabb teljes\u00edtm\u00e9nyt ny\u00fajtanak, jobb izomzatot \u00e9p\u00edtenek, gyorsabban kipihenik a kem\u00e9ny munk\u00e1t.<\/p>","protected":false},"featured_media":303,"comment_status":"open","ping_status":"closed","template":"","meta":{"site-sidebar-layout":"default","site-content-layout":"","ast-site-content-layout":"default","site-content-style":"default","site-sidebar-style":"default","ast-global-header-display":"","ast-banner-title-visibility":"","ast-main-header-display":"","ast-hfb-above-header-display":"","ast-hfb-below-header-display":"","ast-hfb-mobile-header-display":"","site-post-title":"","ast-breadcrumbs-content":"","ast-featured-img":"","footer-sml-layout":"","theme-transparent-header-meta":"default","adv-header-id-meta":"","stick-header-meta":"","header-above-stick-meta":"","header-main-stick-meta":"","header-below-stick-meta":"","astra-migrate-meta-layouts":"set","ast-page-background-enabled":"default","ast-page-background-meta":{"desktop":{"background-color":"var(--ast-global-color-5)","background-image":"","background-repeat":"repeat","background-position":"center center","background-size":"auto","background-attachment":"scroll","background-type":"","background-media":"","overlay-type":"","overlay-color":"","overlay-opacity":"","overlay-gradient":""},"tablet":{"background-color":"","background-image":"","background-repeat":"repeat","background-position":"center center","background-size":"auto","background-attachment":"scroll","background-type":"","background-media":"","overlay-type":"","overlay-color":"","overlay-opacity":"","overlay-gradient":""},"mobile":{"background-color":"","background-image":"","background-repeat":"repeat","background-position":"center center","background-size":"auto","background-attachment":"scroll","background-type":"","background-media":"","overlay-type":"","overlay-color":"","overlay-opacity":"","overlay-gradient":""}},"ast-content-background-meta":{"desktop":{"background-color":"var(--ast-global-color-4)","background-image":"","background-repeat":"repeat","background-position":"center center","background-size":"auto","background-attachment":"scroll","background-type":"","background-media":"","overlay-type":"","overlay-color":"","overlay-opacity":"","overlay-gradient":""},"tablet":{"background-color":"var(--ast-global-color-4)","background-image":"","background-repeat":"repeat","background-position":"center center","background-size":"auto","background-attachment":"scroll","background-type":"","background-media":"","overlay-type":"","overlay-color":"","overlay-opacity":"","overlay-gradient":""},"mobile":{"background-color":"var(--ast-global-color-4)","background-image":"","background-repeat":"repeat","background-position":"center center","background-size":"auto","background-attachment":"scroll","background-type":"","background-media":"","overlay-type":"","overlay-color":"","overlay-opacity":"","overlay-gradient":""}}},"product_brand":[],"product_cat":[34],"product_tag":[],"class_list":{"0":"post-304","1":"product","2":"type-product","3":"status-publish","4":"has-post-thumbnail","6":"product_cat-suplimente-si-ingrijire-pentru-un-cal-sanatos","7":"desktop-align-left","8":"tablet-align-left","9":"mobile-align-left","11":"first","12":"instock","13":"shipping-taxable","14":"purchasable","15":"product-type-simple"},"jetpack_sharing_enabled":true,"_links":{"self":[{"href":"https:\/\/magazinulmiculcalaret.ro\/hu\/wp-json\/wp\/v2\/product\/304","targetHints":{"allow":["GET"]}}],"collection":[{"href":"https:\/\/magazinulmiculcalaret.ro\/hu\/wp-json\/wp\/v2\/product"}],"about":[{"href":"https:\/\/magazinulmiculcalaret.ro\/hu\/wp-json\/wp\/v2\/types\/product"}],"replies":[{"embeddable":true,"href":"https:\/\/magazinulmiculcalaret.ro\/hu\/wp-json\/wp\/v2\/comments?post=304"}],"wp:featuredmedia":[{"embeddable":true,"href":"https:\/\/magazinulmiculcalaret.ro\/hu\/wp-json\/wp\/v2\/media\/303"}],"wp:attachment":[{"href":"https:\/\/magazinulmiculcalaret.ro\/hu\/wp-json\/wp\/v2\/media?parent=304"}],"wp:term":[{"taxonomy":"product_brand","embeddable":true,"href":"https:\/\/magazinulmiculcalaret.ro\/hu\/wp-json\/wp\/v2\/product_brand?post=304"},{"taxonomy":"product_cat","embeddable":true,"href":"https:\/\/magazinulmiculcalaret.ro\/hu\/wp-json\/wp\/v2\/product_cat?post=304"},{"taxonomy":"product_tag","embeddable":true,"href":"https:\/\/magazinulmiculcalaret.ro\/hu\/wp-json\/wp\/v2\/product_tag?post=304"}],"curies":[{"name":"wp","href":"https:\/\/api.w.org\/{rel}","templated":true}]}}