{"id":305,"date":"2025-10-04T14:57:08","date_gmt":"2025-10-04T11:57:08","guid":{"rendered":"https:\/\/magazinulmiculcalaret.ro\/?post_type=product&#038;p=305"},"modified":"2025-10-08T20:18:50","modified_gmt":"2025-10-08T17:18:50","slug":"comprese-cu-argila-ice-cool-3-kg","status":"publish","type":"product","link":"https:\/\/magazinulmiculcalaret.ro\/hu\/product\/comprese-cu-argila-ice-cool-3-kg\/","title":{"rendered":"Ice Cool agyagborogat\u00e1s 3 kg"},"content":{"rendered":"<p data-start=\"0\" data-end=\"267\">J\u00e9ghideg ter\u00e1pia a f\u00e1radt l\u00e1baknak. Agyagborogat\u00e1s lovak r\u00e9sz\u00e9re. A k\u00e9sz\u00edtm\u00e9ny h\u0171s\u00edti, nyugtatja f\u00e1j\u00f3, f\u00e1radt l\u00e1bakat \u00e9s inakat a kimer\u00edt\u0151 edz\u00e9st k\u00f6vet\u0151en. Nagy hat\u00e9konys\u00e1g, 24 \u00f3r\u00e1n \u00e1t tart\u00f3 hat\u00e1s. Term\u00e9szetes \u00f6sszet\u00e9tel.<\/p>\n<p data-start=\"269\" data-end=\"285\"><strong data-start=\"269\" data-end=\"283\">El\u0151ny\u00f6k:<\/strong><\/p>\n<ul data-start=\"286\" data-end=\"480\" data-is-last-node=\"\" data-is-only-node=\"\">\n<li data-start=\"286\" data-end=\"339\">\n<p data-start=\"288\" data-end=\"339\">Term\u00e9szetes agyag alap\u00fa h\u0171s\u00edt\u0151 pakol\u00e1s<\/p>\n<\/li>\n<li data-start=\"340\" data-end=\"390\">\n<p data-start=\"342\" data-end=\"390\">M\u00e9lyen leh\u0171ti a l\u00e1bakat \u00e9s inakat<\/p>\n<\/li>\n<li data-start=\"391\" data-end=\"441\">\n<p data-start=\"393\" data-end=\"441\">Seg\u00edt cs\u00f6kkenteni a duzzanatot \u00e9s a fesz\u00fclts\u00e9get<\/p>\n<\/li>\n<li data-start=\"442\" data-end=\"480\" data-is-last-node=\"\">\n<p data-start=\"444\" data-end=\"480\" data-is-last-node=\"\">Ide\u00e1lis hosszabb hat\u00e1s\u00fa regener\u00e1ci\u00f3hoz<\/p>\n<\/li>\n<\/ul>","protected":false},"excerpt":{"rendered":"<p>J\u00e9ghideg ter\u00e1pia a f\u00e1radt l\u00e1baknak. Agyagborogat\u00e1s lovak r\u00e9sz\u00e9re. A k\u00e9sz\u00edtm\u00e9ny h\u0171s\u00edti, nyugtatja f\u00e1j\u00f3, f\u00e1radt l\u00e1bakat \u00e9s inakat a kimer\u00edt\u0151 edz\u00e9st k\u00f6vet\u0151en. Nagy hat\u00e9konys\u00e1g, 24 \u00f3r\u00e1n \u00e1t tart\u00f3 hat\u00e1s. Term\u00e9szetes \u00f6sszet\u00e9tel.<\/p>","protected":false},"featured_media":306,"comment_status":"open","ping_status":"closed","template":"","meta":{"site-sidebar-layout":"default","site-content-layout":"","ast-site-content-layout":"default","site-content-style":"default","site-sidebar-style":"default","ast-global-header-display":"","ast-banner-title-visibility":"","ast-main-header-display":"","ast-hfb-above-header-display":"","ast-hfb-below-header-display":"","ast-hfb-mobile-header-display":"","site-post-title":"","ast-breadcrumbs-content":"","ast-featured-img":"","footer-sml-layout":"","theme-transparent-header-meta":"default","adv-header-id-meta":"","stick-header-meta":"","header-above-stick-meta":"","header-main-stick-meta":"","header-below-stick-meta":"","astra-migrate-meta-layouts":"set","ast-page-background-enabled":"default","ast-page-background-meta":{"desktop":{"background-color":"var(--ast-global-color-5)","background-image":"","background-repeat":"repeat","background-position":"center center","background-size":"auto","background-attachment":"scroll","background-type":"","background-media":"","overlay-type":"","overlay-color":"","overlay-opacity":"","overlay-gradient":""},"tablet":{"background-color":"","background-image":"","background-repeat":"repeat","background-position":"center center","background-size":"auto","background-attachment":"scroll","background-type":"","background-media":"","overlay-type":"","overlay-color":"","overlay-opacity":"","overlay-gradient":""},"mobile":{"background-color":"","background-image":"","background-repeat":"repeat","background-position":"center center","background-size":"auto","background-attachment":"scroll","background-type":"","background-media":"","overlay-type":"","overlay-color":"","overlay-opacity":"","overlay-gradient":""}},"ast-content-background-meta":{"desktop":{"background-color":"var(--ast-global-color-4)","background-image":"","background-repeat":"repeat","background-position":"center center","background-size":"auto","background-attachment":"scroll","background-type":"","background-media":"","overlay-type":"","overlay-color":"","overlay-opacity":"","overlay-gradient":""},"tablet":{"background-color":"var(--ast-global-color-4)","background-image":"","background-repeat":"repeat","background-position":"center center","background-size":"auto","background-attachment":"scroll","background-type":"","background-media":"","overlay-type":"","overlay-color":"","overlay-opacity":"","overlay-gradient":""},"mobile":{"background-color":"var(--ast-global-color-4)","background-image":"","background-repeat":"repeat","background-position":"center center","background-size":"auto","background-attachment":"scroll","background-type":"","background-media":"","overlay-type":"","overlay-color":"","overlay-opacity":"","overlay-gradient":""}}},"product_brand":[],"product_cat":[45,46,48],"product_tag":[],"class_list":{"0":"post-305","1":"product","2":"type-product","3":"status-publish","4":"has-post-thumbnail","6":"product_cat-mobilitate-si-confort-articular","7":"product_cat-putere-focus-refacere-rapida","8":"product_cat-produse-destinate-ingrijirii-ranilor-si-regenerarii-pielii-cailor-cu-ingrediente-naturale-pentru-vindecare-rapida-si-protectie-eficienta","9":"desktop-align-left","10":"tablet-align-left","11":"mobile-align-left","13":"first","14":"instock","15":"shipping-taxable","16":"purchasable","17":"product-type-simple"},"jetpack_sharing_enabled":true,"_links":{"self":[{"href":"https:\/\/magazinulmiculcalaret.ro\/hu\/wp-json\/wp\/v2\/product\/305","targetHints":{"allow":["GET"]}}],"collection":[{"href":"https:\/\/magazinulmiculcalaret.ro\/hu\/wp-json\/wp\/v2\/product"}],"about":[{"href":"https:\/\/magazinulmiculcalaret.ro\/hu\/wp-json\/wp\/v2\/types\/product"}],"replies":[{"embeddable":true,"href":"https:\/\/magazinulmiculcalaret.ro\/hu\/wp-json\/wp\/v2\/comments?post=305"}],"wp:featuredmedia":[{"embeddable":true,"href":"https:\/\/magazinulmiculcalaret.ro\/hu\/wp-json\/wp\/v2\/media\/306"}],"wp:attachment":[{"href":"https:\/\/magazinulmiculcalaret.ro\/hu\/wp-json\/wp\/v2\/media?parent=305"}],"wp:term":[{"taxonomy":"product_brand","embeddable":true,"href":"https:\/\/magazinulmiculcalaret.ro\/hu\/wp-json\/wp\/v2\/product_brand?post=305"},{"taxonomy":"product_cat","embeddable":true,"href":"https:\/\/magazinulmiculcalaret.ro\/hu\/wp-json\/wp\/v2\/product_cat?post=305"},{"taxonomy":"product_tag","embeddable":true,"href":"https:\/\/magazinulmiculcalaret.ro\/hu\/wp-json\/wp\/v2\/product_tag?post=305"}],"curies":[{"name":"wp","href":"https:\/\/api.w.org\/{rel}","templated":true}]}}