{"id":319,"date":"2025-10-04T15:04:20","date_gmt":"2025-10-04T12:04:20","guid":{"rendered":"https:\/\/magazinulmiculcalaret.ro\/?post_type=product&#038;p=319"},"modified":"2025-10-04T15:08:53","modified_gmt":"2025-10-04T12:08:53","slug":"naturalintx-wound-cream-100ml","status":"publish","type":"product","link":"https:\/\/magazinulmiculcalaret.ro\/hu\/product\/naturalintx-wound-cream-100ml\/","title":{"rendered":"NaturalintX Wound Cream 100ml"},"content":{"rendered":"<p data-start=\"0\" data-end=\"69\"><strong data-start=\"0\" data-end=\"67\">NAF Wound Cream \u2013 Term\u00e9szetes sebkezel\u0151 kr\u00e9m lovaknak<\/strong><\/p>\n<p data-start=\"71\" data-end=\"381\">A NAF Wound Cream egy k\u00edm\u00e9letes, m\u00e9gis hat\u00e9kony sebkezel\u0151 kr\u00e9m, amely t\u00e1mogatja a b\u0151r term\u00e9szetes regener\u00e1ci\u00f3s folyamatait. Gy\u00f3gyn\u00f6v\u00e9nyes, antiszeptikus hat\u00e1s\u00fa \u00f6sszetev\u0151i seg\u00edtenek a kisebb sebek, horzsol\u00e1sok \u00e9s v\u00e1g\u00e1sok \u00e1pol\u00e1s\u00e1ban, mik\u00f6zben nyugtatj\u00e1k \u00e9s v\u00e9dik a b\u0151rt.<\/p>\n<p data-start=\"383\" data-end=\"398\"><strong data-start=\"383\" data-end=\"396\">El\u0151ny\u00f6k:<\/strong><\/p>\n<ul data-start=\"399\" data-end=\"638\">\n<li data-start=\"399\" data-end=\"452\">\n<p data-start=\"401\" data-end=\"452\">T\u00e1mogatja a sebgy\u00f3gyul\u00e1st \u00e9s a b\u0151r regener\u00e1ci\u00f3j\u00e1t<\/p>\n<\/li>\n<li data-start=\"453\" data-end=\"510\">\n<p data-start=\"455\" data-end=\"510\">Antiszeptikus, term\u00e9szetes \u00f6sszetev\u0151kkel v\u00e9di a b\u0151rt<\/p>\n<\/li>\n<li data-start=\"511\" data-end=\"538\">\n<p data-start=\"513\" data-end=\"538\">Nyugtatja az irrit\u00e1lt ter\u00fcleteket<\/p>\n<\/li>\n<li data-start=\"539\" data-end=\"583\">\n<p data-start=\"541\" data-end=\"583\">Haszn\u00e1lata egyszer\u0171 \u00e9s k\u00edm\u00e9letes<\/p>\n<\/li>\n<li data-start=\"584\" data-end=\"638\">\n<p data-start=\"586\" data-end=\"638\">Ide\u00e1lis kisebb sebek, karcol\u00e1sok \u00e9s horzsol\u00e1sok kezel\u00e9s\u00e9re<\/p>\n<\/li>\n<\/ul>\n<p data-start=\"640\" data-end=\"768\" data-is-last-node=\"\" data-is-only-node=\"\"><strong data-start=\"640\" data-end=\"661\">Haszn\u00e1lat:<\/strong><br data-start=\"661\" data-end=\"664\" \/>A megtiszt\u00edtott ter\u00fcletre vigy\u00e9l fel v\u00e9kony r\u00e9tegben a kr\u00e9mb\u0151l, majd sz\u00fcks\u00e9g szerint ism\u00e9teld. K\u00fcls\u0151leges haszn\u00e1latra!<\/p>","protected":false},"excerpt":{"rendered":"<p data-start=\"0\" data-end=\"69\"><strong data-start=\"0\" data-end=\"67\">NAF Wound Cream \u2013 Term\u00e9szetes sebkezel\u0151 kr\u00e9m lovaknak<\/strong><\/p>\n<p data-start=\"71\" data-end=\"381\">A NAF Wound Cream egy k\u00edm\u00e9letes, m\u00e9gis hat\u00e9kony sebkezel\u0151 kr\u00e9m, amely t\u00e1mogatja a b\u0151r term\u00e9szetes regener\u00e1ci\u00f3s folyamatait. Gy\u00f3gyn\u00f6v\u00e9nyes, antiszeptikus hat\u00e1s\u00fa \u00f6sszetev\u0151i seg\u00edtenek a kisebb sebek, horzsol\u00e1sok \u00e9s v\u00e1g\u00e1sok \u00e1pol\u00e1s\u00e1ban, mik\u00f6zben nyugtatj\u00e1k \u00e9s v\u00e9dik a b\u0151rt.<\/p>","protected":false},"featured_media":321,"comment_status":"open","ping_status":"closed","template":"","meta":{"site-sidebar-layout":"default","site-content-layout":"","ast-site-content-layout":"default","site-content-style":"default","site-sidebar-style":"default","ast-global-header-display":"","ast-banner-title-visibility":"","ast-main-header-display":"","ast-hfb-above-header-display":"","ast-hfb-below-header-display":"","ast-hfb-mobile-header-display":"","site-post-title":"","ast-breadcrumbs-content":"","ast-featured-img":"","footer-sml-layout":"","theme-transparent-header-meta":"default","adv-header-id-meta":"","stick-header-meta":"","header-above-stick-meta":"","header-main-stick-meta":"","header-below-stick-meta":"","astra-migrate-meta-layouts":"set","ast-page-background-enabled":"default","ast-page-background-meta":{"desktop":{"background-color":"var(--ast-global-color-5)","background-image":"","background-repeat":"repeat","background-position":"center center","background-size":"auto","background-attachment":"scroll","background-type":"","background-media":"","overlay-type":"","overlay-color":"","overlay-opacity":"","overlay-gradient":""},"tablet":{"background-color":"","background-image":"","background-repeat":"repeat","background-position":"center center","background-size":"auto","background-attachment":"scroll","background-type":"","background-media":"","overlay-type":"","overlay-color":"","overlay-opacity":"","overlay-gradient":""},"mobile":{"background-color":"","background-image":"","background-repeat":"repeat","background-position":"center center","background-size":"auto","background-attachment":"scroll","background-type":"","background-media":"","overlay-type":"","overlay-color":"","overlay-opacity":"","overlay-gradient":""}},"ast-content-background-meta":{"desktop":{"background-color":"var(--ast-global-color-4)","background-image":"","background-repeat":"repeat","background-position":"center center","background-size":"auto","background-attachment":"scroll","background-type":"","background-media":"","overlay-type":"","overlay-color":"","overlay-opacity":"","overlay-gradient":""},"tablet":{"background-color":"var(--ast-global-color-4)","background-image":"","background-repeat":"repeat","background-position":"center center","background-size":"auto","background-attachment":"scroll","background-type":"","background-media":"","overlay-type":"","overlay-color":"","overlay-opacity":"","overlay-gradient":""},"mobile":{"background-color":"var(--ast-global-color-4)","background-image":"","background-repeat":"repeat","background-position":"center center","background-size":"auto","background-attachment":"scroll","background-type":"","background-media":"","overlay-type":"","overlay-color":"","overlay-opacity":"","overlay-gradient":""}}},"product_brand":[],"product_cat":[48],"product_tag":[],"class_list":{"0":"post-319","1":"product","2":"type-product","3":"status-publish","4":"has-post-thumbnail","6":"product_cat-produse-destinate-ingrijirii-ranilor-si-regenerarii-pielii-cailor-cu-ingrediente-naturale-pentru-vindecare-rapida-si-protectie-eficienta","7":"desktop-align-left","8":"tablet-align-left","9":"mobile-align-left","11":"first","12":"instock","13":"shipping-taxable","14":"purchasable","15":"product-type-simple"},"jetpack_sharing_enabled":true,"_links":{"self":[{"href":"https:\/\/magazinulmiculcalaret.ro\/hu\/wp-json\/wp\/v2\/product\/319","targetHints":{"allow":["GET"]}}],"collection":[{"href":"https:\/\/magazinulmiculcalaret.ro\/hu\/wp-json\/wp\/v2\/product"}],"about":[{"href":"https:\/\/magazinulmiculcalaret.ro\/hu\/wp-json\/wp\/v2\/types\/product"}],"replies":[{"embeddable":true,"href":"https:\/\/magazinulmiculcalaret.ro\/hu\/wp-json\/wp\/v2\/comments?post=319"}],"wp:featuredmedia":[{"embeddable":true,"href":"https:\/\/magazinulmiculcalaret.ro\/hu\/wp-json\/wp\/v2\/media\/321"}],"wp:attachment":[{"href":"https:\/\/magazinulmiculcalaret.ro\/hu\/wp-json\/wp\/v2\/media?parent=319"}],"wp:term":[{"taxonomy":"product_brand","embeddable":true,"href":"https:\/\/magazinulmiculcalaret.ro\/hu\/wp-json\/wp\/v2\/product_brand?post=319"},{"taxonomy":"product_cat","embeddable":true,"href":"https:\/\/magazinulmiculcalaret.ro\/hu\/wp-json\/wp\/v2\/product_cat?post=319"},{"taxonomy":"product_tag","embeddable":true,"href":"https:\/\/magazinulmiculcalaret.ro\/hu\/wp-json\/wp\/v2\/product_tag?post=319"}],"curies":[{"name":"wp","href":"https:\/\/api.w.org\/{rel}","templated":true}]}}