{"id":333,"date":"2025-10-04T15:22:33","date_gmt":"2025-10-04T12:22:33","guid":{"rendered":"https:\/\/magazinulmiculcalaret.ro\/?post_type=product&#038;p=333"},"modified":"2025-10-04T15:22:33","modified_gmt":"2025-10-04T12:22:33","slug":"biotin-plus-15-kg","status":"publish","type":"product","link":"https:\/\/magazinulmiculcalaret.ro\/hu\/product\/biotin-plus-15-kg\/","title":{"rendered":"Biotin Plus 1,5 kg"},"content":{"rendered":"<p data-start=\"0\" data-end=\"324\">Biotin az eg\u00e9szs\u00e9ges pat\u00e1k\u00e9rt. Az er\u0151s keratin n\u00f6veked\u00e9s\u00e9hez nagyobb mennyis\u00e9g\u0171 biotint tartalmaz szerves cink-metion\u00e1ttal, ami nagyon fontos aminosavhoz k\u00f6t\u0151d\u0151 cink forr\u00e1s. A biotin az eg\u00e9szs\u00e9ges pata n\u00f6veked\u00e9s\u00e9hez sz\u00fcks\u00e9ges kieg\u00e9sz\u00edt\u0151, ezen k\u00edv\u00fcl a b\u0151r \u00e9s a sz\u0151rzet javul\u00e1s\u00e1t is eredm\u00e9nyezi.<\/p>\n<p data-start=\"326\" data-end=\"435\"><strong data-start=\"326\" data-end=\"341\">\u00d6sszet\u00e9tel<\/strong><br data-start=\"341\" data-end=\"344\" \/>\u00d6sszet\u00e9tel: lucerna, Calciumcarbonat, repceolaj, s\u00f6r\u00e9leszt\u0151, metil-szulfonil-met\u00e1n (MSM)<\/p>\n<p data-start=\"437\" data-end=\"471\"><strong data-start=\"437\" data-end=\"469\">Etet\u00e9si aj\u00e1nl\u00e1s:<\/strong><\/p>\n<div class=\"_tableContainer_1rjym_1\">\n<div class=\"group _tableWrapper_1rjym_13 flex w-fit flex-col-reverse\" tabindex=\"-1\">\n<table class=\"w-fit min-w-(--thread-content-width)\" data-start=\"473\" data-end=\"621\">\n<thead data-start=\"473\" data-end=\"526\">\n<tr data-start=\"473\" data-end=\"526\">\n<th data-start=\"473\" data-end=\"488\" data-col-size=\"sm\">Lovak \u00e9s p\u00f3nik<\/th>\n<th data-start=\"488\" data-end=\"508\" data-col-size=\"sm\">Napi mennyis\u00e9g<\/th>\n<th data-start=\"508\" data-end=\"526\" data-col-size=\"sm\">Napi adag<\/th>\n<\/tr>\n<\/thead>\n<tbody data-start=\"582\" data-end=\"621\">\n<tr data-start=\"582\" data-end=\"621\">\n<td data-start=\"582\" data-end=\"589\" data-col-size=\"sm\">50 g<\/td>\n<td data-start=\"589\" data-end=\"621\" data-col-size=\"sm\">5 l\u00e9p\u00e9s (= 15 mg biotin)<\/td>\n<td data-col-size=\"sm\"><\/td>\n<\/tr>\n<\/tbody>\n<\/table>\n<\/div>\n<\/div>\n<p data-start=\"623\" data-end=\"650\"><strong data-start=\"623\" data-end=\"648\">Analitikai \u00f6sszetev\u0151k<\/strong><\/p>\n<ul data-start=\"651\" data-end=\"786\" data-is-last-node=\"\" data-is-only-node=\"\">\n<li data-start=\"651\" data-end=\"676\">\n<p data-start=\"653\" data-end=\"676\">Nyers feh\u00e9rje: 15,1%<\/p>\n<\/li>\n<li data-start=\"677\" data-end=\"709\">\n<p data-start=\"679\" data-end=\"709\">Nyers olaj gy\u00e1rt\u00e1sa: 6%<\/p>\n<\/li>\n<li data-start=\"710\" data-end=\"733\">\n<p data-start=\"712\" data-end=\"733\">Nyers hamu: 28,6%<\/p>\n<\/li>\n<li data-start=\"734\" data-end=\"754\">\n<p data-start=\"736\" data-end=\"754\">Nyers rost: 15%<\/p>\n<\/li>\n<li data-start=\"755\" data-end=\"771\">\n<p data-start=\"757\" data-end=\"771\">N\u00e1trium: 0,07%<\/p>\n<\/li>\n<li data-start=\"772\" data-end=\"786\" data-is-last-node=\"\">\n<p data-start=\"774\" data-end=\"786\" data-is-last-node=\"\">Kalcium: 9.9% - kal t\u00f6bb<\/p>\n<\/li>\n<\/ul>","protected":false},"excerpt":{"rendered":"<p>Biotin az eg\u00e9szs\u00e9ges pat\u00e1k\u00e9rt. Az er\u0151s keratin n\u00f6veked\u00e9s\u00e9hez nagyobb mennyis\u00e9g\u0171 biotint tartalmaz szerves cink-metion\u00e1ttal, ami nagyon fontos aminosavhoz k\u00f6t\u0151d\u0151 cink forr\u00e1s. A biotin az eg\u00e9szs\u00e9ges pata n\u00f6veked\u00e9s\u00e9hez sz\u00fcks\u00e9ges kieg\u00e9sz\u00edt\u0151, ezen k\u00edv\u00fcl a b\u0151r \u00e9s a sz\u0151rzet javul\u00e1s\u00e1t is eredm\u00e9nyezi.<\/p>","protected":false},"featured_media":334,"comment_status":"open","ping_status":"closed","template":"","meta":{"site-sidebar-layout":"default","site-content-layout":"","ast-site-content-layout":"default","site-content-style":"default","site-sidebar-style":"default","ast-global-header-display":"","ast-banner-title-visibility":"","ast-main-header-display":"","ast-hfb-above-header-display":"","ast-hfb-below-header-display":"","ast-hfb-mobile-header-display":"","site-post-title":"","ast-breadcrumbs-content":"","ast-featured-img":"","footer-sml-layout":"","theme-transparent-header-meta":"default","adv-header-id-meta":"","stick-header-meta":"","header-above-stick-meta":"","header-main-stick-meta":"","header-below-stick-meta":"","astra-migrate-meta-layouts":"set","ast-page-background-enabled":"default","ast-page-background-meta":{"desktop":{"background-color":"var(--ast-global-color-5)","background-image":"","background-repeat":"repeat","background-position":"center center","background-size":"auto","background-attachment":"scroll","background-type":"","background-media":"","overlay-type":"","overlay-color":"","overlay-opacity":"","overlay-gradient":""},"tablet":{"background-color":"","background-image":"","background-repeat":"repeat","background-position":"center center","background-size":"auto","background-attachment":"scroll","background-type":"","background-media":"","overlay-type":"","overlay-color":"","overlay-opacity":"","overlay-gradient":""},"mobile":{"background-color":"","background-image":"","background-repeat":"repeat","background-position":"center center","background-size":"auto","background-attachment":"scroll","background-type":"","background-media":"","overlay-type":"","overlay-color":"","overlay-opacity":"","overlay-gradient":""}},"ast-content-background-meta":{"desktop":{"background-color":"var(--ast-global-color-4)","background-image":"","background-repeat":"repeat","background-position":"center center","background-size":"auto","background-attachment":"scroll","background-type":"","background-media":"","overlay-type":"","overlay-color":"","overlay-opacity":"","overlay-gradient":""},"tablet":{"background-color":"var(--ast-global-color-4)","background-image":"","background-repeat":"repeat","background-position":"center center","background-size":"auto","background-attachment":"scroll","background-type":"","background-media":"","overlay-type":"","overlay-color":"","overlay-opacity":"","overlay-gradient":""},"mobile":{"background-color":"var(--ast-global-color-4)","background-image":"","background-repeat":"repeat","background-position":"center center","background-size":"auto","background-attachment":"scroll","background-type":"","background-media":"","overlay-type":"","overlay-color":"","overlay-opacity":"","overlay-gradient":""}}},"product_brand":[],"product_cat":[37],"product_tag":[],"class_list":{"0":"post-333","1":"product","2":"type-product","3":"status-publish","4":"has-post-thumbnail","6":"product_cat-nutritie-tintita-pentru-copite-puternice","7":"desktop-align-left","8":"tablet-align-left","9":"mobile-align-left","11":"first","12":"instock","13":"shipping-taxable","14":"purchasable","15":"product-type-simple"},"jetpack_sharing_enabled":true,"_links":{"self":[{"href":"https:\/\/magazinulmiculcalaret.ro\/hu\/wp-json\/wp\/v2\/product\/333","targetHints":{"allow":["GET"]}}],"collection":[{"href":"https:\/\/magazinulmiculcalaret.ro\/hu\/wp-json\/wp\/v2\/product"}],"about":[{"href":"https:\/\/magazinulmiculcalaret.ro\/hu\/wp-json\/wp\/v2\/types\/product"}],"replies":[{"embeddable":true,"href":"https:\/\/magazinulmiculcalaret.ro\/hu\/wp-json\/wp\/v2\/comments?post=333"}],"wp:featuredmedia":[{"embeddable":true,"href":"https:\/\/magazinulmiculcalaret.ro\/hu\/wp-json\/wp\/v2\/media\/334"}],"wp:attachment":[{"href":"https:\/\/magazinulmiculcalaret.ro\/hu\/wp-json\/wp\/v2\/media?parent=333"}],"wp:term":[{"taxonomy":"product_brand","embeddable":true,"href":"https:\/\/magazinulmiculcalaret.ro\/hu\/wp-json\/wp\/v2\/product_brand?post=333"},{"taxonomy":"product_cat","embeddable":true,"href":"https:\/\/magazinulmiculcalaret.ro\/hu\/wp-json\/wp\/v2\/product_cat?post=333"},{"taxonomy":"product_tag","embeddable":true,"href":"https:\/\/magazinulmiculcalaret.ro\/hu\/wp-json\/wp\/v2\/product_tag?post=333"}],"curies":[{"name":"wp","href":"https:\/\/api.w.org\/{rel}","templated":true}]}}