{"id":351,"date":"2025-10-04T15:29:28","date_gmt":"2025-10-04T12:29:28","guid":{"rendered":"https:\/\/magazinulmiculcalaret.ro\/?post_type=product&#038;p=351"},"modified":"2025-10-04T15:29:28","modified_gmt":"2025-10-04T12:29:28","slug":"farrier-dressing-900-gr","status":"publish","type":"product","link":"https:\/\/magazinulmiculcalaret.ro\/hu\/product\/farrier-dressing-900-gr\/","title":{"rendered":"Farrier Dressing 900 gr"},"content":{"rendered":"<p data-start=\"0\" data-end=\"349\">K\u00f6nnyen felvihet\u0151, b\u00e1rmilyen id\u0151j\u00e1r\u00e1si k\u00f6r\u00fclm\u00e9nyek k\u00f6z\u00f6tt is. Ide\u00e1lis az eg\u00e9szs\u00e9ges pat\u00e1k fenntart\u00e1s\u00e1hoz, a n\u00f6veked\u00e9s \u00f6szt\u00f6nz\u00e9s\u00e9hez \u00e9s az eg\u00e9szs\u00e9ges szaru kialakul\u00e1s\u00e1hoz eg\u00e9sz \u00e9vben. Azoknak aj\u00e1nljuk, akiknek rossz a patamin\u0151s\u00e9ge, vagy ha a lovagl\u00e1s megterheli a pata min\u0151s\u00e9g\u00e9t. A r\u00e9gi mond\u00e1s szerint: \"Nincs l\u00e1b, nincs l\u00f3.\" <em data-start=\"316\" data-end=\"347\">\u201eF\u0103r\u0103 copite, nu exist\u0103 cal.\u201d<\/em><\/p>\n<p data-start=\"351\" data-end=\"596\" data-is-last-node=\"\" data-is-only-node=\"\">Magas zs\u00edrsavtartalm\u00fa t\u00e1pl\u00e1l\u00f3 kever\u00e9k, hogy lehet\u0151v\u00e9 tegye a szaruba val\u00f3 behatol\u00e1st, \u00e9s seg\u00edt megel\u0151zni az id\u0151 el\u0151tti reped\u00e9st \u00e9s kisz\u00e1rad\u00e1st, valamint megv\u00e9di a pat\u00e1t k\u00edv\u00fclr\u0151l befel\u00e9. V\u00e9gs\u0151 soron seg\u00edt megv\u00e9deni a pat\u00e1t a v\u00edz \u00e1ltal okozott kock\u00e1zatokkal szemben.<\/p>","protected":false},"excerpt":{"rendered":"<p>K\u00f6nnyen felvihet\u0151, b\u00e1rmilyen id\u0151j\u00e1r\u00e1si k\u00f6r\u00fclm\u00e9nyek k\u00f6z\u00f6tt is. Ide\u00e1lis az eg\u00e9szs\u00e9ges pat\u00e1k fenntart\u00e1s\u00e1hoz, a n\u00f6veked\u00e9s \u00f6szt\u00f6nz\u00e9s\u00e9hez \u00e9s az eg\u00e9szs\u00e9ges szaru kialakul\u00e1s\u00e1hoz eg\u00e9sz \u00e9vben. Azoknak aj\u00e1nljuk, akiknek rossz a patamin\u0151s\u00e9ge, vagy ha a lovagl\u00e1s megterheli a pata min\u0151s\u00e9g\u00e9t. A r\u00e9gi mond\u00e1s szerint: \"Nincs l\u00e1b, nincs l\u00f3.\" <em data-start=\"316\" data-end=\"347\">\u201eF\u0103r\u0103 copite, nu exist\u0103 cal.\u201d<\/em><\/p>","protected":false},"featured_media":352,"comment_status":"open","ping_status":"closed","template":"","meta":{"site-sidebar-layout":"default","site-content-layout":"","ast-site-content-layout":"default","site-content-style":"default","site-sidebar-style":"default","ast-global-header-display":"","ast-banner-title-visibility":"","ast-main-header-display":"","ast-hfb-above-header-display":"","ast-hfb-below-header-display":"","ast-hfb-mobile-header-display":"","site-post-title":"","ast-breadcrumbs-content":"","ast-featured-img":"","footer-sml-layout":"","theme-transparent-header-meta":"default","adv-header-id-meta":"","stick-header-meta":"","header-above-stick-meta":"","header-main-stick-meta":"","header-below-stick-meta":"","astra-migrate-meta-layouts":"set","ast-page-background-enabled":"default","ast-page-background-meta":{"desktop":{"background-color":"var(--ast-global-color-5)","background-image":"","background-repeat":"repeat","background-position":"center center","background-size":"auto","background-attachment":"scroll","background-type":"","background-media":"","overlay-type":"","overlay-color":"","overlay-opacity":"","overlay-gradient":""},"tablet":{"background-color":"","background-image":"","background-repeat":"repeat","background-position":"center center","background-size":"auto","background-attachment":"scroll","background-type":"","background-media":"","overlay-type":"","overlay-color":"","overlay-opacity":"","overlay-gradient":""},"mobile":{"background-color":"","background-image":"","background-repeat":"repeat","background-position":"center center","background-size":"auto","background-attachment":"scroll","background-type":"","background-media":"","overlay-type":"","overlay-color":"","overlay-opacity":"","overlay-gradient":""}},"ast-content-background-meta":{"desktop":{"background-color":"var(--ast-global-color-4)","background-image":"","background-repeat":"repeat","background-position":"center center","background-size":"auto","background-attachment":"scroll","background-type":"","background-media":"","overlay-type":"","overlay-color":"","overlay-opacity":"","overlay-gradient":""},"tablet":{"background-color":"var(--ast-global-color-4)","background-image":"","background-repeat":"repeat","background-position":"center center","background-size":"auto","background-attachment":"scroll","background-type":"","background-media":"","overlay-type":"","overlay-color":"","overlay-opacity":"","overlay-gradient":""},"mobile":{"background-color":"var(--ast-global-color-4)","background-image":"","background-repeat":"repeat","background-position":"center center","background-size":"auto","background-attachment":"scroll","background-type":"","background-media":"","overlay-type":"","overlay-color":"","overlay-opacity":"","overlay-gradient":""}}},"product_brand":[],"product_cat":[37],"product_tag":[],"class_list":{"0":"post-351","1":"product","2":"type-product","3":"status-publish","4":"has-post-thumbnail","6":"product_cat-nutritie-tintita-pentru-copite-puternice","7":"desktop-align-left","8":"tablet-align-left","9":"mobile-align-left","11":"first","12":"instock","13":"shipping-taxable","14":"purchasable","15":"product-type-simple"},"jetpack_sharing_enabled":true,"_links":{"self":[{"href":"https:\/\/magazinulmiculcalaret.ro\/hu\/wp-json\/wp\/v2\/product\/351","targetHints":{"allow":["GET"]}}],"collection":[{"href":"https:\/\/magazinulmiculcalaret.ro\/hu\/wp-json\/wp\/v2\/product"}],"about":[{"href":"https:\/\/magazinulmiculcalaret.ro\/hu\/wp-json\/wp\/v2\/types\/product"}],"replies":[{"embeddable":true,"href":"https:\/\/magazinulmiculcalaret.ro\/hu\/wp-json\/wp\/v2\/comments?post=351"}],"wp:featuredmedia":[{"embeddable":true,"href":"https:\/\/magazinulmiculcalaret.ro\/hu\/wp-json\/wp\/v2\/media\/352"}],"wp:attachment":[{"href":"https:\/\/magazinulmiculcalaret.ro\/hu\/wp-json\/wp\/v2\/media?parent=351"}],"wp:term":[{"taxonomy":"product_brand","embeddable":true,"href":"https:\/\/magazinulmiculcalaret.ro\/hu\/wp-json\/wp\/v2\/product_brand?post=351"},{"taxonomy":"product_cat","embeddable":true,"href":"https:\/\/magazinulmiculcalaret.ro\/hu\/wp-json\/wp\/v2\/product_cat?post=351"},{"taxonomy":"product_tag","embeddable":true,"href":"https:\/\/magazinulmiculcalaret.ro\/hu\/wp-json\/wp\/v2\/product_tag?post=351"}],"curies":[{"name":"wp","href":"https:\/\/api.w.org\/{rel}","templated":true}]}}