{"id":353,"date":"2025-10-04T15:30:27","date_gmt":"2025-10-04T12:30:27","guid":{"rendered":"https:\/\/magazinulmiculcalaret.ro\/?post_type=product&#038;p=353"},"modified":"2025-10-04T15:30:27","modified_gmt":"2025-10-04T12:30:27","slug":"biotin-plus-refill-2-kg","status":"publish","type":"product","link":"https:\/\/magazinulmiculcalaret.ro\/hu\/product\/biotin-plus-refill-2-kg\/","title":{"rendered":"Biotin Plus refill 2 kg"},"content":{"rendered":"<p data-start=\"0\" data-end=\"311\">Biotin az eg\u00e9szs\u00e9ges pat\u00e1k\u00e9rt. Az er\u0151s keratin n\u00f6veked\u00e9s\u00e9hez nagyobb mennyis\u00e9g\u0171 biotint tartalmaz szerves cink-metion\u00e1ttal, ami nagyon fontos aminosavhoz k\u00f6t\u0151d\u0151 cink forr\u00e1s. A biotin az eg\u00e9szs\u00e9ges pata n\u00f6veked\u00e9s\u00e9hez sz\u00fcks\u00e9ges kieg\u00e9sz\u00edt\u0151, ezen k\u00edv\u00fcl a b\u0151r \u00e9s a sz\u0151rzet javul\u00e1s\u00e1t is eredm\u00e9nyezi.<\/p>\n<p data-start=\"313\" data-end=\"347\"><strong data-start=\"313\" data-end=\"345\">Etet\u00e9si aj\u00e1nl\u00e1s:<\/strong><\/p>\n<div class=\"_tableContainer_1rjym_1\">\n<div class=\"group _tableWrapper_1rjym_13 flex w-fit flex-col-reverse\" tabindex=\"-1\">\n<table class=\"w-fit min-w-(--thread-content-width)\" data-start=\"349\" data-end=\"497\">\n<thead data-start=\"349\" data-end=\"402\">\n<tr data-start=\"349\" data-end=\"402\">\n<th data-start=\"349\" data-end=\"364\" data-col-size=\"sm\">Lovak \u00e9s p\u00f3nik<\/th>\n<th data-start=\"364\" data-end=\"384\" data-col-size=\"sm\">Napi mennyis\u00e9g<\/th>\n<th data-start=\"384\" data-end=\"402\" data-col-size=\"sm\">Napi adag<\/th>\n<\/tr>\n<\/thead>\n<tbody data-start=\"458\" data-end=\"497\">\n<tr data-start=\"458\" data-end=\"497\">\n<td data-start=\"458\" data-end=\"465\" data-col-size=\"sm\">50 g<\/td>\n<td data-start=\"465\" data-end=\"497\" data-col-size=\"sm\">5 l\u00e9p\u00e9s (= 15 mg biotin)<\/td>\n<td data-col-size=\"sm\"><\/td>\n<\/tr>\n<\/tbody>\n<\/table>\n<\/div>\n<\/div>\n<p data-start=\"499\" data-end=\"607\"><strong data-start=\"499\" data-end=\"514\">\u00d6sszet\u00e9tel<\/strong><br data-start=\"514\" data-end=\"517\" \/>lucerna, Calciumcarbonat, repceolaj, s\u00f6r\u00e9leszt\u0151, metil-szulfonil-met\u00e1n (MSM)<\/p>\n<p data-start=\"609\" data-end=\"636\"><strong data-start=\"609\" data-end=\"634\">Analitikai \u00f6sszetev\u0151k<\/strong><\/p>\n<ul data-start=\"637\" data-end=\"772\" data-is-last-node=\"\" data-is-only-node=\"\">\n<li data-start=\"637\" data-end=\"662\">\n<p data-start=\"639\" data-end=\"662\">Nyers feh\u00e9rje: 15,1%<\/p>\n<\/li>\n<li data-start=\"663\" data-end=\"695\">\n<p data-start=\"665\" data-end=\"695\">Nyers olaj gy\u00e1rt\u00e1sa: 6%<\/p>\n<\/li>\n<li data-start=\"696\" data-end=\"719\">\n<p data-start=\"698\" data-end=\"719\">Nyers hamu: 28,6%<\/p>\n<\/li>\n<li data-start=\"720\" data-end=\"740\">\n<p data-start=\"722\" data-end=\"740\">Nyers rost: 15%<\/p>\n<\/li>\n<li data-start=\"741\" data-end=\"757\">\n<p data-start=\"743\" data-end=\"757\">N\u00e1trium: 0,07%<\/p>\n<\/li>\n<li data-start=\"758\" data-end=\"772\" data-is-last-node=\"\">\n<p data-start=\"760\" data-end=\"772\" data-is-last-node=\"\">Kalcium: 9.9% - kal t\u00f6bb<\/p>\n<\/li>\n<\/ul>","protected":false},"excerpt":{"rendered":"<p>Biotin az eg\u00e9szs\u00e9ges pat\u00e1k\u00e9rt. Az er\u0151s keratin n\u00f6veked\u00e9s\u00e9hez nagyobb mennyis\u00e9g\u0171 biotint tartalmaz szerves cink-metion\u00e1ttal, ami nagyon fontos aminosavhoz k\u00f6t\u0151d\u0151 cink forr\u00e1s. A biotin az eg\u00e9szs\u00e9ges pata n\u00f6veked\u00e9s\u00e9hez sz\u00fcks\u00e9ges kieg\u00e9sz\u00edt\u0151, ezen k\u00edv\u00fcl a b\u0151r \u00e9s a sz\u0151rzet javul\u00e1s\u00e1t is eredm\u00e9nyezi.<\/p>","protected":false},"featured_media":354,"comment_status":"open","ping_status":"closed","template":"","meta":{"site-sidebar-layout":"default","site-content-layout":"","ast-site-content-layout":"default","site-content-style":"default","site-sidebar-style":"default","ast-global-header-display":"","ast-banner-title-visibility":"","ast-main-header-display":"","ast-hfb-above-header-display":"","ast-hfb-below-header-display":"","ast-hfb-mobile-header-display":"","site-post-title":"","ast-breadcrumbs-content":"","ast-featured-img":"","footer-sml-layout":"","theme-transparent-header-meta":"default","adv-header-id-meta":"","stick-header-meta":"","header-above-stick-meta":"","header-main-stick-meta":"","header-below-stick-meta":"","astra-migrate-meta-layouts":"set","ast-page-background-enabled":"default","ast-page-background-meta":{"desktop":{"background-color":"var(--ast-global-color-5)","background-image":"","background-repeat":"repeat","background-position":"center center","background-size":"auto","background-attachment":"scroll","background-type":"","background-media":"","overlay-type":"","overlay-color":"","overlay-opacity":"","overlay-gradient":""},"tablet":{"background-color":"","background-image":"","background-repeat":"repeat","background-position":"center center","background-size":"auto","background-attachment":"scroll","background-type":"","background-media":"","overlay-type":"","overlay-color":"","overlay-opacity":"","overlay-gradient":""},"mobile":{"background-color":"","background-image":"","background-repeat":"repeat","background-position":"center center","background-size":"auto","background-attachment":"scroll","background-type":"","background-media":"","overlay-type":"","overlay-color":"","overlay-opacity":"","overlay-gradient":""}},"ast-content-background-meta":{"desktop":{"background-color":"var(--ast-global-color-4)","background-image":"","background-repeat":"repeat","background-position":"center center","background-size":"auto","background-attachment":"scroll","background-type":"","background-media":"","overlay-type":"","overlay-color":"","overlay-opacity":"","overlay-gradient":""},"tablet":{"background-color":"var(--ast-global-color-4)","background-image":"","background-repeat":"repeat","background-position":"center center","background-size":"auto","background-attachment":"scroll","background-type":"","background-media":"","overlay-type":"","overlay-color":"","overlay-opacity":"","overlay-gradient":""},"mobile":{"background-color":"var(--ast-global-color-4)","background-image":"","background-repeat":"repeat","background-position":"center center","background-size":"auto","background-attachment":"scroll","background-type":"","background-media":"","overlay-type":"","overlay-color":"","overlay-opacity":"","overlay-gradient":""}}},"product_brand":[],"product_cat":[37],"product_tag":[],"class_list":{"0":"post-353","1":"product","2":"type-product","3":"status-publish","4":"has-post-thumbnail","6":"product_cat-nutritie-tintita-pentru-copite-puternice","7":"desktop-align-left","8":"tablet-align-left","9":"mobile-align-left","11":"first","12":"instock","13":"shipping-taxable","14":"purchasable","15":"product-type-simple"},"jetpack_sharing_enabled":true,"_links":{"self":[{"href":"https:\/\/magazinulmiculcalaret.ro\/hu\/wp-json\/wp\/v2\/product\/353","targetHints":{"allow":["GET"]}}],"collection":[{"href":"https:\/\/magazinulmiculcalaret.ro\/hu\/wp-json\/wp\/v2\/product"}],"about":[{"href":"https:\/\/magazinulmiculcalaret.ro\/hu\/wp-json\/wp\/v2\/types\/product"}],"replies":[{"embeddable":true,"href":"https:\/\/magazinulmiculcalaret.ro\/hu\/wp-json\/wp\/v2\/comments?post=353"}],"wp:featuredmedia":[{"embeddable":true,"href":"https:\/\/magazinulmiculcalaret.ro\/hu\/wp-json\/wp\/v2\/media\/354"}],"wp:attachment":[{"href":"https:\/\/magazinulmiculcalaret.ro\/hu\/wp-json\/wp\/v2\/media?parent=353"}],"wp:term":[{"taxonomy":"product_brand","embeddable":true,"href":"https:\/\/magazinulmiculcalaret.ro\/hu\/wp-json\/wp\/v2\/product_brand?post=353"},{"taxonomy":"product_cat","embeddable":true,"href":"https:\/\/magazinulmiculcalaret.ro\/hu\/wp-json\/wp\/v2\/product_cat?post=353"},{"taxonomy":"product_tag","embeddable":true,"href":"https:\/\/magazinulmiculcalaret.ro\/hu\/wp-json\/wp\/v2\/product_tag?post=353"}],"curies":[{"name":"wp","href":"https:\/\/api.w.org\/{rel}","templated":true}]}}