{"id":358,"date":"2025-10-04T15:32:45","date_gmt":"2025-10-04T12:32:45","guid":{"rendered":"https:\/\/magazinulmiculcalaret.ro\/?post_type=product&#038;p=358"},"modified":"2025-10-04T15:32:45","modified_gmt":"2025-10-04T12:32:45","slug":"paint-it-clear-lac-transparent-pentru-copite-250-ml","status":"publish","type":"product","link":"https:\/\/magazinulmiculcalaret.ro\/hu\/product\/paint-it-clear-lac-transparent-pentru-copite-250-ml\/","title":{"rendered":"Paint It Clear \u2013 \u00e1tl\u00e1tsz\u00f3 patalakk 250ml"},"content":{"rendered":"<p data-start=\"0\" data-end=\"279\" class=\"translation-block\">A NAF Paint It Clear egy kiv\u00e1l\u00f3 min\u0151s\u00e9g\u0171, gyorsan sz\u00e1rad\u00f3, sz\u00edntelen patalakk, amely csod\u00e1s, t\u00fck\u00f6rf\u00e9ny\u0171 megjelen\u00e9st biztos\u00edt a pata sz\u00e1m\u00e1ra \u2013 versenyek, fot\u00f3z\u00e1sok vagy b\u00e1rmilyen kiemelked\u0151 alkalom ide\u00e1lis v\u00e1laszt\u00e1sa. A k\u00f6nny\u0171 felvitelhez praktikus ecset j\u00e1rul.<\/p>\n<p data-start=\"281\" data-end=\"307\"><strong data-start=\"281\" data-end=\"305\">F\u0151 el\u0151nyei:<\/strong><\/p>\n<ul data-start=\"308\" data-end=\"854\" data-is-last-node=\"\" data-is-only-node=\"\">\n<li data-start=\"308\" data-end=\"421\">\n<p data-start=\"310\" data-end=\"421\" class=\"translation-block\">Ragyog\u00f3, t\u00fck\u00f6rszer\u0171 f\u00e9ny \u2013 egyenletes, kimagasl\u00f3 f\u00e9nyess\u00e9get k\u00f6lcs\u00f6n\u00f6z a pat\u00e1nak, minden alkalommal vonzza a tekinteteket.<\/p>\n<\/li>\n<li data-start=\"422\" data-end=\"501\">\n<p data-start=\"424\" data-end=\"501\" class=\"translation-block\">Gyors sz\u00e1rad\u00e1s \u2013 pillanatok alatt megk\u00f6t, \u00e9s ellen\u00e1ll a por- vagy homokfelver\u0151d\u00e9snek.<\/p>\n<\/li>\n<li data-start=\"502\" data-end=\"626\">\n<p data-start=\"504\" data-end=\"626\" class=\"translation-block\">L\u00e9g\u00e1tereszt\u0151 formula \u2013 nem z\u00e1rja el a pata fel\u00fclet\u00e9t, \u00edgy nem g\u00e1tolja a term\u00e9szetes l\u00e9legz\u00e9st, t\u00e1mogatva annak eg\u00e9szs\u00e9g\u00e9t.<\/p>\n<\/li>\n<li data-start=\"627\" data-end=\"760\">\n<p data-start=\"629\" data-end=\"760\" class=\"translation-block\">Biztons\u00e1gosan haszn\u00e1lhat\u00f3 \u2013 term\u00e9szetes shellacot tartalmaz, ami nem k\u00e1ros a pata sz\u00e1m\u00e1ra, \u00e9s \u00fagy kopik le, hogy nem ig\u00e9nyel lemos\u00e1st.<\/p>\n<\/li>\n<li data-start=\"761\" data-end=\"854\" data-is-last-node=\"\">\n<p data-start=\"763\" data-end=\"854\" data-is-last-node=\"\" class=\"translation-block\">K\u00f6nny\u0171 felvitel \u2013 az ecsetes applik\u00e1tornak k\u00f6sz\u00f6nhet\u0151en prec\u00edz \u00e9s egyszer\u0171 a haszn\u00e1lata.<\/p>\n<\/li>\n<\/ul>","protected":false},"excerpt":{"rendered":"<p class=\"translation-block\">A NAF Paint It Clear egy kiv\u00e1l\u00f3 min\u0151s\u00e9g\u0171, gyorsan sz\u00e1rad\u00f3, sz\u00edntelen patalakk, amely csod\u00e1s, t\u00fck\u00f6rf\u00e9ny\u0171 megjelen\u00e9st biztos\u00edt a pata sz\u00e1m\u00e1ra \u2013 versenyek, fot\u00f3z\u00e1sok vagy b\u00e1rmilyen kiemelked\u0151 alkalom ide\u00e1lis v\u00e1laszt\u00e1sa. A k\u00f6nny\u0171 felvitelhez praktikus ecset j\u00e1rul.<\/p>","protected":false},"featured_media":359,"comment_status":"open","ping_status":"closed","template":"","meta":{"site-sidebar-layout":"default","site-content-layout":"","ast-site-content-layout":"default","site-content-style":"default","site-sidebar-style":"default","ast-global-header-display":"","ast-banner-title-visibility":"","ast-main-header-display":"","ast-hfb-above-header-display":"","ast-hfb-below-header-display":"","ast-hfb-mobile-header-display":"","site-post-title":"","ast-breadcrumbs-content":"","ast-featured-img":"","footer-sml-layout":"","theme-transparent-header-meta":"default","adv-header-id-meta":"","stick-header-meta":"","header-above-stick-meta":"","header-main-stick-meta":"","header-below-stick-meta":"","astra-migrate-meta-layouts":"set","ast-page-background-enabled":"default","ast-page-background-meta":{"desktop":{"background-color":"var(--ast-global-color-5)","background-image":"","background-repeat":"repeat","background-position":"center center","background-size":"auto","background-attachment":"scroll","background-type":"","background-media":"","overlay-type":"","overlay-color":"","overlay-opacity":"","overlay-gradient":""},"tablet":{"background-color":"","background-image":"","background-repeat":"repeat","background-position":"center center","background-size":"auto","background-attachment":"scroll","background-type":"","background-media":"","overlay-type":"","overlay-color":"","overlay-opacity":"","overlay-gradient":""},"mobile":{"background-color":"","background-image":"","background-repeat":"repeat","background-position":"center center","background-size":"auto","background-attachment":"scroll","background-type":"","background-media":"","overlay-type":"","overlay-color":"","overlay-opacity":"","overlay-gradient":""}},"ast-content-background-meta":{"desktop":{"background-color":"var(--ast-global-color-4)","background-image":"","background-repeat":"repeat","background-position":"center center","background-size":"auto","background-attachment":"scroll","background-type":"","background-media":"","overlay-type":"","overlay-color":"","overlay-opacity":"","overlay-gradient":""},"tablet":{"background-color":"var(--ast-global-color-4)","background-image":"","background-repeat":"repeat","background-position":"center center","background-size":"auto","background-attachment":"scroll","background-type":"","background-media":"","overlay-type":"","overlay-color":"","overlay-opacity":"","overlay-gradient":""},"mobile":{"background-color":"var(--ast-global-color-4)","background-image":"","background-repeat":"repeat","background-position":"center center","background-size":"auto","background-attachment":"scroll","background-type":"","background-media":"","overlay-type":"","overlay-color":"","overlay-opacity":"","overlay-gradient":""}}},"product_brand":[],"product_cat":[37],"product_tag":[],"class_list":{"0":"post-358","1":"product","2":"type-product","3":"status-publish","4":"has-post-thumbnail","6":"product_cat-nutritie-tintita-pentru-copite-puternice","7":"desktop-align-left","8":"tablet-align-left","9":"mobile-align-left","11":"first","12":"instock","13":"shipping-taxable","14":"purchasable","15":"product-type-simple"},"jetpack_sharing_enabled":true,"_links":{"self":[{"href":"https:\/\/magazinulmiculcalaret.ro\/hu\/wp-json\/wp\/v2\/product\/358","targetHints":{"allow":["GET"]}}],"collection":[{"href":"https:\/\/magazinulmiculcalaret.ro\/hu\/wp-json\/wp\/v2\/product"}],"about":[{"href":"https:\/\/magazinulmiculcalaret.ro\/hu\/wp-json\/wp\/v2\/types\/product"}],"replies":[{"embeddable":true,"href":"https:\/\/magazinulmiculcalaret.ro\/hu\/wp-json\/wp\/v2\/comments?post=358"}],"wp:featuredmedia":[{"embeddable":true,"href":"https:\/\/magazinulmiculcalaret.ro\/hu\/wp-json\/wp\/v2\/media\/359"}],"wp:attachment":[{"href":"https:\/\/magazinulmiculcalaret.ro\/hu\/wp-json\/wp\/v2\/media?parent=358"}],"wp:term":[{"taxonomy":"product_brand","embeddable":true,"href":"https:\/\/magazinulmiculcalaret.ro\/hu\/wp-json\/wp\/v2\/product_brand?post=358"},{"taxonomy":"product_cat","embeddable":true,"href":"https:\/\/magazinulmiculcalaret.ro\/hu\/wp-json\/wp\/v2\/product_cat?post=358"},{"taxonomy":"product_tag","embeddable":true,"href":"https:\/\/magazinulmiculcalaret.ro\/hu\/wp-json\/wp\/v2\/product_tag?post=358"}],"curies":[{"name":"wp","href":"https:\/\/api.w.org\/{rel}","templated":true}]}}