{"id":375,"date":"2025-10-06T23:10:37","date_gmt":"2025-10-06T20:10:37","guid":{"rendered":"https:\/\/magazinulmiculcalaret.ro\/?post_type=product&#038;p=375"},"modified":"2025-10-06T23:10:37","modified_gmt":"2025-10-06T20:10:37","slug":"d-itch-skin-spray-750ml","status":"publish","type":"product","link":"https:\/\/magazinulmiculcalaret.ro\/hu\/product\/d-itch-skin-spray-750ml\/","title":{"rendered":"D- Itch skin spray 750ml"},"content":{"rendered":"<p data-start=\"0\" data-end=\"78\"><strong data-start=\"0\" data-end=\"76\">NAF D-Itch Skin Spray \u2013 b\u0151rnyugtat\u00f3 \u00e9s \u00e1pol\u00f3 spray lovak sz\u00e1m\u00e1ra<\/strong><\/p>\n<p data-start=\"80\" data-end=\"375\"><strong data-start=\"80\" data-end=\"105\">NAF D-Itch Skin Spray<\/strong> kifejezetten arra lett kifejlesztve, hogy enyh\u00edtse a viszket\u0151, irrit\u00e1lt vagy \u00e9rz\u00e9keny b\u0151rfel\u00fcletek kellemetlens\u00e9geit. Gyeng\u00e9d, de hat\u00e9kony formul\u00e1ja seg\u00edt a b\u0151r komfort\u00e9rzet\u00e9nek helyre\u00e1ll\u00edt\u00e1s\u00e1ban, mik\u00f6zben h\u0171s\u00edt\u0151 \u00e9s nyugtat\u00f3 hat\u00e1s\u00e1val azonnali megk\u00f6nnyebb\u00fcl\u00e9st biztos\u00edt.<\/p>\n<hr data-start=\"377\" data-end=\"380\" \/>\n<h3 data-start=\"382\" data-end=\"400\"><strong data-start=\"386\" data-end=\"400\">El\u0151ny\u00f6k:<\/strong><\/h3>\n<ul data-start=\"401\" data-end=\"637\">\n<li data-start=\"401\" data-end=\"450\">\n<p data-start=\"403\" data-end=\"450\">Azonnal csillap\u00edtja a viszket\u00e9st \u00e9s az irrit\u00e1ci\u00f3t<\/p>\n<\/li>\n<li data-start=\"451\" data-end=\"504\">\n<p data-start=\"453\" data-end=\"504\">Nyugtatja \u00e9s friss\u00edti az \u00e9rz\u00e9keny b\u0151rfel\u00fcleteket<\/p>\n<\/li>\n<li data-start=\"505\" data-end=\"561\">\n<p data-start=\"507\" data-end=\"561\">Term\u00e9szetes alapanyagokkal t\u00e1mogatja a b\u0151r regener\u00e1ci\u00f3j\u00e1t<\/p>\n<\/li>\n<li data-start=\"562\" data-end=\"637\">\n<p data-start=\"564\" data-end=\"637\">K\u00f6nnyen haszn\u00e1lhat\u00f3 spray form\u00e1ban \u2013 gyors \u00e9s higi\u00e9nikus alkalmaz\u00e1s<\/p>\n<\/li>\n<\/ul>\n<hr data-start=\"639\" data-end=\"642\" \/>\n<h3 data-start=\"644\" data-end=\"680\"><strong data-start=\"648\" data-end=\"680\">Aj\u00e1nlott haszn\u00e1lat:<\/strong><\/h3>\n<p data-start=\"681\" data-end=\"946\" class=\"translation-block\">Ide\u00e1lis a ny\u00e1ri id\u0151szakban, amikor a rovarcs\u00edp\u00e9sek, allergi\u00e1s reakci\u00f3k vagy k\u00f6rnyezeti hat\u00e1sok miatt a lovak b\u0151re hajlamos az irrit\u00e1ci\u00f3ra. Rendszeres haszn\u00e1lat\u00e1val el\u0151seg\u00edti a b\u0151r eg\u00e9szs\u00e9g\u00e9nek meg\u0151rz\u00e9s\u00e9t \u00e9s a l\u00f3 komfort\u00e9rzet\u00e9nek n\u00f6vel\u00e9s\u00e9t.<\/p>\n<p data-start=\"948\" data-end=\"1069\">Praktikus v\u00e1laszt\u00e1s minden l\u00f3tart\u00f3 sz\u00e1m\u00e1ra, aki term\u00e9szetes \u00e9s megb\u00edzhat\u00f3 megold\u00e1st keres a b\u0151rnyugtat\u00e1sra.<\/p>\n<hr data-start=\"1071\" data-end=\"1074\" \/>\n<h3 data-start=\"1076\" data-end=\"1095\"><strong data-start=\"1080\" data-end=\"1095\">\u00d6sszet\u00e9tel<\/strong><\/h3>\n<p data-start=\"1096\" data-end=\"1177\" data-is-last-node=\"\" data-is-only-node=\"\">Isopropanol, Monoproylene Glycol, Paeonol, Metil-Szulfonil-Met\u00e1N (Msm), Vitamin C<\/p>","protected":false},"excerpt":{"rendered":"<p><strong data-start=\"80\" data-end=\"105\">NAF D-Itch Skin Spray<\/strong> kifejezetten arra lett kifejlesztve, hogy enyh\u00edtse a viszket\u0151, irrit\u00e1lt vagy \u00e9rz\u00e9keny b\u0151rfel\u00fcletek kellemetlens\u00e9geit. Gyeng\u00e9d, de hat\u00e9kony formul\u00e1ja seg\u00edt a b\u0151r komfort\u00e9rzet\u00e9nek helyre\u00e1ll\u00edt\u00e1s\u00e1ban, mik\u00f6zben h\u0171s\u00edt\u0151 \u00e9s nyugtat\u00f3 hat\u00e1s\u00e1val azonnali megk\u00f6nnyebb\u00fcl\u00e9st biztos\u00edt.<\/p>","protected":false},"featured_media":376,"comment_status":"open","ping_status":"closed","template":"","meta":{"site-sidebar-layout":"default","site-content-layout":"","ast-site-content-layout":"default","site-content-style":"default","site-sidebar-style":"default","ast-global-header-display":"","ast-banner-title-visibility":"","ast-main-header-display":"","ast-hfb-above-header-display":"","ast-hfb-below-header-display":"","ast-hfb-mobile-header-display":"","site-post-title":"","ast-breadcrumbs-content":"","ast-featured-img":"","footer-sml-layout":"","theme-transparent-header-meta":"default","adv-header-id-meta":"","stick-header-meta":"","header-above-stick-meta":"","header-main-stick-meta":"","header-below-stick-meta":"","astra-migrate-meta-layouts":"set","ast-page-background-enabled":"default","ast-page-background-meta":{"desktop":{"background-color":"var(--ast-global-color-5)","background-image":"","background-repeat":"repeat","background-position":"center center","background-size":"auto","background-attachment":"scroll","background-type":"","background-media":"","overlay-type":"","overlay-color":"","overlay-opacity":"","overlay-gradient":""},"tablet":{"background-color":"","background-image":"","background-repeat":"repeat","background-position":"center center","background-size":"auto","background-attachment":"scroll","background-type":"","background-media":"","overlay-type":"","overlay-color":"","overlay-opacity":"","overlay-gradient":""},"mobile":{"background-color":"","background-image":"","background-repeat":"repeat","background-position":"center center","background-size":"auto","background-attachment":"scroll","background-type":"","background-media":"","overlay-type":"","overlay-color":"","overlay-opacity":"","overlay-gradient":""}},"ast-content-background-meta":{"desktop":{"background-color":"var(--ast-global-color-4)","background-image":"","background-repeat":"repeat","background-position":"center center","background-size":"auto","background-attachment":"scroll","background-type":"","background-media":"","overlay-type":"","overlay-color":"","overlay-opacity":"","overlay-gradient":""},"tablet":{"background-color":"var(--ast-global-color-4)","background-image":"","background-repeat":"repeat","background-position":"center center","background-size":"auto","background-attachment":"scroll","background-type":"","background-media":"","overlay-type":"","overlay-color":"","overlay-opacity":"","overlay-gradient":""},"mobile":{"background-color":"var(--ast-global-color-4)","background-image":"","background-repeat":"repeat","background-position":"center center","background-size":"auto","background-attachment":"scroll","background-type":"","background-media":"","overlay-type":"","overlay-color":"","overlay-opacity":"","overlay-gradient":""}}},"product_brand":[],"product_cat":[39],"product_tag":[],"class_list":{"0":"post-375","1":"product","2":"type-product","3":"status-publish","4":"has-post-thumbnail","6":"product_cat-energie-refacere-echilibru","7":"desktop-align-left","8":"tablet-align-left","9":"mobile-align-left","11":"first","12":"instock","13":"shipping-taxable","14":"purchasable","15":"product-type-simple"},"jetpack_sharing_enabled":true,"_links":{"self":[{"href":"https:\/\/magazinulmiculcalaret.ro\/hu\/wp-json\/wp\/v2\/product\/375","targetHints":{"allow":["GET"]}}],"collection":[{"href":"https:\/\/magazinulmiculcalaret.ro\/hu\/wp-json\/wp\/v2\/product"}],"about":[{"href":"https:\/\/magazinulmiculcalaret.ro\/hu\/wp-json\/wp\/v2\/types\/product"}],"replies":[{"embeddable":true,"href":"https:\/\/magazinulmiculcalaret.ro\/hu\/wp-json\/wp\/v2\/comments?post=375"}],"wp:featuredmedia":[{"embeddable":true,"href":"https:\/\/magazinulmiculcalaret.ro\/hu\/wp-json\/wp\/v2\/media\/376"}],"wp:attachment":[{"href":"https:\/\/magazinulmiculcalaret.ro\/hu\/wp-json\/wp\/v2\/media?parent=375"}],"wp:term":[{"taxonomy":"product_brand","embeddable":true,"href":"https:\/\/magazinulmiculcalaret.ro\/hu\/wp-json\/wp\/v2\/product_brand?post=375"},{"taxonomy":"product_cat","embeddable":true,"href":"https:\/\/magazinulmiculcalaret.ro\/hu\/wp-json\/wp\/v2\/product_cat?post=375"},{"taxonomy":"product_tag","embeddable":true,"href":"https:\/\/magazinulmiculcalaret.ro\/hu\/wp-json\/wp\/v2\/product_tag?post=375"}],"curies":[{"name":"wp","href":"https:\/\/api.w.org\/{rel}","templated":true}]}}