{"id":389,"date":"2025-10-06T23:18:32","date_gmt":"2025-10-06T20:18:32","guid":{"rendered":"https:\/\/magazinulmiculcalaret.ro\/?post_type=product&#038;p=389"},"modified":"2025-10-06T23:18:32","modified_gmt":"2025-10-06T20:18:32","slug":"mud-gard-supplement-690g-2","status":"publish","type":"product","link":"https:\/\/magazinulmiculcalaret.ro\/hu\/product\/mud-gard-supplement-690g-2\/","title":{"rendered":"Mud Gard Kieg\u00e9sz\u00edt\u0151 690g"},"content":{"rendered":"<article class=\"text-token-text-primary w-full focus:outline-none scroll-mt-[calc(var(--header-height)+min(200px,max(70px,20svh)))]\" dir=\"auto\" tabindex=\"-1\" data-turn-id=\"request-WEB:3a59ce0b-4455-4d0c-a87f-02345d2832da-10\" data-testid=\"conversation-turn-22\" data-scroll-anchor=\"true\" data-turn=\"assistant\">\n<div class=\"text-base my-auto mx-auto pb-10 [--thread-content-margin:--spacing(4)] thread-sm:[--thread-content-margin:--spacing(6)] thread-lg:[--thread-content-margin:--spacing(16)] px-(--thread-content-margin)\">\n<div class=\"[--thread-content-max-width:40rem] thread-lg:[--thread-content-max-width:48rem] mx-auto max-w-(--thread-content-max-width) flex-1 group\/turn-messages focus-visible:outline-hidden relative flex w-full min-w-0 flex-col agent-turn\" tabindex=\"-1\">\n<div class=\"flex max-w-full flex-col grow\">\n<div class=\"min-h-8 text-message relative flex w-full flex-col items-end gap-2 text-start break-words whitespace-normal [.text-message+&amp;]:mt-5\" dir=\"auto\" data-message-author-role=\"assistant\" data-message-id=\"f15dd8ab-c177-44c0-92a8-1189c389ee24\" data-message-model-slug=\"gpt-5\">\n<div class=\"flex w-full flex-col gap-1 empty:hidden first:pt-[1px]\">\n<div class=\"markdown prose dark:prose-invert w-full break-words light markdown-new-styling\">\n<p data-start=\"0\" data-end=\"80\"><strong data-start=\"0\" data-end=\"78\">T\u00e1pl\u00e1lkoz\u00e1si t\u00e1mogat\u00e1s a nedves \u00e9s s\u00e1ros k\u00f6rnyezet \u00e1ltal \u00e9rintett b\u0151r sz\u00e1m\u00e1ra.<\/strong><\/p>\n<p data-start=\"82\" data-end=\"352\">T\u00e1pl\u00e1lkoz\u00e1si t\u00e1mogat\u00e1s a nedves, s\u00e1ros k\u00f6r\u00fclm\u00e9nyek \u00e1ltal kiv\u00e1ltott b\u0151r sz\u00e1m\u00e1ra. Nedves, s\u00e1ros k\u00f6r\u00fclm\u00e9nyeknek kit\u00e9ve n\u00e9h\u00e1ny l\u00f3ra hat\u00e1ssal lehetnek a talajban \u00e9l\u0151 bakt\u00e9riumok, amelyek bejutnak a b\u0151rbe, ha a k\u00fcls\u0151 k\u00f6r\u00fclm\u00e9nyek legyeng\u00edtik \u0151ket. Az \u00e9trend jav\u00edt\u00e1s\u00e1val seg\u00edthet\u00fcnk a l\u00f3nak bel\u00fclr\u0151l kifel\u00e9 er\u0151s\u00edteni b\u0151r\u00e9t.<\/p>\n<p data-start=\"354\" data-end=\"881\" class=\"translation-block\">A Mud Gard tudom\u00e1nyosan igazolt, term\u00e9szetes eredet\u0171 antioxid\u00e1nsok egyed\u00fcl\u00e1ll\u00f3 komplex\u00e9t tartalmazza, hogy elt\u00e1vol\u00edtsa a felesleges szabad gy\u00f6k\u00f6ket az iszap puszt\u00edt\u00e1sa \u00e1ltal \u00e9rintett ter\u00fcletekr\u0151l. Kulcsfontoss\u00e1g\u00fa gy\u00f3gyn\u00f6v\u00e9nyeket \u00e9s egy\u00e9b t\u00e1panyagokat is tartalmaz, bele\u00e9rtve az MSM-et is, hogy bel\u00fclr\u0151l t\u00e1mogass\u00e1k az er\u0151s, eg\u00e9szs\u00e9ges b\u0151rt. Az optim\u00e1lis t\u00e1pl\u00e1lkoz\u00e1s \u00e9rdek\u00e9ben jav\u00edtsa az \u00e9trendet Mud Garddal a nedves, s\u00e1ros k\u00f6r\u00fclm\u00e9nyek kialakul\u00e1sa el\u0151tt, hogy lehet\u0151v\u00e9 tegye a kulcst\u00e1panyagok asszimil\u00e1ci\u00f3j\u00e1t a rendszerben.<\/p>\n<hr data-start=\"883\" data-end=\"886\" \/>\n<h3 data-start=\"888\" data-end=\"920\"><strong data-start=\"892\" data-end=\"920\">Etet\u00e9si aj\u00e1nl\u00e1s:<\/strong><\/h3>\n<div class=\"_tableContainer_1rjym_1\">\n<div class=\"group _tableWrapper_1rjym_13 flex w-fit flex-col-reverse\" tabindex=\"-1\">\n<table class=\"w-fit min-w-(--thread-content-width)\" data-start=\"922\" data-end=\"1163\">\n<thead data-start=\"922\" data-end=\"985\">\n<tr data-start=\"922\" data-end=\"985\">\n<th data-start=\"922\" data-end=\"937\" data-col-size=\"sm\">Lovak \u00e9s p\u00f3nik<\/th>\n<th data-start=\"937\" data-end=\"944\" data-col-size=\"sm\">Adag<\/th>\n<th data-start=\"944\" data-end=\"964\" data-col-size=\"sm\">Napi mennyis\u00e9g<\/th>\n<th data-start=\"964\" data-end=\"985\" data-col-size=\"sm\">Adagol\u00f3kanalak<\/th>\n<\/tr>\n<\/thead>\n<tbody data-start=\"1053\" data-end=\"1163\">\n<tr data-start=\"1053\" data-end=\"1109\">\n<td data-start=\"1053\" data-end=\"1087\" data-col-size=\"sm\"><strong data-start=\"1055\" data-end=\"1086\">Kezd\u0151 adag (7-14 nap)<\/strong><\/td>\n<td data-start=\"1087\" data-end=\"1094\" data-col-size=\"sm\">69 g<\/td>\n<td data-start=\"1094\" data-end=\"1109\" data-col-size=\"sm\">3 m\u00e9r\u0151kan\u00e1l<\/td>\n<td data-col-size=\"sm\"><\/td>\n<\/tr>\n<tr data-start=\"1110\" data-end=\"1163\">\n<td data-start=\"1110\" data-end=\"1136\" data-col-size=\"sm\"><strong data-start=\"1112\" data-end=\"1135\">Fenntart\u00f3 adag*<\/strong><\/td>\n<td data-start=\"1136\" data-end=\"1146\" data-col-size=\"sm\">23-46 g<\/td>\n<td data-start=\"1146\" data-end=\"1163\" data-col-size=\"sm\">1-2 m\u00e9r\u0151kan\u00e1l<\/td>\n<td data-col-size=\"sm\"><\/td>\n<\/tr>\n<\/tbody>\n<\/table>\n<\/div>\n<\/div>\n<hr data-start=\"1165\" data-end=\"1168\" \/>\n<h3 data-start=\"1170\" data-end=\"1191\"><strong data-start=\"1174\" data-end=\"1189\">\u00d6sszet\u00e9tel<\/strong><\/h3>\n<p data-start=\"1192\" data-end=\"1601\" class=\"translation-block\">Napraforg\u00f3mag, S\u00e1rgar\u00e9pa (sz\u00e1r\u00edtott), Metil-szulfonil-met\u00e1n, S\u00f6r\u00e9leszt\u0151, Gomba (sz\u00e1r\u00edtott), Chlorella (sz\u00e1r\u00edtott), Kurkuma, Pitypanglev\u00e9l, M\u00e1riat\u00f6vis mag, Gy\u00f6mb\u00e9r, Rozmaring, \u00c9desgy\u00f6k\u00e9r, Omicha bogy\u00f3k, \u00c1fonya, Ginkgo levelek, Yam gy\u00f6k\u00e9r, Lenmag, Withania, Szeder levelek, Thorowax, Ginseng (Szib\u00e9riai), Skullcap, Paradicsomp\u00e9p, Frukto-oligoszacharidok.<\/p>\n<hr data-start=\"1603\" data-end=\"1606\" \/>\n<h3 data-start=\"1608\" data-end=\"1635\"><strong data-start=\"1612\" data-end=\"1633\">Adal\u00e9kanyagok (kilogrammonk\u00e9nt)<\/strong><\/h3>\n<p data-start=\"1636\" data-end=\"1653\"><strong data-start=\"1636\" data-end=\"1651\">Aminosavak:<\/strong><\/p>\n<ul data-start=\"1654\" data-end=\"1778\">\n<li data-start=\"1654\" data-end=\"1742\">\n<p data-start=\"1656\" data-end=\"1742\">L-glutamin\t(3c451, a Corynebacterium glutamicum NITE BP02524 \u00e1ltal termelt)\t \t4900 mg <em data-start=\"1687\" data-end=\"1715\">Corynebacterium glutamicum<\/em> N\u00c9H\u00c1NY BP02524) \u2013 4.900 mg<\/p>\n<\/li>\n<li data-start=\"1743\" data-end=\"1778\">\n<p data-start=\"1745\" data-end=\"1778\">DL-metionin (3c301) \u2013 4.520-mg<\/p>\n<\/li>\n<\/ul>\n<p data-start=\"1780\" data-end=\"1800\"><strong data-start=\"1780\" data-end=\"1798\">Nyomelemek<\/strong><\/p>\n<ul data-start=\"1801\" data-end=\"1840\">\n<li data-start=\"1801\" data-end=\"1840\">\n<p data-start=\"1803\" data-end=\"1840\">Cink (3b603 cink-oxid, cink) \u2013 396 mg<\/p>\n<\/li>\n<\/ul>\n<p data-start=\"1842\" data-end=\"1857\"><strong data-start=\"1842\" data-end=\"1855\">Vitaminok:<\/strong><\/p>\n<ul data-start=\"1858\" data-end=\"1962\">\n<li data-start=\"1858\" data-end=\"1892\">\n<p data-start=\"1860\" data-end=\"1892\">Niacinamid (3a315) \u2013 2.240 mg<\/p>\n<\/li>\n<li data-start=\"1893\" data-end=\"1927\">\n<p data-start=\"1895\" data-end=\"1927\">B2-Vitamin (3a825i) \u2013 66,6 mg<\/p>\n<\/li>\n<li data-start=\"1928\" data-end=\"1962\">\n<p data-start=\"1930\" data-end=\"1962\">C-Vitamin (3a300) \u2013 44.200 mg<\/p>\n<\/li>\n<\/ul>\n<p data-start=\"1964\" data-end=\"1986\"><strong data-start=\"1964\" data-end=\"1984\">Adal\u00e9kanyag technik\u00e1k:<\/strong><\/p>\n<ul data-start=\"1987\" data-end=\"2033\">\n<li data-start=\"1987\" data-end=\"2033\">\n<p data-start=\"1989\" data-end=\"2033\">Hidroliz\u00e1lt lecitinek (1c322ii) \u2013 mint 73,600 mg<\/p>\n<\/li>\n<\/ul>\n<hr data-start=\"2035\" data-end=\"2038\" \/>\n<h3 data-start=\"2040\" data-end=\"2071\"><strong data-start=\"2044\" data-end=\"2069\">Analitikai \u00f6sszetev\u0151k<\/strong><\/h3>\n<p data-start=\"2072\" data-end=\"2222\" data-is-last-node=\"\" data-is-only-node=\"\">A nyersfeh\u00e9rje-15,6%<br data-start=\"2094\" data-end=\"2097\" \/>Nyers olaj \u00e9s zs\u00edrok \u2013 13,3%<br data-start=\"2129\" data-end=\"2132\" \/>Nyers hamu 8.4% a<br data-start=\"2151\" data-end=\"2154\" \/>Nyers rost \u2013 7,6%<br data-start=\"2172\" data-end=\"2175\" \/>N\u00e1trium - 0,1%<br data-start=\"2187\" data-end=\"2190\" \/>Savban oldhatatlan hamu\t2,7%<\/p>\n<\/div>\n<\/div>\n<\/div>\n<\/div>\n<\/div>\n<\/div>\n<\/article>","protected":false},"excerpt":{"rendered":"<p>T\u00e1pl\u00e1lkoz\u00e1si t\u00e1mogat\u00e1s a nedves, s\u00e1ros k\u00f6r\u00fclm\u00e9nyek \u00e1ltal kiv\u00e1ltott b\u0151r sz\u00e1m\u00e1ra. Nedves, s\u00e1ros k\u00f6r\u00fclm\u00e9nyeknek kit\u00e9ve n\u00e9h\u00e1ny l\u00f3ra hat\u00e1ssal lehetnek a talajban \u00e9l\u0151 bakt\u00e9riumok, amelyek bejutnak a b\u0151rbe, ha a k\u00fcls\u0151 k\u00f6r\u00fclm\u00e9nyek legyeng\u00edtik \u0151ket. Az \u00e9trend jav\u00edt\u00e1s\u00e1val seg\u00edthet\u00fcnk a l\u00f3nak bel\u00fclr\u0151l kifel\u00e9 er\u0151s\u00edteni b\u0151r\u00e9t.<\/p>","protected":false},"featured_media":391,"comment_status":"open","ping_status":"closed","template":"","meta":{"site-sidebar-layout":"default","site-content-layout":"","ast-site-content-layout":"default","site-content-style":"default","site-sidebar-style":"default","ast-global-header-display":"","ast-banner-title-visibility":"","ast-main-header-display":"","ast-hfb-above-header-display":"","ast-hfb-below-header-display":"","ast-hfb-mobile-header-display":"","site-post-title":"","ast-breadcrumbs-content":"","ast-featured-img":"","footer-sml-layout":"","theme-transparent-header-meta":"default","adv-header-id-meta":"","stick-header-meta":"","header-above-stick-meta":"","header-main-stick-meta":"","header-below-stick-meta":"","astra-migrate-meta-layouts":"set","ast-page-background-enabled":"default","ast-page-background-meta":{"desktop":{"background-color":"var(--ast-global-color-5)","background-image":"","background-repeat":"repeat","background-position":"center center","background-size":"auto","background-attachment":"scroll","background-type":"","background-media":"","overlay-type":"","overlay-color":"","overlay-opacity":"","overlay-gradient":""},"tablet":{"background-color":"","background-image":"","background-repeat":"repeat","background-position":"center center","background-size":"auto","background-attachment":"scroll","background-type":"","background-media":"","overlay-type":"","overlay-color":"","overlay-opacity":"","overlay-gradient":""},"mobile":{"background-color":"","background-image":"","background-repeat":"repeat","background-position":"center center","background-size":"auto","background-attachment":"scroll","background-type":"","background-media":"","overlay-type":"","overlay-color":"","overlay-opacity":"","overlay-gradient":""}},"ast-content-background-meta":{"desktop":{"background-color":"var(--ast-global-color-4)","background-image":"","background-repeat":"repeat","background-position":"center center","background-size":"auto","background-attachment":"scroll","background-type":"","background-media":"","overlay-type":"","overlay-color":"","overlay-opacity":"","overlay-gradient":""},"tablet":{"background-color":"var(--ast-global-color-4)","background-image":"","background-repeat":"repeat","background-position":"center center","background-size":"auto","background-attachment":"scroll","background-type":"","background-media":"","overlay-type":"","overlay-color":"","overlay-opacity":"","overlay-gradient":""},"mobile":{"background-color":"var(--ast-global-color-4)","background-image":"","background-repeat":"repeat","background-position":"center center","background-size":"auto","background-attachment":"scroll","background-type":"","background-media":"","overlay-type":"","overlay-color":"","overlay-opacity":"","overlay-gradient":""}}},"product_brand":[],"product_cat":[39],"product_tag":[],"class_list":{"0":"post-389","1":"product","2":"type-product","3":"status-publish","4":"has-post-thumbnail","6":"product_cat-energie-refacere-echilibru","7":"desktop-align-left","8":"tablet-align-left","9":"mobile-align-left","11":"first","12":"instock","13":"shipping-taxable","14":"purchasable","15":"product-type-simple"},"jetpack_sharing_enabled":true,"_links":{"self":[{"href":"https:\/\/magazinulmiculcalaret.ro\/hu\/wp-json\/wp\/v2\/product\/389","targetHints":{"allow":["GET"]}}],"collection":[{"href":"https:\/\/magazinulmiculcalaret.ro\/hu\/wp-json\/wp\/v2\/product"}],"about":[{"href":"https:\/\/magazinulmiculcalaret.ro\/hu\/wp-json\/wp\/v2\/types\/product"}],"replies":[{"embeddable":true,"href":"https:\/\/magazinulmiculcalaret.ro\/hu\/wp-json\/wp\/v2\/comments?post=389"}],"wp:featuredmedia":[{"embeddable":true,"href":"https:\/\/magazinulmiculcalaret.ro\/hu\/wp-json\/wp\/v2\/media\/391"}],"wp:attachment":[{"href":"https:\/\/magazinulmiculcalaret.ro\/hu\/wp-json\/wp\/v2\/media?parent=389"}],"wp:term":[{"taxonomy":"product_brand","embeddable":true,"href":"https:\/\/magazinulmiculcalaret.ro\/hu\/wp-json\/wp\/v2\/product_brand?post=389"},{"taxonomy":"product_cat","embeddable":true,"href":"https:\/\/magazinulmiculcalaret.ro\/hu\/wp-json\/wp\/v2\/product_cat?post=389"},{"taxonomy":"product_tag","embeddable":true,"href":"https:\/\/magazinulmiculcalaret.ro\/hu\/wp-json\/wp\/v2\/product_tag?post=389"}],"curies":[{"name":"wp","href":"https:\/\/api.w.org\/{rel}","templated":true}]}}