{"id":392,"date":"2025-10-06T23:22:01","date_gmt":"2025-10-06T20:22:01","guid":{"rendered":"https:\/\/magazinulmiculcalaret.ro\/?post_type=product&#038;p=392"},"modified":"2025-10-08T20:13:44","modified_gmt":"2025-10-08T17:13:44","slug":"pink-powder-700g","status":"publish","type":"product","link":"https:\/\/magazinulmiculcalaret.ro\/hu\/product\/pink-powder-700g\/","title":{"rendered":"Pink Powder 700g"},"content":{"rendered":"<p data-start=\"0\" data-end=\"114\"><strong data-start=\"0\" data-end=\"112\">NAF Pink Powder \u2013 pr\u00e9mium em\u00e9szt\u00e9st\u00e1mogat\u00f3 \u00e9s kond\u00edci\u00f3jav\u00edt\u00f3 lovaknak<\/strong><\/p>\n<p data-start=\"116\" data-end=\"514\"><strong data-start=\"116\" data-end=\"135\">NAF Pink Powder<\/strong> egyed\u00fcl\u00e1ll\u00f3, pr\u00e9mium min\u0151s\u00e9g\u0171 t\u00e1pl\u00e1l\u00e9kkieg\u00e9sz\u00edt\u0151, amelyet kifejezetten a lovak em\u00e9szt\u0151rendszer\u00e9nek t\u00e1mogat\u00e1s\u00e1ra \u00e9s \u00e1ltal\u00e1nos kond\u00edci\u00f3juk jav\u00edt\u00e1s\u00e1ra fejlesztettek ki. Gondosan v\u00e1logatott pre- \u00e9s probiotikumokat, vitaminokat, \u00e1sv\u00e1nyi anyagokat \u00e9s esszenci\u00e1lis t\u00e1panyagokat tartalmaz, melyek seg\u00edtik a b\u00e9lfl\u00f3ra egyens\u00faly\u00e1t \u00e9s az optim\u00e1lis t\u00e1panyaghasznosul\u00e1st.<\/p>\n<hr data-start=\"516\" data-end=\"519\" \/>\n<h3 data-start=\"521\" data-end=\"542\"><strong data-start=\"525\" data-end=\"542\">Ide\u00e1lis v\u00e1laszt\u00e1s:<\/strong><\/h3>\n<ul data-start=\"543\" data-end=\"753\">\n<li data-start=\"543\" data-end=\"596\">\n<p data-start=\"545\" data-end=\"596\">stresszes vagy l\u00e1badoz\u00f3 lovaknak<\/p>\n<\/li>\n<li data-start=\"597\" data-end=\"623\">\n<p data-start=\"599\" data-end=\"623\">v\u00e1ltoz\u00f3 takarm\u00e1nyoz\u00e1s eset\u00e9n<\/p>\n<\/li>\n<li data-start=\"624\" data-end=\"662\">\n<p data-start=\"626\" data-end=\"662\">v\u00e9konyabb testalkat\u00fa, nehezen h\u00edz\u00f3 lovaknak<\/p>\n<\/li>\n<li data-start=\"663\" data-end=\"753\">\n<p data-start=\"665\" data-end=\"753\">minden l\u00f3nak, amely extra t\u00e1mogat\u00e1st ig\u00e9nyel a j\u00f3 kond\u00edci\u00f3 \u00e9s a vitalit\u00e1s fenntart\u00e1s\u00e1hoz<\/p>\n<\/li>\n<\/ul>\n<hr data-start=\"755\" data-end=\"758\" \/>\n<h3 data-start=\"760\" data-end=\"778\"><strong data-start=\"764\" data-end=\"778\">El\u0151ny\u00f6k:<\/strong><\/h3>\n<ul data-start=\"779\" data-end=\"1051\">\n<li data-start=\"779\" data-end=\"852\">\n<p data-start=\"781\" data-end=\"852\">Pre- \u00e9s probiotikumokkal t\u00e1mogatja az eg\u00e9szs\u00e9ges b\u00e9lfl\u00f3r\u00e1t<\/p>\n<\/li>\n<li data-start=\"853\" data-end=\"903\">\n<p data-start=\"855\" data-end=\"903\">Jav\u00edtja a t\u00e1panyagok hasznosul\u00e1s\u00e1t<\/p>\n<\/li>\n<li data-start=\"904\" data-end=\"960\">\n<p data-start=\"906\" data-end=\"960\">Seg\u00edt helyre\u00e1ll\u00edtani \u00e9s fenntartani az optim\u00e1lis kond\u00edci\u00f3t<\/p>\n<\/li>\n<li data-start=\"961\" data-end=\"1051\">\n<p data-start=\"963\" data-end=\"1051\">Vitamin- \u00e9s \u00e1sv\u00e1nyianyag-p\u00f3tl\u00e1ssal t\u00e1mogatja az immunrendszert \u00e9s a teljes\u00edtm\u00e9nyt<\/p>\n<\/li>\n<\/ul>\n<hr data-start=\"1053\" data-end=\"1056\" \/>\n<h3 data-start=\"1058\" data-end=\"1095\"><strong data-start=\"1062\" data-end=\"1095\">Etet\u00e9si aj\u00e1nl\u00e1s:<\/strong><\/h3>\n<p data-start=\"1096\" data-end=\"1151\">Keverj\u00fck minden nap <strong data-start=\"1115\" data-end=\"1130\">Pink Powder<\/strong> Naponta keverje hozz\u00e1 a Pink Powdert a takarm\u00e1nyhoz.<\/p>\n<div class=\"_tableContainer_1rjym_1\">\n<div class=\"group _tableWrapper_1rjym_13 flex w-fit flex-col-reverse\" tabindex=\"-1\">\n<table class=\"w-fit min-w-(--thread-content-width)\" data-start=\"1153\" data-end=\"1480\">\n<thead data-start=\"1153\" data-end=\"1214\">\n<tr data-start=\"1153\" data-end=\"1214\">\n<th data-start=\"1153\" data-end=\"1166\" data-col-size=\"sm\">\u00c1llat t\u00edpusa<\/th>\n<th data-start=\"1166\" data-end=\"1190\" data-col-size=\"sm\">Napi mennyis\u00e9g<\/th>\n<th data-start=\"1190\" data-end=\"1214\" data-col-size=\"sm\">Ev\u0151kan\u00e1l cs\u00e9sze\/nap<\/th>\n<\/tr>\n<\/thead>\n<tbody data-start=\"1281\" data-end=\"1480\">\n<tr data-start=\"1281\" data-end=\"1325\">\n<td data-start=\"1281\" data-end=\"1305\" data-col-size=\"sm\"><strong data-start=\"1283\" data-end=\"1304\">L\u00f3 - Megn\u00f6velt adag<\/strong><\/td>\n<td data-start=\"1305\" data-end=\"1312\" data-col-size=\"sm\">32 g<\/td>\n<td data-start=\"1312\" data-end=\"1325\" data-col-size=\"sm\">4 m\u00e9r\u0151kan\u00e1l<\/td>\n<\/tr>\n<tr data-start=\"1326\" data-end=\"1378\">\n<td data-start=\"1326\" data-end=\"1358\" data-col-size=\"sm\"><strong data-start=\"1328\" data-end=\"1357\">L\u00f3 - Fenntart\u00f3 adag<\/strong><\/td>\n<td data-start=\"1358\" data-end=\"1365\" data-col-size=\"sm\">24 g<\/td>\n<td data-start=\"1365\" data-end=\"1378\" data-col-size=\"sm\">3 m\u00e9r\u0151kan\u00e1l<\/td>\n<\/tr>\n<tr data-start=\"1379\" data-end=\"1425\">\n<td data-start=\"1379\" data-end=\"1405\" data-col-size=\"sm\"><strong data-start=\"1381\" data-end=\"1404\">P\u00f3ni - Megn\u00f6velt adag<\/strong><\/td>\n<td data-start=\"1405\" data-end=\"1412\" data-col-size=\"sm\">24 g<\/td>\n<td data-start=\"1412\" data-end=\"1425\" data-col-size=\"sm\">3 m\u00e9r\u0151kan\u00e1l<\/td>\n<\/tr>\n<tr data-start=\"1426\" data-end=\"1480\">\n<td data-start=\"1426\" data-end=\"1460\" data-col-size=\"sm\"><strong data-start=\"1428\" data-end=\"1459\">P\u00f3ni - Fenntart\u00f3 adag<\/strong><\/td>\n<td data-start=\"1460\" data-end=\"1467\" data-col-size=\"sm\">16 g<\/td>\n<td data-start=\"1467\" data-end=\"1480\" data-col-size=\"sm\">2 m\u00e9r\u0151kan\u00e1l<\/td>\n<\/tr>\n<\/tbody>\n<\/table>\n<\/div>\n<\/div>\n<hr data-start=\"1482\" data-end=\"1485\" \/>\n<h3 data-start=\"1487\" data-end=\"1506\"><strong data-start=\"1491\" data-end=\"1506\">\u00d6sszet\u00e9tel<\/strong><\/h3>\n<p data-start=\"1507\" data-end=\"1722\">B\u00fazatakarm\u00e1ny, S\u00f6r\u00e9leszt\u0151, Kukorica (f\u0151tt), Kalcium-karbon\u00e1t, Monokalcium-foszf\u00e1t, Repceolaj, C\u00e9klal\u00e9, Maltodextrin, S\u00e1rgar\u00e9pa (sz\u00e1r\u00edtott), N\u00e1trium-klorid, Frukto-oligoszacharidok, Magn\u00e9zium-oxid.<\/p>\n<hr data-start=\"1724\" data-end=\"1727\" \/>\n<h3 data-start=\"1729\" data-end=\"1754\"><strong data-start=\"1733\" data-end=\"1754\">Adal\u00e9kanyagok (kilogrammonk\u00e9nt)<\/strong><\/h3>\n<p data-start=\"1756\" data-end=\"1773\"><strong data-start=\"1756\" data-end=\"1771\">Aminosavak:<\/strong><\/p>\n<ul data-start=\"1774\" data-end=\"1948\">\n<li data-start=\"1774\" data-end=\"1809\">\n<p data-start=\"1776\" data-end=\"1809\">DL-metionin (3c301) \u2013 3.690 mg<\/p>\n<\/li>\n<li data-start=\"1810\" data-end=\"1859\">\n<p data-start=\"1812\" data-end=\"1859\">L-lizin\u0103 monohidroclorid \u2013 (3c322) \u2013 7.390 mg<\/p>\n<\/li>\n<li data-start=\"1860\" data-end=\"1948\">\n<p data-start=\"1862\" data-end=\"1948\">L-glutamin\t(3c451, a Corynebacterium glutamicum NITE BP02524 \u00e1ltal termelt)\t \t4900 mg <em data-start=\"1893\" data-end=\"1921\">Corynebacterium glutamicum<\/em> N\u00c9H\u00c1NY BP02524) \u2013 4.040-mg<\/p>\n<\/li>\n<\/ul>\n<p data-start=\"1950\" data-end=\"1970\"><strong data-start=\"1950\" data-end=\"1968\">Nyomelemek<\/strong><\/p>\n<ul data-start=\"1971\" data-end=\"2268\">\n<li data-start=\"1971\" data-end=\"2023\">\n<p data-start=\"1973\" data-end=\"2023\">J\u00f3d (3b202, jodid, v\u00edzmentes kalcium) \u2013 14,70-mg<\/p>\n<\/li>\n<li data-start=\"2024\" data-end=\"2086\">\n<p data-start=\"2026\" data-end=\"2086\">R\u00e9z (3b405, szulf\u00e1t a r\u00e9z (II) - szulf\u00e1t-pentahidr\u00e1t) \u2013 3.750 es mg<\/p>\n<\/li>\n<li data-start=\"2087\" data-end=\"2137\">\n<p data-start=\"2089\" data-end=\"2137\">Mang\u00e1n (3b502, vas-oxid, mang\u00e1n (II)) \u2013 1.480 mg<\/p>\n<\/li>\n<li data-start=\"2138\" data-end=\"2226\">\n<p data-start=\"2140\" data-end=\"2226\">Szel\u00e9n (3b810, \u00e9leszt\u0151 selenizat\u0103 <em data-start=\"2175\" data-end=\"2190\">A S. cerevisiae<\/em> CNCM i-3060 ki) \u2013 5,91 mg<\/p>\n<\/li>\n<li data-start=\"2227\" data-end=\"2268\">\n<p data-start=\"2229\" data-end=\"2268\">Cink (3b603 cink-oxid, cink) \u2013 2.960 mg<\/p>\n<\/li>\n<\/ul>\n<p data-start=\"2270\" data-end=\"2285\"><strong data-start=\"2270\" data-end=\"2283\">Vitaminok:<\/strong><\/p>\n<ul data-start=\"2286\" data-end=\"2732\">\n<li data-start=\"2286\" data-end=\"2316\">\n<p data-start=\"2288\" data-end=\"2316\">Biotin (3a880) \u2013 23,60 mg<\/p>\n<\/li>\n<li data-start=\"2317\" data-end=\"2357\">\n<p data-start=\"2319\" data-end=\"2357\">Kalcium-D-pantothenate (3a841) \u2013 401 mg<\/p>\n<\/li>\n<li data-start=\"2358\" data-end=\"2398\">\n<p data-start=\"2360\" data-end=\"2398\">Kolin-klorid (3a890) \u2013 1.480 mg<\/p>\n<\/li>\n<li data-start=\"2399\" data-end=\"2430\">\n<p data-start=\"2401\" data-end=\"2430\">Folsav (3a316) \u2013 110 mg<\/p>\n<\/li>\n<li data-start=\"2431\" data-end=\"2463\">\n<p data-start=\"2433\" data-end=\"2463\">Niacinamid (3a315) \u2013 654-mg<\/p>\n<\/li>\n<li data-start=\"2464\" data-end=\"2500\">\n<p data-start=\"2466\" data-end=\"2500\">A-Vitamin (3a672a) \u2013 222.000 UI<\/p>\n<\/li>\n<li data-start=\"2501\" data-end=\"2533\">\n<p data-start=\"2503\" data-end=\"2533\">B1-Vitamin (3a821) \u2013 369 mg<\/p>\n<\/li>\n<li data-start=\"2534\" data-end=\"2561\">\n<p data-start=\"2536\" data-end=\"2561\">Vitamina B12 \u2013 2.460 \u03bcg<\/p>\n<\/li>\n<li data-start=\"2562\" data-end=\"2595\">\n<p data-start=\"2564\" data-end=\"2595\">B2-Vitamin (3a825i) \u2013 246 mg<\/p>\n<\/li>\n<li data-start=\"2596\" data-end=\"2628\">\n<p data-start=\"2598\" data-end=\"2628\">B6-Vitamin (3a831) \u2013 147 mg<\/p>\n<\/li>\n<li data-start=\"2629\" data-end=\"2664\">\n<p data-start=\"2631\" data-end=\"2664\">A D3-Vitamin (3a671) \u2013 36.900 UI<\/p>\n<\/li>\n<li data-start=\"2665\" data-end=\"2699\">\n<p data-start=\"2667\" data-end=\"2699\">E-Vitamin (3a700) \u2013 16.400 UI<\/p>\n<\/li>\n<li data-start=\"2700\" data-end=\"2732\">\n<p data-start=\"2702\" data-end=\"2732\">K3-Vitamin (3a711) \u2013 125 mg<\/p>\n<\/li>\n<\/ul>\n<p data-start=\"2734\" data-end=\"2770\"><strong data-start=\"2734\" data-end=\"2768\">Em\u00e9szthet\u0151s\u00e9get jav\u00edt\u00f3 adal\u00e9kanyag:<\/strong><\/p>\n<ul data-start=\"2771\" data-end=\"2840\">\n<li data-start=\"2771\" data-end=\"2840\">\n<p data-start=\"2773\" data-end=\"2840\"><em data-start=\"2773\" data-end=\"2799\">Saccharomyces cerevisiae<\/em> CNCM i-4407 (4b1702) \u2013 4,05 x 1011 cfu<\/p>\n<\/li>\n<\/ul>\n<hr data-start=\"2842\" data-end=\"2845\" \/>\n<h3 data-start=\"2847\" data-end=\"2878\"><strong data-start=\"2851\" data-end=\"2876\">Analitikai \u00f6sszetev\u0151k<\/strong><\/h3>\n<p data-start=\"2879\" data-end=\"3029\" data-is-last-node=\"\" data-is-only-node=\"\">Nyersfeh\u00e9rje \u2013 16,1%<br data-start=\"2901\" data-end=\"2904\" \/>Nyers olaj gy\u00e1rt\u00e1sa \u2013 6,9%<br data-start=\"2935\" data-end=\"2938\" \/>Nyers hamu \u2013 20,0%<br data-start=\"2958\" data-end=\"2961\" \/>Nyers rost \u2013 2,6%<br data-start=\"2979\" data-end=\"2982\" \/>Savban oldhatatlan hamu \u2013 4,4%<br data-start=\"3014\" data-end=\"3017\" \/>N\u00e1trium-0,6%<\/p>","protected":false},"excerpt":{"rendered":"<p><strong data-start=\"116\" data-end=\"135\">NAF Pink Powder<\/strong> egyed\u00fcl\u00e1ll\u00f3, pr\u00e9mium min\u0151s\u00e9g\u0171 t\u00e1pl\u00e1l\u00e9kkieg\u00e9sz\u00edt\u0151, amelyet kifejezetten a lovak em\u00e9szt\u0151rendszer\u00e9nek t\u00e1mogat\u00e1s\u00e1ra \u00e9s \u00e1ltal\u00e1nos kond\u00edci\u00f3juk jav\u00edt\u00e1s\u00e1ra fejlesztettek ki. Gondosan v\u00e1logatott pre- \u00e9s probiotikumokat, vitaminokat, \u00e1sv\u00e1nyi anyagokat \u00e9s esszenci\u00e1lis t\u00e1panyagokat tartalmaz, melyek seg\u00edtik a b\u00e9lfl\u00f3ra egyens\u00faly\u00e1t \u00e9s az optim\u00e1lis t\u00e1panyaghasznosul\u00e1st.<\/p>","protected":false},"featured_media":393,"comment_status":"open","ping_status":"closed","template":"","meta":{"site-sidebar-layout":"default","site-content-layout":"","ast-site-content-layout":"default","site-content-style":"default","site-sidebar-style":"default","ast-global-header-display":"","ast-banner-title-visibility":"","ast-main-header-display":"","ast-hfb-above-header-display":"","ast-hfb-below-header-display":"","ast-hfb-mobile-header-display":"","site-post-title":"","ast-breadcrumbs-content":"","ast-featured-img":"","footer-sml-layout":"","theme-transparent-header-meta":"default","adv-header-id-meta":"","stick-header-meta":"","header-above-stick-meta":"","header-main-stick-meta":"","header-below-stick-meta":"","astra-migrate-meta-layouts":"set","ast-page-background-enabled":"default","ast-page-background-meta":{"desktop":{"background-color":"var(--ast-global-color-5)","background-image":"","background-repeat":"repeat","background-position":"center center","background-size":"auto","background-attachment":"scroll","background-type":"","background-media":"","overlay-type":"","overlay-color":"","overlay-opacity":"","overlay-gradient":""},"tablet":{"background-color":"","background-image":"","background-repeat":"repeat","background-position":"center center","background-size":"auto","background-attachment":"scroll","background-type":"","background-media":"","overlay-type":"","overlay-color":"","overlay-opacity":"","overlay-gradient":""},"mobile":{"background-color":"","background-image":"","background-repeat":"repeat","background-position":"center center","background-size":"auto","background-attachment":"scroll","background-type":"","background-media":"","overlay-type":"","overlay-color":"","overlay-opacity":"","overlay-gradient":""}},"ast-content-background-meta":{"desktop":{"background-color":"var(--ast-global-color-4)","background-image":"","background-repeat":"repeat","background-position":"center center","background-size":"auto","background-attachment":"scroll","background-type":"","background-media":"","overlay-type":"","overlay-color":"","overlay-opacity":"","overlay-gradient":""},"tablet":{"background-color":"var(--ast-global-color-4)","background-image":"","background-repeat":"repeat","background-position":"center center","background-size":"auto","background-attachment":"scroll","background-type":"","background-media":"","overlay-type":"","overlay-color":"","overlay-opacity":"","overlay-gradient":""},"mobile":{"background-color":"var(--ast-global-color-4)","background-image":"","background-repeat":"repeat","background-position":"center center","background-size":"auto","background-attachment":"scroll","background-type":"","background-media":"","overlay-type":"","overlay-color":"","overlay-opacity":"","overlay-gradient":""}}},"product_brand":[],"product_cat":[42,46,40],"product_tag":[],"class_list":{"0":"post-392","1":"product","2":"type-product","3":"status-publish","4":"has-post-thumbnail","6":"product_cat-confort-intestinal-si-absorbtie-optima","7":"product_cat-putere-focus-refacere-rapida","8":"product_cat-tonus-zilnic-si-micro-nutritie-completa","9":"desktop-align-left","10":"tablet-align-left","11":"mobile-align-left","13":"first","14":"instock","15":"shipping-taxable","16":"purchasable","17":"product-type-simple"},"jetpack_sharing_enabled":true,"_links":{"self":[{"href":"https:\/\/magazinulmiculcalaret.ro\/hu\/wp-json\/wp\/v2\/product\/392","targetHints":{"allow":["GET"]}}],"collection":[{"href":"https:\/\/magazinulmiculcalaret.ro\/hu\/wp-json\/wp\/v2\/product"}],"about":[{"href":"https:\/\/magazinulmiculcalaret.ro\/hu\/wp-json\/wp\/v2\/types\/product"}],"replies":[{"embeddable":true,"href":"https:\/\/magazinulmiculcalaret.ro\/hu\/wp-json\/wp\/v2\/comments?post=392"}],"wp:featuredmedia":[{"embeddable":true,"href":"https:\/\/magazinulmiculcalaret.ro\/hu\/wp-json\/wp\/v2\/media\/393"}],"wp:attachment":[{"href":"https:\/\/magazinulmiculcalaret.ro\/hu\/wp-json\/wp\/v2\/media?parent=392"}],"wp:term":[{"taxonomy":"product_brand","embeddable":true,"href":"https:\/\/magazinulmiculcalaret.ro\/hu\/wp-json\/wp\/v2\/product_brand?post=392"},{"taxonomy":"product_cat","embeddable":true,"href":"https:\/\/magazinulmiculcalaret.ro\/hu\/wp-json\/wp\/v2\/product_cat?post=392"},{"taxonomy":"product_tag","embeddable":true,"href":"https:\/\/magazinulmiculcalaret.ro\/hu\/wp-json\/wp\/v2\/product_tag?post=392"}],"curies":[{"name":"wp","href":"https:\/\/api.w.org\/{rel}","templated":true}]}}