{"id":403,"date":"2025-10-06T23:29:54","date_gmt":"2025-10-06T20:29:54","guid":{"rendered":"https:\/\/magazinulmiculcalaret.ro\/?post_type=product&#038;p=403"},"modified":"2025-10-06T23:29:54","modified_gmt":"2025-10-06T20:29:54","slug":"limestone-flour-3kg","status":"publish","type":"product","link":"https:\/\/magazinulmiculcalaret.ro\/hu\/product\/limestone-flour-3kg\/","title":{"rendered":"Limestone Flour 3kg"},"content":{"rendered":"<h6 class=\"sr-only\"><strong style=\"font-size: 16px;\" data-start=\"0\" data-end=\"61\">NAF Limestone Flour \u2013 Surs\u0103 natural\u0103 de calciu pentru cai<\/strong><\/h6>\n<div class=\"text-base my-auto mx-auto pb-10 [--thread-content-margin:--spacing(4)] thread-sm:[--thread-content-margin:--spacing(6)] thread-lg:[--thread-content-margin:--spacing(16)] px-(--thread-content-margin)\">\n<div class=\"[--thread-content-max-width:40rem] thread-lg:[--thread-content-max-width:48rem] mx-auto max-w-(--thread-content-max-width) flex-1 group\/turn-messages focus-visible:outline-hidden relative flex w-full min-w-0 flex-col agent-turn\" tabindex=\"-1\">\n<div class=\"flex max-w-full flex-col grow\">\n<div class=\"min-h-8 text-message relative flex w-full flex-col items-end gap-2 text-start break-words whitespace-normal [.text-message+&amp;]:mt-5\" dir=\"auto\" data-message-author-role=\"assistant\" data-message-id=\"1280061e-f544-4430-bda4-205bf9da0a6e\" data-message-model-slug=\"gpt-5\">\n<div class=\"flex w-full flex-col gap-1 empty:hidden first:pt-[1px]\">\n<div class=\"markdown prose dark:prose-invert w-full break-words light markdown-new-styling\">\n<p data-start=\"65\" data-end=\"424\" class=\"translation-block\">A NAF Limestone Flour kiv\u00e1l\u00f3 min\u0151s\u00e9g\u0171, term\u00e9szetes m\u00e9szk\u0151liszt, amely seg\u00edt fedezni a lovak megn\u00f6vekedett kalciumsz\u00fcks\u00e9glet\u00e9t. A kalcium elengedhetetlen az eg\u00e9szs\u00e9ges csontozat, fogazat \u00e9s er\u0151s pat\u00e1k fenntart\u00e1s\u00e1hoz, valamint a megfelel\u0151 izomm\u0171k\u00f6d\u00e9shez \u00e9s idegrendszeri egyens\u00falyhoz.<\/p>\n<hr data-start=\"426\" data-end=\"429\" \/>\n<h3 data-start=\"431\" data-end=\"468\"><strong data-start=\"435\" data-end=\"468\">K\u00fcl\u00f6n\u00f6sen aj\u00e1nlott:<\/strong><\/h3>\n<ul data-start=\"469\" data-end=\"654\">\n<li data-start=\"469\" data-end=\"503\">\n<p data-start=\"471\" data-end=\"503\">n\u00f6v\u00e9sben l\u00e9v\u0151 fiatal lovaknak<\/p>\n<\/li>\n<li data-start=\"504\" data-end=\"536\">\n<p data-start=\"506\" data-end=\"536\">teny\u00e9szkanc\u00e1knak \u00e9s csik\u00f3knak<\/p>\n<\/li>\n<li data-start=\"537\" data-end=\"654\">\n<p data-start=\"539\" data-end=\"654\">abrakkal etetett, magas gabonatartalm\u00fa takarm\u00e1nyon l\u00e9v\u0151 lovaknak, ahol a kalcium-foszfor ar\u00e1ny felborulhat<\/p>\n<\/li>\n<\/ul>\n<p data-start=\"656\" data-end=\"791\"><strong data-start=\"656\" data-end=\"679\">NAF Limestone Flour<\/strong> tiszta \u00e9s k\u00f6nnyen em\u00e9szthet\u0151 form\u00e1ban biztos\u00edtja a kalciumot, t\u00e1mogatva a mindennapi vitalit\u00e1st \u00e9s a hossz\u00fa t\u00e1v\u00fa eg\u00e9szs\u00e9get.<\/p>\n<hr data-start=\"793\" data-end=\"796\" \/>\n<h3 data-start=\"798\" data-end=\"816\"><strong data-start=\"802\" data-end=\"816\">El\u0151ny\u00f6k:<\/strong><\/h3>\n<ul data-start=\"817\" data-end=\"978\">\n<li data-start=\"817\" data-end=\"845\">\n<p data-start=\"819\" data-end=\"845\">Term\u00e9szetes kalciumforr\u00e1s<\/p>\n<\/li>\n<li data-start=\"846\" data-end=\"905\">\n<p data-start=\"848\" data-end=\"905\">Seg\u00edt az eg\u00e9szs\u00e9ges csontozat \u00e9s pat\u00e1k fenntart\u00e1s\u00e1ban<\/p>\n<\/li>\n<li data-start=\"906\" data-end=\"954\">\n<p data-start=\"908\" data-end=\"954\">Kiegyens\u00falyozza a kalcium-foszfor ar\u00e1nyt a takarm\u00e1nyban<\/p>\n<\/li>\n<li data-start=\"955\" data-end=\"978\">\n<p data-start=\"957\" data-end=\"978\">K\u00f6nnyen adagolhat\u00f3<\/p>\n<\/li>\n<\/ul>\n<hr data-start=\"980\" data-end=\"983\" \/>\n<h3 data-start=\"985\" data-end=\"1017\"><strong data-start=\"989\" data-end=\"1017\">Etet\u00e9si aj\u00e1nl\u00e1s:<\/strong><\/h3>\n<div class=\"_tableContainer_1rjym_1\">\n<div class=\"group _tableWrapper_1rjym_13 flex w-fit flex-col-reverse\" tabindex=\"-1\">\n<table class=\"w-fit min-w-(--thread-content-width)\" data-start=\"1019\" data-end=\"1480\">\n<thead data-start=\"1019\" data-end=\"1106\">\n<tr data-start=\"1019\" data-end=\"1106\">\n<th data-start=\"1019\" data-end=\"1029\" data-col-size=\"sm\">L\u00f3 t\u00edpus<\/th>\n<th data-start=\"1029\" data-end=\"1040\" data-col-size=\"sm\">Situa\u021bie<\/th>\n<th data-start=\"1040\" data-end=\"1061\" data-col-size=\"sm\">Testt\u00f6meg<\/th>\n<th data-start=\"1061\" data-end=\"1085\" data-col-size=\"sm\">Napi mennyis\u00e9g<\/th>\n<th data-start=\"1085\" data-end=\"1106\" data-col-size=\"sm\">Adagol\u00f3kanalak<\/th>\n<\/tr>\n<\/thead>\n<tbody data-start=\"1200\" data-end=\"1480\">\n<tr data-start=\"1200\" data-end=\"1252\">\n<td data-start=\"1200\" data-end=\"1220\" data-col-size=\"sm\"><strong data-start=\"1202\" data-end=\"1219\">Szoptat\u00f3 kanc\u00e1k<\/strong><\/td>\n<td data-start=\"1220\" data-end=\"1231\" data-col-size=\"sm\">600 kg +<\/td>\n<td data-start=\"1231\" data-end=\"1239\" data-col-size=\"sm\">140 g<\/td>\n<td data-start=\"1239\" data-end=\"1252\" data-col-size=\"sm\">2 m\u00e9r\u0151kan\u00e1l<\/td>\n<td data-col-size=\"sm\"><\/td>\n<\/tr>\n<tr data-start=\"1253\" data-end=\"1291\">\n<td data-start=\"1253\" data-end=\"1256\" data-col-size=\"sm\"><\/td>\n<td data-start=\"1256\" data-end=\"1269\" data-col-size=\"sm\">400\u2013600 kg<\/td>\n<td data-start=\"1269\" data-end=\"1277\" data-col-size=\"sm\">105 g<\/td>\n<td data-start=\"1277\" data-end=\"1291\" data-col-size=\"sm\">1 1\/2 m\u00e9r\u0151kan\u00e1l<\/td>\n<td data-col-size=\"sm\"><\/td>\n<\/tr>\n<tr data-start=\"1292\" data-end=\"1332\">\n<td data-start=\"1292\" data-end=\"1295\" data-col-size=\"sm\"><\/td>\n<td data-start=\"1295\" data-end=\"1312\" data-col-size=\"sm\">400 kg-ig<\/td>\n<td data-start=\"1312\" data-end=\"1319\" data-col-size=\"sm\">70 g<\/td>\n<td data-start=\"1319\" data-end=\"1332\" data-col-size=\"sm\">1 m\u00e9r\u0151kan\u00e1l<\/td>\n<td data-col-size=\"sm\"><\/td>\n<\/tr>\n<tr data-start=\"1333\" data-end=\"1400\">\n<td data-start=\"1333\" data-end=\"1369\" data-col-size=\"sm\"><strong data-start=\"1335\" data-end=\"1368\">Szintentart\u00e1s \u00e9s k\u00e9s\u0151i vemhess\u00e9g<\/strong><\/td>\n<td data-start=\"1369\" data-end=\"1380\" data-col-size=\"sm\">600 kg +<\/td>\n<td data-start=\"1380\" data-end=\"1387\" data-col-size=\"sm\">70 g<\/td>\n<td data-start=\"1387\" data-end=\"1400\" data-col-size=\"sm\">1 m\u00e9r\u0151kan\u00e1l<\/td>\n<td data-col-size=\"sm\"><\/td>\n<\/tr>\n<tr data-start=\"1401\" data-end=\"1437\">\n<td data-start=\"1401\" data-end=\"1404\" data-col-size=\"sm\"><\/td>\n<td data-start=\"1404\" data-end=\"1417\" data-col-size=\"sm\">400\u2013600 kg<\/td>\n<td data-start=\"1417\" data-end=\"1424\" data-col-size=\"sm\">35 g<\/td>\n<td data-start=\"1424\" data-end=\"1437\" data-col-size=\"sm\">\u00bd m\u00e9r\u0151kan\u00e1l<\/td>\n<td data-col-size=\"sm\"><\/td>\n<\/tr>\n<tr data-start=\"1438\" data-end=\"1480\">\n<td data-start=\"1438\" data-end=\"1441\" data-col-size=\"sm\"><\/td>\n<td data-start=\"1441\" data-end=\"1458\" data-col-size=\"sm\">400 kg-ig<\/td>\n<td data-start=\"1458\" data-end=\"1467\" data-col-size=\"sm\">17,5 g<\/td>\n<td data-start=\"1467\" data-end=\"1480\" data-col-size=\"sm\">\u00bc m\u00e9r\u0151kan\u00e1l<\/td>\n<td data-col-size=\"sm\"><\/td>\n<\/tr>\n<\/tbody>\n<\/table>\n<\/div>\n<\/div>\n<hr data-start=\"1482\" data-end=\"1485\" \/>\n<h3 data-start=\"1487\" data-end=\"1506\"><strong data-start=\"1491\" data-end=\"1506\">\u00d6sszet\u00e9tel<\/strong><\/h3>\n<p data-start=\"1507\" data-end=\"1536\">Kalcium-karbon\u00e1t (m\u00e9szk\u0151)<\/p>\n<hr data-start=\"1538\" data-end=\"1541\" \/>\n<h3 data-start=\"1543\" data-end=\"1574\"><strong data-start=\"1547\" data-end=\"1572\">Analitikai \u00f6sszetev\u0151k<\/strong><\/h3>\n<p data-start=\"1575\" data-end=\"1620\" data-is-last-node=\"\" data-is-only-node=\"\">K\u00e1lcium - 38%<br data-start=\"1587\" data-end=\"1590\" \/>Foszfortartalm\u00fa - 0,06%<br data-start=\"1604\" data-end=\"1607\" \/>N\u00e1trium - 0,01%<\/p>\n<\/div>\n<\/div>\n<\/div>\n<\/div>\n<\/div>\n<\/div>","protected":false},"excerpt":{"rendered":"<p class=\"translation-block\">A NAF Limestone Flour kiv\u00e1l\u00f3 min\u0151s\u00e9g\u0171, term\u00e9szetes m\u00e9szk\u0151liszt, amely seg\u00edt fedezni a lovak megn\u00f6vekedett kalciumsz\u00fcks\u00e9glet\u00e9t. A kalcium elengedhetetlen az eg\u00e9szs\u00e9ges csontozat, fogazat \u00e9s er\u0151s pat\u00e1k fenntart\u00e1s\u00e1hoz, valamint a megfelel\u0151 izomm\u0171k\u00f6d\u00e9shez \u00e9s idegrendszeri egyens\u00falyhoz.<\/p>","protected":false},"featured_media":404,"comment_status":"open","ping_status":"closed","template":"","meta":{"site-sidebar-layout":"default","site-content-layout":"","ast-site-content-layout":"default","site-content-style":"default","site-sidebar-style":"default","ast-global-header-display":"","ast-banner-title-visibility":"","ast-main-header-display":"","ast-hfb-above-header-display":"","ast-hfb-below-header-display":"","ast-hfb-mobile-header-display":"","site-post-title":"","ast-breadcrumbs-content":"","ast-featured-img":"","footer-sml-layout":"","theme-transparent-header-meta":"default","adv-header-id-meta":"","stick-header-meta":"","header-above-stick-meta":"","header-main-stick-meta":"","header-below-stick-meta":"","astra-migrate-meta-layouts":"set","ast-page-background-enabled":"default","ast-page-background-meta":{"desktop":{"background-color":"var(--ast-global-color-5)","background-image":"","background-repeat":"repeat","background-position":"center center","background-size":"auto","background-attachment":"scroll","background-type":"","background-media":"","overlay-type":"","overlay-color":"","overlay-opacity":"","overlay-gradient":""},"tablet":{"background-color":"","background-image":"","background-repeat":"repeat","background-position":"center center","background-size":"auto","background-attachment":"scroll","background-type":"","background-media":"","overlay-type":"","overlay-color":"","overlay-opacity":"","overlay-gradient":""},"mobile":{"background-color":"","background-image":"","background-repeat":"repeat","background-position":"center center","background-size":"auto","background-attachment":"scroll","background-type":"","background-media":"","overlay-type":"","overlay-color":"","overlay-opacity":"","overlay-gradient":""}},"ast-content-background-meta":{"desktop":{"background-color":"var(--ast-global-color-4)","background-image":"","background-repeat":"repeat","background-position":"center center","background-size":"auto","background-attachment":"scroll","background-type":"","background-media":"","overlay-type":"","overlay-color":"","overlay-opacity":"","overlay-gradient":""},"tablet":{"background-color":"var(--ast-global-color-4)","background-image":"","background-repeat":"repeat","background-position":"center center","background-size":"auto","background-attachment":"scroll","background-type":"","background-media":"","overlay-type":"","overlay-color":"","overlay-opacity":"","overlay-gradient":""},"mobile":{"background-color":"var(--ast-global-color-4)","background-image":"","background-repeat":"repeat","background-position":"center center","background-size":"auto","background-attachment":"scroll","background-type":"","background-media":"","overlay-type":"","overlay-color":"","overlay-opacity":"","overlay-gradient":""}}},"product_brand":[],"product_cat":[40],"product_tag":[],"class_list":{"0":"post-403","1":"product","2":"type-product","3":"status-publish","4":"has-post-thumbnail","6":"product_cat-tonus-zilnic-si-micro-nutritie-completa","7":"desktop-align-left","8":"tablet-align-left","9":"mobile-align-left","11":"first","12":"instock","13":"shipping-taxable","14":"purchasable","15":"product-type-simple"},"jetpack_sharing_enabled":true,"_links":{"self":[{"href":"https:\/\/magazinulmiculcalaret.ro\/hu\/wp-json\/wp\/v2\/product\/403","targetHints":{"allow":["GET"]}}],"collection":[{"href":"https:\/\/magazinulmiculcalaret.ro\/hu\/wp-json\/wp\/v2\/product"}],"about":[{"href":"https:\/\/magazinulmiculcalaret.ro\/hu\/wp-json\/wp\/v2\/types\/product"}],"replies":[{"embeddable":true,"href":"https:\/\/magazinulmiculcalaret.ro\/hu\/wp-json\/wp\/v2\/comments?post=403"}],"wp:featuredmedia":[{"embeddable":true,"href":"https:\/\/magazinulmiculcalaret.ro\/hu\/wp-json\/wp\/v2\/media\/404"}],"wp:attachment":[{"href":"https:\/\/magazinulmiculcalaret.ro\/hu\/wp-json\/wp\/v2\/media?parent=403"}],"wp:term":[{"taxonomy":"product_brand","embeddable":true,"href":"https:\/\/magazinulmiculcalaret.ro\/hu\/wp-json\/wp\/v2\/product_brand?post=403"},{"taxonomy":"product_cat","embeddable":true,"href":"https:\/\/magazinulmiculcalaret.ro\/hu\/wp-json\/wp\/v2\/product_cat?post=403"},{"taxonomy":"product_tag","embeddable":true,"href":"https:\/\/magazinulmiculcalaret.ro\/hu\/wp-json\/wp\/v2\/product_tag?post=403"}],"curies":[{"name":"wp","href":"https:\/\/api.w.org\/{rel}","templated":true}]}}