{"id":407,"date":"2025-10-06T23:32:14","date_gmt":"2025-10-06T20:32:14","guid":{"rendered":"https:\/\/magazinulmiculcalaret.ro\/?post_type=product&#038;p=407"},"modified":"2025-10-06T23:32:14","modified_gmt":"2025-10-06T20:32:14","slug":"general-purpose-supplement-15-kg","status":"publish","type":"product","link":"https:\/\/magazinulmiculcalaret.ro\/hu\/product\/general-purpose-supplement-15-kg\/","title":{"rendered":"General Purpose Supplement 1,5 kg"},"content":{"rendered":"<p data-start=\"0\" data-end=\"97\"><strong data-start=\"0\" data-end=\"95\">NAF General Purpose \u2013 Sz\u00e9les spektrum\u00fa vitamin- \u00e9s \u00e1sv\u00e1nyianyag-kieg\u00e9sz\u00edt\u0151 lovak \u00e9s p\u00f3nik sz\u00e1m\u00e1ra<\/strong><\/p>\n<p data-start=\"99\" data-end=\"415\" class=\"translation-block\">A NAF General Purpose takarm\u00e1nykieg\u00e9sz\u00edt\u0151 egy sz\u00e9les spektrum\u00fa vitamin \u00e9s \u00e1sv\u00e1nyi anyag komplex k\u00f6nnyen vagy k\u00f6zepesen ig\u00e9nybe vett lovak \u00e9s p\u00f3nik sz\u00e1m\u00e1ra. Kiv\u00e1l\u00f3 kieg\u00e9sz\u00edt\u00e9se a magas rosttartalm\u00fa, de alacsony koncentr\u00e1ci\u00f3j\u00fa takarm\u00e1nyoz\u00e1snak.<\/p>\n<hr data-start=\"417\" data-end=\"420\" \/>\n<h3 data-start=\"422\" data-end=\"459\"><strong data-start=\"426\" data-end=\"459\">Etet\u00e9si aj\u00e1nl\u00e1s:<\/strong><\/h3>\n<p data-start=\"460\" data-end=\"539\">Eg\u00e9sz \u00e9vben adja a napi takarm\u00e1nyhoz.<\/p>\n<div class=\"_tableContainer_1rjym_1\">\n<div class=\"group _tableWrapper_1rjym_13 flex w-fit flex-col-reverse\" tabindex=\"-1\">\n<table class=\"w-fit min-w-(--thread-content-width)\" data-start=\"541\" data-end=\"829\">\n<thead data-start=\"541\" data-end=\"592\">\n<tr data-start=\"541\" data-end=\"592\">\n<th data-start=\"541\" data-end=\"551\" data-col-size=\"sm\">L\u00f3 t\u00edpus<\/th>\n<th data-start=\"551\" data-end=\"571\" data-col-size=\"sm\">Napi mennyis\u00e9g<\/th>\n<th data-start=\"571\" data-end=\"592\" data-col-size=\"sm\">Adagol\u00f3kanalak<\/th>\n<\/tr>\n<\/thead>\n<tbody data-start=\"648\" data-end=\"829\">\n<tr data-start=\"648\" data-end=\"686\">\n<td data-start=\"648\" data-end=\"665\" data-col-size=\"sm\">Lovak (600 kg+)<\/td>\n<td data-start=\"665\" data-end=\"672\" data-col-size=\"sm\">75 g<\/td>\n<td data-start=\"672\" data-end=\"686\" data-col-size=\"sm\">2 1\/2 m\u00e9r\u0151kan\u00e1l<\/td>\n<\/tr>\n<tr data-start=\"687\" data-end=\"740\">\n<td data-start=\"687\" data-end=\"720\" data-col-size=\"sm\">Kis lovak (400-600 kg)<\/td>\n<td data-start=\"720\" data-end=\"727\" data-col-size=\"sm\">60 g<\/td>\n<td data-start=\"727\" data-end=\"740\" data-col-size=\"sm\">2 m\u00e9r\u0151kan\u00e1l<\/td>\n<\/tr>\n<tr data-start=\"741\" data-end=\"783\">\n<td data-start=\"741\" data-end=\"762\" data-col-size=\"sm\">P\u00f3nik (300-400 kg)<\/td>\n<td data-start=\"762\" data-end=\"769\" data-col-size=\"sm\">45 g<\/td>\n<td data-start=\"769\" data-end=\"783\" data-col-size=\"sm\">1 1\/2 m\u00e9r\u0151kan\u00e1l<\/td>\n<\/tr>\n<tr data-start=\"784\" data-end=\"829\">\n<td data-start=\"784\" data-end=\"809\" data-col-size=\"sm\">P\u00f3nik (200 kg-ig)<\/td>\n<td data-start=\"809\" data-end=\"816\" data-col-size=\"sm\">30 g<\/td>\n<td data-start=\"816\" data-end=\"829\" data-col-size=\"sm\">1 m\u00e9r\u0151kan\u00e1l<\/td>\n<\/tr>\n<\/tbody>\n<\/table>\n<\/div>\n<\/div>\n<hr data-start=\"831\" data-end=\"834\" \/>\n<h3 data-start=\"836\" data-end=\"855\"><strong data-start=\"840\" data-end=\"855\">\u00d6sszet\u00e9tel<\/strong><\/h3>\n<p data-start=\"856\" data-end=\"1055\">B\u00fazaf\u00e9l\u00e9k, Kukorica, Kalcium-karbon\u00e1t, S\u00f6r\u00e9leszt\u0151, Monokalcium-foszf\u00e1t, Tejsav\u00f3feh\u00e9rje por, N\u00e1trium-klorid, Repceolaj, Tejsav\u00f3por, N\u00f6v\u00e9nyi olaj (k\u00f3kusz, p\u00e1lma), Magn\u00e9zium-oxid.<\/p>\n<hr data-start=\"1057\" data-end=\"1060\" \/>\n<h3 data-start=\"1062\" data-end=\"1093\"><strong data-start=\"1066\" data-end=\"1091\">Analitikai \u00f6sszetev\u0151k<\/strong><\/h3>\n<p data-start=\"1094\" data-end=\"1262\" data-is-last-node=\"\" data-is-only-node=\"\">nyers feh\u00e9rje\t15,7 %<br data-start=\"1116\" data-end=\"1119\" \/>nyers olajok \u00e9s zs\u00edrok\t3,7 %<br data-start=\"1150\" data-end=\"1153\" \/>nyershamu\t25,1 %<br data-start=\"1173\" data-end=\"1176\" \/>nyersrost\t3,7 %<br data-start=\"1194\" data-end=\"1197\" \/>sav\u00e1ll\u00f3 hamu\t0,9 %<br data-start=\"1230\" data-end=\"1233\" \/>k\u00e1lcium\t6,1 %<br data-start=\"1246\" data-end=\"1249\" \/>n\u00e1trium\t0,85 %<\/p>","protected":false},"excerpt":{"rendered":"<p class=\"translation-block\">A NAF General Purpose takarm\u00e1nykieg\u00e9sz\u00edt\u0151 egy sz\u00e9les spektrum\u00fa vitamin \u00e9s \u00e1sv\u00e1nyi anyag komplex k\u00f6nnyen vagy k\u00f6zepesen ig\u00e9nybe vett lovak \u00e9s p\u00f3nik sz\u00e1m\u00e1ra. Kiv\u00e1l\u00f3 kieg\u00e9sz\u00edt\u00e9se a magas rosttartalm\u00fa, de alacsony koncentr\u00e1ci\u00f3j\u00fa takarm\u00e1nyoz\u00e1snak.<\/p>","protected":false},"featured_media":408,"comment_status":"open","ping_status":"closed","template":"","meta":{"site-sidebar-layout":"default","site-content-layout":"","ast-site-content-layout":"default","site-content-style":"default","site-sidebar-style":"default","ast-global-header-display":"","ast-banner-title-visibility":"","ast-main-header-display":"","ast-hfb-above-header-display":"","ast-hfb-below-header-display":"","ast-hfb-mobile-header-display":"","site-post-title":"","ast-breadcrumbs-content":"","ast-featured-img":"","footer-sml-layout":"","theme-transparent-header-meta":"default","adv-header-id-meta":"","stick-header-meta":"","header-above-stick-meta":"","header-main-stick-meta":"","header-below-stick-meta":"","astra-migrate-meta-layouts":"set","ast-page-background-enabled":"default","ast-page-background-meta":{"desktop":{"background-color":"var(--ast-global-color-5)","background-image":"","background-repeat":"repeat","background-position":"center center","background-size":"auto","background-attachment":"scroll","background-type":"","background-media":"","overlay-type":"","overlay-color":"","overlay-opacity":"","overlay-gradient":""},"tablet":{"background-color":"","background-image":"","background-repeat":"repeat","background-position":"center center","background-size":"auto","background-attachment":"scroll","background-type":"","background-media":"","overlay-type":"","overlay-color":"","overlay-opacity":"","overlay-gradient":""},"mobile":{"background-color":"","background-image":"","background-repeat":"repeat","background-position":"center center","background-size":"auto","background-attachment":"scroll","background-type":"","background-media":"","overlay-type":"","overlay-color":"","overlay-opacity":"","overlay-gradient":""}},"ast-content-background-meta":{"desktop":{"background-color":"var(--ast-global-color-4)","background-image":"","background-repeat":"repeat","background-position":"center center","background-size":"auto","background-attachment":"scroll","background-type":"","background-media":"","overlay-type":"","overlay-color":"","overlay-opacity":"","overlay-gradient":""},"tablet":{"background-color":"var(--ast-global-color-4)","background-image":"","background-repeat":"repeat","background-position":"center center","background-size":"auto","background-attachment":"scroll","background-type":"","background-media":"","overlay-type":"","overlay-color":"","overlay-opacity":"","overlay-gradient":""},"mobile":{"background-color":"var(--ast-global-color-4)","background-image":"","background-repeat":"repeat","background-position":"center center","background-size":"auto","background-attachment":"scroll","background-type":"","background-media":"","overlay-type":"","overlay-color":"","overlay-opacity":"","overlay-gradient":""}}},"product_brand":[],"product_cat":[40],"product_tag":[],"class_list":{"0":"post-407","1":"product","2":"type-product","3":"status-publish","4":"has-post-thumbnail","6":"product_cat-tonus-zilnic-si-micro-nutritie-completa","7":"desktop-align-left","8":"tablet-align-left","9":"mobile-align-left","11":"first","12":"instock","13":"shipping-taxable","14":"purchasable","15":"product-type-simple"},"jetpack_sharing_enabled":true,"_links":{"self":[{"href":"https:\/\/magazinulmiculcalaret.ro\/hu\/wp-json\/wp\/v2\/product\/407","targetHints":{"allow":["GET"]}}],"collection":[{"href":"https:\/\/magazinulmiculcalaret.ro\/hu\/wp-json\/wp\/v2\/product"}],"about":[{"href":"https:\/\/magazinulmiculcalaret.ro\/hu\/wp-json\/wp\/v2\/types\/product"}],"replies":[{"embeddable":true,"href":"https:\/\/magazinulmiculcalaret.ro\/hu\/wp-json\/wp\/v2\/comments?post=407"}],"wp:featuredmedia":[{"embeddable":true,"href":"https:\/\/magazinulmiculcalaret.ro\/hu\/wp-json\/wp\/v2\/media\/408"}],"wp:attachment":[{"href":"https:\/\/magazinulmiculcalaret.ro\/hu\/wp-json\/wp\/v2\/media?parent=407"}],"wp:term":[{"taxonomy":"product_brand","embeddable":true,"href":"https:\/\/magazinulmiculcalaret.ro\/hu\/wp-json\/wp\/v2\/product_brand?post=407"},{"taxonomy":"product_cat","embeddable":true,"href":"https:\/\/magazinulmiculcalaret.ro\/hu\/wp-json\/wp\/v2\/product_cat?post=407"},{"taxonomy":"product_tag","embeddable":true,"href":"https:\/\/magazinulmiculcalaret.ro\/hu\/wp-json\/wp\/v2\/product_tag?post=407"}],"curies":[{"name":"wp","href":"https:\/\/api.w.org\/{rel}","templated":true}]}}