{"id":413,"date":"2025-10-06T23:35:44","date_gmt":"2025-10-06T20:35:44","guid":{"rendered":"https:\/\/magazinulmiculcalaret.ro\/?post_type=product&#038;p=413"},"modified":"2025-10-08T20:22:23","modified_gmt":"2025-10-08T17:22:23","slug":"pink-senior-vitamin-900gr","status":"publish","type":"product","link":"https:\/\/magazinulmiculcalaret.ro\/hu\/product\/pink-senior-vitamin-900gr\/","title":{"rendered":"Pink Senior Vitamin 900gr"},"content":{"rendered":"<p data-start=\"0\" data-end=\"58\"><strong data-start=\"0\" data-end=\"56\">NAF Pink Senior \u2013 c\u00e9lzott t\u00e1mogat\u00e1s id\u0151sebb lovaknak<\/strong><\/p>\n<p data-start=\"60\" data-end=\"396\" class=\"translation-block\">A NAF Pink Senior egy speci\u00e1lisan \u00f6ssze\u00e1ll\u00edtott t\u00e1pl\u00e1l\u00e9kkieg\u00e9sz\u00edt\u0151, amely az id\u0151sebb lovak ig\u00e9nyeire lett kifejlesztve. A benne tal\u00e1lhat\u00f3 vitaminok, \u00e1sv\u00e1nyi anyagok, antioxid\u00e1nsok, pre- \u00e9s probiotikumok seg\u00edtenek meg\u0151rizni a vitalit\u00e1st, t\u00e1mogatj\u00e1k az em\u00e9szt\u00e9st \u00e9s hozz\u00e1j\u00e1rulnak a megfelel\u0151 t\u00e1panyag-felsz\u00edv\u00f3d\u00e1shoz.<\/p>\n<p data-start=\"398\" data-end=\"576\">Ez a komplex formula gondoskodik arr\u00f3l, hogy a senior lovak hosszabb ideig meg\u0151rizz\u00e9k j\u00f3 kond\u00edci\u00f3jukat, akt\u00edvan \u00e9s kiegyens\u00falyozottan \u00e9lvezhess\u00e9k mindennapjaikat.<\/p>\n<hr data-start=\"578\" data-end=\"581\" \/>\n<h3 data-start=\"583\" data-end=\"609\"><strong data-start=\"587\" data-end=\"609\">Ide\u00e1lis v\u00e1laszt\u00e1s:<\/strong><\/h3>\n<ul data-start=\"610\" data-end=\"838\">\n<li data-start=\"610\" data-end=\"667\">\n<p data-start=\"612\" data-end=\"667\">id\u0151sebb lovak sz\u00e1m\u00e1ra, kond\u00edci\u00f3juk fenntart\u00e1s\u00e1hoz<\/p>\n<\/li>\n<li data-start=\"668\" data-end=\"723\">\n<p data-start=\"670\" data-end=\"723\">ha a l\u00f3 nehezebben hasznos\u00edtja a takarm\u00e1ny t\u00e1panyagait<\/p>\n<\/li>\n<li data-start=\"724\" data-end=\"761\">\n<p data-start=\"726\" data-end=\"761\">em\u00e9szt\u00e9si \u00e9rz\u00e9kenys\u00e9g eset\u00e9n<\/p>\n<\/li>\n<li data-start=\"762\" data-end=\"838\">\n<p data-start=\"764\" data-end=\"838\">extra t\u00e1mogat\u00e1sra van sz\u00fcks\u00e9g a vitalit\u00e1s \u00e9s j\u00f3 k\u00f6z\u00e9rzet meg\u0151rz\u00e9s\u00e9hez<\/p>\n<\/li>\n<\/ul>\n<hr data-start=\"840\" data-end=\"843\" \/>\n<h3 data-start=\"845\" data-end=\"863\"><strong data-start=\"849\" data-end=\"863\">El\u0151ny\u00f6k:<\/strong><\/h3>\n<ul data-start=\"864\" data-end=\"1097\">\n<li data-start=\"864\" data-end=\"924\">\n<p data-start=\"866\" data-end=\"924\">Seg\u00edti az id\u0151sebb lovak em\u00e9szt\u00e9s\u00e9t \u00e9s t\u00e1panyaghasznos\u00edt\u00e1s\u00e1t<\/p>\n<\/li>\n<li data-start=\"925\" data-end=\"972\">\n<p data-start=\"927\" data-end=\"972\">Hozz\u00e1j\u00e1rul az immunrendszer er\u0151s\u00edt\u00e9s\u00e9hez<\/p>\n<\/li>\n<li data-start=\"973\" data-end=\"1032\">\n<p data-start=\"975\" data-end=\"1032\">Antioxid\u00e1ns tartalm\u00e1val t\u00e1mogatja a sejtmeg\u00fajul\u00e1st<\/p>\n<\/li>\n<li data-start=\"1033\" data-end=\"1097\">\n<p data-start=\"1035\" data-end=\"1097\">El\u0151seg\u00edti a j\u00f3 kond\u00edci\u00f3 \u00e9s \u00e9letkedv fenntart\u00e1s\u00e1t<\/p>\n<\/li>\n<\/ul>\n<hr data-start=\"1099\" data-end=\"1102\" \/>\n<h3 data-start=\"1104\" data-end=\"1136\"><strong data-start=\"1108\" data-end=\"1136\">Etet\u00e9si aj\u00e1nl\u00e1s:<\/strong><\/h3>\n<div class=\"_tableContainer_1rjym_1\">\n<div class=\"group _tableWrapper_1rjym_13 flex w-fit flex-col-reverse\" tabindex=\"-1\">\n<table class=\"w-fit min-w-(--thread-content-width)\" data-start=\"1138\" data-end=\"1465\">\n<thead data-start=\"1138\" data-end=\"1199\">\n<tr data-start=\"1138\" data-end=\"1199\">\n<th data-start=\"1138\" data-end=\"1151\" data-col-size=\"sm\">\u00c1llat t\u00edpusa<\/th>\n<th data-start=\"1151\" data-end=\"1175\" data-col-size=\"sm\">Napi mennyis\u00e9g<\/th>\n<th data-start=\"1175\" data-end=\"1199\" data-col-size=\"sm\">Ev\u0151kan\u00e1l cs\u00e9sze\/nap<\/th>\n<\/tr>\n<\/thead>\n<tbody data-start=\"1266\" data-end=\"1465\">\n<tr data-start=\"1266\" data-end=\"1310\">\n<td data-start=\"1266\" data-end=\"1290\" data-col-size=\"sm\"><strong data-start=\"1268\" data-end=\"1289\">L\u00f3 - Megn\u00f6velt adag<\/strong><\/td>\n<td data-start=\"1290\" data-end=\"1297\" data-col-size=\"sm\">40<\/td>\n<td data-start=\"1297\" data-end=\"1310\" data-col-size=\"sm\">4 m\u00e9r\u0151kan\u00e1l<\/td>\n<\/tr>\n<tr data-start=\"1311\" data-end=\"1363\">\n<td data-start=\"1311\" data-end=\"1343\" data-col-size=\"sm\"><strong data-start=\"1313\" data-end=\"1342\">L\u00f3 - Fenntart\u00f3 adag<\/strong><\/td>\n<td data-start=\"1343\" data-end=\"1350\" data-col-size=\"sm\">30 g<\/td>\n<td data-start=\"1350\" data-end=\"1363\" data-col-size=\"sm\">3 m\u00e9r\u0151kan\u00e1l<\/td>\n<\/tr>\n<tr data-start=\"1364\" data-end=\"1410\">\n<td data-start=\"1364\" data-end=\"1390\" data-col-size=\"sm\"><strong data-start=\"1366\" data-end=\"1389\">P\u00f3ni - Megn\u00f6velt adag<\/strong><\/td>\n<td data-start=\"1390\" data-end=\"1397\" data-col-size=\"sm\">30 g<\/td>\n<td data-start=\"1397\" data-end=\"1410\" data-col-size=\"sm\">3 m\u00e9r\u0151kan\u00e1l<\/td>\n<\/tr>\n<tr data-start=\"1411\" data-end=\"1465\">\n<td data-start=\"1411\" data-end=\"1445\" data-col-size=\"sm\"><strong data-start=\"1413\" data-end=\"1444\">P\u00f3ni - Fenntart\u00f3 adag<\/strong><\/td>\n<td data-start=\"1445\" data-end=\"1452\" data-col-size=\"sm\">20 g<\/td>\n<td data-start=\"1452\" data-end=\"1465\" data-col-size=\"sm\">2 m\u00e9r\u0151kan\u00e1l<\/td>\n<\/tr>\n<\/tbody>\n<\/table>\n<\/div>\n<\/div>\n<hr data-start=\"1467\" data-end=\"1470\" \/>\n<h3 data-start=\"1472\" data-end=\"1491\"><strong data-start=\"1476\" data-end=\"1491\">\u00d6sszet\u00e9tel<\/strong><\/h3>\n<p data-start=\"1492\" data-end=\"1809\">B\u00faza takarm\u00e1ny, kukorica, kalcium-karbon\u00e1t, s\u00f6r\u00e9leszt\u0151, gl\u00fck\u00f3zamin (erjed\u00e9sb\u0151l), metil-szulfonil-met\u00e1n, ginkgo levelek, ginseng (szib\u00e9riai), monokalcium-foszf\u00e1t, c\u00e9klal\u00e9, repceolaj, maltodextrin, n\u00e1trium-klorid, s\u00e1rgar\u00e9pa (sz\u00e1r\u00edtott s\u00e1rgar\u00e9pa) - oligoszacharidok, csipkebogy\u00f3 h\u00e9j, Magn\u00e9zium-oxid.<\/p>\n<hr data-start=\"1811\" data-end=\"1814\" \/>\n<h3 data-start=\"1816\" data-end=\"1841\"><strong data-start=\"1820\" data-end=\"1841\">Adal\u00e9kanyagok (kilogrammonk\u00e9nt)<\/strong><\/h3>\n<p data-start=\"1843\" data-end=\"1860\"><strong data-start=\"1843\" data-end=\"1858\">Aminosavak:<\/strong><\/p>\n<ul data-start=\"1861\" data-end=\"1944\">\n<li data-start=\"1861\" data-end=\"1896\">\n<p data-start=\"1863\" data-end=\"1896\">DL-metionin 3c301\t3.370 mg<\/p>\n<\/li>\n<li data-start=\"1897\" data-end=\"1944\">\n<p data-start=\"1899\" data-end=\"1944\">L-lizin-monohidroklorid 3c222\t6.740 mg<\/p>\n<\/li>\n<\/ul>\n<p data-start=\"1946\" data-end=\"1966\"><strong data-start=\"1946\" data-end=\"1964\">Nyomelemek<\/strong><\/p>\n<ul data-start=\"1967\" data-end=\"2233\">\n<li data-start=\"1967\" data-end=\"2018\">\n<p data-start=\"1969\" data-end=\"2018\">v\u00edzmentes kalcium-jod\u00e1t (3b202)\t13,4 mg<\/p>\n<\/li>\n<li data-start=\"2019\" data-end=\"2081\">\n<p data-start=\"2021\" data-end=\"2081\">r\u00e9z mint r\u00e9z-ii-szulf\u00e1t-pentahidr\u00e1t (3b405)\t3.120 mg<\/p>\n<\/li>\n<li data-start=\"2082\" data-end=\"2132\">\n<p data-start=\"2084\" data-end=\"2132\">mang\u00e1n mint mang\u00e1n-(ii)-oxid (3b502)\t1.350 mg<\/p>\n<\/li>\n<li data-start=\"2133\" data-end=\"2191\">\n<p data-start=\"2135\" data-end=\"2191\">szel\u00e9ntartalm\u00fa \u00e9leszt\u0151 (inakt\u00edv) 3b810\t5,39 mg<\/p>\n<\/li>\n<li data-start=\"2192\" data-end=\"2233\">\n<p data-start=\"2194\" data-end=\"2233\">cink-oxid (3b603)\t2.700 mg<\/p>\n<\/li>\n<\/ul>\n<p data-start=\"2235\" data-end=\"2250\"><strong data-start=\"2235\" data-end=\"2248\">Vitaminok:<\/strong><\/p>\n<ul data-start=\"2251\" data-end=\"2695\">\n<li data-start=\"2251\" data-end=\"2280\">\n<p data-start=\"2253\" data-end=\"2280\">Biotin (3a880) \u2013 21,5 mg<\/p>\n<\/li>\n<li data-start=\"2281\" data-end=\"2321\">\n<p data-start=\"2283\" data-end=\"2321\">Kalcium-D-pantothenate (3a841) \u2013 365 mg<\/p>\n<\/li>\n<li data-start=\"2322\" data-end=\"2362\">\n<p data-start=\"2324\" data-end=\"2362\">Kolin-klorid (3a890) \u2013 1.350 mg<\/p>\n<\/li>\n<li data-start=\"2363\" data-end=\"2394\">\n<p data-start=\"2365\" data-end=\"2394\">Folsav (3a316) 101 mg<\/p>\n<\/li>\n<li data-start=\"2395\" data-end=\"2427\">\n<p data-start=\"2397\" data-end=\"2427\">Niacinamid (3a315) \u2013 597-mg<\/p>\n<\/li>\n<li data-start=\"2428\" data-end=\"2463\">\n<p data-start=\"2430\" data-end=\"2463\">A-Vitamin (mint 3a672) \u2013 202.000 UI<\/p>\n<\/li>\n<li data-start=\"2464\" data-end=\"2496\">\n<p data-start=\"2466\" data-end=\"2496\">B1-Vitamin (3a821) \u2013 336 mg<\/p>\n<\/li>\n<li data-start=\"2497\" data-end=\"2524\">\n<p data-start=\"2499\" data-end=\"2524\">B12-Vitamin-hi\u00e1ny \u2013 2.240 mg<\/p>\n<\/li>\n<li data-start=\"2525\" data-end=\"2558\">\n<p data-start=\"2527\" data-end=\"2558\">B2-Vitamin (3a825i) \u2013 225 mg<\/p>\n<\/li>\n<li data-start=\"2559\" data-end=\"2591\">\n<p data-start=\"2561\" data-end=\"2591\">B6-Vitamin (3a831) \u2013 134 mg<\/p>\n<\/li>\n<li data-start=\"2592\" data-end=\"2627\">\n<p data-start=\"2594\" data-end=\"2627\">A D3-Vitamin (3a671) \u2013 33.700 UI<\/p>\n<\/li>\n<li data-start=\"2628\" data-end=\"2662\">\n<p data-start=\"2630\" data-end=\"2662\">E-Vitamin (3a700) \u2013 14.000 IU<\/p>\n<\/li>\n<li data-start=\"2663\" data-end=\"2695\">\n<p data-start=\"2665\" data-end=\"2695\">K3-Vitamin (3a711) \u2013 114 mg<\/p>\n<\/li>\n<\/ul>\n<hr data-start=\"2697\" data-end=\"2700\" \/>\n<h3 data-start=\"2702\" data-end=\"2733\"><strong data-start=\"2706\" data-end=\"2731\">Analitikai \u00f6sszetev\u0151k<\/strong><\/h3>\n<p data-start=\"2734\" data-end=\"2885\" data-is-last-node=\"\" data-is-only-node=\"\">Nyersfeh\u00e9rje \u2013 13,7%<br data-start=\"2756\" data-end=\"2759\" \/>Nyers olaj gy\u00e1rt\u00e1sa \u2013 6,7%<br data-start=\"2790\" data-end=\"2793\" \/>Nyers hamu \u2013 20,5%<br data-start=\"2813\" data-end=\"2816\" \/>Nyers rost \u2013 4,8%<br data-start=\"2834\" data-end=\"2837\" \/>Sav\u00e1ll\u00f3 hamu - 5.2%<br data-start=\"2870\" data-end=\"2873\" \/>N\u00e1trium-0,6%<\/p>","protected":false},"excerpt":{"rendered":"<p class=\"translation-block\">A NAF Pink Senior egy speci\u00e1lisan \u00f6ssze\u00e1ll\u00edtott t\u00e1pl\u00e1l\u00e9kkieg\u00e9sz\u00edt\u0151, amely az id\u0151sebb lovak ig\u00e9nyeire lett kifejlesztve. A benne tal\u00e1lhat\u00f3 vitaminok, \u00e1sv\u00e1nyi anyagok, antioxid\u00e1nsok, pre- \u00e9s probiotikumok seg\u00edtenek meg\u0151rizni a vitalit\u00e1st, t\u00e1mogatj\u00e1k az em\u00e9szt\u00e9st \u00e9s hozz\u00e1j\u00e1rulnak a megfelel\u0151 t\u00e1panyag-felsz\u00edv\u00f3d\u00e1shoz.<\/p>","protected":false},"featured_media":414,"comment_status":"open","ping_status":"closed","template":"","meta":{"site-sidebar-layout":"default","site-content-layout":"","ast-site-content-layout":"default","site-content-style":"default","site-sidebar-style":"default","ast-global-header-display":"","ast-banner-title-visibility":"","ast-main-header-display":"","ast-hfb-above-header-display":"","ast-hfb-below-header-display":"","ast-hfb-mobile-header-display":"","site-post-title":"","ast-breadcrumbs-content":"","ast-featured-img":"","footer-sml-layout":"","theme-transparent-header-meta":"default","adv-header-id-meta":"","stick-header-meta":"","header-above-stick-meta":"","header-main-stick-meta":"","header-below-stick-meta":"","astra-migrate-meta-layouts":"set","ast-page-background-enabled":"default","ast-page-background-meta":{"desktop":{"background-color":"var(--ast-global-color-5)","background-image":"","background-repeat":"repeat","background-position":"center center","background-size":"auto","background-attachment":"scroll","background-type":"","background-media":"","overlay-type":"","overlay-color":"","overlay-opacity":"","overlay-gradient":""},"tablet":{"background-color":"","background-image":"","background-repeat":"repeat","background-position":"center center","background-size":"auto","background-attachment":"scroll","background-type":"","background-media":"","overlay-type":"","overlay-color":"","overlay-opacity":"","overlay-gradient":""},"mobile":{"background-color":"","background-image":"","background-repeat":"repeat","background-position":"center center","background-size":"auto","background-attachment":"scroll","background-type":"","background-media":"","overlay-type":"","overlay-color":"","overlay-opacity":"","overlay-gradient":""}},"ast-content-background-meta":{"desktop":{"background-color":"var(--ast-global-color-4)","background-image":"","background-repeat":"repeat","background-position":"center center","background-size":"auto","background-attachment":"scroll","background-type":"","background-media":"","overlay-type":"","overlay-color":"","overlay-opacity":"","overlay-gradient":""},"tablet":{"background-color":"var(--ast-global-color-4)","background-image":"","background-repeat":"repeat","background-position":"center center","background-size":"auto","background-attachment":"scroll","background-type":"","background-media":"","overlay-type":"","overlay-color":"","overlay-opacity":"","overlay-gradient":""},"mobile":{"background-color":"var(--ast-global-color-4)","background-image":"","background-repeat":"repeat","background-position":"center center","background-size":"auto","background-attachment":"scroll","background-type":"","background-media":"","overlay-type":"","overlay-color":"","overlay-opacity":"","overlay-gradient":""}}},"product_brand":[],"product_cat":[42,46,40],"product_tag":[],"class_list":{"0":"post-413","1":"product","2":"type-product","3":"status-publish","4":"has-post-thumbnail","6":"product_cat-confort-intestinal-si-absorbtie-optima","7":"product_cat-putere-focus-refacere-rapida","8":"product_cat-tonus-zilnic-si-micro-nutritie-completa","9":"desktop-align-left","10":"tablet-align-left","11":"mobile-align-left","13":"first","14":"instock","15":"shipping-taxable","16":"purchasable","17":"product-type-simple"},"jetpack_sharing_enabled":true,"_links":{"self":[{"href":"https:\/\/magazinulmiculcalaret.ro\/hu\/wp-json\/wp\/v2\/product\/413","targetHints":{"allow":["GET"]}}],"collection":[{"href":"https:\/\/magazinulmiculcalaret.ro\/hu\/wp-json\/wp\/v2\/product"}],"about":[{"href":"https:\/\/magazinulmiculcalaret.ro\/hu\/wp-json\/wp\/v2\/types\/product"}],"replies":[{"embeddable":true,"href":"https:\/\/magazinulmiculcalaret.ro\/hu\/wp-json\/wp\/v2\/comments?post=413"}],"wp:featuredmedia":[{"embeddable":true,"href":"https:\/\/magazinulmiculcalaret.ro\/hu\/wp-json\/wp\/v2\/media\/414"}],"wp:attachment":[{"href":"https:\/\/magazinulmiculcalaret.ro\/hu\/wp-json\/wp\/v2\/media?parent=413"}],"wp:term":[{"taxonomy":"product_brand","embeddable":true,"href":"https:\/\/magazinulmiculcalaret.ro\/hu\/wp-json\/wp\/v2\/product_brand?post=413"},{"taxonomy":"product_cat","embeddable":true,"href":"https:\/\/magazinulmiculcalaret.ro\/hu\/wp-json\/wp\/v2\/product_cat?post=413"},{"taxonomy":"product_tag","embeddable":true,"href":"https:\/\/magazinulmiculcalaret.ro\/hu\/wp-json\/wp\/v2\/product_tag?post=413"}],"curies":[{"name":"wp","href":"https:\/\/api.w.org\/{rel}","templated":true}]}}