{"id":433,"date":"2025-10-06T23:50:40","date_gmt":"2025-10-06T20:50:40","guid":{"rendered":"https:\/\/magazinulmiculcalaret.ro\/?post_type=product&#038;p=433"},"modified":"2025-10-06T23:50:40","modified_gmt":"2025-10-06T20:50:40","slug":"d-itch-skin-spray-750ml-2","status":"publish","type":"product","link":"https:\/\/magazinulmiculcalaret.ro\/hu\/product\/d-itch-skin-spray-750ml-2\/","title":{"rendered":"D- Itch skin spray 750ml"},"content":{"rendered":"<p data-start=\"0\" data-end=\"78\"><strong data-start=\"0\" data-end=\"76\">NAF D-Itch Skin Spray \u2013 b\u0151rnyugtat\u00f3 \u00e9s \u00e1pol\u00f3 spray lovak sz\u00e1m\u00e1ra<\/strong><\/p>\n<p data-start=\"80\" data-end=\"327\"><strong data-start=\"80\" data-end=\"105\">NAF D-Itch Skin Spray<\/strong> kifejezetten arra lett kifejlesztve, hogy enyh\u00edtse a viszket\u0151, irrit\u00e1lt vagy \u00e9rz\u00e9keny b\u0151rfel\u00fcletek kellemetlens\u00e9geit. Gyeng\u00e9d, de hat\u00e9kony formul\u00e1ja seg\u00edt a b\u0151r komfort\u00e9rzet\u00e9nek helyre\u00e1ll\u00edt\u00e1s\u00e1ban, mik\u00f6zben h\u0171s\u00edt\u0151 \u00e9s nyugtat\u00f3 hat\u00e1s\u00e1val azonnali megk\u00f6nnyebb\u00fcl\u00e9st biztos\u00edt.<\/p>\n<hr data-start=\"329\" data-end=\"332\" \/>\n<h3 data-start=\"334\" data-end=\"352\"><strong data-start=\"338\" data-end=\"352\">El\u0151ny\u00f6k:<\/strong><\/h3>\n<ul data-start=\"353\" data-end=\"579\">\n<li data-start=\"353\" data-end=\"405\">\n<p data-start=\"355\" data-end=\"405\">Azonnal csillap\u00edtja a viszket\u00e9st \u00e9s az irrit\u00e1ci\u00f3t<\/p>\n<\/li>\n<li data-start=\"406\" data-end=\"450\">\n<p data-start=\"408\" data-end=\"450\">Nyugtatja \u00e9s friss\u00edti az \u00e9rz\u00e9keny b\u0151rfel\u00fcleteket<\/p>\n<\/li>\n<li data-start=\"451\" data-end=\"508\">\n<p data-start=\"453\" data-end=\"508\">Term\u00e9szetes alapanyagokkal t\u00e1mogatja a b\u0151r regener\u00e1ci\u00f3j\u00e1t<\/p>\n<\/li>\n<li data-start=\"509\" data-end=\"579\">\n<p data-start=\"511\" data-end=\"579\">K\u00f6nnyen haszn\u00e1lhat\u00f3 spray form\u00e1ban \u2013 gyors \u00e9s higi\u00e9nikus alkalmaz\u00e1s<\/p>\n<\/li>\n<\/ul>\n<hr data-start=\"581\" data-end=\"584\" \/>\n<h3 data-start=\"586\" data-end=\"612\"><strong data-start=\"590\" data-end=\"612\">Ide\u00e1lis v\u00e1laszt\u00e1s:<\/strong><\/h3>\n<p data-start=\"613\" data-end=\"831\">Ide\u00e1lis a ny\u00e1ri id\u0151szakban, amikor a rovarcs\u00edp\u00e9sek, allergi\u00e1s reakci\u00f3k vagy k\u00f6rnyezeti hat\u00e1sok miatt a lovak b\u0151re hajlamos az irrit\u00e1ci\u00f3ra. Rendszeres haszn\u00e1lat\u00e1val el\u0151seg\u00edti a b\u0151r eg\u00e9szs\u00e9g\u00e9nek meg\u0151rz\u00e9s\u00e9t \u00e9s a l\u00f3 komfort\u00e9rzet\u00e9nek n\u00f6vel\u00e9s\u00e9t.<\/p>\n<p data-start=\"833\" data-end=\"960\">Praktikus v\u00e1laszt\u00e1s minden l\u00f3tart\u00f3 sz\u00e1m\u00e1ra, aki term\u00e9szetes \u00e9s megb\u00edzhat\u00f3 megold\u00e1st keres a b\u0151rnyugtat\u00e1sra.<\/p>\n<hr data-start=\"962\" data-end=\"965\" \/>\n<h3 data-start=\"967\" data-end=\"988\"><strong data-start=\"971\" data-end=\"986\">\u00d6sszet\u00e9tel<\/strong><\/h3>\n<p data-start=\"989\" data-end=\"1072\" data-is-last-node=\"\" data-is-only-node=\"\">Isopropanol, Monoproylene Glycol, Paeonol, Metil-Szulfonil-Met\u00e1N (Msm), Vitamin C<\/p>","protected":false},"excerpt":{"rendered":"<p><strong data-start=\"80\" data-end=\"105\">NAF D-Itch Skin Spray<\/strong> kifejezetten arra lett kifejlesztve, hogy enyh\u00edtse a viszket\u0151, irrit\u00e1lt vagy \u00e9rz\u00e9keny b\u0151rfel\u00fcletek kellemetlens\u00e9geit. Gyeng\u00e9d, de hat\u00e9kony formul\u00e1ja seg\u00edt a b\u0151r komfort\u00e9rzet\u00e9nek helyre\u00e1ll\u00edt\u00e1s\u00e1ban, mik\u00f6zben h\u0171s\u00edt\u0151 \u00e9s nyugtat\u00f3 hat\u00e1s\u00e1val azonnali megk\u00f6nnyebb\u00fcl\u00e9st biztos\u00edt.<\/p>","protected":false},"featured_media":434,"comment_status":"open","ping_status":"closed","template":"","meta":{"site-sidebar-layout":"default","site-content-layout":"","ast-site-content-layout":"default","site-content-style":"default","site-sidebar-style":"default","ast-global-header-display":"","ast-banner-title-visibility":"","ast-main-header-display":"","ast-hfb-above-header-display":"","ast-hfb-below-header-display":"","ast-hfb-mobile-header-display":"","site-post-title":"","ast-breadcrumbs-content":"","ast-featured-img":"","footer-sml-layout":"","theme-transparent-header-meta":"default","adv-header-id-meta":"","stick-header-meta":"","header-above-stick-meta":"","header-main-stick-meta":"","header-below-stick-meta":"","astra-migrate-meta-layouts":"set","ast-page-background-enabled":"default","ast-page-background-meta":{"desktop":{"background-color":"var(--ast-global-color-5)","background-image":"","background-repeat":"repeat","background-position":"center center","background-size":"auto","background-attachment":"scroll","background-type":"","background-media":"","overlay-type":"","overlay-color":"","overlay-opacity":"","overlay-gradient":""},"tablet":{"background-color":"","background-image":"","background-repeat":"repeat","background-position":"center center","background-size":"auto","background-attachment":"scroll","background-type":"","background-media":"","overlay-type":"","overlay-color":"","overlay-opacity":"","overlay-gradient":""},"mobile":{"background-color":"","background-image":"","background-repeat":"repeat","background-position":"center center","background-size":"auto","background-attachment":"scroll","background-type":"","background-media":"","overlay-type":"","overlay-color":"","overlay-opacity":"","overlay-gradient":""}},"ast-content-background-meta":{"desktop":{"background-color":"var(--ast-global-color-4)","background-image":"","background-repeat":"repeat","background-position":"center center","background-size":"auto","background-attachment":"scroll","background-type":"","background-media":"","overlay-type":"","overlay-color":"","overlay-opacity":"","overlay-gradient":""},"tablet":{"background-color":"var(--ast-global-color-4)","background-image":"","background-repeat":"repeat","background-position":"center center","background-size":"auto","background-attachment":"scroll","background-type":"","background-media":"","overlay-type":"","overlay-color":"","overlay-opacity":"","overlay-gradient":""},"mobile":{"background-color":"var(--ast-global-color-4)","background-image":"","background-repeat":"repeat","background-position":"center center","background-size":"auto","background-attachment":"scroll","background-type":"","background-media":"","overlay-type":"","overlay-color":"","overlay-opacity":"","overlay-gradient":""}}},"product_brand":[],"product_cat":[41],"product_tag":[],"class_list":{"0":"post-433","1":"product","2":"type-product","3":"status-publish","4":"has-post-thumbnail","6":"product_cat-sampon-detangler-luciu-si-ingrijire-piele","7":"desktop-align-left","8":"tablet-align-left","9":"mobile-align-left","11":"first","12":"instock","13":"shipping-taxable","14":"purchasable","15":"product-type-simple"},"jetpack_sharing_enabled":true,"_links":{"self":[{"href":"https:\/\/magazinulmiculcalaret.ro\/hu\/wp-json\/wp\/v2\/product\/433","targetHints":{"allow":["GET"]}}],"collection":[{"href":"https:\/\/magazinulmiculcalaret.ro\/hu\/wp-json\/wp\/v2\/product"}],"about":[{"href":"https:\/\/magazinulmiculcalaret.ro\/hu\/wp-json\/wp\/v2\/types\/product"}],"replies":[{"embeddable":true,"href":"https:\/\/magazinulmiculcalaret.ro\/hu\/wp-json\/wp\/v2\/comments?post=433"}],"wp:featuredmedia":[{"embeddable":true,"href":"https:\/\/magazinulmiculcalaret.ro\/hu\/wp-json\/wp\/v2\/media\/434"}],"wp:attachment":[{"href":"https:\/\/magazinulmiculcalaret.ro\/hu\/wp-json\/wp\/v2\/media?parent=433"}],"wp:term":[{"taxonomy":"product_brand","embeddable":true,"href":"https:\/\/magazinulmiculcalaret.ro\/hu\/wp-json\/wp\/v2\/product_brand?post=433"},{"taxonomy":"product_cat","embeddable":true,"href":"https:\/\/magazinulmiculcalaret.ro\/hu\/wp-json\/wp\/v2\/product_cat?post=433"},{"taxonomy":"product_tag","embeddable":true,"href":"https:\/\/magazinulmiculcalaret.ro\/hu\/wp-json\/wp\/v2\/product_tag?post=433"}],"curies":[{"name":"wp","href":"https:\/\/api.w.org\/{rel}","templated":true}]}}