{"id":441,"date":"2025-10-06T23:54:22","date_gmt":"2025-10-06T20:54:22","guid":{"rendered":"https:\/\/magazinulmiculcalaret.ro\/?post_type=product&#038;p=441"},"modified":"2025-10-06T23:54:22","modified_gmt":"2025-10-06T20:54:22","slug":"pimp-my-pony-sampon-pentru-cai-500-ml","status":"publish","type":"product","link":"https:\/\/magazinulmiculcalaret.ro\/hu\/product\/pimp-my-pony-sampon-pentru-cai-500-ml\/","title":{"rendered":"Pimp My Pony Sampon 500ml"},"content":{"rendered":"<div class=\"ast-oembed-container\" style=\"height: 100%;\"><iframe title=\"NAF Spa Day With Albert and Ernie - Emma Massingale\" width=\"500\" height=\"281\" src=\"https:\/\/www.youtube.com\/embed\/Tl8AjX0i4ug?feature=oembed\" frameborder=\"0\" allow=\"accelerometer; autoplay; clipboard-write; encrypted-media; gyroscope; picture-in-picture; web-share\" referrerpolicy=\"strict-origin-when-cross-origin\" allowfullscreen><\/iframe><\/div>\n<p data-start=\"0\" data-end=\"74\"><strong data-start=\"0\" data-end=\"72\">NAF Pimp My Pony Sampon \u2013 ragyog\u00f3 tisztas\u00e1g, vid\u00e1m illattal<\/strong><\/p>\n<p data-start=\"76\" data-end=\"393\"><strong data-start=\"76\" data-end=\"96\">NAF Pimp My Pony<\/strong> Sampon gyeng\u00e9d, m\u00e9gis hat\u00e9kony tiszt\u00edt\u00e1st ny\u00fajt p\u00f3nid vagy lovad sz\u00e1m\u00e1ra. K\u00fcl\u00f6nleges, gy\u00fcm\u00f6lcs\u00f6s illat\u00e1val igazi \u00e9lm\u00e9nny\u00e9 teszi a f\u00fcrdet\u00e9st, mik\u00f6zben f\u00e9nyes, tiszta \u00e9s \u00e1polt sz\u0151rt hagy maga ut\u00e1n. Ide\u00e1lis v\u00e1laszt\u00e1s mindennapi \u00e1pol\u00e1shoz vagy a nagy esem\u00e9nyek el\u0151tti el\u0151k\u00e9sz\u00edt\u00e9shez.<\/p>\n<hr data-start=\"395\" data-end=\"398\" \/>\n<h3 data-start=\"400\" data-end=\"418\"><strong data-start=\"404\" data-end=\"418\">El\u0151ny\u00f6k:<\/strong><\/h3>\n<ul data-start=\"419\" data-end=\"594\">\n<li data-start=\"419\" data-end=\"454\">\n<p data-start=\"421\" data-end=\"454\">K\u00edm\u00e9letes, m\u00e9gis alapos tiszt\u00edt\u00e1s<\/p>\n<\/li>\n<li data-start=\"455\" data-end=\"498\">\n<p data-start=\"457\" data-end=\"498\">Csillog\u00f3, \u00e1polt megjelen\u00e9st biztos\u00edt<\/p>\n<\/li>\n<li data-start=\"499\" data-end=\"539\">\n<p data-start=\"501\" data-end=\"539\">Vid\u00e1m, gy\u00fcm\u00f6lcs\u00f6s illattal<\/p>\n<\/li>\n<li data-start=\"540\" data-end=\"594\">\n<p data-start=\"542\" data-end=\"594\">K\u00f6nnyen le\u00f6bl\u00edthet\u0151, praktikus haszn\u00e1lat<\/p>\n<\/li>\n<\/ul>\n<hr data-start=\"596\" data-end=\"599\" \/>\n<h3 data-start=\"601\" data-end=\"628\"><strong data-start=\"605\" data-end=\"626\">Haszn\u00e1lat:<\/strong><\/h3>\n<p data-start=\"629\" data-end=\"800\" data-is-last-node=\"\" data-is-only-node=\"\" class=\"translation-block\">Nedves\u00edtsd be a l\u00f3 sz\u0151r\u00e9t, majd massz\u00edrozd be a sampont a bund\u00e1ba, am\u00edg habot nem k\u00e9pez. Alaposan \u00f6bl\u00edtsd le tiszta v\u00edzzel.<\/p>","protected":false},"excerpt":{"rendered":"<p><strong data-start=\"76\" data-end=\"96\">NAF Pimp My Pony<\/strong> Sampon gyeng\u00e9d, m\u00e9gis hat\u00e9kony tiszt\u00edt\u00e1st ny\u00fajt p\u00f3nid vagy lovad sz\u00e1m\u00e1ra. K\u00fcl\u00f6nleges, gy\u00fcm\u00f6lcs\u00f6s illat\u00e1val igazi \u00e9lm\u00e9nny\u00e9 teszi a f\u00fcrdet\u00e9st, mik\u00f6zben f\u00e9nyes, tiszta \u00e9s \u00e1polt sz\u0151rt hagy maga ut\u00e1n. Ide\u00e1lis v\u00e1laszt\u00e1s mindennapi \u00e1pol\u00e1shoz vagy a nagy esem\u00e9nyek el\u0151tti el\u0151k\u00e9sz\u00edt\u00e9shez.<\/p>","protected":false},"featured_media":442,"comment_status":"open","ping_status":"closed","template":"","meta":{"site-sidebar-layout":"default","site-content-layout":"","ast-site-content-layout":"default","site-content-style":"default","site-sidebar-style":"default","ast-global-header-display":"","ast-banner-title-visibility":"","ast-main-header-display":"","ast-hfb-above-header-display":"","ast-hfb-below-header-display":"","ast-hfb-mobile-header-display":"","site-post-title":"","ast-breadcrumbs-content":"","ast-featured-img":"","footer-sml-layout":"","theme-transparent-header-meta":"default","adv-header-id-meta":"","stick-header-meta":"","header-above-stick-meta":"","header-main-stick-meta":"","header-below-stick-meta":"","astra-migrate-meta-layouts":"set","ast-page-background-enabled":"default","ast-page-background-meta":{"desktop":{"background-color":"var(--ast-global-color-5)","background-image":"","background-repeat":"repeat","background-position":"center center","background-size":"auto","background-attachment":"scroll","background-type":"","background-media":"","overlay-type":"","overlay-color":"","overlay-opacity":"","overlay-gradient":""},"tablet":{"background-color":"","background-image":"","background-repeat":"repeat","background-position":"center center","background-size":"auto","background-attachment":"scroll","background-type":"","background-media":"","overlay-type":"","overlay-color":"","overlay-opacity":"","overlay-gradient":""},"mobile":{"background-color":"","background-image":"","background-repeat":"repeat","background-position":"center center","background-size":"auto","background-attachment":"scroll","background-type":"","background-media":"","overlay-type":"","overlay-color":"","overlay-opacity":"","overlay-gradient":""}},"ast-content-background-meta":{"desktop":{"background-color":"var(--ast-global-color-4)","background-image":"","background-repeat":"repeat","background-position":"center center","background-size":"auto","background-attachment":"scroll","background-type":"","background-media":"","overlay-type":"","overlay-color":"","overlay-opacity":"","overlay-gradient":""},"tablet":{"background-color":"var(--ast-global-color-4)","background-image":"","background-repeat":"repeat","background-position":"center center","background-size":"auto","background-attachment":"scroll","background-type":"","background-media":"","overlay-type":"","overlay-color":"","overlay-opacity":"","overlay-gradient":""},"mobile":{"background-color":"var(--ast-global-color-4)","background-image":"","background-repeat":"repeat","background-position":"center center","background-size":"auto","background-attachment":"scroll","background-type":"","background-media":"","overlay-type":"","overlay-color":"","overlay-opacity":"","overlay-gradient":""}}},"product_brand":[],"product_cat":[41],"product_tag":[],"class_list":{"0":"post-441","1":"product","2":"type-product","3":"status-publish","4":"has-post-thumbnail","6":"product_cat-sampon-detangler-luciu-si-ingrijire-piele","7":"desktop-align-left","8":"tablet-align-left","9":"mobile-align-left","11":"first","12":"instock","13":"shipping-taxable","14":"purchasable","15":"product-type-simple"},"jetpack_sharing_enabled":true,"_links":{"self":[{"href":"https:\/\/magazinulmiculcalaret.ro\/hu\/wp-json\/wp\/v2\/product\/441","targetHints":{"allow":["GET"]}}],"collection":[{"href":"https:\/\/magazinulmiculcalaret.ro\/hu\/wp-json\/wp\/v2\/product"}],"about":[{"href":"https:\/\/magazinulmiculcalaret.ro\/hu\/wp-json\/wp\/v2\/types\/product"}],"replies":[{"embeddable":true,"href":"https:\/\/magazinulmiculcalaret.ro\/hu\/wp-json\/wp\/v2\/comments?post=441"}],"wp:featuredmedia":[{"embeddable":true,"href":"https:\/\/magazinulmiculcalaret.ro\/hu\/wp-json\/wp\/v2\/media\/442"}],"wp:attachment":[{"href":"https:\/\/magazinulmiculcalaret.ro\/hu\/wp-json\/wp\/v2\/media?parent=441"}],"wp:term":[{"taxonomy":"product_brand","embeddable":true,"href":"https:\/\/magazinulmiculcalaret.ro\/hu\/wp-json\/wp\/v2\/product_brand?post=441"},{"taxonomy":"product_cat","embeddable":true,"href":"https:\/\/magazinulmiculcalaret.ro\/hu\/wp-json\/wp\/v2\/product_cat?post=441"},{"taxonomy":"product_tag","embeddable":true,"href":"https:\/\/magazinulmiculcalaret.ro\/hu\/wp-json\/wp\/v2\/product_tag?post=441"}],"curies":[{"name":"wp","href":"https:\/\/api.w.org\/{rel}","templated":true}]}}