{"id":443,"date":"2025-10-06T23:55:26","date_gmt":"2025-10-06T20:55:26","guid":{"rendered":"https:\/\/magazinulmiculcalaret.ro\/?post_type=product&#038;p=443"},"modified":"2025-10-06T23:55:26","modified_gmt":"2025-10-06T20:55:26","slug":"silky-serum-100ml","status":"publish","type":"product","link":"https:\/\/magazinulmiculcalaret.ro\/hu\/product\/silky-serum-100ml\/","title":{"rendered":"Silky Serum 100ml"},"content":{"rendered":"<p data-start=\"0\" data-end=\"36\"><strong data-start=\"0\" data-end=\"34\">Rendetlen s\u00f6r\u00e9ny, \u00f6sszegubancol\u00f3dott farok?<\/strong><\/p>\n<p data-start=\"38\" data-end=\"283\" class=\"translation-block\">Kicsi de \u00fct\u0151s - elb\u00e1nik a legmakacsabb csom\u00f3kkal \u00e9s gubancokkal is. Term\u00e9szetes mediterr\u00e1n abessz\u00edn olajat tartalmaz, amely a kimagasl\u00f3 f\u00e9nyes\u00edt\u0151 \u00e9s kondicion\u00e1l\u00f3 hat\u00e1s\u00e1r\u00f3l ismert. Az eredm\u00e9ny mag\u00e1\u00e9rt besz\u00e9l!<\/p>\n<hr data-start=\"285\" data-end=\"288\" \/>\n<h3 data-start=\"290\" data-end=\"317\"><strong data-start=\"294\" data-end=\"315\">Haszn\u00e1lat:<\/strong><\/h3>\n<p data-start=\"318\" data-end=\"497\" class=\"translation-block\">Vigy\u00e9l fel egy kis mennyis\u00e9get a csom\u00f3ra, hagyd hatni a Silky sz\u00e9rumot, majd f\u00e9s\u00fcld ki. Haszn\u00e1lhat\u00f3 nedves vagy sz\u00e1raz s\u00f6r\u00e9nyen \u00e9s farkon, nem hagy maradv\u00e1nyt.<\/p>\n<hr data-start=\"499\" data-end=\"502\" \/>\n<h3 data-start=\"504\" data-end=\"526\"><strong data-start=\"508\" data-end=\"524\">\u00d6sszetev\u0151k:<\/strong><\/h3>\n<p data-start=\"527\" data-end=\"614\" data-is-last-node=\"\" data-is-only-node=\"\">Abyssinian \u00d6L, Citronellal, Geraniol, Hexyl Cinnamal, Hydroxycitronellal, Linalool<\/p>","protected":false},"excerpt":{"rendered":"<p data-start=\"0\" data-end=\"36\"><strong data-start=\"0\" data-end=\"34\">Rendetlen s\u00f6r\u00e9ny, \u00f6sszegubancol\u00f3dott farok?<\/strong><\/p>\n<p data-start=\"38\" data-end=\"283\" class=\"translation-block\">Kicsi de \u00fct\u0151s - elb\u00e1nik a legmakacsabb csom\u00f3kkal \u00e9s gubancokkal is. Term\u00e9szetes mediterr\u00e1n abessz\u00edn olajat tartalmaz, amely a kimagasl\u00f3 f\u00e9nyes\u00edt\u0151 \u00e9s kondicion\u00e1l\u00f3 hat\u00e1s\u00e1r\u00f3l ismert. Az eredm\u00e9ny mag\u00e1\u00e9rt besz\u00e9l!<\/p>","protected":false},"featured_media":445,"comment_status":"open","ping_status":"closed","template":"","meta":{"site-sidebar-layout":"default","site-content-layout":"","ast-site-content-layout":"default","site-content-style":"default","site-sidebar-style":"default","ast-global-header-display":"","ast-banner-title-visibility":"","ast-main-header-display":"","ast-hfb-above-header-display":"","ast-hfb-below-header-display":"","ast-hfb-mobile-header-display":"","site-post-title":"","ast-breadcrumbs-content":"","ast-featured-img":"","footer-sml-layout":"","theme-transparent-header-meta":"default","adv-header-id-meta":"","stick-header-meta":"","header-above-stick-meta":"","header-main-stick-meta":"","header-below-stick-meta":"","astra-migrate-meta-layouts":"set","ast-page-background-enabled":"default","ast-page-background-meta":{"desktop":{"background-color":"var(--ast-global-color-5)","background-image":"","background-repeat":"repeat","background-position":"center center","background-size":"auto","background-attachment":"scroll","background-type":"","background-media":"","overlay-type":"","overlay-color":"","overlay-opacity":"","overlay-gradient":""},"tablet":{"background-color":"","background-image":"","background-repeat":"repeat","background-position":"center center","background-size":"auto","background-attachment":"scroll","background-type":"","background-media":"","overlay-type":"","overlay-color":"","overlay-opacity":"","overlay-gradient":""},"mobile":{"background-color":"","background-image":"","background-repeat":"repeat","background-position":"center center","background-size":"auto","background-attachment":"scroll","background-type":"","background-media":"","overlay-type":"","overlay-color":"","overlay-opacity":"","overlay-gradient":""}},"ast-content-background-meta":{"desktop":{"background-color":"var(--ast-global-color-4)","background-image":"","background-repeat":"repeat","background-position":"center center","background-size":"auto","background-attachment":"scroll","background-type":"","background-media":"","overlay-type":"","overlay-color":"","overlay-opacity":"","overlay-gradient":""},"tablet":{"background-color":"var(--ast-global-color-4)","background-image":"","background-repeat":"repeat","background-position":"center center","background-size":"auto","background-attachment":"scroll","background-type":"","background-media":"","overlay-type":"","overlay-color":"","overlay-opacity":"","overlay-gradient":""},"mobile":{"background-color":"var(--ast-global-color-4)","background-image":"","background-repeat":"repeat","background-position":"center center","background-size":"auto","background-attachment":"scroll","background-type":"","background-media":"","overlay-type":"","overlay-color":"","overlay-opacity":"","overlay-gradient":""}}},"product_brand":[],"product_cat":[41],"product_tag":[],"class_list":{"0":"post-443","1":"product","2":"type-product","3":"status-publish","4":"has-post-thumbnail","6":"product_cat-sampon-detangler-luciu-si-ingrijire-piele","7":"desktop-align-left","8":"tablet-align-left","9":"mobile-align-left","11":"first","12":"instock","13":"shipping-taxable","14":"purchasable","15":"product-type-simple"},"jetpack_sharing_enabled":true,"_links":{"self":[{"href":"https:\/\/magazinulmiculcalaret.ro\/hu\/wp-json\/wp\/v2\/product\/443","targetHints":{"allow":["GET"]}}],"collection":[{"href":"https:\/\/magazinulmiculcalaret.ro\/hu\/wp-json\/wp\/v2\/product"}],"about":[{"href":"https:\/\/magazinulmiculcalaret.ro\/hu\/wp-json\/wp\/v2\/types\/product"}],"replies":[{"embeddable":true,"href":"https:\/\/magazinulmiculcalaret.ro\/hu\/wp-json\/wp\/v2\/comments?post=443"}],"wp:featuredmedia":[{"embeddable":true,"href":"https:\/\/magazinulmiculcalaret.ro\/hu\/wp-json\/wp\/v2\/media\/445"}],"wp:attachment":[{"href":"https:\/\/magazinulmiculcalaret.ro\/hu\/wp-json\/wp\/v2\/media?parent=443"}],"wp:term":[{"taxonomy":"product_brand","embeddable":true,"href":"https:\/\/magazinulmiculcalaret.ro\/hu\/wp-json\/wp\/v2\/product_brand?post=443"},{"taxonomy":"product_cat","embeddable":true,"href":"https:\/\/magazinulmiculcalaret.ro\/hu\/wp-json\/wp\/v2\/product_cat?post=443"},{"taxonomy":"product_tag","embeddable":true,"href":"https:\/\/magazinulmiculcalaret.ro\/hu\/wp-json\/wp\/v2\/product_tag?post=443"}],"curies":[{"name":"wp","href":"https:\/\/api.w.org\/{rel}","templated":true}]}}