{"id":446,"date":"2025-10-06T23:56:19","date_gmt":"2025-10-06T20:56:19","guid":{"rendered":"https:\/\/magazinulmiculcalaret.ro\/?post_type=product&#038;p=446"},"modified":"2025-10-06T23:56:19","modified_gmt":"2025-10-06T20:56:19","slug":"off-citronella-spray-750-ml","status":"publish","type":"product","link":"https:\/\/magazinulmiculcalaret.ro\/hu\/product\/off-citronella-spray-750-ml\/","title":{"rendered":"Off Citronella Spray 750 ml"},"content":{"rendered":"<p data-start=\"0\" data-end=\"69\"><strong data-start=\"0\" data-end=\"67\">NAF Citronella Spray \u2013 term\u00e9szetes v\u00e9delem a ny\u00e1ri h\u00f3napokra<\/strong><\/p>\n<p data-start=\"71\" data-end=\"382\" class=\"translation-block\">A NAF Citronella Spray friss, term\u00e9szetes illat\u00e1val seg\u00edt, hogy lovad nyugodtan \u00e9lvezhesse a kinti tart\u00f3zkod\u00e1st a meleg h\u00f3napokban. Praktikus, k\u00f6nnyen haszn\u00e1lhat\u00f3 permet, amely hosszan tart\u00f3 frissess\u00e9get biztos\u00edt. Ide\u00e1lis mindennapi haszn\u00e1latra, legyen sz\u00f3 legeltet\u00e9sr\u0151l, munk\u00e1r\u00f3l vagy edz\u00e9sr\u0151l.<\/p>\n<hr data-start=\"384\" data-end=\"387\" \/>\n<h3 data-start=\"389\" data-end=\"407\"><strong data-start=\"393\" data-end=\"407\">El\u0151ny\u00f6k:<\/strong><\/h3>\n<ul data-start=\"408\" data-end=\"649\">\n<li data-start=\"408\" data-end=\"479\">\n<p data-start=\"410\" data-end=\"479\">T\u00f6k\u00e9letes megold\u00e1s a legyek \u00e9s egy\u00e9b rovarok t\u00e1voltart\u00e1s\u00e1ra<\/p>\n<\/li>\n<li data-start=\"480\" data-end=\"525\">\n<p data-start=\"482\" data-end=\"525\" class=\"translation-block\">Term\u00e9szetes citronella kivonattal<\/p>\n<\/li>\n<li data-start=\"526\" data-end=\"581\">\n<p data-start=\"528\" data-end=\"581\" class=\"translation-block\">Hosszan tart\u00f3 frissess\u00e9g \u00e9s \u00e1pol\u00e1s<\/p>\n<\/li>\n<li data-start=\"582\" data-end=\"617\">\n<p data-start=\"584\" data-end=\"617\">K\u00f6nnyen, gyorsan haszn\u00e1lhat\u00f3 spray form\u00e1ban<\/p>\n<\/li>\n<li data-start=\"618\" data-end=\"649\">\n<p data-start=\"620\" data-end=\"649\">Biztons\u00e1gos, k\u00edm\u00e9letes megold\u00e1s lovak sz\u00e1m\u00e1ra<\/p>\n<\/li>\n<\/ul>\n<hr data-start=\"651\" data-end=\"654\" \/>\n<h3 data-start=\"656\" data-end=\"683\"><strong data-start=\"660\" data-end=\"681\">Haszn\u00e1lat:<\/strong><\/h3>\n<p data-start=\"684\" data-end=\"809\">Permetezd k\u00f6zvetlen\u00fcl a l\u00f3 sz\u0151rzet\u00e9re, elker\u00fclve a szem \u00e9s a ny\u00e1lkah\u00e1rtya k\u00f6rny\u00e9k\u00e9t. Ig\u00e9ny szerint ism\u00e9teld meg a haszn\u00e1latot.<\/p>\n<hr data-start=\"811\" data-end=\"814\" \/>\n<h3 data-start=\"816\" data-end=\"834\"><strong data-start=\"820\" data-end=\"832\">Tartalmaz:<\/strong><\/h3>\n<p data-start=\"835\" data-end=\"921\" data-is-last-node=\"\" data-is-only-node=\"\">Citronellal, Citronellol, Geraniol, Geranial, Limonene, Eugenol, Linalool \u00e9s Farnesol.<\/p>","protected":false},"excerpt":{"rendered":"<p class=\"translation-block\">A NAF Citronella Spray friss, term\u00e9szetes illat\u00e1val seg\u00edt, hogy lovad nyugodtan \u00e9lvezhesse a kinti tart\u00f3zkod\u00e1st a meleg h\u00f3napokban. Praktikus, k\u00f6nnyen haszn\u00e1lhat\u00f3 permet, amely hosszan tart\u00f3 frissess\u00e9get biztos\u00edt. Ide\u00e1lis mindennapi haszn\u00e1latra, legyen sz\u00f3 legeltet\u00e9sr\u0151l, munk\u00e1r\u00f3l vagy edz\u00e9sr\u0151l.<\/p>","protected":false},"featured_media":448,"comment_status":"open","ping_status":"closed","template":"","meta":{"site-sidebar-layout":"default","site-content-layout":"","ast-site-content-layout":"default","site-content-style":"default","site-sidebar-style":"default","ast-global-header-display":"","ast-banner-title-visibility":"","ast-main-header-display":"","ast-hfb-above-header-display":"","ast-hfb-below-header-display":"","ast-hfb-mobile-header-display":"","site-post-title":"","ast-breadcrumbs-content":"","ast-featured-img":"","footer-sml-layout":"","theme-transparent-header-meta":"default","adv-header-id-meta":"","stick-header-meta":"","header-above-stick-meta":"","header-main-stick-meta":"","header-below-stick-meta":"","astra-migrate-meta-layouts":"set","ast-page-background-enabled":"default","ast-page-background-meta":{"desktop":{"background-color":"var(--ast-global-color-5)","background-image":"","background-repeat":"repeat","background-position":"center center","background-size":"auto","background-attachment":"scroll","background-type":"","background-media":"","overlay-type":"","overlay-color":"","overlay-opacity":"","overlay-gradient":""},"tablet":{"background-color":"","background-image":"","background-repeat":"repeat","background-position":"center center","background-size":"auto","background-attachment":"scroll","background-type":"","background-media":"","overlay-type":"","overlay-color":"","overlay-opacity":"","overlay-gradient":""},"mobile":{"background-color":"","background-image":"","background-repeat":"repeat","background-position":"center center","background-size":"auto","background-attachment":"scroll","background-type":"","background-media":"","overlay-type":"","overlay-color":"","overlay-opacity":"","overlay-gradient":""}},"ast-content-background-meta":{"desktop":{"background-color":"var(--ast-global-color-4)","background-image":"","background-repeat":"repeat","background-position":"center center","background-size":"auto","background-attachment":"scroll","background-type":"","background-media":"","overlay-type":"","overlay-color":"","overlay-opacity":"","overlay-gradient":""},"tablet":{"background-color":"var(--ast-global-color-4)","background-image":"","background-repeat":"repeat","background-position":"center center","background-size":"auto","background-attachment":"scroll","background-type":"","background-media":"","overlay-type":"","overlay-color":"","overlay-opacity":"","overlay-gradient":""},"mobile":{"background-color":"var(--ast-global-color-4)","background-image":"","background-repeat":"repeat","background-position":"center center","background-size":"auto","background-attachment":"scroll","background-type":"","background-media":"","overlay-type":"","overlay-color":"","overlay-opacity":"","overlay-gradient":""}}},"product_brand":[],"product_cat":[41],"product_tag":[],"class_list":{"0":"post-446","1":"product","2":"type-product","3":"status-publish","4":"has-post-thumbnail","6":"product_cat-sampon-detangler-luciu-si-ingrijire-piele","7":"desktop-align-left","8":"tablet-align-left","9":"mobile-align-left","11":"first","12":"instock","13":"shipping-taxable","14":"purchasable","15":"product-type-simple"},"jetpack_sharing_enabled":true,"_links":{"self":[{"href":"https:\/\/magazinulmiculcalaret.ro\/hu\/wp-json\/wp\/v2\/product\/446","targetHints":{"allow":["GET"]}}],"collection":[{"href":"https:\/\/magazinulmiculcalaret.ro\/hu\/wp-json\/wp\/v2\/product"}],"about":[{"href":"https:\/\/magazinulmiculcalaret.ro\/hu\/wp-json\/wp\/v2\/types\/product"}],"replies":[{"embeddable":true,"href":"https:\/\/magazinulmiculcalaret.ro\/hu\/wp-json\/wp\/v2\/comments?post=446"}],"wp:featuredmedia":[{"embeddable":true,"href":"https:\/\/magazinulmiculcalaret.ro\/hu\/wp-json\/wp\/v2\/media\/448"}],"wp:attachment":[{"href":"https:\/\/magazinulmiculcalaret.ro\/hu\/wp-json\/wp\/v2\/media?parent=446"}],"wp:term":[{"taxonomy":"product_brand","embeddable":true,"href":"https:\/\/magazinulmiculcalaret.ro\/hu\/wp-json\/wp\/v2\/product_brand?post=446"},{"taxonomy":"product_cat","embeddable":true,"href":"https:\/\/magazinulmiculcalaret.ro\/hu\/wp-json\/wp\/v2\/product_cat?post=446"},{"taxonomy":"product_tag","embeddable":true,"href":"https:\/\/magazinulmiculcalaret.ro\/hu\/wp-json\/wp\/v2\/product_tag?post=446"}],"curies":[{"name":"wp","href":"https:\/\/api.w.org\/{rel}","templated":true}]}}