{"id":460,"date":"2025-10-07T00:01:41","date_gmt":"2025-10-06T21:01:41","guid":{"rendered":"https:\/\/magazinulmiculcalaret.ro\/?post_type=product&#038;p=460"},"modified":"2025-10-07T00:01:41","modified_gmt":"2025-10-06T21:01:41","slug":"sheath-cleans-500ml","status":"publish","type":"product","link":"https:\/\/magazinulmiculcalaret.ro\/hu\/product\/sheath-cleans-500ml\/","title":{"rendered":"Sheath Cleans 500ml"},"content":{"rendered":"<p data-start=\"0\" data-end=\"89\"><strong data-start=\"0\" data-end=\"87\">NAF Sheath Cleans \u2013 k\u00edm\u00e9letes \u00e9s hat\u00e9kony tiszt\u00edt\u00e1s a m\u00e9nek \u00e9s her\u00e9ltek higi\u00e9ni\u00e1j\u00e1\u00e9rt<\/strong><\/p>\n<p data-start=\"91\" data-end=\"371\"><strong data-start=\"91\" data-end=\"112\">NAF Sheath Cleans<\/strong> egy speci\u00e1lisan kifejlesztett oldat, amely k\u00edm\u00e9letesen, m\u00e9gis hat\u00e9konyan tiszt\u00edtja a m\u00e9nt \u00e9s a her\u00e9lt lovakat a tasak \u00e9s a nemi szervek k\u00f6rny\u00e9k\u00e9n. Elt\u00e1vol\u00edtja a szennyez\u0151d\u00e9seket, a faggy\u00falerak\u00f3d\u00e1sokat (\u201ebean\u201d) \u00e9s az egy\u00e9b szennyez\u0151d\u00e9seket, \u00edgy a ter\u00fclet tiszta \u00e9s eg\u00e9szs\u00e9ges marad, irrit\u00e1ci\u00f3 n\u00e9lk\u00fcl.<\/p>\n<hr data-start=\"373\" data-end=\"376\" \/>\n<h3 data-start=\"378\" data-end=\"396\"><strong data-start=\"382\" data-end=\"396\">El\u0151ny\u00f6k:<\/strong><\/h3>\n<ul data-start=\"397\" data-end=\"635\">\n<li data-start=\"397\" data-end=\"461\">\n<p data-start=\"399\" data-end=\"461\">Gyeng\u00e9den tiszt\u00edt an\u00e9lk\u00fcl, hogy megzavarn\u00e1 a b\u0151r term\u00e9szetes egyens\u00faly\u00e1t.<\/p>\n<\/li>\n<li data-start=\"462\" data-end=\"537\">\n<p data-start=\"464\" data-end=\"537\">Seg\u00edt megel\u0151zni a szennyez\u0151d\u00e9sek felhalmoz\u00f3d\u00e1s\u00e1t \u00e9s a kellemetlen szagokat.<\/p>\n<\/li>\n<li data-start=\"538\" data-end=\"589\">\n<p data-start=\"540\" data-end=\"589\">Irrit\u00e1ci\u00f3mentes formula, biztons\u00e1gosan haszn\u00e1lhat\u00f3 rendszeresen.<\/p>\n<\/li>\n<li data-start=\"590\" data-end=\"635\">\n<p data-start=\"592\" data-end=\"635\">Tiszta, puha \u00e9s komfortos b\u0151rt hagy maga ut\u00e1n.<\/p>\n<\/li>\n<\/ul>\n<hr data-start=\"637\" data-end=\"640\" \/>\n<h3 data-start=\"642\" data-end=\"669\"><strong data-start=\"646\" data-end=\"667\">Haszn\u00e1lat:<\/strong><\/h3>\n<p data-start=\"670\" data-end=\"871\" class=\"translation-block\">Kis mennyis\u00e9g\u0171 Sheath Cleans-t vigy\u00e9l fel egy puha rongyra vagy nedves szivacsra, \u00e9s \u00f3vatosan tiszt\u00edtsd meg az \u00e9rintett ter\u00fcletet.\nEzut\u00e1n enyh\u00e9n \u00f6bl\u00edtsd le tiszta v\u00edzzel. Rendszeres haszn\u00e1lata seg\u00edt meg\u0151rizni az optim\u00e1lis higi\u00e9ni\u00e1t.<\/p>\n<hr data-start=\"873\" data-end=\"876\" \/>\n<p data-start=\"878\" data-end=\"1004\" data-is-last-node=\"\" data-is-only-node=\"\" class=\"translation-block\">NAF Sheath Cleans \u2013 a megb\u00edzhat\u00f3 megold\u00e1s a teljes higi\u00e9nia, k\u00e9nyelem \u00e9s eg\u00e9szs\u00e9g \u00e9rdek\u00e9ben a m\u00e9nek \u00e9s her\u00e9ltek \u00e9rz\u00e9keny ter\u00fclet\u00e9n.<\/p>","protected":false},"excerpt":{"rendered":"<p><strong data-start=\"91\" data-end=\"112\">NAF Sheath Cleans<\/strong> egy speci\u00e1lisan kifejlesztett oldat, amely k\u00edm\u00e9letesen, m\u00e9gis hat\u00e9konyan tiszt\u00edtja a m\u00e9nt \u00e9s a her\u00e9lt lovakat a tasak \u00e9s a nemi szervek k\u00f6rny\u00e9k\u00e9n. Elt\u00e1vol\u00edtja a szennyez\u0151d\u00e9seket, a faggy\u00falerak\u00f3d\u00e1sokat (\u201ebean\u201d) \u00e9s az egy\u00e9b szennyez\u0151d\u00e9seket, \u00edgy a ter\u00fclet tiszta \u00e9s eg\u00e9szs\u00e9ges marad, irrit\u00e1ci\u00f3 n\u00e9lk\u00fcl.<\/p>","protected":false},"featured_media":461,"comment_status":"open","ping_status":"closed","template":"","meta":{"site-sidebar-layout":"default","site-content-layout":"","ast-site-content-layout":"default","site-content-style":"default","site-sidebar-style":"default","ast-global-header-display":"","ast-banner-title-visibility":"","ast-main-header-display":"","ast-hfb-above-header-display":"","ast-hfb-below-header-display":"","ast-hfb-mobile-header-display":"","site-post-title":"","ast-breadcrumbs-content":"","ast-featured-img":"","footer-sml-layout":"","theme-transparent-header-meta":"default","adv-header-id-meta":"","stick-header-meta":"","header-above-stick-meta":"","header-main-stick-meta":"","header-below-stick-meta":"","astra-migrate-meta-layouts":"set","ast-page-background-enabled":"default","ast-page-background-meta":{"desktop":{"background-color":"var(--ast-global-color-5)","background-image":"","background-repeat":"repeat","background-position":"center center","background-size":"auto","background-attachment":"scroll","background-type":"","background-media":"","overlay-type":"","overlay-color":"","overlay-opacity":"","overlay-gradient":""},"tablet":{"background-color":"","background-image":"","background-repeat":"repeat","background-position":"center center","background-size":"auto","background-attachment":"scroll","background-type":"","background-media":"","overlay-type":"","overlay-color":"","overlay-opacity":"","overlay-gradient":""},"mobile":{"background-color":"","background-image":"","background-repeat":"repeat","background-position":"center center","background-size":"auto","background-attachment":"scroll","background-type":"","background-media":"","overlay-type":"","overlay-color":"","overlay-opacity":"","overlay-gradient":""}},"ast-content-background-meta":{"desktop":{"background-color":"var(--ast-global-color-4)","background-image":"","background-repeat":"repeat","background-position":"center center","background-size":"auto","background-attachment":"scroll","background-type":"","background-media":"","overlay-type":"","overlay-color":"","overlay-opacity":"","overlay-gradient":""},"tablet":{"background-color":"var(--ast-global-color-4)","background-image":"","background-repeat":"repeat","background-position":"center center","background-size":"auto","background-attachment":"scroll","background-type":"","background-media":"","overlay-type":"","overlay-color":"","overlay-opacity":"","overlay-gradient":""},"mobile":{"background-color":"var(--ast-global-color-4)","background-image":"","background-repeat":"repeat","background-position":"center center","background-size":"auto","background-attachment":"scroll","background-type":"","background-media":"","overlay-type":"","overlay-color":"","overlay-opacity":"","overlay-gradient":""}}},"product_brand":[],"product_cat":[41],"product_tag":[],"class_list":{"0":"post-460","1":"product","2":"type-product","3":"status-publish","4":"has-post-thumbnail","6":"product_cat-sampon-detangler-luciu-si-ingrijire-piele","7":"desktop-align-left","8":"tablet-align-left","9":"mobile-align-left","11":"first","12":"instock","13":"shipping-taxable","14":"purchasable","15":"product-type-simple"},"jetpack_sharing_enabled":true,"_links":{"self":[{"href":"https:\/\/magazinulmiculcalaret.ro\/hu\/wp-json\/wp\/v2\/product\/460","targetHints":{"allow":["GET"]}}],"collection":[{"href":"https:\/\/magazinulmiculcalaret.ro\/hu\/wp-json\/wp\/v2\/product"}],"about":[{"href":"https:\/\/magazinulmiculcalaret.ro\/hu\/wp-json\/wp\/v2\/types\/product"}],"replies":[{"embeddable":true,"href":"https:\/\/magazinulmiculcalaret.ro\/hu\/wp-json\/wp\/v2\/comments?post=460"}],"wp:featuredmedia":[{"embeddable":true,"href":"https:\/\/magazinulmiculcalaret.ro\/hu\/wp-json\/wp\/v2\/media\/461"}],"wp:attachment":[{"href":"https:\/\/magazinulmiculcalaret.ro\/hu\/wp-json\/wp\/v2\/media?parent=460"}],"wp:term":[{"taxonomy":"product_brand","embeddable":true,"href":"https:\/\/magazinulmiculcalaret.ro\/hu\/wp-json\/wp\/v2\/product_brand?post=460"},{"taxonomy":"product_cat","embeddable":true,"href":"https:\/\/magazinulmiculcalaret.ro\/hu\/wp-json\/wp\/v2\/product_cat?post=460"},{"taxonomy":"product_tag","embeddable":true,"href":"https:\/\/magazinulmiculcalaret.ro\/hu\/wp-json\/wp\/v2\/product_tag?post=460"}],"curies":[{"name":"wp","href":"https:\/\/api.w.org\/{rel}","templated":true}]}}