{"id":476,"date":"2025-10-07T00:17:09","date_gmt":"2025-10-06T21:17:09","guid":{"rendered":"https:\/\/magazinulmiculcalaret.ro\/?post_type=product&#038;p=476"},"modified":"2025-10-07T00:17:09","modified_gmt":"2025-10-06T21:17:09","slug":"gastriaid-powder-18-kg","status":"publish","type":"product","link":"https:\/\/magazinulmiculcalaret.ro\/hu\/product\/gastriaid-powder-18-kg\/","title":{"rendered":"GastriAid Powder 1,8 kg"},"content":{"rendered":"<p data-start=\"0\" data-end=\"71\"><strong data-start=\"0\" data-end=\"69\">NAF GastriAid \u2013 protec\u021bie zilnic\u0103 pentru caii sensibili la stomac<\/strong><\/p>\n<p data-start=\"73\" data-end=\"493\" class=\"translation-block\">A gyomorfek\u00e9ly jelenl\u00e9te egyre n\u00f6vekv\u0151 tendenci\u00e1t mutat a lovakn\u00e1l \u00e9s nem csak a galopplovak k\u00f6r\u00e9ben. A GastriAid m\u00e1r bizony\u00edtotta mag\u00e1t k\u00fcl\u00f6nf\u00e9le helyzetekben l\u00e9v\u0151 lovakn\u00e1l. Egy ide\u00e1lis v\u00e1laszt\u00e1s, amikor a leghalv\u00e1nyabb gyan\u00faja is felvet\u00fcl a fek\u00e9lyess\u00e9gnek, de m\u00e9g pozit\u00edv klinikai digan\u00f3zis nem mondhat\u00f3 ki, vagy azon helyzetekben, amikor a munk\u00e1ba fogott lovakn\u00e1l csak felmer\u00fcl a kock\u00e1zat t\u00e9nye \u00e9s a tulajdonos szeretne megel\u0151z\u0151 l\u00e9p\u00e9seket tenni.<\/p>\n<p data-start=\"495\" data-end=\"722\" class=\"translation-block\">A GastriAid egy gazdas\u00e1gos v\u00e1laszt\u00e1s, hogy napi v\u00e9delmet biztos\u00edtsuk a gyomor\u00e9rz\u00e9kenys\u00e9ggel kapcsolatos gyomor probl\u00e9m\u00e1kkal. Az el\u0151rehaladott formul\u00e1t a vil\u00e1g \u00e9lvonalbeli \u00e1llatoros t\u00e1pl\u00e1lkoz\u00e1s szak\u00e9rt\u0151i fejlesztett\u00e9k ki.<\/p>\n<p data-start=\"724\" data-end=\"1062\" class=\"translation-block\">A GastriAid term\u00e9szetes antacidokat tartalmaz melyek seg\u00edtik megv\u00e9deni a gyomor fal\u00e1t az azt \u00e9r\u0151 savt\u00falteng\u00e9st\u0151l, mialatt a pre- \u00e9s probiotikumok t\u00e1mogatj\u00e1k a pH egyens\u00faly megterem\u00e9s\u00e9t a b\u00e9lfl\u00f3r\u00e1ban. Ezen \u00f6sszetev\u0151knek \u00e9s a gy\u00f3gyn\u00f6v\u00e9ny hat\u00f3anyagoknak k\u00f6sz\u00f6nhet\u0151en biztos\u00edtva van a b\u00e9l napi gondoz\u00e1sa \u00e9s v\u00e9delme.<\/p>\n<hr data-start=\"1064\" data-end=\"1067\" \/>\n<h3 data-start=\"1069\" data-end=\"1105\"><strong data-start=\"1073\" data-end=\"1105\">Etet\u00e9si aj\u00e1nl\u00e1s:<\/strong><\/h3>\n<p data-start=\"1106\" data-end=\"1177\">Ide\u00e1lis esetben a GastriAid -et naponta t\u00f6bb kis adagra kell osztani.<\/p>\n<div class=\"_tableContainer_1rjym_1\">\n<div class=\"group _tableWrapper_1rjym_13 flex w-fit flex-col-reverse\" tabindex=\"-1\">\n<table class=\"w-fit min-w-(--thread-content-width)\" data-start=\"1179\" data-end=\"1512\">\n<thead data-start=\"1179\" data-end=\"1239\">\n<tr data-start=\"1179\" data-end=\"1239\">\n<th data-start=\"1179\" data-end=\"1192\" data-col-size=\"sm\">L\u00f3fajta<\/th>\n<th data-start=\"1192\" data-end=\"1207\" data-col-size=\"sm\">Napi adag<\/th>\n<th data-start=\"1207\" data-end=\"1219\" data-col-size=\"sm\">Mennyis\u00e9g<\/th>\n<th data-start=\"1219\" data-end=\"1239\" data-col-size=\"sm\">M\u00e9r\u0151kan\u00e1l naponta<\/th>\n<\/tr>\n<\/thead>\n<tbody data-start=\"1304\" data-end=\"1512\">\n<tr data-start=\"1304\" data-end=\"1362\">\n<td data-start=\"1304\" data-end=\"1314\" data-col-size=\"sm\"><strong data-start=\"1306\" data-end=\"1313\">L\u00f3<\/strong><\/td>\n<td data-start=\"1314\" data-end=\"1342\" data-col-size=\"sm\">Kezd\u0151 adag (3-10 nap)<\/td>\n<td data-start=\"1342\" data-end=\"1350\" data-col-size=\"sm\">120 g<\/td>\n<td data-start=\"1350\" data-end=\"1362\" data-col-size=\"sm\">6 m\u00e9r\u0151kan\u00e1l<\/td>\n<\/tr>\n<tr data-start=\"1363\" data-end=\"1407\">\n<td data-start=\"1363\" data-end=\"1366\" data-col-size=\"sm\"><\/td>\n<td data-start=\"1366\" data-end=\"1388\" data-col-size=\"sm\">Fenntart\u00f3 adag*<\/td>\n<td data-start=\"1388\" data-end=\"1395\" data-col-size=\"sm\">60 g<\/td>\n<td data-start=\"1395\" data-end=\"1407\" data-col-size=\"sm\">3 m\u00e9r\u0151kan\u00e1l<\/td>\n<\/tr>\n<tr data-start=\"1408\" data-end=\"1467\">\n<td data-start=\"1408\" data-end=\"1420\" data-col-size=\"sm\"><strong data-start=\"1410\" data-end=\"1419\">P\u00f3nil\u00f3<\/strong><\/td>\n<td data-start=\"1420\" data-end=\"1448\" data-col-size=\"sm\">Kezd\u0151 adag (3-10 nap)<\/td>\n<td data-start=\"1448\" data-end=\"1455\" data-col-size=\"sm\">80 g<\/td>\n<td data-start=\"1455\" data-end=\"1467\" data-col-size=\"sm\">4 m\u00e9r\u0151kan\u00e1l<\/td>\n<\/tr>\n<tr data-start=\"1468\" data-end=\"1512\">\n<td data-start=\"1468\" data-end=\"1471\" data-col-size=\"sm\"><\/td>\n<td data-start=\"1471\" data-end=\"1493\" data-col-size=\"sm\">Fenntart\u00f3 adag*<\/td>\n<td data-start=\"1493\" data-end=\"1500\" data-col-size=\"sm\">40<\/td>\n<td data-start=\"1500\" data-end=\"1512\" data-col-size=\"sm\">2 m\u00e9r\u0151kan\u00e1l<\/td>\n<\/tr>\n<\/tbody>\n<\/table>\n<\/div>\n<\/div>\n<hr data-start=\"1514\" data-end=\"1517\" \/>\n<h3 data-start=\"1519\" data-end=\"1538\"><strong data-start=\"1523\" data-end=\"1538\">\u00d6sszet\u00e9tel<\/strong><\/h3>\n<p data-start=\"1539\" data-end=\"1734\">\u00datif\u0171 mag, sz\u00f3dabikarb\u00f3na. Calciumcarbonat, lucerna , repceolaj, s\u00f6r\u00e9leszt\u0151, b\u00fazafeh\u00e9rje, frukto-oligoszacharidok, \u00e9leszt\u0151, cik\u00f3ria inulin, n\u00e1trium-klorid.<\/p>\n<hr data-start=\"1736\" data-end=\"1739\" \/>\n<h3 data-start=\"1741\" data-end=\"1770\"><strong data-start=\"1745\" data-end=\"1770\">Analitikai \u00f6sszetev\u0151k<\/strong><\/h3>\n<ul data-start=\"1771\" data-end=\"1997\">\n<li data-start=\"1771\" data-end=\"1799\">\n<p data-start=\"1773\" data-end=\"1799\">Nyers feh\u00e9rje: <strong data-start=\"1789\" data-end=\"1797\">5,8%<\/strong><\/p>\n<\/li>\n<li data-start=\"1800\" data-end=\"1838\">\n<p data-start=\"1802\" data-end=\"1838\">Nyers olaj gy\u00e1rt\u00e1sa: <strong data-start=\"1828\" data-end=\"1836\">2,7%<\/strong><\/p>\n<\/li>\n<li data-start=\"1839\" data-end=\"1866\">\n<p data-start=\"1841\" data-end=\"1866\">Nyers hamu: <strong data-start=\"1855\" data-end=\"1864\">58,7%<\/strong><\/p>\n<\/li>\n<li data-start=\"1867\" data-end=\"1892\">\n<p data-start=\"1869\" data-end=\"1892\">Nyers rost: <strong data-start=\"1882\" data-end=\"1890\">8,1%<\/strong><\/p>\n<\/li>\n<li data-start=\"1893\" data-end=\"1912\">\n<p data-start=\"1895\" data-end=\"1912\">N\u00e1trium: <strong data-start=\"1902\" data-end=\"1910\">3,4%<\/strong><\/p>\n<\/li>\n<li data-start=\"1913\" data-end=\"1953\">\n<p data-start=\"1915\" data-end=\"1953\">Savban oldhatatlan hamu <strong data-start=\"1942\" data-end=\"1951\">34,2%<\/strong><\/p>\n<\/li>\n<li data-start=\"1954\" data-end=\"1975\">\n<p data-start=\"1956\" data-end=\"1975\">Foszfortartalm\u00fa: <strong data-start=\"1964\" data-end=\"1973\">0,13%<\/strong><\/p>\n<\/li>\n<li data-start=\"1976\" data-end=\"1997\">\n<p data-start=\"1978\" data-end=\"1997\">Kalcium: <strong data-start=\"1986\" data-end=\"1995\">3,98%<\/strong><\/p>\n<\/li>\n<\/ul>\n<p data-start=\"1999\" data-end=\"2155\" data-is-last-node=\"\" data-is-only-node=\"\">\ud83d\udc49 <strong data-start=\"2002\" data-end=\"2019\">NAF GastriAid<\/strong> este alegerea perfect\u0103 pentru protec\u021bia zilnic\u0103 a stomacului cailor supu\u0219i stresului, schimb\u0103rilor de furaj sau antrenamentului intens<\/p>","protected":false},"excerpt":{"rendered":"<p class=\"translation-block\">A gyomorfek\u00e9ly jelenl\u00e9te egyre n\u00f6vekv\u0151 tendenci\u00e1t mutat a lovakn\u00e1l \u00e9s nem csak a galopplovak k\u00f6r\u00e9ben. A GastriAid m\u00e1r bizony\u00edtotta mag\u00e1t k\u00fcl\u00f6nf\u00e9le helyzetekben l\u00e9v\u0151 lovakn\u00e1l. Egy ide\u00e1lis v\u00e1laszt\u00e1s, amikor a leghalv\u00e1nyabb gyan\u00faja is felvet\u00fcl a fek\u00e9lyess\u00e9gnek, de m\u00e9g pozit\u00edv klinikai digan\u00f3zis nem mondhat\u00f3 ki, vagy azon helyzetekben, amikor a munk\u00e1ba fogott lovakn\u00e1l csak felmer\u00fcl a kock\u00e1zat t\u00e9nye \u00e9s a tulajdonos szeretne megel\u0151z\u0151 l\u00e9p\u00e9seket tenni.<\/p>","protected":false},"featured_media":477,"comment_status":"open","ping_status":"closed","template":"","meta":{"site-sidebar-layout":"default","site-content-layout":"","ast-site-content-layout":"default","site-content-style":"default","site-sidebar-style":"default","ast-global-header-display":"","ast-banner-title-visibility":"","ast-main-header-display":"","ast-hfb-above-header-display":"","ast-hfb-below-header-display":"","ast-hfb-mobile-header-display":"","site-post-title":"","ast-breadcrumbs-content":"","ast-featured-img":"","footer-sml-layout":"","theme-transparent-header-meta":"default","adv-header-id-meta":"","stick-header-meta":"","header-above-stick-meta":"","header-main-stick-meta":"","header-below-stick-meta":"","astra-migrate-meta-layouts":"set","ast-page-background-enabled":"default","ast-page-background-meta":{"desktop":{"background-color":"var(--ast-global-color-5)","background-image":"","background-repeat":"repeat","background-position":"center center","background-size":"auto","background-attachment":"scroll","background-type":"","background-media":"","overlay-type":"","overlay-color":"","overlay-opacity":"","overlay-gradient":""},"tablet":{"background-color":"","background-image":"","background-repeat":"repeat","background-position":"center center","background-size":"auto","background-attachment":"scroll","background-type":"","background-media":"","overlay-type":"","overlay-color":"","overlay-opacity":"","overlay-gradient":""},"mobile":{"background-color":"","background-image":"","background-repeat":"repeat","background-position":"center center","background-size":"auto","background-attachment":"scroll","background-type":"","background-media":"","overlay-type":"","overlay-color":"","overlay-opacity":"","overlay-gradient":""}},"ast-content-background-meta":{"desktop":{"background-color":"var(--ast-global-color-4)","background-image":"","background-repeat":"repeat","background-position":"center center","background-size":"auto","background-attachment":"scroll","background-type":"","background-media":"","overlay-type":"","overlay-color":"","overlay-opacity":"","overlay-gradient":""},"tablet":{"background-color":"var(--ast-global-color-4)","background-image":"","background-repeat":"repeat","background-position":"center center","background-size":"auto","background-attachment":"scroll","background-type":"","background-media":"","overlay-type":"","overlay-color":"","overlay-opacity":"","overlay-gradient":""},"mobile":{"background-color":"var(--ast-global-color-4)","background-image":"","background-repeat":"repeat","background-position":"center center","background-size":"auto","background-attachment":"scroll","background-type":"","background-media":"","overlay-type":"","overlay-color":"","overlay-opacity":"","overlay-gradient":""}}},"product_brand":[],"product_cat":[42],"product_tag":[],"class_list":{"0":"post-476","1":"product","2":"type-product","3":"status-publish","4":"has-post-thumbnail","6":"product_cat-confort-intestinal-si-absorbtie-optima","7":"desktop-align-left","8":"tablet-align-left","9":"mobile-align-left","11":"first","12":"instock","13":"shipping-taxable","14":"purchasable","15":"product-type-simple"},"jetpack_sharing_enabled":true,"_links":{"self":[{"href":"https:\/\/magazinulmiculcalaret.ro\/hu\/wp-json\/wp\/v2\/product\/476","targetHints":{"allow":["GET"]}}],"collection":[{"href":"https:\/\/magazinulmiculcalaret.ro\/hu\/wp-json\/wp\/v2\/product"}],"about":[{"href":"https:\/\/magazinulmiculcalaret.ro\/hu\/wp-json\/wp\/v2\/types\/product"}],"replies":[{"embeddable":true,"href":"https:\/\/magazinulmiculcalaret.ro\/hu\/wp-json\/wp\/v2\/comments?post=476"}],"wp:featuredmedia":[{"embeddable":true,"href":"https:\/\/magazinulmiculcalaret.ro\/hu\/wp-json\/wp\/v2\/media\/477"}],"wp:attachment":[{"href":"https:\/\/magazinulmiculcalaret.ro\/hu\/wp-json\/wp\/v2\/media?parent=476"}],"wp:term":[{"taxonomy":"product_brand","embeddable":true,"href":"https:\/\/magazinulmiculcalaret.ro\/hu\/wp-json\/wp\/v2\/product_brand?post=476"},{"taxonomy":"product_cat","embeddable":true,"href":"https:\/\/magazinulmiculcalaret.ro\/hu\/wp-json\/wp\/v2\/product_cat?post=476"},{"taxonomy":"product_tag","embeddable":true,"href":"https:\/\/magazinulmiculcalaret.ro\/hu\/wp-json\/wp\/v2\/product_tag?post=476"}],"curies":[{"name":"wp","href":"https:\/\/api.w.org\/{rel}","templated":true}]}}