{"id":484,"date":"2025-10-07T00:19:44","date_gmt":"2025-10-06T21:19:44","guid":{"rendered":"https:\/\/magazinulmiculcalaret.ro\/?post_type=product&#038;p=484"},"modified":"2025-10-07T00:19:44","modified_gmt":"2025-10-06T21:19:44","slug":"naf-instant-biotics-pasta-30-ml","status":"publish","type":"product","link":"https:\/\/magazinulmiculcalaret.ro\/hu\/product\/naf-instant-biotics-pasta-30-ml\/","title":{"rendered":"Instant Biotics paszta 30ml"},"content":{"rendered":"<p data-start=\"0\" data-end=\"80\"><strong data-start=\"0\" data-end=\"78\">NAF Instant Biotics \u2013 probiotikus paszta a b\u00e9lrendszer egyens\u00faly\u00e1\u00e9rt, 30 ml<\/strong><\/p>\n<p data-start=\"82\" data-end=\"460\" class=\"translation-block\">K\u00f6nnyen haszn\u00e1lhat\u00f3 t\u00f6bbadagos fecskend\u0151, amely egy pillanat alatt biztos\u00edtja a pre- \u00e9s probiotikumokat. Adja antibiotikumok, b\u00e9lstressz, f\u00e9reghajt\u00e1s \u00e9s utaz\u00e1s el\u0151tt, k\u00f6zben vagy ut\u00e1n, vagy b\u00e1rmikor, amikor a belek eg\u00e9szs\u00e9ge vesz\u00e9lybe ker\u00fclhet.<\/p>\n<p data-start=\"462\" data-end=\"609\" class=\"translation-block\">FOS \u00e9s MOS prebiotikumokat tartalmaz, em\u00e9szt\u00e9st fokoz\u00f3 \u00e9l\u0151 probiotikus \u00e9leszt\u0151vel a mikrobi\u00f3ma stabilit\u00e1sa \u00e9rdek\u00e9ben.<\/p>\n<hr data-start=\"611\" data-end=\"614\" \/>\n<h3 data-start=\"616\" data-end=\"641\"><strong data-start=\"620\" data-end=\"641\">Aj\u00e1nlott adagol\u00e1s:<\/strong><\/h3>\n<div class=\"_tableContainer_1rjym_1\">\n<div class=\"group _tableWrapper_1rjym_13 flex w-fit flex-col-reverse\" tabindex=\"-1\">\n<table class=\"w-fit min-w-(--thread-content-width)\" data-start=\"643\" data-end=\"878\">\n<thead data-start=\"643\" data-end=\"677\">\n<tr data-start=\"643\" data-end=\"677\">\n<th data-start=\"643\" data-end=\"662\" data-col-size=\"md\">Haszn\u00e1lati utas\u00edt\u00e1s<\/th>\n<th data-start=\"662\" data-end=\"677\" data-col-size=\"sm\">Mennyis\u00e9g<\/th>\n<\/tr>\n<\/thead>\n<tbody data-start=\"715\" data-end=\"878\">\n<tr data-start=\"715\" data-end=\"803\">\n<td data-start=\"715\" data-end=\"785\" data-col-size=\"md\">Cs\u00facsid\u0151, pl. verseny, utaz\u00e1s, b\u00e9lstressz jelei.<\/td>\n<td data-start=\"785\" data-end=\"803\" data-col-size=\"sm\"><strong data-start=\"787\" data-end=\"799\">10 ml\/nap<\/strong><\/td>\n<\/tr>\n<tr data-start=\"804\" data-end=\"878\">\n<td data-start=\"804\" data-end=\"861\" data-col-size=\"md\">Norm\u00e1l haszn\u00e1lat, pl. antibiotikumok vagy f\u00e9reghajt\u00e1s ut\u00e1n.<\/td>\n<td data-start=\"861\" data-end=\"878\" data-col-size=\"sm\"><strong data-start=\"863\" data-end=\"874\">5 ml\/nap<\/strong><\/td>\n<\/tr>\n<\/tbody>\n<\/table>\n<\/div>\n<\/div>\n<hr data-start=\"880\" data-end=\"883\" \/>\n<h3 data-start=\"885\" data-end=\"904\"><strong data-start=\"889\" data-end=\"904\">\u00d6sszet\u00e9tel<\/strong><\/h3>\n<p data-start=\"905\" data-end=\"1001\">Sz\u00f3jababolaj , Tejsav\u00f3porok, Dextr\u00f3z, Frukto-oligoszacharidok (FOS 4%), \u00c9leszt\u0151 term\u00e9kek (MOS 3%).<\/p>\n<hr data-start=\"1003\" data-end=\"1006\" \/>\n<h3 data-start=\"1008\" data-end=\"1035\"><strong data-start=\"1012\" data-end=\"1033\">Adal\u00e9kanyagok (kilogrammonk\u00e9nt)<\/strong><\/h3>\n<p data-start=\"1036\" data-end=\"1148\"><strong data-start=\"1036\" data-end=\"1075\">Em\u00e9szthet\u0151s\u00e9g fokoz\u00f3:<\/strong><br data-start=\"1075\" data-end=\"1078\" \/><em data-start=\"1078\" data-end=\"1104\">Saccharomyces cerevisiae<\/em> CNCM I-4407 (4b1702) \u2013 <strong data-start=\"1128\" data-end=\"1146\">2,1 x 10\u00b9\u00b2 cfu<\/strong><\/p>\n<hr data-start=\"1150\" data-end=\"1153\" \/>\n<h3 data-start=\"1155\" data-end=\"1186\"><strong data-start=\"1159\" data-end=\"1184\">Analitikai \u00f6sszetev\u0151k<\/strong><\/h3>\n<ul data-start=\"1187\" data-end=\"1369\">\n<li data-start=\"1187\" data-end=\"1215\">\n<p data-start=\"1189\" data-end=\"1215\">Nyers feh\u00e9rje: <strong data-start=\"1205\" data-end=\"1213\">9,5%<\/strong><\/p>\n<\/li>\n<li data-start=\"1216\" data-end=\"1255\">\n<p data-start=\"1218\" data-end=\"1255\">Nyers olaj gy\u00e1rt\u00e1sa: <strong data-start=\"1244\" data-end=\"1253\">55,1%<\/strong><\/p>\n<\/li>\n<li data-start=\"1256\" data-end=\"1282\">\n<p data-start=\"1258\" data-end=\"1282\">Nyers hamu: <strong data-start=\"1272\" data-end=\"1280\">4,0%<\/strong><\/p>\n<\/li>\n<li data-start=\"1283\" data-end=\"1308\">\n<p data-start=\"1285\" data-end=\"1308\">Nyers rost: <strong data-start=\"1298\" data-end=\"1306\">1,3%<\/strong><\/p>\n<\/li>\n<li data-start=\"1309\" data-end=\"1348\">\n<p data-start=\"1311\" data-end=\"1348\">Savban oldhatatlan hamu <strong data-start=\"1338\" data-end=\"1346\">2,7%<\/strong><\/p>\n<\/li>\n<li data-start=\"1349\" data-end=\"1369\">\n<p data-start=\"1351\" data-end=\"1369\">N\u00e1trium: <strong data-start=\"1358\" data-end=\"1367\">0,08%<\/strong><\/p>\n<\/li>\n<\/ul>\n<p data-start=\"1371\" data-end=\"1496\" data-is-last-node=\"\" data-is-only-node=\"\">\ud83d\udc49 <strong data-start=\"1374\" data-end=\"1397\">NAF Instant Biotics<\/strong> - a gyors megold\u00e1s a b\u00e9lrendszer egyens\u00faly\u00e1nak helyre\u00e1ll\u00edt\u00e1s\u00e1ra \u00e9s az em\u00e9szt\u00e9s t\u00e1mogat\u00e1s\u00e1ra lovak \u00e9s p\u00f3nik sz\u00e1m\u00e1ra.<\/p>","protected":false},"excerpt":{"rendered":"<p class=\"translation-block\">K\u00f6nnyen haszn\u00e1lhat\u00f3 t\u00f6bbadagos fecskend\u0151, amely egy pillanat alatt biztos\u00edtja a pre- \u00e9s probiotikumokat. Adja antibiotikumok, b\u00e9lstressz, f\u00e9reghajt\u00e1s \u00e9s utaz\u00e1s el\u0151tt, k\u00f6zben vagy ut\u00e1n, vagy b\u00e1rmikor, amikor a belek eg\u00e9szs\u00e9ge vesz\u00e9lybe ker\u00fclhet.<\/p>","protected":false},"featured_media":485,"comment_status":"open","ping_status":"closed","template":"","meta":{"site-sidebar-layout":"default","site-content-layout":"","ast-site-content-layout":"default","site-content-style":"default","site-sidebar-style":"default","ast-global-header-display":"","ast-banner-title-visibility":"","ast-main-header-display":"","ast-hfb-above-header-display":"","ast-hfb-below-header-display":"","ast-hfb-mobile-header-display":"","site-post-title":"","ast-breadcrumbs-content":"","ast-featured-img":"","footer-sml-layout":"","theme-transparent-header-meta":"default","adv-header-id-meta":"","stick-header-meta":"","header-above-stick-meta":"","header-main-stick-meta":"","header-below-stick-meta":"","astra-migrate-meta-layouts":"set","ast-page-background-enabled":"default","ast-page-background-meta":{"desktop":{"background-color":"var(--ast-global-color-5)","background-image":"","background-repeat":"repeat","background-position":"center center","background-size":"auto","background-attachment":"scroll","background-type":"","background-media":"","overlay-type":"","overlay-color":"","overlay-opacity":"","overlay-gradient":""},"tablet":{"background-color":"","background-image":"","background-repeat":"repeat","background-position":"center center","background-size":"auto","background-attachment":"scroll","background-type":"","background-media":"","overlay-type":"","overlay-color":"","overlay-opacity":"","overlay-gradient":""},"mobile":{"background-color":"","background-image":"","background-repeat":"repeat","background-position":"center center","background-size":"auto","background-attachment":"scroll","background-type":"","background-media":"","overlay-type":"","overlay-color":"","overlay-opacity":"","overlay-gradient":""}},"ast-content-background-meta":{"desktop":{"background-color":"var(--ast-global-color-4)","background-image":"","background-repeat":"repeat","background-position":"center center","background-size":"auto","background-attachment":"scroll","background-type":"","background-media":"","overlay-type":"","overlay-color":"","overlay-opacity":"","overlay-gradient":""},"tablet":{"background-color":"var(--ast-global-color-4)","background-image":"","background-repeat":"repeat","background-position":"center center","background-size":"auto","background-attachment":"scroll","background-type":"","background-media":"","overlay-type":"","overlay-color":"","overlay-opacity":"","overlay-gradient":""},"mobile":{"background-color":"var(--ast-global-color-4)","background-image":"","background-repeat":"repeat","background-position":"center center","background-size":"auto","background-attachment":"scroll","background-type":"","background-media":"","overlay-type":"","overlay-color":"","overlay-opacity":"","overlay-gradient":""}}},"product_brand":[],"product_cat":[42],"product_tag":[],"class_list":{"0":"post-484","1":"product","2":"type-product","3":"status-publish","4":"has-post-thumbnail","6":"product_cat-confort-intestinal-si-absorbtie-optima","7":"desktop-align-left","8":"tablet-align-left","9":"mobile-align-left","11":"first","12":"instock","13":"shipping-taxable","14":"purchasable","15":"product-type-simple"},"jetpack_sharing_enabled":true,"_links":{"self":[{"href":"https:\/\/magazinulmiculcalaret.ro\/hu\/wp-json\/wp\/v2\/product\/484","targetHints":{"allow":["GET"]}}],"collection":[{"href":"https:\/\/magazinulmiculcalaret.ro\/hu\/wp-json\/wp\/v2\/product"}],"about":[{"href":"https:\/\/magazinulmiculcalaret.ro\/hu\/wp-json\/wp\/v2\/types\/product"}],"replies":[{"embeddable":true,"href":"https:\/\/magazinulmiculcalaret.ro\/hu\/wp-json\/wp\/v2\/comments?post=484"}],"wp:featuredmedia":[{"embeddable":true,"href":"https:\/\/magazinulmiculcalaret.ro\/hu\/wp-json\/wp\/v2\/media\/485"}],"wp:attachment":[{"href":"https:\/\/magazinulmiculcalaret.ro\/hu\/wp-json\/wp\/v2\/media?parent=484"}],"wp:term":[{"taxonomy":"product_brand","embeddable":true,"href":"https:\/\/magazinulmiculcalaret.ro\/hu\/wp-json\/wp\/v2\/product_brand?post=484"},{"taxonomy":"product_cat","embeddable":true,"href":"https:\/\/magazinulmiculcalaret.ro\/hu\/wp-json\/wp\/v2\/product_cat?post=484"},{"taxonomy":"product_tag","embeddable":true,"href":"https:\/\/magazinulmiculcalaret.ro\/hu\/wp-json\/wp\/v2\/product_tag?post=484"}],"curies":[{"name":"wp","href":"https:\/\/api.w.org\/{rel}","templated":true}]}}