{"id":489,"date":"2025-10-07T00:23:37","date_gmt":"2025-10-06T21:23:37","guid":{"rendered":"https:\/\/magazinulmiculcalaret.ro\/?post_type=product&#038;p=489"},"modified":"2025-10-07T00:23:37","modified_gmt":"2025-10-06T21:23:37","slug":"optimum-feed-balancer-3-7kg","status":"publish","type":"product","link":"https:\/\/magazinulmiculcalaret.ro\/hu\/product\/optimum-feed-balancer-3-7kg\/","title":{"rendered":"Optimum Feed Balancer 3.7kg"},"content":{"rendered":"<div class=\"ast-oembed-container\" style=\"height: 100%;\"><iframe title=\"NAF \u00d6t Csillag Optim\u00e1lis\" width=\"500\" height=\"281\" src=\"https:\/\/www.youtube.com\/embed\/qecYy7I69_0?feature=oembed\" frameborder=\"0\" allow=\"accelerometer; autoplay; clipboard-write; encrypted-media; gyroscope; picture-in-picture; web-share\" referrerpolicy=\"strict-origin-when-cross-origin\" allowfullscreen><\/iframe><\/div>\n<p data-start=\"0\" data-end=\"66\"><strong data-start=\"0\" data-end=\"64\">NAF Optimum \u2013 teljes \u00e9rt\u00e9k\u0171 kieg\u00e9sz\u00edt\u0151 minden l\u00f3t\u00edpus sz\u00e1m\u00e1ra<\/strong><\/p>\n<p data-start=\"68\" data-end=\"307\" class=\"translation-block\">Minden l\u00f3 sz\u00e1m\u00e1ra t\u00f6k\u00e9letes kieg\u00e9sz\u00edt\u0151. Az OPTIMUM \u00fagy lett kialak\u00edtva, hogy kieg\u00e9sz\u00edtse a rostban gazdag, alacsony koncentr\u00e1tumtartalm\u00fa vagy teljes\u00edtm\u00e9nyt ny\u00fajt\u00f3 \u00e9trendet, \u00e9s optimaliz\u00e1lja minden napi takarm\u00e1nyadag t\u00e1p\u00e9rt\u00e9k\u00e9t.<\/p>\n<p data-start=\"309\" data-end=\"538\" class=\"translation-block\">Minden koncentr\u00e1lt \u00edzletes pellet kulcsfontoss\u00e1g\u00fa \u00f6sszetev\u0151ket tartalmaz a b\u00e9lm\u0171k\u00f6d\u00e9s optimaliz\u00e1l\u00e1sa \u00e9rdek\u00e9ben, kombin\u00e1lva az optim\u00e1lis t\u00e1pl\u00e1l\u00e9k-kieg\u00e9sz\u00edt\u0151 specifik\u00e1ci\u00f3val, amely t\u00f6k\u00e9letesen egyens\u00falyba hozza a rostban gazdag, alacsony koncentr\u00e1tumot vagy teljes\u00edtm\u00e9nyt ny\u00fajt\u00f3 \u00e9trendet.<\/p>\n<p data-start=\"540\" data-end=\"691\" class=\"translation-block\">Ha nincs sz\u00fcks\u00e9g napi takarm\u00e1nyoz\u00e1sra, az OPTIMUM egyszer\u0171en \u00f6nmag\u00e1ban is adhat\u00f3.<\/p>\n<hr data-start=\"693\" data-end=\"696\" \/>\n<h3 data-start=\"698\" data-end=\"717\"><strong data-start=\"702\" data-end=\"717\">\u00d6sszet\u00e9tel<\/strong><\/h3>\n<p data-start=\"718\" data-end=\"1096\">Lucerna (magas h\u0151m\u00e9rs\u00e9kleten sz\u00e1r\u00edtott), kalcium-karbon\u00e1t, b\u00faza takarm\u00e1ny, s\u00f6r\u00e9leszt\u0151, kukorica, menta, gy\u00f6mb\u00e9r, repceolaj, monokalcium-foszf\u00e1t, n\u00e1trium-klorid, pitypanglev\u00e9l, frukto-oligoszacharidok, elecampane, \u00e9desgy\u00f6k\u00e9r, \u00e9leszt\u0151s term\u00e9k, chicory inulin , N\u00f6v\u00e9nyi olaj (lenmag, rspo p\u00e1lma, k\u00f3kuszdi\u00f3), magn\u00e9zium-oxid, kalcium-sztear\u00e1t.<\/p>\n<hr data-start=\"1098\" data-end=\"1101\" \/>\n<h3 data-start=\"1103\" data-end=\"1131\"><strong data-start=\"1107\" data-end=\"1131\">Aminosavak<\/strong><\/h3>\n<ul data-start=\"1132\" data-end=\"1249\">\n<li data-start=\"1132\" data-end=\"1170\">\n<p data-start=\"1134\" data-end=\"1170\" class=\"translation-block\">DL-metionin 3c301\t1.030 mg<\/p>\n<\/li>\n<li data-start=\"1171\" data-end=\"1221\">\n<p data-start=\"1173\" data-end=\"1221\" class=\"translation-block\">L-lizin-monohidroklorid 3c222\t2.060 mg<\/p>\n<\/li>\n<li data-start=\"1222\" data-end=\"1249\">\n<p data-start=\"1224\" data-end=\"1249\" class=\"translation-block\">Glutamin\t 4.910 mg<\/p>\n<\/li>\n<\/ul>\n<hr data-start=\"1251\" data-end=\"1254\" \/>\n<h3 data-start=\"1256\" data-end=\"1287\"><strong data-start=\"1260\" data-end=\"1287\">Nyomelemek<\/strong><\/h3>\n<ul data-start=\"1288\" data-end=\"1561\">\n<li data-start=\"1288\" data-end=\"1338\">\n<p data-start=\"1290\" data-end=\"1338\">J\u00f3d (3b202, kalcium-jod\u00e1t, v\u00edzmentes): <strong data-start=\"1325\" data-end=\"1336\">4,12 mg<\/strong><\/p>\n<\/li>\n<li data-start=\"1339\" data-end=\"1402\">\n<p data-start=\"1341\" data-end=\"1402\">R\u00e9z (3b405, szulf\u00e1t a r\u00e9z (II) - szulf\u00e1t-pentahidr\u00e1t): <strong data-start=\"1390\" data-end=\"1400\">800 mg<\/strong><\/p>\n<\/li>\n<li data-start=\"1403\" data-end=\"1454\">\n<p data-start=\"1405\" data-end=\"1454\">Mang\u00e1n (3b502, vas-oxid, mang\u00e1n (II)): <strong data-start=\"1442\" data-end=\"1452\">412 mg<\/strong><\/p>\n<\/li>\n<li data-start=\"1455\" data-end=\"1516\">\n<p data-start=\"1457\" data-end=\"1516\">Szel\u00e9n (3b810, selenised \u00e9leszt\u0151 inaktiv\u00e1lt): <strong data-start=\"1503\" data-end=\"1514\">1,65 mg<\/strong><\/p>\n<\/li>\n<li data-start=\"1517\" data-end=\"1561\">\n<p data-start=\"1519\" data-end=\"1561\">Cink (3b603 cink-oxid, cink): <strong data-start=\"1547\" data-end=\"1559\">2.240 mg<\/strong><\/p>\n<\/li>\n<\/ul>\n<hr data-start=\"1563\" data-end=\"1566\" \/>\n<h3 data-start=\"1568\" data-end=\"1594\"><strong data-start=\"1572\" data-end=\"1594\">Vitaminok (per kg):<\/strong><\/h3>\n<ul data-start=\"1595\" data-end=\"2076\">\n<li data-start=\"1595\" data-end=\"1626\">\n<p data-start=\"1597\" data-end=\"1626\">Biotin (3a880): <strong data-start=\"1614\" data-end=\"1624\">A 6.6 mg<\/strong><\/p>\n<\/li>\n<li data-start=\"1627\" data-end=\"1684\">\n<p data-start=\"1629\" data-end=\"1684\">Vitamin B5 (3a841, calcium pantothenate): <strong data-start=\"1672\" data-end=\"1682\">112 mg<\/strong><\/p>\n<\/li>\n<li data-start=\"1685\" data-end=\"1723\">\n<p data-start=\"1687\" data-end=\"1723\">Kolin-klorid (3a890): <strong data-start=\"1711\" data-end=\"1721\">412 mg<\/strong><\/p>\n<\/li>\n<li data-start=\"1724\" data-end=\"1759\">\n<p data-start=\"1726\" data-end=\"1759\">Folsav (3a316): <strong data-start=\"1746\" data-end=\"1757\">A 30.9 mg<\/strong><\/p>\n<\/li>\n<li data-start=\"1760\" data-end=\"1795\">\n<p data-start=\"1762\" data-end=\"1795\">Niacinamid (3a315): <strong data-start=\"1783\" data-end=\"1793\">182 mg<\/strong><\/p>\n<\/li>\n<li data-start=\"1796\" data-end=\"1834\">\n<p data-start=\"1798\" data-end=\"1834\">A-Vitamin (3a672a): <strong data-start=\"1819\" data-end=\"1832\">61.900 UI<\/strong><\/p>\n<\/li>\n<li data-start=\"1835\" data-end=\"1870\">\n<p data-start=\"1837\" data-end=\"1870\">B1-Vitamin (3a821): <strong data-start=\"1858\" data-end=\"1868\">103 mg<\/strong><\/p>\n<\/li>\n<li data-start=\"1871\" data-end=\"1899\">\n<p data-start=\"1873\" data-end=\"1899\">B12-Vitamin: <strong data-start=\"1887\" data-end=\"1897\">686 mg<\/strong><\/p>\n<\/li>\n<li data-start=\"1900\" data-end=\"1928\">\n<p data-start=\"1902\" data-end=\"1928\">A B2-Vitamin: <strong data-start=\"1915\" data-end=\"1926\">68,9 mg<\/strong><\/p>\n<\/li>\n<li data-start=\"1929\" data-end=\"1965\">\n<p data-start=\"1931\" data-end=\"1965\">B6-Vitamin (3a831): <strong data-start=\"1952\" data-end=\"1963\">41,2 mg<\/strong><\/p>\n<\/li>\n<li data-start=\"1966\" data-end=\"2004\">\n<p data-start=\"1968\" data-end=\"2004\">A D3-Vitamin (3a671): <strong data-start=\"1989\" data-end=\"2002\">A 10 300 a felhaszn\u00e1l\u00f3i fel\u00fcleten<\/strong><\/p>\n<\/li>\n<li data-start=\"2005\" data-end=\"2041\">\n<p data-start=\"2007\" data-end=\"2041\">E-Vitamin (3a700): <strong data-start=\"2027\" data-end=\"2039\">A 1,750 IU<\/strong><\/p>\n<\/li>\n<li data-start=\"2042\" data-end=\"2076\">\n<p data-start=\"2044\" data-end=\"2076\">K3-Vitamin (3a711): <strong data-start=\"2065\" data-end=\"2074\">35 mg<\/strong><\/p>\n<\/li>\n<\/ul>\n<hr data-start=\"2078\" data-end=\"2081\" \/>\n<p data-start=\"2083\" data-end=\"2191\" data-is-last-node=\"\" data-is-only-node=\"\">\ud83d\udc49 <strong data-start=\"2086\" data-end=\"2101\">NAF Optim\u00e1lis<\/strong> \u2013 kiegyens\u00falyozott t\u00e1pl\u00e1lkoz\u00e1s, hat\u00e9kony, em\u00e9szt\u00e9s, \u00e9leter\u0151, minden nap, minden t\u00edpus\u00fa l\u00f3!<\/p>","protected":false},"excerpt":{"rendered":"<p data-start=\"68\" data-end=\"307\" class=\"translation-block\">Minden l\u00f3 sz\u00e1m\u00e1ra t\u00f6k\u00e9letes kieg\u00e9sz\u00edt\u0151. Az OPTIMUM \u00fagy lett kialak\u00edtva, hogy kieg\u00e9sz\u00edtse a rostban gazdag, alacsony koncentr\u00e1tumtartalm\u00fa vagy teljes\u00edtm\u00e9nyt ny\u00fajt\u00f3 \u00e9trendet, \u00e9s optimaliz\u00e1lja minden napi takarm\u00e1nyadag t\u00e1p\u00e9rt\u00e9k\u00e9t.<\/p>\n<p data-start=\"309\" data-end=\"538\" class=\"translation-block\">Minden koncentr\u00e1lt \u00edzletes pellet kulcsfontoss\u00e1g\u00fa \u00f6sszetev\u0151ket tartalmaz a b\u00e9lm\u0171k\u00f6d\u00e9s optimaliz\u00e1l\u00e1sa \u00e9rdek\u00e9ben, kombin\u00e1lva az optim\u00e1lis t\u00e1pl\u00e1l\u00e9k-kieg\u00e9sz\u00edt\u0151 specifik\u00e1ci\u00f3val, amely t\u00f6k\u00e9letesen egyens\u00falyba hozza a rostban gazdag, alacsony koncentr\u00e1tumot vagy teljes\u00edtm\u00e9nyt ny\u00fajt\u00f3 \u00e9trendet.<\/p>","protected":false},"featured_media":492,"comment_status":"open","ping_status":"closed","template":"","meta":{"site-sidebar-layout":"default","site-content-layout":"","ast-site-content-layout":"default","site-content-style":"default","site-sidebar-style":"default","ast-global-header-display":"","ast-banner-title-visibility":"","ast-main-header-display":"","ast-hfb-above-header-display":"","ast-hfb-below-header-display":"","ast-hfb-mobile-header-display":"","site-post-title":"","ast-breadcrumbs-content":"","ast-featured-img":"","footer-sml-layout":"","theme-transparent-header-meta":"default","adv-header-id-meta":"","stick-header-meta":"","header-above-stick-meta":"","header-main-stick-meta":"","header-below-stick-meta":"","astra-migrate-meta-layouts":"set","ast-page-background-enabled":"default","ast-page-background-meta":{"desktop":{"background-color":"var(--ast-global-color-5)","background-image":"","background-repeat":"repeat","background-position":"center center","background-size":"auto","background-attachment":"scroll","background-type":"","background-media":"","overlay-type":"","overlay-color":"","overlay-opacity":"","overlay-gradient":""},"tablet":{"background-color":"","background-image":"","background-repeat":"repeat","background-position":"center center","background-size":"auto","background-attachment":"scroll","background-type":"","background-media":"","overlay-type":"","overlay-color":"","overlay-opacity":"","overlay-gradient":""},"mobile":{"background-color":"","background-image":"","background-repeat":"repeat","background-position":"center center","background-size":"auto","background-attachment":"scroll","background-type":"","background-media":"","overlay-type":"","overlay-color":"","overlay-opacity":"","overlay-gradient":""}},"ast-content-background-meta":{"desktop":{"background-color":"var(--ast-global-color-4)","background-image":"","background-repeat":"repeat","background-position":"center center","background-size":"auto","background-attachment":"scroll","background-type":"","background-media":"","overlay-type":"","overlay-color":"","overlay-opacity":"","overlay-gradient":""},"tablet":{"background-color":"var(--ast-global-color-4)","background-image":"","background-repeat":"repeat","background-position":"center center","background-size":"auto","background-attachment":"scroll","background-type":"","background-media":"","overlay-type":"","overlay-color":"","overlay-opacity":"","overlay-gradient":""},"mobile":{"background-color":"var(--ast-global-color-4)","background-image":"","background-repeat":"repeat","background-position":"center center","background-size":"auto","background-attachment":"scroll","background-type":"","background-media":"","overlay-type":"","overlay-color":"","overlay-opacity":"","overlay-gradient":""}}},"product_brand":[],"product_cat":[42],"product_tag":[],"class_list":{"0":"post-489","1":"product","2":"type-product","3":"status-publish","4":"has-post-thumbnail","6":"product_cat-confort-intestinal-si-absorbtie-optima","7":"desktop-align-left","8":"tablet-align-left","9":"mobile-align-left","11":"first","12":"instock","13":"shipping-taxable","14":"purchasable","15":"product-type-simple"},"jetpack_sharing_enabled":true,"_links":{"self":[{"href":"https:\/\/magazinulmiculcalaret.ro\/hu\/wp-json\/wp\/v2\/product\/489","targetHints":{"allow":["GET"]}}],"collection":[{"href":"https:\/\/magazinulmiculcalaret.ro\/hu\/wp-json\/wp\/v2\/product"}],"about":[{"href":"https:\/\/magazinulmiculcalaret.ro\/hu\/wp-json\/wp\/v2\/types\/product"}],"replies":[{"embeddable":true,"href":"https:\/\/magazinulmiculcalaret.ro\/hu\/wp-json\/wp\/v2\/comments?post=489"}],"wp:featuredmedia":[{"embeddable":true,"href":"https:\/\/magazinulmiculcalaret.ro\/hu\/wp-json\/wp\/v2\/media\/492"}],"wp:attachment":[{"href":"https:\/\/magazinulmiculcalaret.ro\/hu\/wp-json\/wp\/v2\/media?parent=489"}],"wp:term":[{"taxonomy":"product_brand","embeddable":true,"href":"https:\/\/magazinulmiculcalaret.ro\/hu\/wp-json\/wp\/v2\/product_brand?post=489"},{"taxonomy":"product_cat","embeddable":true,"href":"https:\/\/magazinulmiculcalaret.ro\/hu\/wp-json\/wp\/v2\/product_cat?post=489"},{"taxonomy":"product_tag","embeddable":true,"href":"https:\/\/magazinulmiculcalaret.ro\/hu\/wp-json\/wp\/v2\/product_tag?post=489"}],"curies":[{"name":"wp","href":"https:\/\/api.w.org\/{rel}","templated":true}]}}