{"id":504,"date":"2025-10-08T19:43:19","date_gmt":"2025-10-08T16:43:19","guid":{"rendered":"https:\/\/magazinulmiculcalaret.ro\/?post_type=product&#038;p=504"},"modified":"2025-10-08T19:43:19","modified_gmt":"2025-10-08T16:43:19","slug":"respirator-boost-liquid-1-liter","status":"publish","type":"product","link":"https:\/\/magazinulmiculcalaret.ro\/hu\/product\/respirator-boost-liquid-1-liter\/","title":{"rendered":"Respirator Boost Liquid 1 liter"},"content":{"rendered":"<p data-start=\"0\" data-end=\"84\"><strong data-start=\"0\" data-end=\"82\">NAF Respirator \u2013 Supliment lichid pentru respira\u021bie u\u0219oar\u0103 \u0219i pl\u0103m\u00e2ni s\u0103n\u0103to\u0219i<\/strong><\/p>\n<p data-start=\"86\" data-end=\"368\" class=\"translation-block\">Adagol\u00e1s\u00e1val cs\u00f6kkenthet\u0151 lovunk neh\u00e9zl\u00e9gz\u00e9se, gyakori k\u00f6h\u00f6g\u00e9se \u00e9s l\u00e9gszomja. Pollenalergi\u00e1ra is javasoljuk, hogy lovunk szabadabban l\u00e9legezhessen<\/p>\n<p data-start=\"370\" data-end=\"684\" class=\"translation-block\">A modern ist\u00e1ll\u00f3z\u00e1si \u00e9s takarm\u00e1nyoz\u00e1si technik\u00e1nak velej\u00e1r\u00f3ja, hogy nagy m\u00e9rt\u00e9kben halmoz\u00f3dnak fel a l\u00f3 t\u00fcdej\u00e9ben \u00e9s a l\u00e9gutakban a leveg\u0151ben szabadon sz\u00e1ll\u00f3 por \u00e9s gombasp\u00f3r\u00e1k. Ezek irrit\u00e1lj\u00e1k a l\u00e9gutak \u00e9rz\u00e9keny ny\u00e1lkah\u00e1rty\u00e1j\u00e1t, nehez\u00edtve ezzel a l\u00f3 l\u00e9gz\u00e9s\u00e9t. A Respirator a benne l\u00e9v\u0151 antioxid\u00e1nsok r\u00e9v\u00e9n \u00e9rt\u00e9kes t\u00e1mogat\u00e1st ny\u00fajt lovunk immunrendszer\u00e9nek a t\u00fcd\u0151t k\u00f6r\u00fclvev\u0151 kapill\u00e1ris ereknek.<\/p>\n<p data-start=\"686\" data-end=\"885\" class=\"translation-block\">A t\u00fcd\u0151 eg\u00e9szs\u00e9ges m\u0171k\u00f6d\u00e9s\u00e9t t\u00e1mogatj\u00e1k a Respiratorban l\u00e9v\u0151 gy\u00f3gyn\u00f6v\u00e9nyek: gy\u00f6mb\u00e9r, csipkebogy\u00f3, fekete \u00e1fonya \u00e9s echinacea. Az esszenci\u00e1lis ill\u00f3olajak pedig seg\u00edtik a l\u00e9gutak tiszta \u00e1tj\u00e1rhat\u00f3s\u00e1g\u00e1t.<\/p>\n<hr data-start=\"887\" data-end=\"890\" \/>\n<h3 data-start=\"892\" data-end=\"910\"><strong data-start=\"896\" data-end=\"910\">El\u0151ny\u00f6k:<\/strong><\/h3>\n<ul data-start=\"911\" data-end=\"1154\">\n<li data-start=\"911\" data-end=\"956\">\n<p data-start=\"913\" data-end=\"956\">Cs\u00f6kkenti a k\u00f6h\u00f6g\u00e9st \u00e9s seg\u00edti a k\u00f6nny\u0171 l\u00e9gz\u00e9st<\/p>\n<\/li>\n<li data-start=\"957\" data-end=\"1022\">\n<p data-start=\"959\" data-end=\"1022\" class=\"translation-block\">Ide\u00e1lis l\u00e9g\u00fati allergi\u00e1k \u00e9s az ist\u00e1ll\u00f3 pora eset\u00e9n<\/p>\n<\/li>\n<li data-start=\"1023\" data-end=\"1094\">\n<p data-start=\"1025\" data-end=\"1094\">Antioxid\u00e1nsokat \u00e9s a t\u00fcd\u0151t v\u00e9d\u0151 hat\u00e1s\u00fa gy\u00f3gyn\u00f6v\u00e9nyeket tartalmaz<\/p>\n<\/li>\n<li data-start=\"1095\" data-end=\"1154\">\n<p data-start=\"1097\" data-end=\"1154\">T\u00e1mogatja az immunrendszert \u00e9s a t\u00fcd\u0151 mikrokering\u00e9s\u00e9t<\/p>\n<\/li>\n<\/ul>\n<hr data-start=\"1156\" data-end=\"1159\" \/>\n<h3 data-start=\"1161\" data-end=\"1189\"><strong data-start=\"1165\" data-end=\"1189\">Alkalmaz\u00e1si m\u00f3d:<\/strong><\/h3>\n<div class=\"_tableContainer_1rjym_1\">\n<div class=\"group _tableWrapper_1rjym_13 flex w-fit flex-col-reverse\" tabindex=\"-1\">\n<table class=\"w-fit min-w-(--thread-content-width)\" data-start=\"1191\" data-end=\"1316\">\n<thead data-start=\"1191\" data-end=\"1215\">\n<tr data-start=\"1191\" data-end=\"1215\">\n<th data-start=\"1191\" data-end=\"1206\" data-col-size=\"sm\">Lovak \u00e9s p\u00f3nik<\/th>\n<th data-start=\"1206\" data-end=\"1215\" data-col-size=\"sm\">ml \/ nap:<\/th>\n<\/tr>\n<\/thead>\n<tbody data-start=\"1242\" data-end=\"1316\">\n<tr data-start=\"1242\" data-end=\"1284\">\n<td data-start=\"1242\" data-end=\"1272\" data-col-size=\"sm\">Kezd\u0151 adag (1-10 nap)<\/td>\n<td data-start=\"1272\" data-end=\"1284\" data-col-size=\"sm\">60\u201390 ml<\/td>\n<\/tr>\n<tr data-start=\"1285\" data-end=\"1316\">\n<td data-start=\"1285\" data-end=\"1307\" data-col-size=\"sm\">Norm\u00e1l napi sz\u00fcks\u00e9glet<\/td>\n<td data-start=\"1307\" data-end=\"1316\" data-col-size=\"sm\">30 ml<\/td>\n<\/tr>\n<\/tbody>\n<\/table>\n<\/div>\n<\/div>\n<hr data-start=\"1318\" data-end=\"1321\" \/>\n<h3 data-start=\"1323\" data-end=\"1342\"><strong data-start=\"1327\" data-end=\"1342\">\u00d6sszet\u00e9tel<\/strong><\/h3>\n<p data-start=\"1343\" data-end=\"1391\">Glicerin, Dextr\u00f3z, Repceolaj (finom\u00edtott).<\/p>\n<hr data-start=\"1393\" data-end=\"1396\" \/>\n<h3 data-start=\"1398\" data-end=\"1423\"><strong data-start=\"1402\" data-end=\"1423\">Adal\u00e9kanyagok (kilogrammonk\u00e9nt)<\/strong><\/h3>\n<p data-start=\"1425\" data-end=\"1440\"><strong data-start=\"1425\" data-end=\"1438\">Vitaminok:<\/strong><\/p>\n<ul data-start=\"1441\" data-end=\"1515\">\n<li data-start=\"1441\" data-end=\"1478\">\n<p data-start=\"1443\" data-end=\"1478\">C-Vitamin (3a300): <strong data-start=\"1463\" data-end=\"1476\">A 65,000-mg<\/strong><\/p>\n<\/li>\n<li data-start=\"1479\" data-end=\"1515\">\n<p data-start=\"1481\" data-end=\"1515\">K3-Vitamin (3a711): <strong data-start=\"1502\" data-end=\"1513\">52,6 mg<\/strong><\/p>\n<\/li>\n<\/ul>\n<p data-start=\"1517\" data-end=\"1573\"><strong data-start=\"1517\" data-end=\"1571\">Adal\u00e9kanyagok (kilogrammonk\u00e9nt)<\/strong><\/p>\n<ul data-start=\"1574\" data-end=\"1947\">\n<li data-start=\"1574\" data-end=\"1608\">\n<p data-start=\"1576\" data-end=\"1608\">\u00c1fonya tinkt\u00fara\t27 ml<\/p>\n<\/li>\n<li data-start=\"1609\" data-end=\"1648\">\n<p data-start=\"1611\" data-end=\"1648\">Szegf\u0171szeg lev\u00e9l olaj\t350 mg<\/p>\n<\/li>\n<li data-start=\"1649\" data-end=\"1682\">\n<p data-start=\"1651\" data-end=\"1682\">Echinacea tinkt\u00fara\t20 ml<\/p>\n<\/li>\n<li data-start=\"1683\" data-end=\"1712\">\n<p data-start=\"1685\" data-end=\"1712\">Eukaliptusz olaj\t350 mg<\/p>\n<\/li>\n<li data-start=\"1713\" data-end=\"1746\">\n<p data-start=\"1715\" data-end=\"1746\">Gy\u00f6mb\u00e9r tinkt\u00fara\t68,7 ml<\/p>\n<\/li>\n<li data-start=\"1747\" data-end=\"1779\">\n<p data-start=\"1749\" data-end=\"1779\">Ginkgo tinkt\u00fara\t68,7 ml<\/p>\n<\/li>\n<li data-start=\"1780\" data-end=\"1815\">\n<p data-start=\"1782\" data-end=\"1815\">\u00c9desgy\u00f6k\u00e9r tinkt\u00fara\t7,80 ml<\/p>\n<\/li>\n<li data-start=\"1816\" data-end=\"1849\">\n<p data-start=\"1818\" data-end=\"1849\">Oreg\u00e1n\u00f3 tinkt\u00fara\t2,08 ml<\/p>\n<\/li>\n<li data-start=\"1850\" data-end=\"1882\">\n<p data-start=\"1852\" data-end=\"1882\">R\u00f3zsa (csipkebogy\u00f3) tinkt\u00fara\t62,4 ml<\/p>\n<\/li>\n<li data-start=\"1883\" data-end=\"1912\">\n<p data-start=\"1885\" data-end=\"1912\">Rozmaring olaj\t150 mg<\/p>\n<\/li>\n<li data-start=\"1913\" data-end=\"1947\">\n<p data-start=\"1915\" data-end=\"1947\">Kurkuma tinkt\u00fara\t39,6 ml<\/p>\n<\/li>\n<\/ul>\n<hr data-start=\"1949\" data-end=\"1952\" \/>\n<h3 data-start=\"1954\" data-end=\"1983\"><strong data-start=\"1958\" data-end=\"1983\">Analitikai \u00f6sszetev\u0151k<\/strong><\/h3>\n<ul data-start=\"1984\" data-end=\"2156\">\n<li data-start=\"1984\" data-end=\"2013\">\n<p data-start=\"1986\" data-end=\"2013\">Nyers feh\u00e9rje: <strong data-start=\"2002\" data-end=\"2011\">0,6 %<\/strong><\/p>\n<\/li>\n<li data-start=\"2014\" data-end=\"2053\">\n<p data-start=\"2016\" data-end=\"2053\">Nyers olaj gy\u00e1rt\u00e1sa: <strong data-start=\"2042\" data-end=\"2051\">0,3 %<\/strong><\/p>\n<\/li>\n<li data-start=\"2054\" data-end=\"2081\">\n<p data-start=\"2056\" data-end=\"2081\">Nyers hamu: <strong data-start=\"2070\" data-end=\"2079\">0,5 %<\/strong><\/p>\n<\/li>\n<li data-start=\"2082\" data-end=\"2108\">\n<p data-start=\"2084\" data-end=\"2108\">Nyers rost: <strong data-start=\"2097\" data-end=\"2106\">0,1 %<\/strong><\/p>\n<\/li>\n<li data-start=\"2109\" data-end=\"2134\">\n<p data-start=\"2111\" data-end=\"2134\">Nedvess\u00e9gtartalom: <strong data-start=\"2122\" data-end=\"2132\">87,6 %<\/strong><\/p>\n<\/li>\n<li data-start=\"2135\" data-end=\"2156\">\n<p data-start=\"2137\" data-end=\"2156\">N\u00e1trium: <strong data-start=\"2144\" data-end=\"2154\">0,03 %<\/strong><\/p>\n<\/li>\n<\/ul>","protected":false},"excerpt":{"rendered":"<p class=\"translation-block\">Adagol\u00e1s\u00e1val cs\u00f6kkenthet\u0151 lovunk neh\u00e9zl\u00e9gz\u00e9se, gyakori k\u00f6h\u00f6g\u00e9se \u00e9s l\u00e9gszomja. Pollenalergi\u00e1ra is javasoljuk, hogy lovunk szabadabban l\u00e9legezhessen<\/p>","protected":false},"featured_media":507,"comment_status":"open","ping_status":"closed","template":"","meta":{"site-sidebar-layout":"default","site-content-layout":"","ast-site-content-layout":"default","site-content-style":"default","site-sidebar-style":"default","ast-global-header-display":"","ast-banner-title-visibility":"","ast-main-header-display":"","ast-hfb-above-header-display":"","ast-hfb-below-header-display":"","ast-hfb-mobile-header-display":"","site-post-title":"","ast-breadcrumbs-content":"","ast-featured-img":"","footer-sml-layout":"","theme-transparent-header-meta":"default","adv-header-id-meta":"","stick-header-meta":"","header-above-stick-meta":"","header-main-stick-meta":"","header-below-stick-meta":"","astra-migrate-meta-layouts":"set","ast-page-background-enabled":"default","ast-page-background-meta":{"desktop":{"background-color":"var(--ast-global-color-5)","background-image":"","background-repeat":"repeat","background-position":"center center","background-size":"auto","background-attachment":"scroll","background-type":"","background-media":"","overlay-type":"","overlay-color":"","overlay-opacity":"","overlay-gradient":""},"tablet":{"background-color":"","background-image":"","background-repeat":"repeat","background-position":"center center","background-size":"auto","background-attachment":"scroll","background-type":"","background-media":"","overlay-type":"","overlay-color":"","overlay-opacity":"","overlay-gradient":""},"mobile":{"background-color":"","background-image":"","background-repeat":"repeat","background-position":"center center","background-size":"auto","background-attachment":"scroll","background-type":"","background-media":"","overlay-type":"","overlay-color":"","overlay-opacity":"","overlay-gradient":""}},"ast-content-background-meta":{"desktop":{"background-color":"var(--ast-global-color-4)","background-image":"","background-repeat":"repeat","background-position":"center center","background-size":"auto","background-attachment":"scroll","background-type":"","background-media":"","overlay-type":"","overlay-color":"","overlay-opacity":"","overlay-gradient":""},"tablet":{"background-color":"var(--ast-global-color-4)","background-image":"","background-repeat":"repeat","background-position":"center center","background-size":"auto","background-attachment":"scroll","background-type":"","background-media":"","overlay-type":"","overlay-color":"","overlay-opacity":"","overlay-gradient":""},"mobile":{"background-color":"var(--ast-global-color-4)","background-image":"","background-repeat":"repeat","background-position":"center center","background-size":"auto","background-attachment":"scroll","background-type":"","background-media":"","overlay-type":"","overlay-color":"","overlay-opacity":"","overlay-gradient":""}}},"product_brand":[],"product_cat":[44],"product_tag":[],"class_list":{"0":"post-504","1":"product","2":"type-product","3":"status-publish","4":"has-post-thumbnail","6":"product_cat-cai-respiratorii-libere-pentru-antrenament","7":"desktop-align-left","8":"tablet-align-left","9":"mobile-align-left","11":"first","12":"instock","13":"shipping-taxable","14":"purchasable","15":"product-type-simple"},"jetpack_sharing_enabled":true,"_links":{"self":[{"href":"https:\/\/magazinulmiculcalaret.ro\/hu\/wp-json\/wp\/v2\/product\/504","targetHints":{"allow":["GET"]}}],"collection":[{"href":"https:\/\/magazinulmiculcalaret.ro\/hu\/wp-json\/wp\/v2\/product"}],"about":[{"href":"https:\/\/magazinulmiculcalaret.ro\/hu\/wp-json\/wp\/v2\/types\/product"}],"replies":[{"embeddable":true,"href":"https:\/\/magazinulmiculcalaret.ro\/hu\/wp-json\/wp\/v2\/comments?post=504"}],"wp:featuredmedia":[{"embeddable":true,"href":"https:\/\/magazinulmiculcalaret.ro\/hu\/wp-json\/wp\/v2\/media\/507"}],"wp:attachment":[{"href":"https:\/\/magazinulmiculcalaret.ro\/hu\/wp-json\/wp\/v2\/media?parent=504"}],"wp:term":[{"taxonomy":"product_brand","embeddable":true,"href":"https:\/\/magazinulmiculcalaret.ro\/hu\/wp-json\/wp\/v2\/product_brand?post=504"},{"taxonomy":"product_cat","embeddable":true,"href":"https:\/\/magazinulmiculcalaret.ro\/hu\/wp-json\/wp\/v2\/product_cat?post=504"},{"taxonomy":"product_tag","embeddable":true,"href":"https:\/\/magazinulmiculcalaret.ro\/hu\/wp-json\/wp\/v2\/product_tag?post=504"}],"curies":[{"name":"wp","href":"https:\/\/api.w.org\/{rel}","templated":true}]}}