{"id":508,"date":"2025-10-08T19:44:23","date_gmt":"2025-10-08T16:44:23","guid":{"rendered":"https:\/\/magazinulmiculcalaret.ro\/?post_type=product&#038;p=508"},"modified":"2025-10-08T19:44:24","modified_gmt":"2025-10-08T16:44:24","slug":"easy-breathing-liquid-1-liter","status":"publish","type":"product","link":"https:\/\/magazinulmiculcalaret.ro\/hu\/product\/easy-breathing-liquid-1-liter\/","title":{"rendered":"Easy Breathing Liquid 1 liter"},"content":{"rendered":"<p data-start=\"0\" data-end=\"76\"><strong data-start=\"0\" data-end=\"74\">NAF Easy Breathing Liquid \u2013 Tiszta l\u00e9gutak, nyugodt l\u00e9gz\u00e9s<\/strong><\/p>\n<p data-start=\"78\" data-end=\"452\" class=\"translation-block\">A NAF Easy Breathing Liquid term\u00e9szetes \u00f6sszetev\u0151inek k\u00f6sz\u00f6nhet\u0151en t\u00e1mogatja a lovak l\u00e9gz\u0151rendszer\u00e9nek eg\u00e9szs\u00e9g\u00e9t, k\u00fcl\u00f6n\u00f6sen a poros, pollend\u00fas vagy z\u00e1rt k\u00f6rnyezetben tartott \u00e1llatokn\u00e1l. A gy\u00f3gyn\u00f6v\u00e9nyek gondosan \u00f6sszev\u00e1logatott kever\u00e9ke seg\u00edt tiszt\u00e1n tartani a l\u00e9gutakat, megk\u00f6nny\u00edti a szabad l\u00e9gz\u00e9st \u00e9s hozz\u00e1j\u00e1rul a komfort\u00e9rzet fenntart\u00e1s\u00e1hoz.<\/p>\n<hr data-start=\"454\" data-end=\"457\" \/>\n<h3 data-start=\"459\" data-end=\"477\"><strong data-start=\"463\" data-end=\"477\">El\u0151ny\u00f6k:<\/strong><\/h3>\n<ul data-start=\"478\" data-end=\"741\">\n<li data-start=\"478\" data-end=\"537\">\n<p data-start=\"480\" data-end=\"537\">Term\u00e9szetes gy\u00f3gyn\u00f6v\u00e9nyekkel seg\u00edti a l\u00e9gutak tiszt\u00e1n tart\u00e1s\u00e1t<\/p>\n<\/li>\n<li data-start=\"538\" data-end=\"607\">\n<p data-start=\"540\" data-end=\"607\" class=\"translation-block\">T\u00e1mogatja a l\u00e9gz\u00e9s szabads\u00e1g\u00e1t poros k\u00f6rnyezetben \u00e9s legel\u0151n egyar\u00e1nt<\/p>\n<\/li>\n<li data-start=\"608\" data-end=\"676\">\n<p data-start=\"610\" data-end=\"676\" class=\"translation-block\">Ide\u00e1lis a szezon\u00e1lis pollenterhel\u00e9s idej\u00e9n<\/p>\n<\/li>\n<li data-start=\"677\" data-end=\"741\">\n<p data-start=\"679\" data-end=\"741\" class=\"translation-block\">Gyorsan felsz\u00edv\u00f3d\u00f3, foly\u00e9kony forma, k\u00f6nnyen adagolhat\u00f3 a napi takarm\u00e1nyhoz<\/p>\n<\/li>\n<\/ul>\n<hr data-start=\"743\" data-end=\"746\" \/>\n<h3 data-start=\"748\" data-end=\"773\"><strong data-start=\"752\" data-end=\"773\">Haszn\u00e1lat:<\/strong><\/h3>\n<p data-start=\"774\" data-end=\"917\" class=\"translation-block\">Mindennapi kieg\u00e9sz\u00edt\u0151k\u00e9nt alkalmazhat\u00f3 a lovak l\u00e9gz\u0151rendszer\u00e9nek t\u00e1mogat\u00e1s\u00e1ra. K\u00f6nnyen adagolhat\u00f3 a takarm\u00e1nyhoz.<\/p>\n<hr data-start=\"919\" data-end=\"922\" \/>\n<h3 data-start=\"924\" data-end=\"943\"><strong data-start=\"928\" data-end=\"943\">\u00d6sszet\u00e9tel<\/strong><\/h3>\n<p data-start=\"944\" data-end=\"982\">Glicerin, Dextr\u00f3z, Repceolaj (finom\u00edtott).<\/p>\n<hr data-start=\"984\" data-end=\"987\" \/>\n<h3 data-start=\"989\" data-end=\"1017\"><strong data-start=\"993\" data-end=\"1017\">Adal\u00e9kanyagok (literenk\u00e9nt):<\/strong><\/h3>\n<p data-start=\"1018\" data-end=\"1043\"><strong data-start=\"1018\" data-end=\"1041\">\u00c9rz\u00e9kszervi adal\u00e9kok:<\/strong><\/p>\n<ul data-start=\"1044\" data-end=\"1092\">\n<li data-start=\"1044\" data-end=\"1067\">\n<p data-start=\"1046\" data-end=\"1067\" class=\"translation-block\">\u00c1nizs \u2013 137 ml<\/p>\n<\/li>\n<li data-start=\"1068\" data-end=\"1092\">\n<p data-start=\"1070\" data-end=\"1092\" class=\"translation-block\">Fokhagyma \u2013 110 ml<\/p>\n<\/li>\n<\/ul>\n<hr data-start=\"1094\" data-end=\"1097\" \/>\n<h3 data-start=\"1099\" data-end=\"1128\"><strong data-start=\"1103\" data-end=\"1128\">Analitikai \u00f6sszetev\u0151k<\/strong><\/h3>\n<ul data-start=\"1129\" data-end=\"1302\">\n<li data-start=\"1129\" data-end=\"1158\">\n<p data-start=\"1131\" data-end=\"1158\">Nyers feh\u00e9rje: <strong data-start=\"1147\" data-end=\"1156\">0,8 %<\/strong><\/p>\n<\/li>\n<li data-start=\"1159\" data-end=\"1198\">\n<p data-start=\"1161\" data-end=\"1198\">Nyers olaj gy\u00e1rt\u00e1sa: <strong data-start=\"1187\" data-end=\"1196\">1,0 %<\/strong><\/p>\n<\/li>\n<li data-start=\"1199\" data-end=\"1226\">\n<p data-start=\"1201\" data-end=\"1226\">Nyers hamu: <strong data-start=\"1215\" data-end=\"1224\">0,1 %<\/strong><\/p>\n<\/li>\n<li data-start=\"1227\" data-end=\"1254\">\n<p data-start=\"1229\" data-end=\"1254\">Nyers rost: <strong data-start=\"1242\" data-end=\"1252\">&lt;0,1 %<\/strong><\/p>\n<\/li>\n<li data-start=\"1255\" data-end=\"1280\">\n<p data-start=\"1257\" data-end=\"1280\">Nedvess\u00e9gtartalom: <strong data-start=\"1268\" data-end=\"1278\">83,3 %<\/strong><\/p>\n<\/li>\n<li data-start=\"1281\" data-end=\"1302\">\n<p data-start=\"1283\" data-end=\"1302\">N\u00e1trium: <strong data-start=\"1290\" data-end=\"1300\">0,05 %<\/strong><\/p>\n<\/li>\n<\/ul>","protected":false},"excerpt":{"rendered":"<p class=\"translation-block\">A NAF Easy Breathing Liquid term\u00e9szetes \u00f6sszetev\u0151inek k\u00f6sz\u00f6nhet\u0151en t\u00e1mogatja a lovak l\u00e9gz\u0151rendszer\u00e9nek eg\u00e9szs\u00e9g\u00e9t, k\u00fcl\u00f6n\u00f6sen a poros, pollend\u00fas vagy z\u00e1rt k\u00f6rnyezetben tartott \u00e1llatokn\u00e1l. A gy\u00f3gyn\u00f6v\u00e9nyek gondosan \u00f6sszev\u00e1logatott kever\u00e9ke seg\u00edt tiszt\u00e1n tartani a l\u00e9gutakat, megk\u00f6nny\u00edti a szabad l\u00e9gz\u00e9st \u00e9s hozz\u00e1j\u00e1rul a komfort\u00e9rzet fenntart\u00e1s\u00e1hoz.<\/p>","protected":false},"featured_media":509,"comment_status":"open","ping_status":"closed","template":"","meta":{"site-sidebar-layout":"default","site-content-layout":"","ast-site-content-layout":"default","site-content-style":"default","site-sidebar-style":"default","ast-global-header-display":"","ast-banner-title-visibility":"","ast-main-header-display":"","ast-hfb-above-header-display":"","ast-hfb-below-header-display":"","ast-hfb-mobile-header-display":"","site-post-title":"","ast-breadcrumbs-content":"","ast-featured-img":"","footer-sml-layout":"","theme-transparent-header-meta":"default","adv-header-id-meta":"","stick-header-meta":"","header-above-stick-meta":"","header-main-stick-meta":"","header-below-stick-meta":"","astra-migrate-meta-layouts":"set","ast-page-background-enabled":"default","ast-page-background-meta":{"desktop":{"background-color":"var(--ast-global-color-5)","background-image":"","background-repeat":"repeat","background-position":"center center","background-size":"auto","background-attachment":"scroll","background-type":"","background-media":"","overlay-type":"","overlay-color":"","overlay-opacity":"","overlay-gradient":""},"tablet":{"background-color":"","background-image":"","background-repeat":"repeat","background-position":"center center","background-size":"auto","background-attachment":"scroll","background-type":"","background-media":"","overlay-type":"","overlay-color":"","overlay-opacity":"","overlay-gradient":""},"mobile":{"background-color":"","background-image":"","background-repeat":"repeat","background-position":"center center","background-size":"auto","background-attachment":"scroll","background-type":"","background-media":"","overlay-type":"","overlay-color":"","overlay-opacity":"","overlay-gradient":""}},"ast-content-background-meta":{"desktop":{"background-color":"var(--ast-global-color-4)","background-image":"","background-repeat":"repeat","background-position":"center center","background-size":"auto","background-attachment":"scroll","background-type":"","background-media":"","overlay-type":"","overlay-color":"","overlay-opacity":"","overlay-gradient":""},"tablet":{"background-color":"var(--ast-global-color-4)","background-image":"","background-repeat":"repeat","background-position":"center center","background-size":"auto","background-attachment":"scroll","background-type":"","background-media":"","overlay-type":"","overlay-color":"","overlay-opacity":"","overlay-gradient":""},"mobile":{"background-color":"var(--ast-global-color-4)","background-image":"","background-repeat":"repeat","background-position":"center center","background-size":"auto","background-attachment":"scroll","background-type":"","background-media":"","overlay-type":"","overlay-color":"","overlay-opacity":"","overlay-gradient":""}}},"product_brand":[],"product_cat":[44],"product_tag":[],"class_list":{"0":"post-508","1":"product","2":"type-product","3":"status-publish","4":"has-post-thumbnail","6":"product_cat-cai-respiratorii-libere-pentru-antrenament","7":"desktop-align-left","8":"tablet-align-left","9":"mobile-align-left","11":"first","12":"instock","13":"shipping-taxable","14":"purchasable","15":"product-type-simple"},"jetpack_sharing_enabled":true,"_links":{"self":[{"href":"https:\/\/magazinulmiculcalaret.ro\/hu\/wp-json\/wp\/v2\/product\/508","targetHints":{"allow":["GET"]}}],"collection":[{"href":"https:\/\/magazinulmiculcalaret.ro\/hu\/wp-json\/wp\/v2\/product"}],"about":[{"href":"https:\/\/magazinulmiculcalaret.ro\/hu\/wp-json\/wp\/v2\/types\/product"}],"replies":[{"embeddable":true,"href":"https:\/\/magazinulmiculcalaret.ro\/hu\/wp-json\/wp\/v2\/comments?post=508"}],"wp:featuredmedia":[{"embeddable":true,"href":"https:\/\/magazinulmiculcalaret.ro\/hu\/wp-json\/wp\/v2\/media\/509"}],"wp:attachment":[{"href":"https:\/\/magazinulmiculcalaret.ro\/hu\/wp-json\/wp\/v2\/media?parent=508"}],"wp:term":[{"taxonomy":"product_brand","embeddable":true,"href":"https:\/\/magazinulmiculcalaret.ro\/hu\/wp-json\/wp\/v2\/product_brand?post=508"},{"taxonomy":"product_cat","embeddable":true,"href":"https:\/\/magazinulmiculcalaret.ro\/hu\/wp-json\/wp\/v2\/product_cat?post=508"},{"taxonomy":"product_tag","embeddable":true,"href":"https:\/\/magazinulmiculcalaret.ro\/hu\/wp-json\/wp\/v2\/product_tag?post=508"}],"curies":[{"name":"wp","href":"https:\/\/api.w.org\/{rel}","templated":true}]}}