{"id":515,"date":"2025-10-08T19:48:03","date_gmt":"2025-10-08T16:48:03","guid":{"rendered":"https:\/\/magazinulmiculcalaret.ro\/?post_type=product&#038;p=515"},"modified":"2025-10-08T19:48:03","modified_gmt":"2025-10-08T16:48:03","slug":"respirator-powder-1kg","status":"publish","type":"product","link":"https:\/\/magazinulmiculcalaret.ro\/hu\/product\/respirator-powder-1kg\/","title":{"rendered":"Respirator powder 1kg"},"content":{"rendered":"<p data-start=\"0\" data-end=\"58\"><strong data-start=\"0\" data-end=\"56\">NAF Respirator \u2013 Respira\u021bie u\u0219oar\u0103, pl\u0103m\u00e2ni s\u0103n\u0103to\u0219i<\/strong><\/p>\n<p data-start=\"60\" data-end=\"304\" class=\"translation-block\">Adagol\u00e1s\u00e1val cs\u00f6kkenthet\u0151 lovunk neh\u00e9zl\u00e9gz\u00e9se, gyakori k\u00f6h\u00f6g\u00e9se \u00e9s l\u00e9gszomja. Pollenalergi\u00e1ra is javasoljuk, hogy lovunk szabadabban l\u00e9legezhessen.<\/p>\n<p data-start=\"306\" data-end=\"663\" class=\"translation-block\">Adagol\u00e1s\u00e1val cs\u00f6kkenthet\u0151 lovunk neh\u00e9zl\u00e9gz\u00e9se, gyakori k\u00f6h\u00f6g\u00e9se \u00e9s l\u00e9gszomja. Pollenalergi\u00e1ra is javasoljuk, hogy lovunk szabadabban l\u00e9legezhessen.\n\nA modern ist\u00e1ll\u00f3z\u00e1si \u00e9s takarm\u00e1nyoz\u00e1si technik\u00e1nak velej\u00e1r\u00f3ja, hogy nagy m\u00e9rt\u00e9kben halmoz\u00f3dnak fel a l\u00f3 t\u00fcdej\u00e9ben \u00e9s a l\u00e9gutakban a leveg\u0151ben szabadon sz\u00e1ll\u00f3 por \u00e9s gombasp\u00f3r\u00e1k. Ezek irrit\u00e1lj\u00e1k a l\u00e9gutak \u00e9rz\u00e9keny ny\u00e1lkah\u00e1rty\u00e1j\u00e1t, nehez\u00edtve ezzel a l\u00f3 l\u00e9gz\u00e9s\u00e9t. A Respirator a benne l\u00e9v\u0151 antioxid\u00e1nsok r\u00e9v\u00e9n \u00e9rt\u00e9kes t\u00e1mogat\u00e1st ny\u00fajt lovunk immunrendszer\u00e9nek a t\u00fcd\u0151t k\u00f6r\u00fclvev\u0151 kapill\u00e1ris ereknek.<\/p>\n<p data-start=\"665\" data-end=\"863\" class=\"translation-block\">A t\u00fcd\u0151 eg\u00e9szs\u00e9ges m\u0171k\u00f6d\u00e9s\u00e9t t\u00e1mogatj\u00e1k a Respiratorban l\u00e9v\u0151 gy\u00f3gyn\u00f6v\u00e9nyek: gy\u00f6mb\u00e9r, csipkebogy\u00f3, fekete \u00e1fonya \u00e9s echinacea. Az esszenci\u00e1lis ill\u00f3olajak pedig seg\u00edtik a l\u00e9gutak tiszta \u00e1tj\u00e1rhat\u00f3s\u00e1g\u00e1t.<\/p>\n<hr data-start=\"865\" data-end=\"868\" \/>\n<h3 data-start=\"870\" data-end=\"898\"><strong data-start=\"874\" data-end=\"898\">Alkalmaz\u00e1si m\u00f3d:<\/strong><\/h3>\n<div class=\"_tableContainer_1rjym_1\">\n<div class=\"group _tableWrapper_1rjym_13 flex w-fit flex-col-reverse\" tabindex=\"-1\">\n<table class=\"w-fit min-w-(--thread-content-width)\" data-start=\"900\" data-end=\"1072\">\n<thead data-start=\"900\" data-end=\"935\">\n<tr data-start=\"900\" data-end=\"935\">\n<th data-start=\"900\" data-end=\"915\" data-col-size=\"sm\">Lovak \u00e9s p\u00f3nik<\/th>\n<th data-start=\"915\" data-end=\"922\" data-col-size=\"sm\">g\/nap<\/th>\n<th data-start=\"922\" data-end=\"935\" data-col-size=\"sm\">Adag\/nap<\/th>\n<\/tr>\n<\/thead>\n<tbody data-start=\"974\" data-end=\"1072\">\n<tr data-start=\"974\" data-end=\"1021\">\n<td data-start=\"974\" data-end=\"1002\" data-col-size=\"sm\">Kezd\u0151 adag (7-10 nap)<\/td>\n<td data-start=\"1002\" data-end=\"1009\" data-col-size=\"sm\">66 g<\/td>\n<td data-start=\"1009\" data-end=\"1021\" data-col-size=\"sm\">2 m\u00e9r\u0151kan\u00e1l<\/td>\n<\/tr>\n<tr data-start=\"1022\" data-end=\"1072\">\n<td data-start=\"1022\" data-end=\"1044\" data-col-size=\"sm\">Fenntart\u00f3 adag*<\/td>\n<td data-start=\"1044\" data-end=\"1056\" data-col-size=\"sm\">16,5\u201333 g<\/td>\n<td data-start=\"1056\" data-end=\"1072\" data-col-size=\"sm\">\u00bd \u2013 1 m\u0103sur\u0103<\/td>\n<\/tr>\n<\/tbody>\n<\/table>\n<\/div>\n<\/div>\n<hr data-start=\"1074\" data-end=\"1077\" \/>\n<h3 data-start=\"1079\" data-end=\"1098\"><strong data-start=\"1083\" data-end=\"1098\">\u00d6sszet\u00e9tel<\/strong><\/h3>\n<p data-start=\"1099\" data-end=\"1411\">Lucern\u0103 (uscat\u0103 la temperatur\u0103 \u00eenalt\u0103), metil-sulfonil-met\u00e1n (MSM), semin\u021be de armurariu, frunze de ginkgo, boabe de schisandra, glucoz\u0103, morcov (uscat), coaj\u0103 de m\u0103ce\u0219e, pulbere de p\u0103ducel, afine, chlorella (uscat\u0103), ciuperci (uscate), frunze de p\u0103p\u0103die, turmeric, ghimbir, rozmarin, lemn-dulce, ulei de rapi\u021b\u0103.<\/p>\n<hr data-start=\"1413\" data-end=\"1416\" \/>\n<h3 data-start=\"1418\" data-end=\"1443\"><strong data-start=\"1422\" data-end=\"1443\">Adal\u00e9kanyagok (kilogrammonk\u00e9nt)<\/strong><\/h3>\n<p data-start=\"1445\" data-end=\"1462\"><strong data-start=\"1445\" data-end=\"1460\">Aminosavak:<\/strong><\/p>\n<ul data-start=\"1463\" data-end=\"1620\">\n<li data-start=\"1463\" data-end=\"1541\">\n<p data-start=\"1465\" data-end=\"1541\">L-arginin\u0103 (Corynebacterium glutamicum, KCTC 10423BP, 3c361): <strong data-start=\"1527\" data-end=\"1539\">2.940 mg<\/strong><\/p>\n<\/li>\n<li data-start=\"1542\" data-end=\"1620\">\n<p data-start=\"1544\" data-end=\"1620\">L-glutamin\u0103 (Corynebacterium glutamicum, NITE BP02524, 3c451): <strong data-start=\"1607\" data-end=\"1620\">31.800 mg<\/strong><\/p>\n<\/li>\n<\/ul>\n<p data-start=\"1622\" data-end=\"1637\"><strong data-start=\"1622\" data-end=\"1635\">Vitaminok:<\/strong><\/p>\n<ul data-start=\"1638\" data-end=\"1710\">\n<li data-start=\"1638\" data-end=\"1675\">\n<p data-start=\"1640\" data-end=\"1675\">C-Vitamin (3a300): <strong data-start=\"1660\" data-end=\"1673\">64.700 mg<\/strong><\/p>\n<\/li>\n<li data-start=\"1676\" data-end=\"1710\">\n<p data-start=\"1678\" data-end=\"1710\">E-Vitamin (3a700): <strong data-start=\"1698\" data-end=\"1710\">1.490 UI<\/strong><\/p>\n<\/li>\n<\/ul>\n<p data-start=\"1712\" data-end=\"1724\"><strong data-start=\"1712\" data-end=\"1722\">\u00cdzek<\/strong><\/p>\n<ul data-start=\"1725\" data-end=\"1816\">\n<li data-start=\"1725\" data-end=\"1760\">\n<p data-start=\"1727\" data-end=\"1760\">Glicin\u0103 (2b17034): <strong data-start=\"1746\" data-end=\"1758\">2.150 mg<\/strong><\/p>\n<\/li>\n<li data-start=\"1761\" data-end=\"1816\">\n<p data-start=\"1763\" data-end=\"1816\">L-cistein\u0103-hidroclorid-monohidrat (2b920): <strong data-start=\"1806\" data-end=\"1816\">790 mg<\/strong><\/p>\n<\/li>\n<\/ul>\n<hr data-start=\"1818\" data-end=\"1821\" \/>\n<h3 data-start=\"1823\" data-end=\"1852\"><strong data-start=\"1827\" data-end=\"1852\">Analitikai \u00f6sszetev\u0151k<\/strong><\/h3>\n<ul data-start=\"1853\" data-end=\"1998\">\n<li data-start=\"1853\" data-end=\"1883\">\n<p data-start=\"1855\" data-end=\"1883\">Nyers feh\u00e9rje: <strong data-start=\"1871\" data-end=\"1881\">13,2 %<\/strong><\/p>\n<\/li>\n<li data-start=\"1884\" data-end=\"1923\">\n<p data-start=\"1886\" data-end=\"1923\">Nyers olaj gy\u00e1rt\u00e1sa: <strong data-start=\"1912\" data-end=\"1921\">5,9 %<\/strong><\/p>\n<\/li>\n<li data-start=\"1924\" data-end=\"1951\">\n<p data-start=\"1926\" data-end=\"1951\">Nyers hamu: <strong data-start=\"1940\" data-end=\"1949\">7,4 %<\/strong><\/p>\n<\/li>\n<li data-start=\"1952\" data-end=\"1979\">\n<p data-start=\"1954\" data-end=\"1979\">Nyers rost: <strong data-start=\"1967\" data-end=\"1977\">13,3 %<\/strong><\/p>\n<\/li>\n<li data-start=\"1980\" data-end=\"1998\">\n<p data-start=\"1982\" data-end=\"1998\">N\u00e1trium: <strong data-start=\"1989\" data-end=\"1998\">0,1 %<\/strong><\/p>\n<\/li>\n<\/ul>","protected":false},"excerpt":{"rendered":"<p class=\"translation-block\">Adagol\u00e1s\u00e1val cs\u00f6kkenthet\u0151 lovunk neh\u00e9zl\u00e9gz\u00e9se, gyakori k\u00f6h\u00f6g\u00e9se \u00e9s l\u00e9gszomja. Pollenalergi\u00e1ra is javasoljuk, hogy lovunk szabadabban l\u00e9legezhessen.\n\nA modern ist\u00e1ll\u00f3z\u00e1si \u00e9s takarm\u00e1nyoz\u00e1si technik\u00e1nak velej\u00e1r\u00f3ja, hogy nagy m\u00e9rt\u00e9kben halmoz\u00f3dnak fel a l\u00f3 t\u00fcdej\u00e9ben \u00e9s a l\u00e9gutakban a leveg\u0151ben szabadon sz\u00e1ll\u00f3 por \u00e9s gombasp\u00f3r\u00e1k. Ezek irrit\u00e1lj\u00e1k a l\u00e9gutak \u00e9rz\u00e9keny ny\u00e1lkah\u00e1rty\u00e1j\u00e1t, nehez\u00edtve ezzel a l\u00f3 l\u00e9gz\u00e9s\u00e9t. A Respirator a benne l\u00e9v\u0151 antioxid\u00e1nsok r\u00e9v\u00e9n \u00e9rt\u00e9kes t\u00e1mogat\u00e1st ny\u00fajt lovunk immunrendszer\u00e9nek a t\u00fcd\u0151t k\u00f6r\u00fclvev\u0151 kapill\u00e1ris ereknek.<\/p>","protected":false},"featured_media":516,"comment_status":"open","ping_status":"closed","template":"","meta":{"site-sidebar-layout":"default","site-content-layout":"","ast-site-content-layout":"default","site-content-style":"default","site-sidebar-style":"default","ast-global-header-display":"","ast-banner-title-visibility":"","ast-main-header-display":"","ast-hfb-above-header-display":"","ast-hfb-below-header-display":"","ast-hfb-mobile-header-display":"","site-post-title":"","ast-breadcrumbs-content":"","ast-featured-img":"","footer-sml-layout":"","theme-transparent-header-meta":"default","adv-header-id-meta":"","stick-header-meta":"","header-above-stick-meta":"","header-main-stick-meta":"","header-below-stick-meta":"","astra-migrate-meta-layouts":"set","ast-page-background-enabled":"default","ast-page-background-meta":{"desktop":{"background-color":"var(--ast-global-color-5)","background-image":"","background-repeat":"repeat","background-position":"center center","background-size":"auto","background-attachment":"scroll","background-type":"","background-media":"","overlay-type":"","overlay-color":"","overlay-opacity":"","overlay-gradient":""},"tablet":{"background-color":"","background-image":"","background-repeat":"repeat","background-position":"center center","background-size":"auto","background-attachment":"scroll","background-type":"","background-media":"","overlay-type":"","overlay-color":"","overlay-opacity":"","overlay-gradient":""},"mobile":{"background-color":"","background-image":"","background-repeat":"repeat","background-position":"center center","background-size":"auto","background-attachment":"scroll","background-type":"","background-media":"","overlay-type":"","overlay-color":"","overlay-opacity":"","overlay-gradient":""}},"ast-content-background-meta":{"desktop":{"background-color":"var(--ast-global-color-4)","background-image":"","background-repeat":"repeat","background-position":"center center","background-size":"auto","background-attachment":"scroll","background-type":"","background-media":"","overlay-type":"","overlay-color":"","overlay-opacity":"","overlay-gradient":""},"tablet":{"background-color":"var(--ast-global-color-4)","background-image":"","background-repeat":"repeat","background-position":"center center","background-size":"auto","background-attachment":"scroll","background-type":"","background-media":"","overlay-type":"","overlay-color":"","overlay-opacity":"","overlay-gradient":""},"mobile":{"background-color":"var(--ast-global-color-4)","background-image":"","background-repeat":"repeat","background-position":"center center","background-size":"auto","background-attachment":"scroll","background-type":"","background-media":"","overlay-type":"","overlay-color":"","overlay-opacity":"","overlay-gradient":""}}},"product_brand":[],"product_cat":[44],"product_tag":[],"class_list":{"0":"post-515","1":"product","2":"type-product","3":"status-publish","4":"has-post-thumbnail","6":"product_cat-cai-respiratorii-libere-pentru-antrenament","7":"desktop-align-left","8":"tablet-align-left","9":"mobile-align-left","11":"first","12":"instock","13":"shipping-taxable","14":"purchasable","15":"product-type-simple"},"jetpack_sharing_enabled":true,"_links":{"self":[{"href":"https:\/\/magazinulmiculcalaret.ro\/hu\/wp-json\/wp\/v2\/product\/515","targetHints":{"allow":["GET"]}}],"collection":[{"href":"https:\/\/magazinulmiculcalaret.ro\/hu\/wp-json\/wp\/v2\/product"}],"about":[{"href":"https:\/\/magazinulmiculcalaret.ro\/hu\/wp-json\/wp\/v2\/types\/product"}],"replies":[{"embeddable":true,"href":"https:\/\/magazinulmiculcalaret.ro\/hu\/wp-json\/wp\/v2\/comments?post=515"}],"wp:featuredmedia":[{"embeddable":true,"href":"https:\/\/magazinulmiculcalaret.ro\/hu\/wp-json\/wp\/v2\/media\/516"}],"wp:attachment":[{"href":"https:\/\/magazinulmiculcalaret.ro\/hu\/wp-json\/wp\/v2\/media?parent=515"}],"wp:term":[{"taxonomy":"product_brand","embeddable":true,"href":"https:\/\/magazinulmiculcalaret.ro\/hu\/wp-json\/wp\/v2\/product_brand?post=515"},{"taxonomy":"product_cat","embeddable":true,"href":"https:\/\/magazinulmiculcalaret.ro\/hu\/wp-json\/wp\/v2\/product_cat?post=515"},{"taxonomy":"product_tag","embeddable":true,"href":"https:\/\/magazinulmiculcalaret.ro\/hu\/wp-json\/wp\/v2\/product_tag?post=515"}],"curies":[{"name":"wp","href":"https:\/\/api.w.org\/{rel}","templated":true}]}}