{"id":537,"date":"2025-10-08T20:02:02","date_gmt":"2025-10-08T17:02:02","guid":{"rendered":"https:\/\/magazinulmiculcalaret.ro\/?post_type=product&#038;p=537"},"modified":"2025-10-08T20:02:02","modified_gmt":"2025-10-08T17:02:02","slug":"superflex-liquid-5l","status":"publish","type":"product","link":"https:\/\/magazinulmiculcalaret.ro\/hu\/product\/superflex-liquid-5l\/","title":{"rendered":"Superflex liquid 5L"},"content":{"rendered":"<p data-start=\"0\" data-end=\"70\"><strong data-start=\"0\" data-end=\"68\">NAF Superflex Liquid \u2013 Pr\u00e9mium \u00edz\u00fcletv\u00e9delem foly\u00e9kony form\u00e1ban<\/strong><\/p>\n<p data-start=\"72\" data-end=\"539\" class=\"translation-block\">A NAF Superflex Liquid egy komplex \u00edz\u00fclett\u00e1mogat\u00f3 kieg\u00e9sz\u00edt\u0151, amely gl\u00fck\u00f3zamint, MSM-et, kondroitint \u00e9s hialuronsavat tartalmaz. Ezek a hat\u00f3anyagok egy\u00fctt seg\u00edtenek meg\u0151rizni az \u00edz\u00fcletek rugalmass\u00e1g\u00e1t, t\u00e1mogatj\u00e1k a porcok \u00e9s k\u00f6t\u0151sz\u00f6vetek \u00e9ps\u00e9g\u00e9t, valamint hozz\u00e1j\u00e1rulnak a szabad \u00e9s k\u00e9nyelmes mozg\u00e1shoz. Foly\u00e9kony form\u00e1j\u00e1nak k\u00f6sz\u00f6nhet\u0151en gyorsan felsz\u00edv\u00f3dik \u00e9s k\u00f6nnyen adagolhat\u00f3.<\/p>\n<hr data-start=\"541\" data-end=\"544\" \/>\n<h3 data-start=\"546\" data-end=\"575\"><strong data-start=\"550\" data-end=\"575\">F\u0151 el\u0151ny\u00f6k:<\/strong><\/h3>\n<ul data-start=\"576\" data-end=\"875\">\n<li data-start=\"576\" data-end=\"648\">\n<p data-start=\"578\" data-end=\"648\" class=\"translation-block\">Teljes k\u00f6r\u0171 \u00edz\u00fcletv\u00e9delem sport- \u00e9s hobbilovaknak<\/p>\n<\/li>\n<li data-start=\"649\" data-end=\"706\">\n<p data-start=\"651\" data-end=\"706\" class=\"translation-block\">MSM-mel \u00e9s hialuronsavval a maxim\u00e1lis hat\u00e1s\u00e9rt<\/p>\n<\/li>\n<li data-start=\"707\" data-end=\"765\">\n<p data-start=\"709\" data-end=\"765\" class=\"translation-block\">Seg\u00edti a szabad, rugalmas mozg\u00e1st<\/p>\n<\/li>\n<li data-start=\"766\" data-end=\"813\">\n<p data-start=\"768\" data-end=\"813\"><strong data-start=\"768\" data-end=\"787\">Gyorsan felsz\u00edv\u00f3d\u00f3 foly\u00e9kony formula<\/strong> Gyorsan felsz\u00edv\u00f3d\u00f3 foly\u00e9kony formula<\/p>\n<\/li>\n<li data-start=\"814\" data-end=\"875\">\n<p data-start=\"816\" data-end=\"875\"><strong data-start=\"816\" data-end=\"873\">Orvosi kutat\u00e1sok alapj\u00e1n kifejlesztett<\/strong><\/p>\n<\/li>\n<\/ul>\n<hr data-start=\"877\" data-end=\"880\" \/>\n<h3 data-start=\"882\" data-end=\"912\"><strong data-start=\"886\" data-end=\"910\">Alkalmaz\u00e1si m\u00f3d:<\/strong><\/h3>\n<p data-start=\"913\" data-end=\"957\">A napi mennyis\u00e9get takarm\u00e1nyhoz keverve adhat\u00f3.<\/p>\n<div class=\"_tableContainer_1rjym_1\">\n<div class=\"group _tableWrapper_1rjym_13 flex w-fit flex-col-reverse\" tabindex=\"-1\">\n<table class=\"w-fit min-w-(--thread-content-width)\" data-start=\"959\" data-end=\"1232\">\n<thead data-start=\"959\" data-end=\"996\">\n<tr data-start=\"959\" data-end=\"996\">\n<th data-start=\"959\" data-end=\"974\" data-col-size=\"sm\">Lovak \u00e9s p\u00f3nik<\/th>\n<th data-start=\"974\" data-end=\"982\" data-col-size=\"sm\">ml \/ nap:<\/th>\n<th data-start=\"982\" data-end=\"996\" data-col-size=\"sm\">Megjegyz\u00e9sek<\/th>\n<\/tr>\n<\/thead>\n<tbody data-start=\"1038\" data-end=\"1232\">\n<tr data-start=\"1038\" data-end=\"1106\">\n<td data-start=\"1038\" data-end=\"1068\" data-col-size=\"sm\">Kezd\u0151 adag (3-10 nap)<\/td>\n<td data-start=\"1068\" data-end=\"1076\" data-col-size=\"sm\">50 ml<\/td>\n<td data-start=\"1076\" data-end=\"1106\" data-col-size=\"sm\">Intenz\u00edv t\u00e1mogat\u00e1sra<\/td>\n<\/tr>\n<tr data-start=\"1107\" data-end=\"1158\">\n<td data-start=\"1107\" data-end=\"1129\" data-col-size=\"sm\">Fenntart\u00f3 adag*<\/td>\n<td data-start=\"1129\" data-end=\"1137\" data-col-size=\"sm\">25 ml<\/td>\n<td data-start=\"1137\" data-end=\"1158\" data-col-size=\"sm\">Napi haszn\u00e1lat<\/td>\n<\/tr>\n<tr data-start=\"1159\" data-end=\"1232\">\n<td data-start=\"1159\" data-end=\"1188\" data-col-size=\"sm\">Alacsony fenntart\u00f3 adag<\/td>\n<td data-start=\"1188\" data-end=\"1196\" data-col-size=\"sm\">15 ml<\/td>\n<td data-start=\"1196\" data-end=\"1232\" data-col-size=\"sm\">Hossz\u00fa t\u00e1v\u00fa fenntart\u00e1sra<\/td>\n<\/tr>\n<\/tbody>\n<\/table>\n<\/div>\n<\/div>\n<hr data-start=\"1234\" data-end=\"1237\" \/>\n<h3 data-start=\"1239\" data-end=\"1260\"><strong data-start=\"1243\" data-end=\"1258\">\u00d6sszet\u00e9tel<\/strong><\/h3>\n<p data-start=\"1261\" data-end=\"1338\">Gl\u00fck\u00f3zamin, Metil-szulfonil-met\u00e1n (MSM), Kondroitin-szulf\u00e1t, Hialuronsav<\/p>\n<hr data-start=\"1340\" data-end=\"1343\" \/>\n<h3 data-start=\"1345\" data-end=\"1394\"><strong data-start=\"1349\" data-end=\"1394\">\u00d6sszetev\u0151k\t\/ 50 ml<\/strong><\/h3>\n<ul data-start=\"1395\" data-end=\"1555\">\n<li data-start=\"1395\" data-end=\"1433\">\n<p data-start=\"1397\" data-end=\"1433\">Gl\u00fck\u00f3zamin-szulf\u00e1t \u2013 <strong data-start=\"1418\" data-end=\"1431\">10 000 mg<\/strong><\/p>\n<\/li>\n<li data-start=\"1434\" data-end=\"1456\">\n<p data-start=\"1436\" data-end=\"1456\">MSM <strong data-start=\"1442\" data-end=\"1454\">5.500 mg<\/strong><\/p>\n<\/li>\n<li data-start=\"1457\" data-end=\"1488\">\n<p data-start=\"1459\" data-end=\"1488\">Antioxid\u00e1nsok - <strong data-start=\"1474\" data-end=\"1486\">1.717 mg<\/strong><\/p>\n<\/li>\n<li data-start=\"1489\" data-end=\"1523\">\n<p data-start=\"1491\" data-end=\"1523\">Kondroitin-szulf\u00e1t - <strong data-start=\"1511\" data-end=\"1521\">315 mg<\/strong><\/p>\n<\/li>\n<li data-start=\"1524\" data-end=\"1555\">\n<p data-start=\"1526\" data-end=\"1555\">Hialuronsav - <strong data-start=\"1544\" data-end=\"1553\">18 mg<\/strong><\/p>\n<\/li>\n<\/ul>\n<hr data-start=\"1557\" data-end=\"1560\" \/>\n<h3 data-start=\"1562\" data-end=\"1613\"><strong data-start=\"1566\" data-end=\"1613\">Adal\u00e9kanyagok \/ 1L<\/strong><\/h3>\n<ul data-start=\"1614\" data-end=\"1801\">\n<li data-start=\"1614\" data-end=\"1638\">\n<p data-start=\"1616\" data-end=\"1638\">Fekete \u00e1fonya - 3,71 ml<\/p>\n<\/li>\n<li data-start=\"1639\" data-end=\"1683\">\n<p data-start=\"1641\" data-end=\"1683\">Gyermekl\u00e1ncf\u0171 gy\u00f6k\u00e9r kivonata  - 4,64 ml<\/p>\n<\/li>\n<li data-start=\"1684\" data-end=\"1708\">\n<p data-start=\"1686\" data-end=\"1708\">\u00c9desgy\u00f6k\u00e9r \u2013 2,78 ml<\/p>\n<\/li>\n<li data-start=\"1709\" data-end=\"1732\">\n<p data-start=\"1711\" data-end=\"1732\">M\u00e1riat\u00f6vis \u2013 8,36 ml<\/p>\n<\/li>\n<li data-start=\"1733\" data-end=\"1753\">\n<p data-start=\"1735\" data-end=\"1753\">Csipkebogy\u00f3 - 7,43 ml<\/p>\n<\/li>\n<li data-start=\"1754\" data-end=\"1776\">\n<p data-start=\"1756\" data-end=\"1776\">Rozmaring - 3,71 ml<\/p>\n<\/li>\n<li data-start=\"1777\" data-end=\"1801\">\n<p data-start=\"1779\" data-end=\"1801\">schisandra - 3,71 ml<\/p>\n<\/li>\n<\/ul>\n<hr data-start=\"1803\" data-end=\"1806\" \/>\n<h3 data-start=\"1808\" data-end=\"1839\"><strong data-start=\"1812\" data-end=\"1837\">Analitikai \u00f6sszetev\u0151k<\/strong><\/h3>\n<ul data-start=\"1840\" data-end=\"1983\">\n<li data-start=\"1840\" data-end=\"1866\">\n<p data-start=\"1842\" data-end=\"1866\">Nyersfeh\u00e9rje - 5.7 %<\/p>\n<\/li>\n<li data-start=\"1867\" data-end=\"1892\">\n<p data-start=\"1869\" data-end=\"1892\">Nyers olajok \u00e9s zs\u00edrok \u2013 0,3 %<\/p>\n<\/li>\n<li data-start=\"1893\" data-end=\"1917\">\n<p data-start=\"1895\" data-end=\"1917\">Nyershamu \u2013 4,7 %<\/p>\n<\/li>\n<li data-start=\"1918\" data-end=\"1941\">\n<p data-start=\"1920\" data-end=\"1941\">Nyersrost 0.1%<\/p>\n<\/li>\n<li data-start=\"1942\" data-end=\"1964\">\n<p data-start=\"1944\" data-end=\"1964\">Nedvess\u00e9gtartalom \u2013 68,7 %<\/p>\n<\/li>\n<li data-start=\"1965\" data-end=\"1983\">\n<p data-start=\"1967\" data-end=\"1983\">N\u00e1trium \u2013 0,09 %<\/p>\n<\/li>\n<\/ul>","protected":false},"excerpt":{"rendered":"<p class=\"translation-block\">A NAF Superflex Liquid egy komplex \u00edz\u00fclett\u00e1mogat\u00f3 kieg\u00e9sz\u00edt\u0151, amely gl\u00fck\u00f3zamint, MSM-et, kondroitint \u00e9s hialuronsavat tartalmaz. Ezek a hat\u00f3anyagok egy\u00fctt seg\u00edtenek meg\u0151rizni az \u00edz\u00fcletek rugalmass\u00e1g\u00e1t, t\u00e1mogatj\u00e1k a porcok \u00e9s k\u00f6t\u0151sz\u00f6vetek \u00e9ps\u00e9g\u00e9t, valamint hozz\u00e1j\u00e1rulnak a szabad \u00e9s k\u00e9nyelmes mozg\u00e1shoz. Foly\u00e9kony form\u00e1j\u00e1nak k\u00f6sz\u00f6nhet\u0151en gyorsan felsz\u00edv\u00f3dik \u00e9s k\u00f6nnyen adagolhat\u00f3.<\/p>","protected":false},"featured_media":538,"comment_status":"open","ping_status":"closed","template":"","meta":{"site-sidebar-layout":"default","site-content-layout":"","ast-site-content-layout":"default","site-content-style":"default","site-sidebar-style":"default","ast-global-header-display":"","ast-banner-title-visibility":"","ast-main-header-display":"","ast-hfb-above-header-display":"","ast-hfb-below-header-display":"","ast-hfb-mobile-header-display":"","site-post-title":"","ast-breadcrumbs-content":"","ast-featured-img":"","footer-sml-layout":"","theme-transparent-header-meta":"default","adv-header-id-meta":"","stick-header-meta":"","header-above-stick-meta":"","header-main-stick-meta":"","header-below-stick-meta":"","astra-migrate-meta-layouts":"set","ast-page-background-enabled":"default","ast-page-background-meta":{"desktop":{"background-color":"var(--ast-global-color-5)","background-image":"","background-repeat":"repeat","background-position":"center center","background-size":"auto","background-attachment":"scroll","background-type":"","background-media":"","overlay-type":"","overlay-color":"","overlay-opacity":"","overlay-gradient":""},"tablet":{"background-color":"","background-image":"","background-repeat":"repeat","background-position":"center center","background-size":"auto","background-attachment":"scroll","background-type":"","background-media":"","overlay-type":"","overlay-color":"","overlay-opacity":"","overlay-gradient":""},"mobile":{"background-color":"","background-image":"","background-repeat":"repeat","background-position":"center center","background-size":"auto","background-attachment":"scroll","background-type":"","background-media":"","overlay-type":"","overlay-color":"","overlay-opacity":"","overlay-gradient":""}},"ast-content-background-meta":{"desktop":{"background-color":"var(--ast-global-color-4)","background-image":"","background-repeat":"repeat","background-position":"center center","background-size":"auto","background-attachment":"scroll","background-type":"","background-media":"","overlay-type":"","overlay-color":"","overlay-opacity":"","overlay-gradient":""},"tablet":{"background-color":"var(--ast-global-color-4)","background-image":"","background-repeat":"repeat","background-position":"center center","background-size":"auto","background-attachment":"scroll","background-type":"","background-media":"","overlay-type":"","overlay-color":"","overlay-opacity":"","overlay-gradient":""},"mobile":{"background-color":"var(--ast-global-color-4)","background-image":"","background-repeat":"repeat","background-position":"center center","background-size":"auto","background-attachment":"scroll","background-type":"","background-media":"","overlay-type":"","overlay-color":"","overlay-opacity":"","overlay-gradient":""}}},"product_brand":[],"product_cat":[45],"product_tag":[],"class_list":{"0":"post-537","1":"product","2":"type-product","3":"status-publish","4":"has-post-thumbnail","6":"product_cat-mobilitate-si-confort-articular","7":"desktop-align-left","8":"tablet-align-left","9":"mobile-align-left","11":"first","12":"instock","13":"shipping-taxable","14":"purchasable","15":"product-type-simple"},"jetpack_sharing_enabled":true,"_links":{"self":[{"href":"https:\/\/magazinulmiculcalaret.ro\/hu\/wp-json\/wp\/v2\/product\/537","targetHints":{"allow":["GET"]}}],"collection":[{"href":"https:\/\/magazinulmiculcalaret.ro\/hu\/wp-json\/wp\/v2\/product"}],"about":[{"href":"https:\/\/magazinulmiculcalaret.ro\/hu\/wp-json\/wp\/v2\/types\/product"}],"replies":[{"embeddable":true,"href":"https:\/\/magazinulmiculcalaret.ro\/hu\/wp-json\/wp\/v2\/comments?post=537"}],"wp:featuredmedia":[{"embeddable":true,"href":"https:\/\/magazinulmiculcalaret.ro\/hu\/wp-json\/wp\/v2\/media\/538"}],"wp:attachment":[{"href":"https:\/\/magazinulmiculcalaret.ro\/hu\/wp-json\/wp\/v2\/media?parent=537"}],"wp:term":[{"taxonomy":"product_brand","embeddable":true,"href":"https:\/\/magazinulmiculcalaret.ro\/hu\/wp-json\/wp\/v2\/product_brand?post=537"},{"taxonomy":"product_cat","embeddable":true,"href":"https:\/\/magazinulmiculcalaret.ro\/hu\/wp-json\/wp\/v2\/product_cat?post=537"},{"taxonomy":"product_tag","embeddable":true,"href":"https:\/\/magazinulmiculcalaret.ro\/hu\/wp-json\/wp\/v2\/product_tag?post=537"}],"curies":[{"name":"wp","href":"https:\/\/api.w.org\/{rel}","templated":true}]}}