{"id":539,"date":"2025-10-08T20:03:22","date_gmt":"2025-10-08T17:03:22","guid":{"rendered":"https:\/\/magazinulmiculcalaret.ro\/?post_type=product&#038;p=539"},"modified":"2025-10-08T20:03:22","modified_gmt":"2025-10-08T17:03:22","slug":"superflex-powder-400gr","status":"publish","type":"product","link":"https:\/\/magazinulmiculcalaret.ro\/hu\/product\/superflex-powder-400gr\/","title":{"rendered":"Superflex powder 400gr"},"content":{"rendered":"<p data-start=\"0\" data-end=\"73\"><strong data-start=\"0\" data-end=\"71\">NAF Superflex Powder \u2013 Komplett \u00edz\u00fcletv\u00e9delem por form\u00e1ban<\/strong><\/p>\n<p data-start=\"75\" data-end=\"545\" class=\"translation-block\">A NAF Superflex Powder egy pr\u00e9mium \u00edz\u00fclett\u00e1mogat\u00f3 kieg\u00e9sz\u00edt\u0151, amely a legfontosabb hat\u00f3anyagokat \u2013 gl\u00fck\u00f3zamint, MSM-et, kondroitint \u00e9s hialuronsavat \u2013 \u00f6tv\u00f6zi antioxid\u00e1nsokkal a maxim\u00e1lis hat\u00e1s \u00e9rdek\u00e9ben. Seg\u00edt meg\u0151rizni a porcok \u00e9s \u00edz\u00fcletek rugalmass\u00e1g\u00e1t, t\u00e1mogatja a k\u00f6t\u0151sz\u00f6vetek \u00e9ps\u00e9g\u00e9t, \u00e9s hozz\u00e1j\u00e1rul a szabad, k\u00e9nyelmes mozg\u00e1shoz. Por \u00e1llag\u00e1nak k\u00f6sz\u00f6nhet\u0151en k\u00f6nnyen adagolhat\u00f3 a mindennapi takarm\u00e1nyhoz.<\/p>\n<hr data-start=\"547\" data-end=\"550\" \/>\n<h3 data-start=\"552\" data-end=\"581\"><strong data-start=\"556\" data-end=\"581\">F\u0151 el\u0151ny\u00f6k:<\/strong><\/h3>\n<ul data-start=\"582\" data-end=\"961\">\n<li data-start=\"582\" data-end=\"665\">\n<p data-start=\"584\" data-end=\"665\" class=\"translation-block\">Teljes k\u00f6r\u0171 \u00edz\u00fclett\u00e1mogat\u00e1s sport- \u00e9s hobbilovaknak<\/p>\n<\/li>\n<li data-start=\"666\" data-end=\"756\">\n<p data-start=\"668\" data-end=\"756\" class=\"translation-block\">MSM, gl\u00fck\u00f3zamin, kondroitin \u00e9s hialuronsav kombin\u00e1ci\u00f3j\u00e1val<\/p>\n<\/li>\n<li data-start=\"757\" data-end=\"813\">\n<p data-start=\"759\" data-end=\"813\" class=\"translation-block\">T\u00e1mogatja a porcok, szalagok \u00e9s inak eg\u00e9szs\u00e9g\u00e9t<\/p>\n<\/li>\n<li data-start=\"814\" data-end=\"902\">\n<p data-start=\"816\" data-end=\"902\" class=\"translation-block\">Hossz\u00fa t\u00e1v\u00fa megold\u00e1s az \u00edz\u00fcletek rugalmass\u00e1g\u00e1\u00e9rt<\/p>\n<\/li>\n<li data-start=\"903\" data-end=\"961\">\n<p data-start=\"905\" data-end=\"961\"><strong data-start=\"905\" data-end=\"959\">Orvosi kutat\u00e1sok alapj\u00e1n kifejlesztve<\/strong><\/p>\n<\/li>\n<\/ul>\n<hr data-start=\"963\" data-end=\"966\" \/>\n<h3 data-start=\"968\" data-end=\"998\"><strong data-start=\"972\" data-end=\"996\">Alkalmaz\u00e1si m\u00f3d:<\/strong><\/h3>\n<p data-start=\"999\" data-end=\"1104\">Takarm\u00e1nyhoz keverve, a l\u00f3 ig\u00e9nyeihez igaz\u00edtva.<\/p>\n<div class=\"_tableContainer_1rjym_1\">\n<div class=\"group _tableWrapper_1rjym_13 flex w-fit flex-col-reverse\" tabindex=\"-1\">\n<table class=\"w-fit min-w-(--thread-content-width)\" data-start=\"1106\" data-end=\"1318\">\n<thead data-start=\"1106\" data-end=\"1141\">\n<tr data-start=\"1106\" data-end=\"1141\">\n<th data-start=\"1106\" data-end=\"1121\" data-col-size=\"sm\">Lovak \u00e9s p\u00f3nik<\/th>\n<th data-start=\"1121\" data-end=\"1128\" data-col-size=\"sm\">g\/nap<\/th>\n<th data-start=\"1128\" data-end=\"1141\" data-col-size=\"sm\">Adag\/nap<\/th>\n<\/tr>\n<\/thead>\n<tbody data-start=\"1179\" data-end=\"1318\">\n<tr data-start=\"1179\" data-end=\"1228\">\n<td data-start=\"1179\" data-end=\"1209\" data-col-size=\"sm\">Kezd\u0151 adag (3-10 nap)<\/td>\n<td data-start=\"1209\" data-end=\"1216\" data-col-size=\"sm\">26 g<\/td>\n<td data-start=\"1216\" data-end=\"1228\" data-col-size=\"sm\">6 m\u00e9r\u0151kan\u00e1l<\/td>\n<\/tr>\n<tr data-start=\"1229\" data-end=\"1270\">\n<td data-start=\"1229\" data-end=\"1251\" data-col-size=\"sm\">Fenntart\u00f3 adag*<\/td>\n<td data-start=\"1251\" data-end=\"1258\" data-col-size=\"sm\">13 g<\/td>\n<td data-start=\"1258\" data-end=\"1270\" data-col-size=\"sm\">3 m\u00e9r\u0151kan\u00e1l<\/td>\n<\/tr>\n<tr data-start=\"1271\" data-end=\"1318\">\n<td data-start=\"1271\" data-end=\"1300\" data-col-size=\"sm\">Alacsony fenntart\u00f3 adag<\/td>\n<td data-start=\"1300\" data-end=\"1306\" data-col-size=\"sm\">8 g<\/td>\n<td data-start=\"1306\" data-end=\"1318\" data-col-size=\"sm\">2 m\u00e9r\u0151kan\u00e1l<\/td>\n<\/tr>\n<\/tbody>\n<\/table>\n<\/div>\n<\/div>\n<hr data-start=\"1320\" data-end=\"1323\" \/>\n<h3 data-start=\"1325\" data-end=\"1346\"><strong data-start=\"1329\" data-end=\"1344\">\u00d6sszet\u00e9tel<\/strong><\/h3>\n<p data-start=\"1347\" data-end=\"1510\">Gl\u00fck\u00f3zamin, metil-szulfonil-met\u00e1n (MSM), k\u0151t\u00f6r\u0151f\u0171 (Saxifragales), b\u00fazafeh\u00e9rje, repceolaj, hialuronsav, kondroitin-szulf\u00e1t, n\u00e1trium-klorid<\/p>\n<hr data-start=\"1512\" data-end=\"1515\" \/>\n<h3 data-start=\"1517\" data-end=\"1556\"><strong data-start=\"1521\" data-end=\"1556\">Aditivi tehnologici (per 1 kg):<\/strong><\/h3>\n<ul data-start=\"1557\" data-end=\"1590\">\n<li data-start=\"1557\" data-end=\"1590\">\n<p data-start=\"1559\" data-end=\"1590\" class=\"translation-block\">fum\u00e1rsav 1a297\t30 mg<\/p>\n<\/li>\n<\/ul>\n<hr data-start=\"1592\" data-end=\"1595\" \/>\n<h3 data-start=\"1597\" data-end=\"1623\"><strong data-start=\"1601\" data-end=\"1623\">Technol\u00f3giai adal\u00e9kanyagok (per 1 kg)<\/strong><\/h3>\n<ul data-start=\"1624\" data-end=\"1814\">\n<li data-start=\"1624\" data-end=\"1662\">\n<p data-start=\"1626\" data-end=\"1662\">Gl\u00fck\u00f3zamin-szulf\u00e1t \u2013 <strong data-start=\"1647\" data-end=\"1660\">10.010 mg<\/strong><\/p>\n<\/li>\n<li data-start=\"1663\" data-end=\"1709\">\n<p data-start=\"1665\" data-end=\"1709\" class=\"translation-block\">Metil-szulfonil-met\u00e1n (MSM) - 10.010 mg<\/p>\n<\/li>\n<li data-start=\"1710\" data-end=\"1750\">\n<p data-start=\"1712\" data-end=\"1750\">Antioxid\u00e1nsok - <strong data-start=\"1736\" data-end=\"1748\">4.400 mg<\/strong><\/p>\n<\/li>\n<li data-start=\"1751\" data-end=\"1784\">\n<p data-start=\"1753\" data-end=\"1784\">Kondroitin-szulf\u00e1t - <strong data-start=\"1773\" data-end=\"1782\">23 mg<\/strong><\/p>\n<\/li>\n<li data-start=\"1785\" data-end=\"1814\">\n<p data-start=\"1787\" data-end=\"1814\">Hialuronsav - <strong data-start=\"1805\" data-end=\"1814\">23 mg<\/strong><\/p>\n<\/li>\n<\/ul>\n<hr data-start=\"1816\" data-end=\"1819\" \/>\n<h3 data-start=\"1821\" data-end=\"1850\"><strong data-start=\"1825\" data-end=\"1850\">Analitikai \u00f6sszetev\u0151k<\/strong><\/h3>\n<ul data-start=\"1851\" data-end=\"1973\">\n<li data-start=\"1851\" data-end=\"1878\">\n<p data-start=\"1853\" data-end=\"1878\">nyers feh\u00e9rje\t16,8 %<\/p>\n<\/li>\n<li data-start=\"1879\" data-end=\"1904\">\n<p data-start=\"1881\" data-end=\"1904\">nyers olajok \u00e9s zs\u00edrok\t1,5 %<\/p>\n<\/li>\n<li data-start=\"1905\" data-end=\"1930\">\n<p data-start=\"1907\" data-end=\"1930\">nyershamu\t12,3 %<\/p>\n<\/li>\n<li data-start=\"1931\" data-end=\"1954\">\n<p data-start=\"1933\" data-end=\"1954\">nyersrost\t0,3 %<\/p>\n<\/li>\n<li data-start=\"1955\" data-end=\"1973\">\n<p data-start=\"1957\" data-end=\"1973\">n\u00e1trium\t0,11 %<\/p>\n<\/li>\n<\/ul>","protected":false},"excerpt":{"rendered":"<p class=\"translation-block\">A NAF Superflex Powder egy pr\u00e9mium \u00edz\u00fclett\u00e1mogat\u00f3 kieg\u00e9sz\u00edt\u0151, amely a legfontosabb hat\u00f3anyagokat \u2013 gl\u00fck\u00f3zamint, MSM-et, kondroitint \u00e9s hialuronsavat \u2013 \u00f6tv\u00f6zi antioxid\u00e1nsokkal a maxim\u00e1lis hat\u00e1s \u00e9rdek\u00e9ben. Seg\u00edt meg\u0151rizni a porcok \u00e9s \u00edz\u00fcletek rugalmass\u00e1g\u00e1t, t\u00e1mogatja a k\u00f6t\u0151sz\u00f6vetek \u00e9ps\u00e9g\u00e9t, \u00e9s hozz\u00e1j\u00e1rul a szabad, k\u00e9nyelmes mozg\u00e1shoz. Por \u00e1llag\u00e1nak k\u00f6sz\u00f6nhet\u0151en k\u00f6nnyen adagolhat\u00f3 a mindennapi takarm\u00e1nyhoz.<\/p>","protected":false},"featured_media":542,"comment_status":"open","ping_status":"closed","template":"","meta":{"site-sidebar-layout":"default","site-content-layout":"","ast-site-content-layout":"default","site-content-style":"default","site-sidebar-style":"default","ast-global-header-display":"","ast-banner-title-visibility":"","ast-main-header-display":"","ast-hfb-above-header-display":"","ast-hfb-below-header-display":"","ast-hfb-mobile-header-display":"","site-post-title":"","ast-breadcrumbs-content":"","ast-featured-img":"","footer-sml-layout":"","theme-transparent-header-meta":"default","adv-header-id-meta":"","stick-header-meta":"","header-above-stick-meta":"","header-main-stick-meta":"","header-below-stick-meta":"","astra-migrate-meta-layouts":"set","ast-page-background-enabled":"default","ast-page-background-meta":{"desktop":{"background-color":"var(--ast-global-color-5)","background-image":"","background-repeat":"repeat","background-position":"center center","background-size":"auto","background-attachment":"scroll","background-type":"","background-media":"","overlay-type":"","overlay-color":"","overlay-opacity":"","overlay-gradient":""},"tablet":{"background-color":"","background-image":"","background-repeat":"repeat","background-position":"center center","background-size":"auto","background-attachment":"scroll","background-type":"","background-media":"","overlay-type":"","overlay-color":"","overlay-opacity":"","overlay-gradient":""},"mobile":{"background-color":"","background-image":"","background-repeat":"repeat","background-position":"center center","background-size":"auto","background-attachment":"scroll","background-type":"","background-media":"","overlay-type":"","overlay-color":"","overlay-opacity":"","overlay-gradient":""}},"ast-content-background-meta":{"desktop":{"background-color":"var(--ast-global-color-4)","background-image":"","background-repeat":"repeat","background-position":"center center","background-size":"auto","background-attachment":"scroll","background-type":"","background-media":"","overlay-type":"","overlay-color":"","overlay-opacity":"","overlay-gradient":""},"tablet":{"background-color":"var(--ast-global-color-4)","background-image":"","background-repeat":"repeat","background-position":"center center","background-size":"auto","background-attachment":"scroll","background-type":"","background-media":"","overlay-type":"","overlay-color":"","overlay-opacity":"","overlay-gradient":""},"mobile":{"background-color":"var(--ast-global-color-4)","background-image":"","background-repeat":"repeat","background-position":"center center","background-size":"auto","background-attachment":"scroll","background-type":"","background-media":"","overlay-type":"","overlay-color":"","overlay-opacity":"","overlay-gradient":""}}},"product_brand":[],"product_cat":[45],"product_tag":[],"class_list":{"0":"post-539","1":"product","2":"type-product","3":"status-publish","4":"has-post-thumbnail","6":"product_cat-mobilitate-si-confort-articular","7":"desktop-align-left","8":"tablet-align-left","9":"mobile-align-left","11":"first","12":"instock","13":"shipping-taxable","14":"purchasable","15":"product-type-simple"},"jetpack_sharing_enabled":true,"_links":{"self":[{"href":"https:\/\/magazinulmiculcalaret.ro\/hu\/wp-json\/wp\/v2\/product\/539","targetHints":{"allow":["GET"]}}],"collection":[{"href":"https:\/\/magazinulmiculcalaret.ro\/hu\/wp-json\/wp\/v2\/product"}],"about":[{"href":"https:\/\/magazinulmiculcalaret.ro\/hu\/wp-json\/wp\/v2\/types\/product"}],"replies":[{"embeddable":true,"href":"https:\/\/magazinulmiculcalaret.ro\/hu\/wp-json\/wp\/v2\/comments?post=539"}],"wp:featuredmedia":[{"embeddable":true,"href":"https:\/\/magazinulmiculcalaret.ro\/hu\/wp-json\/wp\/v2\/media\/542"}],"wp:attachment":[{"href":"https:\/\/magazinulmiculcalaret.ro\/hu\/wp-json\/wp\/v2\/media?parent=539"}],"wp:term":[{"taxonomy":"product_brand","embeddable":true,"href":"https:\/\/magazinulmiculcalaret.ro\/hu\/wp-json\/wp\/v2\/product_brand?post=539"},{"taxonomy":"product_cat","embeddable":true,"href":"https:\/\/magazinulmiculcalaret.ro\/hu\/wp-json\/wp\/v2\/product_cat?post=539"},{"taxonomy":"product_tag","embeddable":true,"href":"https:\/\/magazinulmiculcalaret.ro\/hu\/wp-json\/wp\/v2\/product_tag?post=539"}],"curies":[{"name":"wp","href":"https:\/\/api.w.org\/{rel}","templated":true}]}}