{"id":545,"date":"2025-10-08T20:05:32","date_gmt":"2025-10-08T17:05:32","guid":{"rendered":"https:\/\/magazinulmiculcalaret.ro\/?post_type=product&#038;p=545"},"modified":"2025-10-08T20:05:32","modified_gmt":"2025-10-08T17:05:32","slug":"superflex-senior-198-kg","status":"publish","type":"product","link":"https:\/\/magazinulmiculcalaret.ro\/hu\/product\/superflex-senior-198-kg\/","title":{"rendered":"Superflex Senior 1,98 Kg"},"content":{"rendered":"<p data-start=\"0\" data-end=\"72\"><strong data-start=\"0\" data-end=\"70\">NAF Superflex Senior \u2013 Teljes k\u00f6r\u0171 \u00edz\u00fcleti t\u00e1mogat\u00e1s id\u0151s lovak sz\u00e1m\u00e1ra<\/strong><\/p>\n<p data-start=\"74\" data-end=\"479\" class=\"translation-block\">Orvosi kutat\u00e1sok alapj\u00e1n kifejlesztett, takarm\u00e1ny-kieg\u00e9sz\u00edt\u0151 lovak sz\u00e1m\u00e1ra. Iz\u00fcletek \u00e9s porcok v\u00e9delm\u00e9re. Omega 3 zs\u00edrsavakat \u00e9s term\u00e9szetes antioxid\u00e1nsokat tartalmaz, hogy az \u00f6regebb lovaknak is eg\u00e9szs\u00e9ges, rugalmas iz\u00fcleteket biztos\u00edtsanak a munk\u00e1ban. Az Omega3 hat\u00e1s\u00e1ra felgyorsulnak az anyagcsere folyamatok, \u00edgy javul a regener\u00e1ci\u00f3ja a f\u00e1radt imoknak \u00e9s iz\u00fcleteknek. Napi adagol\u00e1s\u00e1val cs\u00f6kkenthet\u0151 a porckop\u00e1s, mivel el\u0151seg\u00edti az iz\u00fcleti folyad\u00e9k k\u00e9pz\u0151d\u00e9s\u00e9t.<\/p>\n<p data-start=\"481\" data-end=\"729\" class=\"translation-block\">Gl\u00fckozamin szulf\u00e1tot, kondroitin szulf\u00e1tot, hialuronsavat \u00e9s MSM-et tartalmaz. A v\u00edzmolekul\u00e1k megk\u00f6t\u00e9s\u00e9vel seg\u00edti a porcsz\u00f6vet v\u00edzzel val\u00f3 tel\u00edtetts\u00e9g\u00e9nek kialak\u00edt\u00e1s\u00e1t, ez\u00e1ltal sikos\u00edt az iz\u00fcletekben.<\/p>\n<hr data-start=\"731\" data-end=\"734\" \/>\n<h3 data-start=\"736\" data-end=\"765\"><strong data-start=\"740\" data-end=\"765\">F\u0151 el\u0151ny\u00f6k:<\/strong><\/h3>\n<ul data-start=\"766\" data-end=\"1058\">\n<li data-start=\"766\" data-end=\"820\">\n<p data-start=\"768\" data-end=\"820\">Fejlett v\u00e9delem az \u00edz\u00fcletek \u00e9s a porcok sz\u00e1m\u00e1ra<\/p>\n<\/li>\n<li data-start=\"821\" data-end=\"872\">\n<p data-start=\"823\" data-end=\"872\">T\u00e1mogatja a term\u00e9szetes regener\u00e1ci\u00f3t \u00e9s rugalmass\u00e1got<\/p>\n<\/li>\n<li data-start=\"873\" data-end=\"929\">\n<p data-start=\"875\" data-end=\"929\">Omega-3 zs\u00edrsavakat \u00e9s n\u00f6v\u00e9nyi antioxid\u00e1nsokat tartalmaz<\/p>\n<\/li>\n<li data-start=\"930\" data-end=\"1002\">\n<p data-start=\"932\" data-end=\"1002\" class=\"translation-block\">Aj\u00e1nlott id\u0151s \u00e9s munk\u00e1ban l\u00e9v\u0151 teljes\u00edtm\u00e9nylovak sz\u00e1m\u00e1ra<\/p>\n<\/li>\n<li data-start=\"1003\" data-end=\"1058\">\n<p data-start=\"1005\" data-end=\"1058\">Jav\u00edtja az \u00edz\u00fcletek term\u00e9szetes ken\u00e9s\u00e9t<\/p>\n<\/li>\n<\/ul>\n<hr data-start=\"1060\" data-end=\"1063\" \/>\n<h3 data-start=\"1065\" data-end=\"1093\"><strong data-start=\"1069\" data-end=\"1093\">Alkalmaz\u00e1si m\u00f3d:<\/strong><\/h3>\n<p data-start=\"1094\" data-end=\"1134\">A napi takarm\u00e1nyhoz keverve adhat\u00f3.<\/p>\n<div class=\"_tableContainer_1rjym_1\">\n<div class=\"group _tableWrapper_1rjym_13 flex w-fit flex-col-reverse\" tabindex=\"-1\">\n<table class=\"w-fit min-w-(--thread-content-width)\" data-start=\"1136\" data-end=\"1294\">\n<thead data-start=\"1136\" data-end=\"1171\">\n<tr data-start=\"1136\" data-end=\"1171\">\n<th data-start=\"1136\" data-end=\"1151\" data-col-size=\"sm\">Lovak \u00e9s p\u00f3nik<\/th>\n<th data-start=\"1151\" data-end=\"1158\" data-col-size=\"sm\">g\/nap<\/th>\n<th data-start=\"1158\" data-end=\"1171\" data-col-size=\"sm\">Adag\/nap<\/th>\n<\/tr>\n<\/thead>\n<tbody data-start=\"1209\" data-end=\"1294\">\n<tr data-start=\"1209\" data-end=\"1260\">\n<td data-start=\"1209\" data-end=\"1241\" data-col-size=\"sm\">Felt\u00f6lt\u00e9si id\u0151szak (3-10 nap)<\/td>\n<td data-start=\"1241\" data-end=\"1248\" data-col-size=\"sm\">44 g<\/td>\n<td data-start=\"1248\" data-end=\"1260\" data-col-size=\"sm\">6 m\u00e9r\u0151kan\u00e1l<\/td>\n<\/tr>\n<tr data-start=\"1261\" data-end=\"1294\">\n<td data-start=\"1261\" data-end=\"1275\" data-col-size=\"sm\">Szintentart\u00e1s<\/td>\n<td data-start=\"1275\" data-end=\"1282\" data-col-size=\"sm\">22 g<\/td>\n<td data-start=\"1282\" data-end=\"1294\" data-col-size=\"sm\">3 m\u00e9r\u0151kan\u00e1l<\/td>\n<\/tr>\n<\/tbody>\n<\/table>\n<\/div>\n<\/div>\n<hr data-start=\"1296\" data-end=\"1299\" \/>\n<h3 data-start=\"1301\" data-end=\"1320\"><strong data-start=\"1305\" data-end=\"1320\">\u00d6sszet\u00e9tel<\/strong><\/h3>\n<p data-start=\"1321\" data-end=\"1541\">Gl\u00fck\u00f3zamin (erjed\u00e9sb\u0151l), metil-szulfonil-met\u00e1n, k\u00e9reg (bazsar\u00f3zsa), chia mag, alga (sz\u00e1r\u00edtott, spirulina), algaliszt, kondroitin-szulf\u00e1t, n\u00f6v\u00e9nyi olaj (lenmagolaj, nyers), hialuronsav, n\u00e1trium-klorid.<\/p>\n<hr data-start=\"1543\" data-end=\"1546\" \/>\n<h3 data-start=\"1548\" data-end=\"1573\"><strong data-start=\"1552\" data-end=\"1573\">Adal\u00e9kanyagok (kilogrammonk\u00e9nt)<\/strong><\/h3>\n<p data-start=\"1574\" data-end=\"1590\"><strong data-start=\"1574\" data-end=\"1588\">Aminosavak<\/strong><\/p>\n<ul data-start=\"1591\" data-end=\"1626\">\n<li data-start=\"1591\" data-end=\"1626\">\n<p data-start=\"1593\" data-end=\"1626\">L-glutamin (3c451) \u2013 25 000 mg<\/p>\n<\/li>\n<\/ul>\n<p data-start=\"1628\" data-end=\"1653\"><strong data-start=\"1628\" data-end=\"1651\">Technol\u00f3giai adal\u00e9kanyagok<\/strong><\/p>\n<ul data-start=\"1654\" data-end=\"1686\">\n<li data-start=\"1654\" data-end=\"1686\">\n<p data-start=\"1656\" data-end=\"1686\">Fum\u00e1rsav (1a297) \u2013 30 mg<\/p>\n<\/li>\n<\/ul>\n<hr data-start=\"1688\" data-end=\"1691\" \/>\n<h3 data-start=\"1693\" data-end=\"1734\"><strong data-start=\"1697\" data-end=\"1734\">F\u0151 \u00f6sszetev\u0151k (44 g-ban):<\/strong><\/h3>\n<ul data-start=\"1735\" data-end=\"1970\">\n<li data-start=\"1735\" data-end=\"1774\">\n<p data-start=\"1737\" data-end=\"1774\" class=\"translation-block\">Gl\u00fck\u00f3zamin-szulf\u00e1t 2KCl \u2013 14 380 mg<\/p>\n<\/li>\n<li data-start=\"1775\" data-end=\"1794\">\n<p data-start=\"1777\" data-end=\"1794\">MSM \u2013 14 380 mg<\/p>\n<\/li>\n<li data-start=\"1795\" data-end=\"1852\">\n<p data-start=\"1797\" data-end=\"1852\">Term\u00e9szetes (n\u00f6v\u00e9nyi alap\u00fa) antioxid\u00e1nsok \u2013 13 600 mg<\/p>\n<\/li>\n<li data-start=\"1853\" data-end=\"1879\">\n<p data-start=\"1855\" data-end=\"1879\" class=\"translation-block\">L-glutamin \u2013 1 100 mg<\/p>\n<\/li>\n<li data-start=\"1880\" data-end=\"1910\">\n<p data-start=\"1882\" data-end=\"1910\">Kondroitin-szulf\u00e1t \u2013 170 mg<\/p>\n<\/li>\n<li data-start=\"1911\" data-end=\"1938\">\n<p data-start=\"1913\" data-end=\"1938\">Hialuronsav \u2013 85 mg<\/p>\n<\/li>\n<li data-start=\"1939\" data-end=\"1970\">\n<p data-start=\"1941\" data-end=\"1970\">Omega-3 zs\u00edrsavak \u2013 2,9%<\/p>\n<\/li>\n<\/ul>\n<hr data-start=\"1972\" data-end=\"1975\" \/>\n<h3 data-start=\"1977\" data-end=\"2006\"><strong data-start=\"1981\" data-end=\"2006\">Analitikai \u00f6sszetev\u0151k<\/strong><\/h3>\n<ul data-start=\"2007\" data-end=\"2128\">\n<li data-start=\"2007\" data-end=\"2034\">\n<p data-start=\"2009\" data-end=\"2034\">Nyersfeh\u00e9rje \u2013 17,7 %<\/p>\n<\/li>\n<li data-start=\"2035\" data-end=\"2060\">\n<p data-start=\"2037\" data-end=\"2060\">Nyerszs\u00edr \u2013 5,6 %<\/p>\n<\/li>\n<li data-start=\"2061\" data-end=\"2086\">\n<p data-start=\"2063\" data-end=\"2086\">Nyershamu \u2013 12,0 %<\/p>\n<\/li>\n<li data-start=\"2087\" data-end=\"2110\">\n<p data-start=\"2089\" data-end=\"2110\">Nyersrost \u2013 2,6 %<\/p>\n<\/li>\n<li data-start=\"2111\" data-end=\"2128\">\n<p data-start=\"2113\" data-end=\"2128\">N\u00e1trium \u2013 0,3 %<\/p>\n<\/li>\n<\/ul>","protected":false},"excerpt":{"rendered":"<p class=\"translation-block\">Orvosi kutat\u00e1sok alapj\u00e1n kifejlesztett, takarm\u00e1ny-kieg\u00e9sz\u00edt\u0151 lovak sz\u00e1m\u00e1ra. Iz\u00fcletek \u00e9s porcok v\u00e9delm\u00e9re. Omega 3 zs\u00edrsavakat \u00e9s term\u00e9szetes antioxid\u00e1nsokat tartalmaz, hogy az \u00f6regebb lovaknak is eg\u00e9szs\u00e9ges, rugalmas iz\u00fcleteket biztos\u00edtsanak a munk\u00e1ban. Az Omega3 hat\u00e1s\u00e1ra felgyorsulnak az anyagcsere folyamatok, \u00edgy javul a regener\u00e1ci\u00f3ja a f\u00e1radt imoknak \u00e9s iz\u00fcleteknek. Napi adagol\u00e1s\u00e1val cs\u00f6kkenthet\u0151 a porckop\u00e1s, mivel el\u0151seg\u00edti az iz\u00fcleti folyad\u00e9k k\u00e9pz\u0151d\u00e9s\u00e9t.<\/p>","protected":false},"featured_media":546,"comment_status":"open","ping_status":"closed","template":"","meta":{"site-sidebar-layout":"default","site-content-layout":"","ast-site-content-layout":"default","site-content-style":"default","site-sidebar-style":"default","ast-global-header-display":"","ast-banner-title-visibility":"","ast-main-header-display":"","ast-hfb-above-header-display":"","ast-hfb-below-header-display":"","ast-hfb-mobile-header-display":"","site-post-title":"","ast-breadcrumbs-content":"","ast-featured-img":"","footer-sml-layout":"","theme-transparent-header-meta":"default","adv-header-id-meta":"","stick-header-meta":"","header-above-stick-meta":"","header-main-stick-meta":"","header-below-stick-meta":"","astra-migrate-meta-layouts":"set","ast-page-background-enabled":"default","ast-page-background-meta":{"desktop":{"background-color":"var(--ast-global-color-5)","background-image":"","background-repeat":"repeat","background-position":"center center","background-size":"auto","background-attachment":"scroll","background-type":"","background-media":"","overlay-type":"","overlay-color":"","overlay-opacity":"","overlay-gradient":""},"tablet":{"background-color":"","background-image":"","background-repeat":"repeat","background-position":"center center","background-size":"auto","background-attachment":"scroll","background-type":"","background-media":"","overlay-type":"","overlay-color":"","overlay-opacity":"","overlay-gradient":""},"mobile":{"background-color":"","background-image":"","background-repeat":"repeat","background-position":"center center","background-size":"auto","background-attachment":"scroll","background-type":"","background-media":"","overlay-type":"","overlay-color":"","overlay-opacity":"","overlay-gradient":""}},"ast-content-background-meta":{"desktop":{"background-color":"var(--ast-global-color-4)","background-image":"","background-repeat":"repeat","background-position":"center center","background-size":"auto","background-attachment":"scroll","background-type":"","background-media":"","overlay-type":"","overlay-color":"","overlay-opacity":"","overlay-gradient":""},"tablet":{"background-color":"var(--ast-global-color-4)","background-image":"","background-repeat":"repeat","background-position":"center center","background-size":"auto","background-attachment":"scroll","background-type":"","background-media":"","overlay-type":"","overlay-color":"","overlay-opacity":"","overlay-gradient":""},"mobile":{"background-color":"var(--ast-global-color-4)","background-image":"","background-repeat":"repeat","background-position":"center center","background-size":"auto","background-attachment":"scroll","background-type":"","background-media":"","overlay-type":"","overlay-color":"","overlay-opacity":"","overlay-gradient":""}}},"product_brand":[],"product_cat":[45],"product_tag":[],"class_list":{"0":"post-545","1":"product","2":"type-product","3":"status-publish","4":"has-post-thumbnail","6":"product_cat-mobilitate-si-confort-articular","7":"desktop-align-left","8":"tablet-align-left","9":"mobile-align-left","11":"first","12":"instock","13":"shipping-taxable","14":"purchasable","15":"product-type-simple"},"jetpack_sharing_enabled":true,"_links":{"self":[{"href":"https:\/\/magazinulmiculcalaret.ro\/hu\/wp-json\/wp\/v2\/product\/545","targetHints":{"allow":["GET"]}}],"collection":[{"href":"https:\/\/magazinulmiculcalaret.ro\/hu\/wp-json\/wp\/v2\/product"}],"about":[{"href":"https:\/\/magazinulmiculcalaret.ro\/hu\/wp-json\/wp\/v2\/types\/product"}],"replies":[{"embeddable":true,"href":"https:\/\/magazinulmiculcalaret.ro\/hu\/wp-json\/wp\/v2\/comments?post=545"}],"wp:featuredmedia":[{"embeddable":true,"href":"https:\/\/magazinulmiculcalaret.ro\/hu\/wp-json\/wp\/v2\/media\/546"}],"wp:attachment":[{"href":"https:\/\/magazinulmiculcalaret.ro\/hu\/wp-json\/wp\/v2\/media?parent=545"}],"wp:term":[{"taxonomy":"product_brand","embeddable":true,"href":"https:\/\/magazinulmiculcalaret.ro\/hu\/wp-json\/wp\/v2\/product_brand?post=545"},{"taxonomy":"product_cat","embeddable":true,"href":"https:\/\/magazinulmiculcalaret.ro\/hu\/wp-json\/wp\/v2\/product_cat?post=545"},{"taxonomy":"product_tag","embeddable":true,"href":"https:\/\/magazinulmiculcalaret.ro\/hu\/wp-json\/wp\/v2\/product_tag?post=545"}],"curies":[{"name":"wp","href":"https:\/\/api.w.org\/{rel}","templated":true}]}}