{"id":553,"date":"2025-10-08T20:08:59","date_gmt":"2025-10-08T17:08:59","guid":{"rendered":"https:\/\/magazinulmiculcalaret.ro\/?post_type=product&#038;p=553"},"modified":"2025-10-08T20:08:59","modified_gmt":"2025-10-08T17:08:59","slug":"electro-salts-1kg","status":"publish","type":"product","link":"https:\/\/magazinulmiculcalaret.ro\/hu\/product\/electro-salts-1kg\/","title":{"rendered":"Electro Salts 1kg"},"content":{"rendered":"<p data-start=\"0\" data-end=\"59\"><strong data-start=\"0\" data-end=\"57\">NAF Electro Salts \u2013 Elektrolit p\u00f3tl\u00e1s lovaknak<\/strong><\/p>\n<p data-start=\"61\" data-end=\"411\" class=\"translation-block\">A NAF Electro Salts kifejezetten a lovak elektrolit sz\u00fcks\u00e9gleteinek p\u00f3tl\u00e1s\u00e1ra lett kifejlesztve, k\u00fcl\u00f6n\u00f6sen intenz\u00edv munka, versenyz\u00e9s vagy meleg id\u0151j\u00e1r\u00e1s ut\u00e1n. A l\u00f3 izzad\u00e1ssal nagy mennyis\u00e9g\u0171 \u00e1sv\u00e1nyi anyagot \u2013 p\u00e9ld\u00e1ul n\u00e1triumot, k\u00e1liumot, kloridot, kalciumot \u00e9s magn\u00e9ziumot \u2013 vesz\u00edt, amelyek p\u00f3tl\u00e1sa elengedhetetlen az optim\u00e1lis regener\u00e1ci\u00f3hoz \u00e9s teljes\u00edtm\u00e9nyhez.<\/p>\n<hr data-start=\"413\" data-end=\"416\" \/>\n<h3 data-start=\"418\" data-end=\"447\"><strong data-start=\"422\" data-end=\"447\">F\u0151 el\u0151ny\u00f6k:<\/strong><\/h3>\n<ul data-start=\"448\" data-end=\"727\">\n<li data-start=\"448\" data-end=\"518\">\n<p data-start=\"450\" data-end=\"518\">P\u00f3tolja az izzad\u00e1ssal elvesz\u00edtett elektrolitokat.<\/p>\n<\/li>\n<li data-start=\"519\" data-end=\"576\">\n<p data-start=\"521\" data-end=\"576\" class=\"translation-block\">Seg\u00edti a gyorsabb regener\u00e1ci\u00f3t \u00e9s a kiegyens\u00falyozott folyad\u00e9kh\u00e1ztart\u00e1st.<\/p>\n<\/li>\n<li data-start=\"577\" data-end=\"651\">\n<p data-start=\"579\" data-end=\"651\" class=\"translation-block\">T\u00e1mogatja a l\u00f3 \u00e1ll\u00f3k\u00e9pess\u00e9g\u00e9t \u00e9s teljes\u00edt\u0151k\u00e9pess\u00e9g\u00e9t.<\/p>\n<\/li>\n<li data-start=\"652\" data-end=\"727\">\n<p data-start=\"654\" data-end=\"727\" class=\"translation-block\">K\u00f6nnyen etethet\u0151 takarm\u00e1nyhoz keverve vagy v\u00edzben feloldva.<\/p>\n<\/li>\n<\/ul>\n<hr data-start=\"729\" data-end=\"732\" \/>\n<h3 data-start=\"734\" data-end=\"760\"><strong data-start=\"738\" data-end=\"760\">Ide\u00e1lis v\u00e1laszt\u00e1s:<\/strong><\/h3>\n<ul data-start=\"761\" data-end=\"897\">\n<li data-start=\"761\" data-end=\"794\">\n<p data-start=\"763\" data-end=\"794\">sport- \u00e9s versenylovaknak,<\/p>\n<\/li>\n<li data-start=\"795\" data-end=\"846\">\n<p data-start=\"797\" data-end=\"846\">meleg id\u0151ben fokozottan izzad\u00f3 lovaknak,<\/p>\n<\/li>\n<li data-start=\"847\" data-end=\"897\">\n<p data-start=\"849\" data-end=\"897\">hosszabb sz\u00e1ll\u00edt\u00e1sok \u00e9s nagyobb terhel\u00e9s ut\u00e1n.<\/p>\n<\/li>\n<\/ul>\n<p data-start=\"899\" data-end=\"1051\" class=\"translation-block\">A NAF Electro Salts rendszeres haszn\u00e1lat\u00e1val biztos\u00edthat\u00f3, hogy a l\u00f3 mindig frissen, kiegyens\u00falyozottan \u00e9s teljes er\u0151bedob\u00e1ssal tudjon dolgozni.<\/p>\n<hr data-start=\"1053\" data-end=\"1056\" \/>\n<h3 data-start=\"1058\" data-end=\"1086\"><strong data-start=\"1062\" data-end=\"1086\">Alkalmaz\u00e1si m\u00f3d:<\/strong><\/h3>\n<div class=\"_tableContainer_1rjym_1\">\n<div class=\"group _tableWrapper_1rjym_13 flex w-fit flex-col-reverse\" tabindex=\"-1\">\n<table class=\"w-fit min-w-(--thread-content-width)\" data-start=\"1088\" data-end=\"1330\">\n<thead data-start=\"1088\" data-end=\"1114\">\n<tr data-start=\"1088\" data-end=\"1114\">\n<th data-start=\"1088\" data-end=\"1094\" data-col-size=\"sm\">Faj<\/th>\n<th data-start=\"1094\" data-end=\"1101\" data-col-size=\"sm\">g\/nap<\/th>\n<th data-start=\"1101\" data-end=\"1114\" data-col-size=\"sm\">Adag\/nap<\/th>\n<\/tr>\n<\/thead>\n<tbody data-start=\"1143\" data-end=\"1330\">\n<tr data-start=\"1143\" data-end=\"1196\">\n<td data-start=\"1143\" data-end=\"1177\" data-col-size=\"sm\"><strong data-start=\"1145\" data-end=\"1176\">Versenyl\u00f3 (1-3 nap)<\/strong><\/td>\n<td data-start=\"1177\" data-end=\"1184\" data-col-size=\"sm\">60 g<\/td>\n<td data-start=\"1184\" data-end=\"1196\" data-col-size=\"sm\">6 m\u00e9r\u0151kan\u00e1l<\/td>\n<\/tr>\n<tr data-start=\"1197\" data-end=\"1234\">\n<td data-start=\"1197\" data-end=\"1215\" data-col-size=\"sm\"><strong data-start=\"1199\" data-end=\"1214\">Munkal\u00f3<\/strong><\/td>\n<td data-start=\"1215\" data-end=\"1222\" data-col-size=\"sm\">30 g<\/td>\n<td data-start=\"1222\" data-end=\"1234\" data-col-size=\"sm\">3 m\u00e9r\u0151kan\u00e1l<\/td>\n<\/tr>\n<tr data-start=\"1235\" data-end=\"1290\">\n<td data-start=\"1235\" data-end=\"1271\" data-col-size=\"sm\"><strong data-start=\"1237\" data-end=\"1270\">Versenyp\u00f3ni (1-3 nap)<\/strong><\/td>\n<td data-start=\"1271\" data-end=\"1278\" data-col-size=\"sm\">40<\/td>\n<td data-start=\"1278\" data-end=\"1290\" data-col-size=\"sm\">4 m\u00e9r\u0151kan\u00e1l<\/td>\n<\/tr>\n<tr data-start=\"1291\" data-end=\"1330\">\n<td data-start=\"1291\" data-end=\"1311\" data-col-size=\"sm\"><strong data-start=\"1293\" data-end=\"1310\">Munkap\u00f3ni<\/strong><\/td>\n<td data-start=\"1311\" data-end=\"1318\" data-col-size=\"sm\">20 g<\/td>\n<td data-start=\"1318\" data-end=\"1330\" data-col-size=\"sm\">2 m\u00e9r\u0151kan\u00e1l<\/td>\n<\/tr>\n<\/tbody>\n<\/table>\n<\/div>\n<\/div>\n<hr data-start=\"1332\" data-end=\"1335\" \/>\n<h3 data-start=\"1337\" data-end=\"1356\"><strong data-start=\"1341\" data-end=\"1356\">\u00d6sszet\u00e9tel<\/strong><\/h3>\n<p data-start=\"1357\" data-end=\"1460\">n\u00e1trium-klorid, k\u00e1lium-klorid, magn\u00e9zium-karbon\u00e1t, k\u00e1lcium-lakt\u00e1t, repceolaj, sz\u0151l\u0151cukor<\/p>\n<hr data-start=\"1462\" data-end=\"1465\" \/>\n<h3 data-start=\"1467\" data-end=\"1492\"><strong data-start=\"1471\" data-end=\"1492\">Tartalom 30 g-ban:<\/strong><\/h3>\n<ul data-start=\"1493\" data-end=\"1632\">\n<li data-start=\"1493\" data-end=\"1517\">\n<p data-start=\"1495\" data-end=\"1517\">Kloridok - 14.1 g <strong data-start=\"1505\" data-end=\"1515\">14,1 g<\/strong><\/p>\n<\/li>\n<li data-start=\"1518\" data-end=\"1539\">\n<p data-start=\"1520\" data-end=\"1539\" class=\"translation-block\">N\u00e1trium \u2013 6,9 g<\/p>\n<\/li>\n<li data-start=\"1540\" data-end=\"1563\">\n<p data-start=\"1542\" data-end=\"1563\" class=\"translation-block\">K\u00e1lium \u2013 5,9 g<\/p>\n<\/li>\n<li data-start=\"1564\" data-end=\"1588\">\n<p data-start=\"1566\" data-end=\"1588\" class=\"translation-block\">Magn\u00e9zium \u2013 0,6 g<\/p>\n<\/li>\n<li data-start=\"1589\" data-end=\"1611\">\n<p data-start=\"1591\" data-end=\"1611\" class=\"translation-block\">Kalcium \u2013 0,2 g<\/p>\n<\/li>\n<li data-start=\"1612\" data-end=\"1632\">\n<p data-start=\"1614\" data-end=\"1632\" class=\"translation-block\">Foszfor \u2013 0,2 g<\/p>\n<\/li>\n<\/ul>\n<hr data-start=\"1634\" data-end=\"1637\" \/>\n<h3 data-start=\"1639\" data-end=\"1668\"><strong data-start=\"1643\" data-end=\"1668\">Analitikai \u00f6sszetev\u0151k<\/strong><\/h3>\n<ul data-start=\"1669\" data-end=\"1893\">\n<li data-start=\"1669\" data-end=\"1695\">\n<p data-start=\"1671\" data-end=\"1695\">Nyersfeh\u00e9rje \u2013 0,6 %<\/p>\n<\/li>\n<li data-start=\"1696\" data-end=\"1721\">\n<p data-start=\"1698\" data-end=\"1721\">Nyerszs\u00edr \u2013 1,8 %<\/p>\n<\/li>\n<li data-start=\"1722\" data-end=\"1747\">\n<p data-start=\"1724\" data-end=\"1747\">Nyershamu \u2013 90,0 %<\/p>\n<\/li>\n<li data-start=\"1748\" data-end=\"1771\">\n<p data-start=\"1750\" data-end=\"1771\">Nyersrost \u2013 0,2 %<\/p>\n<\/li>\n<li data-start=\"1772\" data-end=\"1790\">\n<p data-start=\"1774\" data-end=\"1790\">N\u00e1trium \u2013 22,9 %<\/p>\n<\/li>\n<li data-start=\"1791\" data-end=\"1811\">\n<p data-start=\"1793\" data-end=\"1811\">K\u00e1lium \u2013 19,6 %<\/p>\n<\/li>\n<li data-start=\"1812\" data-end=\"1832\">\n<p data-start=\"1814\" data-end=\"1832\">Kloridok \u2013 47,0 %<\/p>\n<\/li>\n<li data-start=\"1833\" data-end=\"1854\">\n<p data-start=\"1835\" data-end=\"1854\">Magn\u00e9zium \u2013 1,84 %<\/p>\n<\/li>\n<li data-start=\"1855\" data-end=\"1874\">\n<p data-start=\"1857\" data-end=\"1874\">Foszfor \u2013 0,62 %<\/p>\n<\/li>\n<li data-start=\"1875\" data-end=\"1893\">\n<p data-start=\"1877\" data-end=\"1893\">Kalcium \u2013 0,8 %<\/p>\n<\/li>\n<\/ul>","protected":false},"excerpt":{"rendered":"<p class=\"translation-block\">A NAF Electro Salts kifejezetten a lovak elektrolit sz\u00fcks\u00e9gleteinek p\u00f3tl\u00e1s\u00e1ra lett kifejlesztve, k\u00fcl\u00f6n\u00f6sen intenz\u00edv munka, versenyz\u00e9s vagy meleg id\u0151j\u00e1r\u00e1s ut\u00e1n. A l\u00f3 izzad\u00e1ssal nagy mennyis\u00e9g\u0171 \u00e1sv\u00e1nyi anyagot \u2013 p\u00e9ld\u00e1ul n\u00e1triumot, k\u00e1liumot, kloridot, kalciumot \u00e9s magn\u00e9ziumot \u2013 vesz\u00edt, amelyek p\u00f3tl\u00e1sa elengedhetetlen az optim\u00e1lis regener\u00e1ci\u00f3hoz \u00e9s teljes\u00edtm\u00e9nyhez.<\/p>","protected":false},"featured_media":554,"comment_status":"open","ping_status":"closed","template":"","meta":{"site-sidebar-layout":"default","site-content-layout":"","ast-site-content-layout":"default","site-content-style":"default","site-sidebar-style":"default","ast-global-header-display":"","ast-banner-title-visibility":"","ast-main-header-display":"","ast-hfb-above-header-display":"","ast-hfb-below-header-display":"","ast-hfb-mobile-header-display":"","site-post-title":"","ast-breadcrumbs-content":"","ast-featured-img":"","footer-sml-layout":"","theme-transparent-header-meta":"default","adv-header-id-meta":"","stick-header-meta":"","header-above-stick-meta":"","header-main-stick-meta":"","header-below-stick-meta":"","astra-migrate-meta-layouts":"set","ast-page-background-enabled":"default","ast-page-background-meta":{"desktop":{"background-color":"var(--ast-global-color-5)","background-image":"","background-repeat":"repeat","background-position":"center center","background-size":"auto","background-attachment":"scroll","background-type":"","background-media":"","overlay-type":"","overlay-color":"","overlay-opacity":"","overlay-gradient":""},"tablet":{"background-color":"","background-image":"","background-repeat":"repeat","background-position":"center center","background-size":"auto","background-attachment":"scroll","background-type":"","background-media":"","overlay-type":"","overlay-color":"","overlay-opacity":"","overlay-gradient":""},"mobile":{"background-color":"","background-image":"","background-repeat":"repeat","background-position":"center center","background-size":"auto","background-attachment":"scroll","background-type":"","background-media":"","overlay-type":"","overlay-color":"","overlay-opacity":"","overlay-gradient":""}},"ast-content-background-meta":{"desktop":{"background-color":"var(--ast-global-color-4)","background-image":"","background-repeat":"repeat","background-position":"center center","background-size":"auto","background-attachment":"scroll","background-type":"","background-media":"","overlay-type":"","overlay-color":"","overlay-opacity":"","overlay-gradient":""},"tablet":{"background-color":"var(--ast-global-color-4)","background-image":"","background-repeat":"repeat","background-position":"center center","background-size":"auto","background-attachment":"scroll","background-type":"","background-media":"","overlay-type":"","overlay-color":"","overlay-opacity":"","overlay-gradient":""},"mobile":{"background-color":"var(--ast-global-color-4)","background-image":"","background-repeat":"repeat","background-position":"center center","background-size":"auto","background-attachment":"scroll","background-type":"","background-media":"","overlay-type":"","overlay-color":"","overlay-opacity":"","overlay-gradient":""}}},"product_brand":[],"product_cat":[46],"product_tag":[],"class_list":{"0":"post-553","1":"product","2":"type-product","3":"status-publish","4":"has-post-thumbnail","6":"product_cat-putere-focus-refacere-rapida","7":"desktop-align-left","8":"tablet-align-left","9":"mobile-align-left","11":"first","12":"instock","13":"shipping-taxable","14":"purchasable","15":"product-type-simple"},"jetpack_sharing_enabled":true,"_links":{"self":[{"href":"https:\/\/magazinulmiculcalaret.ro\/hu\/wp-json\/wp\/v2\/product\/553","targetHints":{"allow":["GET"]}}],"collection":[{"href":"https:\/\/magazinulmiculcalaret.ro\/hu\/wp-json\/wp\/v2\/product"}],"about":[{"href":"https:\/\/magazinulmiculcalaret.ro\/hu\/wp-json\/wp\/v2\/types\/product"}],"replies":[{"embeddable":true,"href":"https:\/\/magazinulmiculcalaret.ro\/hu\/wp-json\/wp\/v2\/comments?post=553"}],"wp:featuredmedia":[{"embeddable":true,"href":"https:\/\/magazinulmiculcalaret.ro\/hu\/wp-json\/wp\/v2\/media\/554"}],"wp:attachment":[{"href":"https:\/\/magazinulmiculcalaret.ro\/hu\/wp-json\/wp\/v2\/media?parent=553"}],"wp:term":[{"taxonomy":"product_brand","embeddable":true,"href":"https:\/\/magazinulmiculcalaret.ro\/hu\/wp-json\/wp\/v2\/product_brand?post=553"},{"taxonomy":"product_cat","embeddable":true,"href":"https:\/\/magazinulmiculcalaret.ro\/hu\/wp-json\/wp\/v2\/product_cat?post=553"},{"taxonomy":"product_tag","embeddable":true,"href":"https:\/\/magazinulmiculcalaret.ro\/hu\/wp-json\/wp\/v2\/product_tag?post=553"}],"curies":[{"name":"wp","href":"https:\/\/api.w.org\/{rel}","templated":true}]}}