{"id":555,"date":"2025-10-08T20:11:06","date_gmt":"2025-10-08T17:11:06","guid":{"rendered":"https:\/\/magazinulmiculcalaret.ro\/?post_type=product&#038;p=555"},"modified":"2025-10-08T20:11:06","modified_gmt":"2025-10-08T17:11:06","slug":"naf-vitamin-e-selenium","status":"publish","type":"product","link":"https:\/\/magazinulmiculcalaret.ro\/hu\/product\/naf-vitamin-e-selenium\/","title":{"rendered":"NAF-Vitamin, E + Szel\u00e9n"},"content":{"rendered":"<p data-start=\"0\" data-end=\"89\"><strong data-start=\"0\" data-end=\"87\">NAF Vitamin E + Szel\u00e9n \u2013 izomv\u00e9delem \u00e9s teljes\u00edtm\u00e9nyt\u00e1mogat\u00e1s lovaknak<\/strong><\/p>\n<p data-start=\"91\" data-end=\"405\" class=\"translation-block\">A NAF Vitamin E + Szel\u00e9n egy pr\u00e9mium min\u0151s\u00e9g\u0171 takarm\u00e1nykieg\u00e9sz\u00edt\u0151, amelyet kifejezetten a lovak izomzat\u00e1nak v\u00e9delm\u00e9re \u00e9s a teljes\u00edtm\u00e9ny t\u00e1mogat\u00e1s\u00e1ra fejlesztettek ki. A k\u00e9t kulcsfontoss\u00e1g\u00fa antioxid\u00e1ns, az E-vitamin \u00e9s a szel\u00e9n egy\u00fctt seg\u00edtik a sejtek v\u00e9delm\u00e9t az oxidat\u00edv stresszel szemben, hozz\u00e1j\u00e1rulnak az izomzat regener\u00e1ci\u00f3j\u00e1hoz \u00e9s el\u0151seg\u00edtik a l\u00f3 energikus, kiegyens\u00falyozott m\u0171k\u00f6d\u00e9s\u00e9t.<\/p>\n<hr data-start=\"407\" data-end=\"410\" \/>\n<h3 data-start=\"412\" data-end=\"443\"><strong data-start=\"416\" data-end=\"441\">F\u0151 el\u0151ny\u00f6k:<\/strong><\/h3>\n<ul data-start=\"444\" data-end=\"793\">\n<li data-start=\"444\" data-end=\"520\">\n<p data-start=\"446\" data-end=\"520\" class=\"translation-block\">T\u00e1mogatja az eg\u00e9szs\u00e9ges izomm\u0171k\u00f6d\u00e9st \u00e9s a gyors regener\u00e1ci\u00f3t<\/p>\n<\/li>\n<li data-start=\"521\" data-end=\"588\">\n<p data-start=\"523\" data-end=\"588\" class=\"translation-block\">Hozz\u00e1j\u00e1rul a f\u00e1radts\u00e1g \u00e9s az izommerevs\u00e9g cs\u00f6kkent\u00e9s\u00e9hez<\/p>\n<\/li>\n<li data-start=\"589\" data-end=\"642\">\n<p data-start=\"591\" data-end=\"642\" class=\"translation-block\">Er\u0151s antioxid\u00e1ns v\u00e9delmet biztos\u00edt a sejtek sz\u00e1m\u00e1ra<\/p>\n<\/li>\n<li data-start=\"643\" data-end=\"720\">\n<p data-start=\"645\" data-end=\"720\" class=\"translation-block\">N\u00e9lk\u00fcl\u00f6zhetetlen a kem\u00e9nyen dolgoz\u00f3, sport- \u00e9s versenylovak \u00e9trendj\u00e9ben<\/p>\n<\/li>\n<li data-start=\"721\" data-end=\"793\">\n<p data-start=\"723\" data-end=\"793\" class=\"translation-block\">Ide\u00e1lis szel\u00e9nszeg\u00e9ny ter\u00fcleteken \u00e9l\u0151 lovak \u00e9s p\u00f3nik sz\u00e1m\u00e1ra<\/p>\n<\/li>\n<\/ul>\n<hr data-start=\"795\" data-end=\"798\" \/>\n<h3 data-start=\"800\" data-end=\"828\"><strong data-start=\"804\" data-end=\"828\">Alkalmaz\u00e1si m\u00f3d:<\/strong><\/h3>\n<div class=\"_tableContainer_1rjym_1\">\n<div class=\"group _tableWrapper_1rjym_13 flex w-fit flex-col-reverse\" tabindex=\"-1\">\n<table class=\"w-fit min-w-(--thread-content-width)\" data-start=\"830\" data-end=\"1115\">\n<thead data-start=\"830\" data-end=\"871\">\n<tr data-start=\"830\" data-end=\"871\">\n<th data-start=\"830\" data-end=\"840\" data-col-size=\"sm\">L\u00f3 t\u00edpus<\/th>\n<th data-start=\"840\" data-end=\"851\" data-col-size=\"sm\">Perioad\u0103<\/th>\n<th data-start=\"851\" data-end=\"858\" data-col-size=\"sm\">g\/nap<\/th>\n<th data-start=\"858\" data-end=\"871\" data-col-size=\"sm\">Adag\/nap<\/th>\n<\/tr>\n<\/thead>\n<tbody data-start=\"916\" data-end=\"1115\">\n<tr data-start=\"916\" data-end=\"973\">\n<td data-start=\"916\" data-end=\"922\" data-col-size=\"sm\">L\u00f3<\/td>\n<td data-start=\"922\" data-end=\"954\" data-col-size=\"sm\">Felt\u00f6lt\u00e9si id\u0151szak (7-10 nap)<\/td>\n<td data-start=\"954\" data-end=\"961\" data-col-size=\"sm\">45 g<\/td>\n<td data-start=\"961\" data-end=\"973\" data-col-size=\"sm\">3 m\u00e9r\u0151kan\u00e1l<\/td>\n<\/tr>\n<tr data-start=\"974\" data-end=\"1013\">\n<td data-start=\"974\" data-end=\"980\" data-col-size=\"sm\">L\u00f3<\/td>\n<td data-start=\"980\" data-end=\"994\" data-col-size=\"sm\">Szintentart\u00e1s<\/td>\n<td data-start=\"994\" data-end=\"1001\" data-col-size=\"sm\">30 g<\/td>\n<td data-start=\"1001\" data-end=\"1013\" data-col-size=\"sm\">2 m\u00e9r\u0151kan\u00e1l<\/td>\n<\/tr>\n<tr data-start=\"1014\" data-end=\"1073\">\n<td data-start=\"1014\" data-end=\"1022\" data-col-size=\"sm\">P\u00f3nil\u00f3<\/td>\n<td data-start=\"1022\" data-end=\"1054\" data-col-size=\"sm\">Felt\u00f6lt\u00e9si id\u0151szak (7-10 nap)<\/td>\n<td data-start=\"1054\" data-end=\"1061\" data-col-size=\"sm\">30 g<\/td>\n<td data-start=\"1061\" data-end=\"1073\" data-col-size=\"sm\">2 m\u00e9r\u0151kan\u00e1l<\/td>\n<\/tr>\n<tr data-start=\"1074\" data-end=\"1115\">\n<td data-start=\"1074\" data-end=\"1082\" data-col-size=\"sm\">P\u00f3nil\u00f3<\/td>\n<td data-start=\"1082\" data-end=\"1096\" data-col-size=\"sm\">Szintentart\u00e1s<\/td>\n<td data-start=\"1096\" data-end=\"1103\" data-col-size=\"sm\">15 g<\/td>\n<td data-start=\"1103\" data-end=\"1115\" data-col-size=\"sm\">1 m\u00e9r\u0151kan\u00e1l<\/td>\n<\/tr>\n<\/tbody>\n<\/table>\n<\/div>\n<\/div>\n<p data-start=\"1117\" data-end=\"1172\">A napi takarm\u00e1nyhoz keverve adhat\u00f3.<\/p>\n<hr data-start=\"1174\" data-end=\"1177\" \/>\n<h3 data-start=\"1179\" data-end=\"1200\"><strong data-start=\"1183\" data-end=\"1198\">\u00d6sszet\u00e9tel<\/strong><\/h3>\n<p data-start=\"1201\" data-end=\"1264\">L-lizin-monohidroklorid 3c322, szel\u00e9n szerves form\u00e1ban, E-vitamin<\/p>\n<hr data-start=\"1266\" data-end=\"1269\" \/>\n<h3 data-start=\"1271\" data-end=\"1302\"><strong data-start=\"1275\" data-end=\"1300\">Analitikai \u00f6sszetev\u0151k<\/strong><\/h3>\n<ul data-start=\"1303\" data-end=\"1496\">\n<li data-start=\"1303\" data-end=\"1334\">\n<p data-start=\"1305\" data-end=\"1334\">Nyersfeh\u00e9rje \u2013 <strong data-start=\"1322\" data-end=\"1332\">19,5 %<\/strong><\/p>\n<\/li>\n<li data-start=\"1335\" data-end=\"1376\">\n<p data-start=\"1337\" data-end=\"1376\">Nyers olajok \u00e9s zs\u00edrok \u2013 <strong data-start=\"1364\" data-end=\"1374\">14,9 %<\/strong><\/p>\n<\/li>\n<li data-start=\"1377\" data-end=\"1405\">\n<p data-start=\"1379\" data-end=\"1405\">Nyershamu \u2013 <strong data-start=\"1394\" data-end=\"1403\">6,2 %<\/strong><\/p>\n<\/li>\n<li data-start=\"1406\" data-end=\"1447\">\n<p data-start=\"1408\" data-end=\"1447\">Sav\u00e1ll\u00f3 hamu - <strong data-start=\"1436\" data-end=\"1445\">4,3 %<\/strong><\/p>\n<\/li>\n<li data-start=\"1448\" data-end=\"1475\">\n<p data-start=\"1450\" data-end=\"1475\">Nyersrost \u2013 <strong data-start=\"1464\" data-end=\"1473\">1,1 %<\/strong><\/p>\n<\/li>\n<li data-start=\"1476\" data-end=\"1496\">\n<p data-start=\"1478\" data-end=\"1496\">N\u00e1trium \u2013 <strong data-start=\"1486\" data-end=\"1496\">0,05 %<\/strong><\/p>\n<\/li>\n<\/ul>","protected":false},"excerpt":{"rendered":"<p class=\"translation-block\">A NAF Vitamin E + Szel\u00e9n egy pr\u00e9mium min\u0151s\u00e9g\u0171 takarm\u00e1nykieg\u00e9sz\u00edt\u0151, amelyet kifejezetten a lovak izomzat\u00e1nak v\u00e9delm\u00e9re \u00e9s a teljes\u00edtm\u00e9ny t\u00e1mogat\u00e1s\u00e1ra fejlesztettek ki. A k\u00e9t kulcsfontoss\u00e1g\u00fa antioxid\u00e1ns, az E-vitamin \u00e9s a szel\u00e9n egy\u00fctt seg\u00edtik a sejtek v\u00e9delm\u00e9t az oxidat\u00edv stresszel szemben, hozz\u00e1j\u00e1rulnak az izomzat regener\u00e1ci\u00f3j\u00e1hoz \u00e9s el\u0151seg\u00edtik a l\u00f3 energikus, kiegyens\u00falyozott m\u0171k\u00f6d\u00e9s\u00e9t.<\/p>","protected":false},"featured_media":556,"comment_status":"open","ping_status":"closed","template":"","meta":{"site-sidebar-layout":"default","site-content-layout":"","ast-site-content-layout":"default","site-content-style":"default","site-sidebar-style":"default","ast-global-header-display":"","ast-banner-title-visibility":"","ast-main-header-display":"","ast-hfb-above-header-display":"","ast-hfb-below-header-display":"","ast-hfb-mobile-header-display":"","site-post-title":"","ast-breadcrumbs-content":"","ast-featured-img":"","footer-sml-layout":"","theme-transparent-header-meta":"default","adv-header-id-meta":"","stick-header-meta":"","header-above-stick-meta":"","header-main-stick-meta":"","header-below-stick-meta":"","astra-migrate-meta-layouts":"set","ast-page-background-enabled":"default","ast-page-background-meta":{"desktop":{"background-color":"var(--ast-global-color-5)","background-image":"","background-repeat":"repeat","background-position":"center center","background-size":"auto","background-attachment":"scroll","background-type":"","background-media":"","overlay-type":"","overlay-color":"","overlay-opacity":"","overlay-gradient":""},"tablet":{"background-color":"","background-image":"","background-repeat":"repeat","background-position":"center center","background-size":"auto","background-attachment":"scroll","background-type":"","background-media":"","overlay-type":"","overlay-color":"","overlay-opacity":"","overlay-gradient":""},"mobile":{"background-color":"","background-image":"","background-repeat":"repeat","background-position":"center center","background-size":"auto","background-attachment":"scroll","background-type":"","background-media":"","overlay-type":"","overlay-color":"","overlay-opacity":"","overlay-gradient":""}},"ast-content-background-meta":{"desktop":{"background-color":"var(--ast-global-color-4)","background-image":"","background-repeat":"repeat","background-position":"center center","background-size":"auto","background-attachment":"scroll","background-type":"","background-media":"","overlay-type":"","overlay-color":"","overlay-opacity":"","overlay-gradient":""},"tablet":{"background-color":"var(--ast-global-color-4)","background-image":"","background-repeat":"repeat","background-position":"center center","background-size":"auto","background-attachment":"scroll","background-type":"","background-media":"","overlay-type":"","overlay-color":"","overlay-opacity":"","overlay-gradient":""},"mobile":{"background-color":"var(--ast-global-color-4)","background-image":"","background-repeat":"repeat","background-position":"center center","background-size":"auto","background-attachment":"scroll","background-type":"","background-media":"","overlay-type":"","overlay-color":"","overlay-opacity":"","overlay-gradient":""}}},"product_brand":[],"product_cat":[46],"product_tag":[],"class_list":{"0":"post-555","1":"product","2":"type-product","3":"status-publish","4":"has-post-thumbnail","6":"product_cat-putere-focus-refacere-rapida","7":"desktop-align-left","8":"tablet-align-left","9":"mobile-align-left","11":"first","12":"instock","13":"shipping-taxable","14":"purchasable","15":"product-type-simple"},"jetpack_sharing_enabled":true,"_links":{"self":[{"href":"https:\/\/magazinulmiculcalaret.ro\/hu\/wp-json\/wp\/v2\/product\/555","targetHints":{"allow":["GET"]}}],"collection":[{"href":"https:\/\/magazinulmiculcalaret.ro\/hu\/wp-json\/wp\/v2\/product"}],"about":[{"href":"https:\/\/magazinulmiculcalaret.ro\/hu\/wp-json\/wp\/v2\/types\/product"}],"replies":[{"embeddable":true,"href":"https:\/\/magazinulmiculcalaret.ro\/hu\/wp-json\/wp\/v2\/comments?post=555"}],"wp:featuredmedia":[{"embeddable":true,"href":"https:\/\/magazinulmiculcalaret.ro\/hu\/wp-json\/wp\/v2\/media\/556"}],"wp:attachment":[{"href":"https:\/\/magazinulmiculcalaret.ro\/hu\/wp-json\/wp\/v2\/media?parent=555"}],"wp:term":[{"taxonomy":"product_brand","embeddable":true,"href":"https:\/\/magazinulmiculcalaret.ro\/hu\/wp-json\/wp\/v2\/product_brand?post=555"},{"taxonomy":"product_cat","embeddable":true,"href":"https:\/\/magazinulmiculcalaret.ro\/hu\/wp-json\/wp\/v2\/product_cat?post=555"},{"taxonomy":"product_tag","embeddable":true,"href":"https:\/\/magazinulmiculcalaret.ro\/hu\/wp-json\/wp\/v2\/product_tag?post=555"}],"curies":[{"name":"wp","href":"https:\/\/api.w.org\/{rel}","templated":true}]}}