{"id":558,"date":"2025-10-08T20:13:17","date_gmt":"2025-10-08T17:13:17","guid":{"rendered":"https:\/\/magazinulmiculcalaret.ro\/?post_type=product&#038;p=558"},"modified":"2025-10-08T20:13:17","modified_gmt":"2025-10-08T17:13:17","slug":"m-power-900gr","status":"publish","type":"product","link":"https:\/\/magazinulmiculcalaret.ro\/hu\/product\/m-power-900gr\/","title":{"rendered":"M Power 900gr"},"content":{"rendered":"<p data-start=\"0\" data-end=\"86\"><strong data-start=\"0\" data-end=\"84\">NAF M Power \u2013 Kieg\u00e9sz\u00edt\u0151 az izomt\u00f6meg n\u00f6vel\u00e9s\u00e9re \u00e9s az \u00e1ll\u00f3k\u00e9pess\u00e9g fokoz\u00e1s\u00e1ra lovak sz\u00e1m\u00e1ra<\/strong><\/p>\n<p data-start=\"88\" data-end=\"525\" class=\"translation-block\">Izomt\u00f6meg \u00e9s \u00e1ll\u00f3k\u00e9pess\u00e9g n\u00f6vel\u0151. A MPower egy \u00e9lvonalbeli egyed\u00fcl\u00e1ll\u00f3 formula, mely aminosavakban \u00e9s term\u00e9szetes eredet\u0171 antioxid\u00e1nsokban gazdag, amelyek egy\u00fctt dolgoznak a kiv\u00e1lasztott n\u00f6v\u00e9nyi \u00f6sszetev\u0151kkel, biztos\u00edtva az eg\u00e9szs\u00e9ges izomfunkci\u00f3t illetve az izomn\u00f6veked\u00e9st. Ezen k\u00edv\u00fcl tartalmazza a sz\u00fcks\u00e9ges vitaminokat, nyomelemeket \u00e9s az optim\u00e1lis em\u00e9szt\u00e9si folyamatokhoz sz\u00fcks\u00e9ges \u00e9leszt\u0151t, melyek egy\u00fcttesen lehet\u0151v\u00e9 teszik a kulcsfontoss\u00e1g\u00fa izom\u00e9p\u00edt\u0151 \u00f6sszetev\u0151k hat\u00e9kony felhaszn\u00e1l\u00e1s\u00e1t.<\/p>\n<hr data-start=\"527\" data-end=\"530\" \/>\n<h3 data-start=\"532\" data-end=\"560\"><strong data-start=\"536\" data-end=\"560\">Alkalmaz\u00e1si m\u00f3d:<\/strong><\/h3>\n<p data-start=\"561\" data-end=\"683\" class=\"translation-block\">Adja a napi takarm\u00e1nyadaghoz. Etesse az M-Power-t legal\u00e1bb n\u00e9gy h\u00e9tig.<\/p>\n<div class=\"_tableContainer_1rjym_1\">\n<div class=\"group _tableWrapper_1rjym_13 flex w-fit flex-col-reverse\" tabindex=\"-1\">\n<table class=\"w-fit min-w-(--thread-content-width)\" data-start=\"685\" data-end=\"829\">\n<thead data-start=\"685\" data-end=\"728\">\n<tr data-start=\"685\" data-end=\"728\">\n<th data-start=\"685\" data-end=\"695\" data-col-size=\"sm\">L\u00f3 t\u00edpus<\/th>\n<th data-start=\"695\" data-end=\"715\" data-col-size=\"sm\">Napi mennyis\u00e9g<\/th>\n<th data-start=\"715\" data-end=\"728\" data-col-size=\"sm\">Adag\/nap<\/th>\n<\/tr>\n<\/thead>\n<tbody data-start=\"776\" data-end=\"829\">\n<tr data-start=\"776\" data-end=\"801\">\n<td data-start=\"776\" data-end=\"782\" data-col-size=\"sm\">L\u00f3<\/td>\n<td data-start=\"782\" data-end=\"789\" data-col-size=\"sm\">30 g<\/td>\n<td data-start=\"789\" data-end=\"801\" data-col-size=\"sm\">3 m\u00e9r\u0151kan\u00e1l<\/td>\n<\/tr>\n<tr data-start=\"802\" data-end=\"829\">\n<td data-start=\"802\" data-end=\"810\" data-col-size=\"sm\">P\u00f3nil\u00f3<\/td>\n<td data-start=\"810\" data-end=\"817\" data-col-size=\"sm\">20 g<\/td>\n<td data-start=\"817\" data-end=\"829\" data-col-size=\"sm\">2 m\u00e9r\u0151kan\u00e1l<\/td>\n<\/tr>\n<\/tbody>\n<\/table>\n<\/div>\n<\/div>\n<hr data-start=\"831\" data-end=\"834\" \/>\n<h3 data-start=\"836\" data-end=\"855\"><strong data-start=\"840\" data-end=\"855\">\u00d6sszet\u00e9tel<\/strong><\/h3>\n<p data-start=\"856\" data-end=\"1282\">S\u00f6r\u00e9leszt\u0151, Omicha bogy\u00f3k, kurkuma, kalcium-karbon\u00e1t, s\u00e1rgar\u00e9pa (sz\u00e1r\u00edtott), \u00e9leszt\u0151k, burgonyafeh\u00e9rje, csipkebogy\u00f3 h\u00e9ja, m\u00e1riat\u00f6vis mag, gomba (sz\u00e1r\u00edtott, ehet\u0151), pitypanglev\u00e9l, alga (sz\u00e1r\u00edtott, Chlorella sp), gy\u00f6mb\u00e9rgy\u00f6k\u00e9r, Ginkgo levelek, rozmaring, \u00e9desgy\u00f6k\u00e9r, zs\u00edrsavak monogliceridjei (olajsav), repceolaj (finom\u00edtott), maltodextrin, monokalcium-foszf\u00e1t, magn\u00e9zium-oxid, n\u00e1trium-klorid.<\/p>\n<hr data-start=\"1284\" data-end=\"1287\" \/>\n<h3 data-start=\"1289\" data-end=\"1306\"><strong data-start=\"1293\" data-end=\"1306\">Vitaminok:<\/strong><\/h3>\n<ul data-start=\"1307\" data-end=\"1876\">\n<li data-start=\"1307\" data-end=\"1343\">\n<p data-start=\"1309\" data-end=\"1343\" class=\"translation-block\">L-karnitin (3a910): 4 600 mg<\/p>\n<\/li>\n<li data-start=\"1344\" data-end=\"1376\">\n<p data-start=\"1346\" data-end=\"1376\" class=\"translation-block\">Biotin (3a880): 1,64 mg<\/p>\n<\/li>\n<li data-start=\"1377\" data-end=\"1420\">\n<p data-start=\"1379\" data-end=\"1420\" class=\"translation-block\">Kalcium-D-pantoten\u00e1t (3a841): 172 mg<\/p>\n<\/li>\n<li data-start=\"1421\" data-end=\"1462\">\n<p data-start=\"1423\" data-end=\"1462\" class=\"translation-block\">Kolin-klorid (3a890): 674 mg<\/p>\n<\/li>\n<li data-start=\"1463\" data-end=\"1499\">\n<p data-start=\"1465\" data-end=\"1499\" class=\"translation-block\">Folsav (3a316): 13,70 mg<\/p>\n<\/li>\n<li data-start=\"1500\" data-end=\"1538\">\n<p data-start=\"1502\" data-end=\"1538\" class=\"translation-block\">Niacinamid (3a315): 15 400 mg<\/p>\n<\/li>\n<li data-start=\"1539\" data-end=\"1578\">\n<p data-start=\"1541\" data-end=\"1578\" class=\"translation-block\">A-vitamin (3a672a): 436 000 NE<\/p>\n<\/li>\n<li data-start=\"1579\" data-end=\"1616\">\n<p data-start=\"1581\" data-end=\"1616\" class=\"translation-block\">B1-vitamin (3a821): 45,10 mg<\/p>\n<\/li>\n<li data-start=\"1617\" data-end=\"1647\">\n<p data-start=\"1619\" data-end=\"1647\" class=\"translation-block\">B12-vitamin: 12,60 \u03bcg<\/p>\n<\/li>\n<li data-start=\"1648\" data-end=\"1686\">\n<p data-start=\"1650\" data-end=\"1686\" class=\"translation-block\">B2-vitamin (3a825i): 23,40 mg<\/p>\n<\/li>\n<li data-start=\"1687\" data-end=\"1724\">\n<p data-start=\"1689\" data-end=\"1724\" class=\"translation-block\">B6-vitamin (3a831): 26,40 mg<\/p>\n<\/li>\n<li data-start=\"1725\" data-end=\"1763\">\n<p data-start=\"1727\" data-end=\"1763\" class=\"translation-block\">D3-vitamin (3a671): 61 100 NE<\/p>\n<\/li>\n<li data-start=\"1764\" data-end=\"1838\">\n<p data-start=\"1766\" data-end=\"1838\" class=\"translation-block\">E-vitamin (3a700 \u2013 term\u00e9szetes 14 600 NE, all-rac 3 560 NE): 18 160 NE<\/p>\n<\/li>\n<li data-start=\"1839\" data-end=\"1876\">\n<p data-start=\"1841\" data-end=\"1876\" class=\"translation-block\">K3-vitamin (3a711): 16,80 mg<\/p>\n<\/li>\n<\/ul>\n<hr data-start=\"1878\" data-end=\"1881\" \/>\n<h3 data-start=\"1883\" data-end=\"1912\"><strong data-start=\"1887\" data-end=\"1912\">Analitikai \u00f6sszetev\u0151k<\/strong><\/h3>\n<ul data-start=\"1913\" data-end=\"2091\">\n<li data-start=\"1913\" data-end=\"1943\">\n<p data-start=\"1915\" data-end=\"1943\">Nyers feh\u00e9rje: <strong data-start=\"1931\" data-end=\"1941\">26,1 %<\/strong><\/p>\n<\/li>\n<li data-start=\"1944\" data-end=\"1973\">\n<p data-start=\"1946\" data-end=\"1973\">Gr\u0103simi brute: <strong data-start=\"1961\" data-end=\"1971\">13,9 %<\/strong><\/p>\n<\/li>\n<li data-start=\"1974\" data-end=\"2002\">\n<p data-start=\"1976\" data-end=\"2002\">Nyers hamu: <strong data-start=\"1990\" data-end=\"2000\">18,0 %<\/strong><\/p>\n<\/li>\n<li data-start=\"2003\" data-end=\"2029\">\n<p data-start=\"2005\" data-end=\"2029\">Nyers rost: <strong data-start=\"2018\" data-end=\"2027\">6,0 %<\/strong><\/p>\n<\/li>\n<li data-start=\"2030\" data-end=\"2070\">\n<p data-start=\"2032\" data-end=\"2070\">Savban oldhatatlan hamu <strong data-start=\"2059\" data-end=\"2068\">7,4 %<\/strong><\/p>\n<\/li>\n<li data-start=\"2071\" data-end=\"2091\">\n<p data-start=\"2073\" data-end=\"2091\">N\u00e1trium: <strong data-start=\"2080\" data-end=\"2089\">0,1 %<\/strong><\/p>\n<\/li>\n<\/ul>","protected":false},"excerpt":{"rendered":"<p class=\"translation-block\">Izomt\u00f6meg \u00e9s \u00e1ll\u00f3k\u00e9pess\u00e9g n\u00f6vel\u0151. A MPower egy \u00e9lvonalbeli egyed\u00fcl\u00e1ll\u00f3 formula, mely aminosavakban \u00e9s term\u00e9szetes eredet\u0171 antioxid\u00e1nsokban gazdag, amelyek egy\u00fctt dolgoznak a kiv\u00e1lasztott n\u00f6v\u00e9nyi \u00f6sszetev\u0151kkel, biztos\u00edtva az eg\u00e9szs\u00e9ges izomfunkci\u00f3t illetve az izomn\u00f6veked\u00e9st. Ezen k\u00edv\u00fcl tartalmazza a sz\u00fcks\u00e9ges vitaminokat, nyomelemeket \u00e9s az optim\u00e1lis em\u00e9szt\u00e9si folyamatokhoz sz\u00fcks\u00e9ges \u00e9leszt\u0151t, melyek egy\u00fcttesen lehet\u0151v\u00e9 teszik a kulcsfontoss\u00e1g\u00fa izom\u00e9p\u00edt\u0151 \u00f6sszetev\u0151k hat\u00e9kony felhaszn\u00e1l\u00e1s\u00e1t.<\/p>","protected":false},"featured_media":560,"comment_status":"open","ping_status":"closed","template":"","meta":{"site-sidebar-layout":"default","site-content-layout":"","ast-site-content-layout":"default","site-content-style":"default","site-sidebar-style":"default","ast-global-header-display":"","ast-banner-title-visibility":"","ast-main-header-display":"","ast-hfb-above-header-display":"","ast-hfb-below-header-display":"","ast-hfb-mobile-header-display":"","site-post-title":"","ast-breadcrumbs-content":"","ast-featured-img":"","footer-sml-layout":"","theme-transparent-header-meta":"default","adv-header-id-meta":"","stick-header-meta":"","header-above-stick-meta":"","header-main-stick-meta":"","header-below-stick-meta":"","astra-migrate-meta-layouts":"set","ast-page-background-enabled":"default","ast-page-background-meta":{"desktop":{"background-color":"var(--ast-global-color-5)","background-image":"","background-repeat":"repeat","background-position":"center center","background-size":"auto","background-attachment":"scroll","background-type":"","background-media":"","overlay-type":"","overlay-color":"","overlay-opacity":"","overlay-gradient":""},"tablet":{"background-color":"","background-image":"","background-repeat":"repeat","background-position":"center center","background-size":"auto","background-attachment":"scroll","background-type":"","background-media":"","overlay-type":"","overlay-color":"","overlay-opacity":"","overlay-gradient":""},"mobile":{"background-color":"","background-image":"","background-repeat":"repeat","background-position":"center center","background-size":"auto","background-attachment":"scroll","background-type":"","background-media":"","overlay-type":"","overlay-color":"","overlay-opacity":"","overlay-gradient":""}},"ast-content-background-meta":{"desktop":{"background-color":"var(--ast-global-color-4)","background-image":"","background-repeat":"repeat","background-position":"center center","background-size":"auto","background-attachment":"scroll","background-type":"","background-media":"","overlay-type":"","overlay-color":"","overlay-opacity":"","overlay-gradient":""},"tablet":{"background-color":"var(--ast-global-color-4)","background-image":"","background-repeat":"repeat","background-position":"center center","background-size":"auto","background-attachment":"scroll","background-type":"","background-media":"","overlay-type":"","overlay-color":"","overlay-opacity":"","overlay-gradient":""},"mobile":{"background-color":"var(--ast-global-color-4)","background-image":"","background-repeat":"repeat","background-position":"center center","background-size":"auto","background-attachment":"scroll","background-type":"","background-media":"","overlay-type":"","overlay-color":"","overlay-opacity":"","overlay-gradient":""}}},"product_brand":[],"product_cat":[46],"product_tag":[],"class_list":{"0":"post-558","1":"product","2":"type-product","3":"status-publish","4":"has-post-thumbnail","6":"product_cat-putere-focus-refacere-rapida","7":"desktop-align-left","8":"tablet-align-left","9":"mobile-align-left","11":"first","12":"instock","13":"shipping-taxable","14":"purchasable","15":"product-type-simple"},"jetpack_sharing_enabled":true,"_links":{"self":[{"href":"https:\/\/magazinulmiculcalaret.ro\/hu\/wp-json\/wp\/v2\/product\/558","targetHints":{"allow":["GET"]}}],"collection":[{"href":"https:\/\/magazinulmiculcalaret.ro\/hu\/wp-json\/wp\/v2\/product"}],"about":[{"href":"https:\/\/magazinulmiculcalaret.ro\/hu\/wp-json\/wp\/v2\/types\/product"}],"replies":[{"embeddable":true,"href":"https:\/\/magazinulmiculcalaret.ro\/hu\/wp-json\/wp\/v2\/comments?post=558"}],"wp:featuredmedia":[{"embeddable":true,"href":"https:\/\/magazinulmiculcalaret.ro\/hu\/wp-json\/wp\/v2\/media\/560"}],"wp:attachment":[{"href":"https:\/\/magazinulmiculcalaret.ro\/hu\/wp-json\/wp\/v2\/media?parent=558"}],"wp:term":[{"taxonomy":"product_brand","embeddable":true,"href":"https:\/\/magazinulmiculcalaret.ro\/hu\/wp-json\/wp\/v2\/product_brand?post=558"},{"taxonomy":"product_cat","embeddable":true,"href":"https:\/\/magazinulmiculcalaret.ro\/hu\/wp-json\/wp\/v2\/product_cat?post=558"},{"taxonomy":"product_tag","embeddable":true,"href":"https:\/\/magazinulmiculcalaret.ro\/hu\/wp-json\/wp\/v2\/product_tag?post=558"}],"curies":[{"name":"wp","href":"https:\/\/api.w.org\/{rel}","templated":true}]}}