{"id":571,"date":"2025-10-08T20:24:37","date_gmt":"2025-10-08T17:24:37","guid":{"rendered":"https:\/\/magazinulmiculcalaret.ro\/?post_type=product&#038;p=571"},"modified":"2025-10-08T20:24:55","modified_gmt":"2025-10-08T17:24:55","slug":"recover-500ml","status":"publish","type":"product","link":"https:\/\/magazinulmiculcalaret.ro\/hu\/product\/recover-500ml\/","title":{"rendered":"Recover 500ml"},"content":{"rendered":"<p data-start=\"0\" data-end=\"70\"><strong data-start=\"0\" data-end=\"68\">Antioxid\u00e1nsos oldat az izomlaz\u00edt\u00e1shoz \u2013 NAF Recover<\/strong><\/p>\n<p data-start=\"72\" data-end=\"246\" class=\"translation-block\">Term\u00e9szetes antioxid\u00e1nsokkal d\u00fas\u00edtott oldat, amelyet az izmok ellaz\u00edt\u00e1s\u00e1nak \u00e9s a gyors regener\u00e1ci\u00f3nak a t\u00e1mogat\u00e1s\u00e1ra fejlesztettek ki megterhel\u0151 edz\u00e9sek vagy versenyek ut\u00e1n.<\/p>\n<p data-start=\"248\" data-end=\"401\" class=\"translation-block\">A NAF Recover serkenti a szervezet term\u00e9szetes regener\u00e1ci\u00f3s folyamatait, hozz\u00e1j\u00e1rulva a mozg\u00e9konys\u00e1g meg\u0151rz\u00e9s\u00e9hez \u00e9s az optim\u00e1lis fizikai \u00e1llapot fenntart\u00e1s\u00e1hoz.<\/p>\n<p data-start=\"403\" data-end=\"544\" data-is-last-node=\"\" data-is-only-node=\"\">\u27a1\ufe0f Recomandat\u0103 ca <strong data-start=\"421\" data-end=\"439\">cur\u0103 de 5 zile<\/strong>, pentru cai supu\u0219i efortului intens, pentru a asigura <strong data-start=\"494\" data-end=\"543\">revenirea complet\u0103 \u0219i sus\u021binerea performan\u021bei<\/strong>.<\/p>","protected":false},"excerpt":{"rendered":"<p data-start=\"0\" data-end=\"70\"><strong data-start=\"0\" data-end=\"68\">Antioxid\u00e1nsos oldat az izomlaz\u00edt\u00e1shoz \u2013 NAF Recover<\/strong><\/p>\n<p data-start=\"72\" data-end=\"246\" class=\"translation-block\">Term\u00e9szetes antioxid\u00e1nsokkal d\u00fas\u00edtott oldat, amelyet az izmok ellaz\u00edt\u00e1s\u00e1nak \u00e9s a gyors regener\u00e1ci\u00f3nak a t\u00e1mogat\u00e1s\u00e1ra fejlesztettek ki megterhel\u0151 edz\u00e9sek vagy versenyek ut\u00e1n.<\/p>\n<p data-start=\"248\" data-end=\"401\" class=\"translation-block\">A NAF Recover serkenti a szervezet term\u00e9szetes regener\u00e1ci\u00f3s folyamatait, hozz\u00e1j\u00e1rulva a mozg\u00e9konys\u00e1g meg\u0151rz\u00e9s\u00e9hez \u00e9s az optim\u00e1lis fizikai \u00e1llapot fenntart\u00e1s\u00e1hoz.<\/p>\n<p data-start=\"403\" data-end=\"544\" data-is-last-node=\"\" data-is-only-node=\"\">\u27a1\ufe0f Recomandat\u0103 ca <strong data-start=\"421\" data-end=\"439\">cur\u0103 de 5 zile<\/strong>, pentru cai supu\u0219i efortului intens, pentru a asigura <strong data-start=\"494\" data-end=\"543\">revenirea complet\u0103 \u0219i sus\u021binerea performan\u021bei<\/strong>.<\/p>","protected":false},"featured_media":572,"comment_status":"open","ping_status":"closed","template":"","meta":{"site-sidebar-layout":"default","site-content-layout":"","ast-site-content-layout":"default","site-content-style":"default","site-sidebar-style":"default","ast-global-header-display":"","ast-banner-title-visibility":"","ast-main-header-display":"","ast-hfb-above-header-display":"","ast-hfb-below-header-display":"","ast-hfb-mobile-header-display":"","site-post-title":"","ast-breadcrumbs-content":"","ast-featured-img":"","footer-sml-layout":"","theme-transparent-header-meta":"default","adv-header-id-meta":"","stick-header-meta":"","header-above-stick-meta":"","header-main-stick-meta":"","header-below-stick-meta":"","astra-migrate-meta-layouts":"set","ast-page-background-enabled":"default","ast-page-background-meta":{"desktop":{"background-color":"var(--ast-global-color-5)","background-image":"","background-repeat":"repeat","background-position":"center center","background-size":"auto","background-attachment":"scroll","background-type":"","background-media":"","overlay-type":"","overlay-color":"","overlay-opacity":"","overlay-gradient":""},"tablet":{"background-color":"","background-image":"","background-repeat":"repeat","background-position":"center center","background-size":"auto","background-attachment":"scroll","background-type":"","background-media":"","overlay-type":"","overlay-color":"","overlay-opacity":"","overlay-gradient":""},"mobile":{"background-color":"","background-image":"","background-repeat":"repeat","background-position":"center center","background-size":"auto","background-attachment":"scroll","background-type":"","background-media":"","overlay-type":"","overlay-color":"","overlay-opacity":"","overlay-gradient":""}},"ast-content-background-meta":{"desktop":{"background-color":"var(--ast-global-color-4)","background-image":"","background-repeat":"repeat","background-position":"center center","background-size":"auto","background-attachment":"scroll","background-type":"","background-media":"","overlay-type":"","overlay-color":"","overlay-opacity":"","overlay-gradient":""},"tablet":{"background-color":"var(--ast-global-color-4)","background-image":"","background-repeat":"repeat","background-position":"center center","background-size":"auto","background-attachment":"scroll","background-type":"","background-media":"","overlay-type":"","overlay-color":"","overlay-opacity":"","overlay-gradient":""},"mobile":{"background-color":"var(--ast-global-color-4)","background-image":"","background-repeat":"repeat","background-position":"center center","background-size":"auto","background-attachment":"scroll","background-type":"","background-media":"","overlay-type":"","overlay-color":"","overlay-opacity":"","overlay-gradient":""}}},"product_brand":[],"product_cat":[46],"product_tag":[],"class_list":{"0":"post-571","1":"product","2":"type-product","3":"status-publish","4":"has-post-thumbnail","6":"product_cat-putere-focus-refacere-rapida","7":"desktop-align-left","8":"tablet-align-left","9":"mobile-align-left","11":"first","12":"instock","13":"shipping-taxable","14":"purchasable","15":"product-type-simple"},"jetpack_sharing_enabled":true,"_links":{"self":[{"href":"https:\/\/magazinulmiculcalaret.ro\/hu\/wp-json\/wp\/v2\/product\/571","targetHints":{"allow":["GET"]}}],"collection":[{"href":"https:\/\/magazinulmiculcalaret.ro\/hu\/wp-json\/wp\/v2\/product"}],"about":[{"href":"https:\/\/magazinulmiculcalaret.ro\/hu\/wp-json\/wp\/v2\/types\/product"}],"replies":[{"embeddable":true,"href":"https:\/\/magazinulmiculcalaret.ro\/hu\/wp-json\/wp\/v2\/comments?post=571"}],"wp:featuredmedia":[{"embeddable":true,"href":"https:\/\/magazinulmiculcalaret.ro\/hu\/wp-json\/wp\/v2\/media\/572"}],"wp:attachment":[{"href":"https:\/\/magazinulmiculcalaret.ro\/hu\/wp-json\/wp\/v2\/media?parent=571"}],"wp:term":[{"taxonomy":"product_brand","embeddable":true,"href":"https:\/\/magazinulmiculcalaret.ro\/hu\/wp-json\/wp\/v2\/product_brand?post=571"},{"taxonomy":"product_cat","embeddable":true,"href":"https:\/\/magazinulmiculcalaret.ro\/hu\/wp-json\/wp\/v2\/product_cat?post=571"},{"taxonomy":"product_tag","embeddable":true,"href":"https:\/\/magazinulmiculcalaret.ro\/hu\/wp-json\/wp\/v2\/product_tag?post=571"}],"curies":[{"name":"wp","href":"https:\/\/api.w.org\/{rel}","templated":true}]}}