{"id":588,"date":"2025-10-08T20:33:24","date_gmt":"2025-10-08T17:33:24","guid":{"rendered":"https:\/\/magazinulmiculcalaret.ro\/?post_type=product&#038;p=588"},"modified":"2025-10-08T20:33:24","modified_gmt":"2025-10-08T17:33:24","slug":"magic-powder-750gr","status":"publish","type":"product","link":"https:\/\/magazinulmiculcalaret.ro\/hu\/product\/magic-powder-750gr\/","title":{"rendered":"Magic Powder 750gr"},"content":{"rendered":"<p data-start=\"0\" data-end=\"62\"><strong data-start=\"0\" data-end=\"60\">NAF Magic Powder \u2013 Term\u00e9szetes nyugalom por form\u00e1ban<\/strong><\/p>\n<p data-start=\"64\" data-end=\"289\" class=\"translation-block\">A NAF Magic Powder egy gondosan \u00f6ssze\u00e1ll\u00edtott, term\u00e9szetes nyugtat\u00f3 hat\u00e1s\u00fa kieg\u00e9sz\u00edt\u0151 lovak sz\u00e1m\u00e1ra. Seg\u00edt fenntartani a kiegyens\u00falyozott idegrendszeri m\u0171k\u00f6d\u00e9st \u00e9s t\u00e1mogatja a l\u00f3 koncentr\u00e1ci\u00f3j\u00e1t stresszes helyzetekben \u2013 an\u00e9lk\u00fcl, hogy cs\u00f6kkenten\u00e9 a teljes\u00edtm\u00e9nyt vagy elnehez\u00edten\u00e9 a viselked\u00e9st.<\/p>\n<p data-start=\"291\" data-end=\"507\" class=\"translation-block\">A NAF Magic Powder a j\u00f3l bev\u00e1lt magn\u00e9zium, valamint gy\u00f3gyn\u00f6v\u00e9nykivonatok kombin\u00e1ci\u00f3j\u00e1t tartalmazza, hogy lovad nyugodt, f\u00f3kusz\u00e1lt \u00e9s magabiztos maradhasson mindennapi munk\u00e1ban \u00e9s versenyhelyzetekben is.<\/p>\n<hr data-start=\"509\" data-end=\"512\" \/>\n<h3 data-start=\"514\" data-end=\"543\"><strong data-start=\"518\" data-end=\"543\">F\u0151 el\u0151ny\u00f6k:<\/strong><\/h3>\n<ul data-start=\"544\" data-end=\"897\">\n<li data-start=\"544\" data-end=\"608\">\n<p data-start=\"546\" data-end=\"608\" class=\"translation-block\">Term\u00e9szetes nyugtat\u00f3 hat\u00e1s \u2013 nem szedat\u00edv, nem tomp\u00edtja a lovat<\/p>\n<\/li>\n<li data-start=\"609\" data-end=\"687\">\n<p data-start=\"611\" data-end=\"687\" class=\"translation-block\">Magn\u00e9ziumtartalma t\u00e1mogatja az idegrendszer \u00e9s az izmok eg\u00e9szs\u00e9ges m\u0171k\u00f6d\u00e9s\u00e9t<\/p>\n<\/li>\n<li data-start=\"688\" data-end=\"773\">\n<p data-start=\"690\" data-end=\"773\" class=\"translation-block\">Gy\u00f3gyn\u00f6v\u00e9ny kivonatokkal (pl. koml\u00f3, valeriana) a stressz cs\u00f6kkent\u00e9s\u00e9\u00e9rt<\/p>\n<\/li>\n<li data-start=\"774\" data-end=\"832\">\n<p data-start=\"776\" data-end=\"832\" class=\"translation-block\">Por form\u00e1j\u00fa, k\u00f6nnyen adagolhat\u00f3 a napi takarm\u00e1nyhoz<\/p>\n<\/li>\n<li data-start=\"833\" data-end=\"897\">\n<p data-start=\"835\" data-end=\"897\" class=\"translation-block\">Biztons\u00e1gosan haszn\u00e1lhat\u00f3 versenyid\u0151szakban \u2013 nem tartalmaz tiltott \u00f6sszetev\u0151ket<\/p>\n<\/li>\n<\/ul>\n<hr data-start=\"899\" data-end=\"902\" \/>\n<h3 data-start=\"904\" data-end=\"930\"><strong data-start=\"908\" data-end=\"930\">Ide\u00e1lis v\u00e1laszt\u00e1s:<\/strong><\/h3>\n<ul data-start=\"931\" data-end=\"1116\">\n<li data-start=\"931\" data-end=\"973\">\n<p data-start=\"933\" data-end=\"973\">Ideges, fesz\u00fclt vagy t\u00falzottan \u00e9rz\u00e9keny lovaknak<\/p>\n<\/li>\n<li data-start=\"974\" data-end=\"1056\">\n<p data-start=\"976\" data-end=\"1056\">Versenyek, utaz\u00e1s, \u00faj helyzetek, tr\u00e9ningid\u0151szak el\u0151tt<\/p>\n<\/li>\n<li data-start=\"1057\" data-end=\"1116\">\n<p data-start=\"1059\" data-end=\"1116\">Olyan lovaknak, akik hajlamosak t\u00falreag\u00e1lni a k\u00f6rnyezeti ingereket<\/p>\n<\/li>\n<\/ul>\n<hr data-start=\"1118\" data-end=\"1121\" \/>\n<h3 data-start=\"1123\" data-end=\"1151\"><strong data-start=\"1127\" data-end=\"1151\">Alkalmaz\u00e1si m\u00f3d:<\/strong><\/h3>\n<div class=\"_tableContainer_1rjym_1\">\n<div class=\"group _tableWrapper_1rjym_13 flex w-fit flex-col-reverse\" tabindex=\"-1\">\n<table class=\"w-fit min-w-(--thread-content-width)\" data-start=\"1152\" data-end=\"1322\">\n<thead data-start=\"1152\" data-end=\"1189\">\n<tr data-start=\"1152\" data-end=\"1189\">\n<th data-start=\"1152\" data-end=\"1158\" data-col-size=\"sm\">Faj<\/th>\n<th data-start=\"1158\" data-end=\"1165\" data-col-size=\"sm\">g\/nap<\/th>\n<th data-start=\"1165\" data-end=\"1189\" data-col-size=\"sm\">Ev\u0151kan\u00e1l cs\u00e9sze\/nap<\/th>\n<\/tr>\n<\/thead>\n<tbody data-start=\"1229\" data-end=\"1322\">\n<tr data-start=\"1229\" data-end=\"1286\">\n<td data-start=\"1229\" data-end=\"1269\" data-col-size=\"sm\"><strong data-start=\"1231\" data-end=\"1268\">Felt\u00f6lt\u00e9si id\u0151szak (7-10 nap)<\/strong><\/td>\n<td data-start=\"1269\" data-end=\"1279\" data-col-size=\"sm\">50\u201375 g<\/td>\n<td data-start=\"1279\" data-end=\"1286\" data-col-size=\"sm\">2\u20133<\/td>\n<\/tr>\n<tr data-start=\"1287\" data-end=\"1322\">\n<td data-start=\"1287\" data-end=\"1305\" data-col-size=\"sm\"><strong data-start=\"1289\" data-end=\"1304\">Szintentart\u00e1s<\/strong><\/td>\n<td data-start=\"1305\" data-end=\"1315\" data-col-size=\"sm\">25\u201350 g<\/td>\n<td data-start=\"1315\" data-end=\"1322\" data-col-size=\"sm\">1\u20132<\/td>\n<\/tr>\n<\/tbody>\n<\/table>\n<\/div>\n<\/div>\n<hr data-start=\"1324\" data-end=\"1327\" \/>\n<h3 data-start=\"1329\" data-end=\"1359\"><strong data-start=\"1333\" data-end=\"1357\">\u00d6sszet\u00e9tel (kg)<\/strong><\/h3>\n<p data-start=\"1360\" data-end=\"1555\" class=\"translation-block\">Magn\u00e9zium-oxid, Withania, Koml\u00f3, Takarm\u00e1nyliszt (Lucerna), Kalcium-karbon\u00e1t, Chia mag, \u00c9desgy\u00f6k\u00e9r, S\u00f6r\u00e9leszt\u0151, Repceolaj, Frukto-oligoszacharidok (10 020 mg), G\u00f6r\u00f6gsz\u00e9na mag.<\/p>\n<hr data-start=\"1557\" data-end=\"1560\" \/>\n<h3 data-start=\"1562\" data-end=\"1589\"><strong data-start=\"1566\" data-end=\"1587\">Adal\u00e9kanyagok (kilogrammonk\u00e9nt)<\/strong><\/h3>\n<ul data-start=\"1590\" data-end=\"1656\">\n<li data-start=\"1590\" data-end=\"1656\">\n<p data-start=\"1592\" data-end=\"1656\"><em data-start=\"1592\" data-end=\"1618\">Saccharomyces cerevisiae<\/em> NCYC Sc47 (4b1702): 3,31 \u00d7 10\u00b9\u00b9 cfu<\/p>\n<\/li>\n<\/ul>\n<hr data-start=\"1658\" data-end=\"1661\" \/>\n<h3 data-start=\"1663\" data-end=\"1694\"><strong data-start=\"1667\" data-end=\"1692\">Analitikai \u00f6sszetev\u0151k<\/strong><\/h3>\n<ul data-start=\"1695\" data-end=\"1850\">\n<li data-start=\"1695\" data-end=\"1720\">\n<p data-start=\"1697\" data-end=\"1720\">Nyersfeh\u00e9rje \u2013 9,8%<\/p>\n<\/li>\n<li data-start=\"1721\" data-end=\"1745\">\n<p data-start=\"1723\" data-end=\"1745\">Nyers olajok \u00e9s zs\u00edrok \u2013 4,7%<\/p>\n<\/li>\n<li data-start=\"1746\" data-end=\"1770\">\n<p data-start=\"1748\" data-end=\"1770\">Nyershamu \u2013 41,9%<\/p>\n<\/li>\n<li data-start=\"1771\" data-end=\"1794\">\n<p data-start=\"1773\" data-end=\"1794\">Nyersrost \u2013 11,7%<\/p>\n<\/li>\n<li data-start=\"1795\" data-end=\"1832\">\n<p data-start=\"1797\" data-end=\"1832\">Savban oldhatatlan hamu \u2013 4,01%<\/p>\n<\/li>\n<li data-start=\"1833\" data-end=\"1850\">\n<p data-start=\"1835\" data-end=\"1850\">N\u00e1trium \u2013 0,06 %<\/p>\n<\/li>\n<\/ul>","protected":false},"excerpt":{"rendered":"<p data-start=\"64\" data-end=\"289\" class=\"translation-block\">A NAF Magic Powder egy gondosan \u00f6ssze\u00e1ll\u00edtott, term\u00e9szetes nyugtat\u00f3 hat\u00e1s\u00fa kieg\u00e9sz\u00edt\u0151 lovak sz\u00e1m\u00e1ra. Seg\u00edt fenntartani a kiegyens\u00falyozott idegrendszeri m\u0171k\u00f6d\u00e9st \u00e9s t\u00e1mogatja a l\u00f3 koncentr\u00e1ci\u00f3j\u00e1t stresszes helyzetekben \u2013 an\u00e9lk\u00fcl, hogy cs\u00f6kkenten\u00e9 a teljes\u00edtm\u00e9nyt vagy elnehez\u00edten\u00e9 a viselked\u00e9st.<\/p>\n<p data-start=\"291\" data-end=\"507\" class=\"translation-block\">A NAF Magic Powder a j\u00f3l bev\u00e1lt magn\u00e9zium, valamint gy\u00f3gyn\u00f6v\u00e9nykivonatok kombin\u00e1ci\u00f3j\u00e1t tartalmazza, hogy lovad nyugodt, f\u00f3kusz\u00e1lt \u00e9s magabiztos maradhasson mindennapi munk\u00e1ban \u00e9s versenyhelyzetekben is.<\/p>","protected":false},"featured_media":591,"comment_status":"open","ping_status":"closed","template":"","meta":{"site-sidebar-layout":"default","site-content-layout":"","ast-site-content-layout":"default","site-content-style":"default","site-sidebar-style":"default","ast-global-header-display":"","ast-banner-title-visibility":"","ast-main-header-display":"","ast-hfb-above-header-display":"","ast-hfb-below-header-display":"","ast-hfb-mobile-header-display":"","site-post-title":"","ast-breadcrumbs-content":"","ast-featured-img":"","footer-sml-layout":"","theme-transparent-header-meta":"default","adv-header-id-meta":"","stick-header-meta":"","header-above-stick-meta":"","header-main-stick-meta":"","header-below-stick-meta":"","astra-migrate-meta-layouts":"set","ast-page-background-enabled":"default","ast-page-background-meta":{"desktop":{"background-color":"var(--ast-global-color-5)","background-image":"","background-repeat":"repeat","background-position":"center center","background-size":"auto","background-attachment":"scroll","background-type":"","background-media":"","overlay-type":"","overlay-color":"","overlay-opacity":"","overlay-gradient":""},"tablet":{"background-color":"","background-image":"","background-repeat":"repeat","background-position":"center center","background-size":"auto","background-attachment":"scroll","background-type":"","background-media":"","overlay-type":"","overlay-color":"","overlay-opacity":"","overlay-gradient":""},"mobile":{"background-color":"","background-image":"","background-repeat":"repeat","background-position":"center center","background-size":"auto","background-attachment":"scroll","background-type":"","background-media":"","overlay-type":"","overlay-color":"","overlay-opacity":"","overlay-gradient":""}},"ast-content-background-meta":{"desktop":{"background-color":"var(--ast-global-color-4)","background-image":"","background-repeat":"repeat","background-position":"center center","background-size":"auto","background-attachment":"scroll","background-type":"","background-media":"","overlay-type":"","overlay-color":"","overlay-opacity":"","overlay-gradient":""},"tablet":{"background-color":"var(--ast-global-color-4)","background-image":"","background-repeat":"repeat","background-position":"center center","background-size":"auto","background-attachment":"scroll","background-type":"","background-media":"","overlay-type":"","overlay-color":"","overlay-opacity":"","overlay-gradient":""},"mobile":{"background-color":"var(--ast-global-color-4)","background-image":"","background-repeat":"repeat","background-position":"center center","background-size":"auto","background-attachment":"scroll","background-type":"","background-media":"","overlay-type":"","overlay-color":"","overlay-opacity":"","overlay-gradient":""}}},"product_brand":[],"product_cat":[47],"product_tag":[],"class_list":{"0":"post-588","1":"product","2":"type-product","3":"status-publish","4":"has-post-thumbnail","6":"product_cat-calm-si-echilibru-in-antrenament","7":"desktop-align-left","8":"tablet-align-left","9":"mobile-align-left","11":"first","12":"instock","13":"shipping-taxable","14":"purchasable","15":"product-type-simple"},"jetpack_sharing_enabled":true,"_links":{"self":[{"href":"https:\/\/magazinulmiculcalaret.ro\/hu\/wp-json\/wp\/v2\/product\/588","targetHints":{"allow":["GET"]}}],"collection":[{"href":"https:\/\/magazinulmiculcalaret.ro\/hu\/wp-json\/wp\/v2\/product"}],"about":[{"href":"https:\/\/magazinulmiculcalaret.ro\/hu\/wp-json\/wp\/v2\/types\/product"}],"replies":[{"embeddable":true,"href":"https:\/\/magazinulmiculcalaret.ro\/hu\/wp-json\/wp\/v2\/comments?post=588"}],"wp:featuredmedia":[{"embeddable":true,"href":"https:\/\/magazinulmiculcalaret.ro\/hu\/wp-json\/wp\/v2\/media\/591"}],"wp:attachment":[{"href":"https:\/\/magazinulmiculcalaret.ro\/hu\/wp-json\/wp\/v2\/media?parent=588"}],"wp:term":[{"taxonomy":"product_brand","embeddable":true,"href":"https:\/\/magazinulmiculcalaret.ro\/hu\/wp-json\/wp\/v2\/product_brand?post=588"},{"taxonomy":"product_cat","embeddable":true,"href":"https:\/\/magazinulmiculcalaret.ro\/hu\/wp-json\/wp\/v2\/product_cat?post=588"},{"taxonomy":"product_tag","embeddable":true,"href":"https:\/\/magazinulmiculcalaret.ro\/hu\/wp-json\/wp\/v2\/product_tag?post=588"}],"curies":[{"name":"wp","href":"https:\/\/api.w.org\/{rel}","templated":true}]}}