{"id":592,"date":"2025-10-08T20:34:44","date_gmt":"2025-10-08T17:34:44","guid":{"rendered":"https:\/\/magazinulmiculcalaret.ro\/?post_type=product&#038;p=592"},"modified":"2025-10-08T20:34:45","modified_gmt":"2025-10-08T17:34:45","slug":"oestress-powder-1kg","status":"publish","type":"product","link":"https:\/\/magazinulmiculcalaret.ro\/hu\/product\/oestress-powder-1kg\/","title":{"rendered":"Oestress powder 1kg"},"content":{"rendered":"<p data-start=\"0\" data-end=\"57\"><strong data-start=\"0\" data-end=\"55\">NAF Oestress Powder \u2013 Echilibru natural pentru iepe<\/strong><\/p>\n<p data-start=\"59\" data-end=\"466\" class=\"translation-block\">A NAF Oestress Powder egy term\u00e9szetes alap\u00fa, takarm\u00e1ny-kieg\u00e9sz\u00edt\u0151 kifejezetten ingerl\u00e9keny, hangulatv\u00e1ltoz\u00e1sokra hajlamos vagy hormon\u00e1lisan \u00e9rz\u00e9keny kanc\u00e1k sz\u00e1m\u00e1ra. Seg\u00edti a hormonh\u00e1ztart\u00e1s egyens\u00faly\u00e1t, ez\u00e1ltal t\u00e1mogatja a nyugodtabb viselked\u00e9st, a koncentr\u00e1ci\u00f3t \u00e9s a teljes\u00edtm\u00e9nyt a ciklus k\u00fcl\u00f6nb\u00f6z\u0151 szakaszaiban. A k\u00e9sz\u00edtm\u00e9ny gy\u00f3gyn\u00f6v\u00e9nyek \u00e9s magn\u00e9zium egyed\u00fcl\u00e1ll\u00f3 kombin\u00e1ci\u00f3j\u00e1t tartalmazza, amelyek term\u00e9szetes m\u00f3don t\u00e1mogatj\u00e1k a m\u00e9h \u00e9s a petef\u00e9szek eg\u00e9szs\u00e9g\u00e9t, valamint enyh\u00edtik a ciklus okozta fesz\u00fclts\u00e9get \u00e9s diszkomfortot.<\/p>\n<p data-start=\"468\" data-end=\"638\" class=\"translation-block\">Rendszeres haszn\u00e1lata kiegyens\u00falyozottabb, egy\u00fcttm\u0171k\u00f6d\u0151bb kanc\u00e1t eredm\u00e9nyezhet, k\u00fcl\u00f6n\u00f6sen a verseny- \u00e9s munkaszezonban.<\/p>\n<hr data-start=\"640\" data-end=\"643\" \/>\n<h3 data-start=\"645\" data-end=\"674\"><strong data-start=\"649\" data-end=\"674\">F\u0151 el\u0151ny\u00f6k:<\/strong><\/h3>\n<ul data-start=\"675\" data-end=\"907\">\n<li data-start=\"675\" data-end=\"720\">\n<p data-start=\"677\" data-end=\"720\" class=\"translation-block\">Term\u00e9szetes t\u00e1mogat\u00e1s a hormon\u00e1lis egyens\u00falyhoz<\/p>\n<\/li>\n<li data-start=\"721\" data-end=\"794\">\n<p data-start=\"723\" data-end=\"794\" class=\"translation-block\">Seg\u00edti a nyugodtabb viselked\u00e9st \u00e9s a koncentr\u00e1ci\u00f3t<\/p>\n<\/li>\n<li data-start=\"795\" data-end=\"854\">\n<p data-start=\"797\" data-end=\"854\" class=\"translation-block\">Enyh\u00edti a ciklus okozta fesz\u00fclts\u00e9get \u00e9s \u00e9rz\u00e9kenys\u00e9get<\/p>\n<\/li>\n<li data-start=\"855\" data-end=\"907\">\n<p data-start=\"857\" data-end=\"907\" class=\"translation-block\">Ide\u00e1lis verseny- \u00e9s hobbilovak sz\u00e1m\u00e1ra egyar\u00e1nt<\/p>\n<\/li>\n<\/ul>\n<hr data-start=\"909\" data-end=\"912\" \/>\n<h3 data-start=\"914\" data-end=\"942\"><strong data-start=\"918\" data-end=\"942\">Alkalmaz\u00e1si m\u00f3d:<\/strong><\/h3>\n<p data-start=\"943\" data-end=\"1147\" class=\"translation-block\">Mindennapos etet\u00e9sre javasolt, k\u00fcl\u00f6n\u00f6sen a tavaszi\u2013ny\u00e1ri id\u0151szakban, amikor a hormon\u00e1lis aktivit\u00e1s fokozott. A maxim\u00e1lis hat\u00e1s \u00e9rdek\u00e9ben folyamatosan adagold a takarm\u00e1nyhoz.<\/p>\n<div class=\"_tableContainer_1rjym_1\">\n<div class=\"group _tableWrapper_1rjym_13 flex w-fit flex-col-reverse\" tabindex=\"-1\">\n<table class=\"w-fit min-w-(--thread-content-width)\" data-start=\"1149\" data-end=\"1305\">\n<thead data-start=\"1149\" data-end=\"1186\">\n<tr data-start=\"1149\" data-end=\"1186\">\n<th data-start=\"1149\" data-end=\"1155\" data-col-size=\"sm\">Faj<\/th>\n<th data-start=\"1155\" data-end=\"1162\" data-col-size=\"sm\">g\/nap<\/th>\n<th data-start=\"1162\" data-end=\"1186\" data-col-size=\"sm\">Ev\u0151kan\u00e1l cs\u00e9sze\/nap<\/th>\n<\/tr>\n<\/thead>\n<tbody data-start=\"1226\" data-end=\"1305\">\n<tr data-start=\"1226\" data-end=\"1273\">\n<td data-start=\"1226\" data-end=\"1261\" data-col-size=\"sm\">Kezd\u0151 adag (5-7 nap)<\/td>\n<td data-start=\"1261\" data-end=\"1268\" data-col-size=\"sm\">30 g<\/td>\n<td data-start=\"1268\" data-end=\"1273\" data-col-size=\"sm\">3<\/td>\n<\/tr>\n<tr data-start=\"1274\" data-end=\"1305\">\n<td data-start=\"1274\" data-end=\"1288\" data-col-size=\"sm\">Szintentart\u00e1s<\/td>\n<td data-start=\"1288\" data-end=\"1298\" data-col-size=\"sm\">10\u201320 g<\/td>\n<td data-start=\"1298\" data-end=\"1305\" data-col-size=\"sm\">1\u20132<\/td>\n<\/tr>\n<\/tbody>\n<\/table>\n<\/div>\n<\/div>\n<hr data-start=\"1307\" data-end=\"1310\" \/>\n<h3 data-start=\"1312\" data-end=\"1333\"><strong data-start=\"1316\" data-end=\"1331\">\u00d6sszet\u00e9tel<\/strong><\/h3>\n<p data-start=\"1334\" data-end=\"1841\" class=\"translation-block\">bar\u00e1tcserje, magn\u00e9zium-oxid, k\u00e1nyabangita (Viburnum opulus) k\u00e9reg, f\u00fcrt\u00f6s poloskav\u00e9sz (Actaea racemosa), napraforg\u00f3mag, s\u00e1rgar\u00e9pa, Jiaogulan (Gynostemma pentaphyllum) ,schisandra, bajk\u00e1li csuk\u00f3ka, g\u00f6r\u00f6gsz\u00e9namag, csipkebogy\u00f3h\u00e9j, angyalgy\u00f6k\u00e9r, kurkuma gy\u00f6k\u00e9r, m\u00e1riat\u00f6vis mag, gyermekl\u00e1ncf\u0171, rozmaring, ginkgo levelek, gy\u00f6mb\u00e9r, gomba, Chlorella alga, \u00e9desgy\u00f6k\u00e9r, repceolaj<\/p>\n<hr data-start=\"1843\" data-end=\"1846\" \/>\n<h3 data-start=\"1848\" data-end=\"1879\"><strong data-start=\"1852\" data-end=\"1877\">Analitikai \u00f6sszetev\u0151k<\/strong><\/h3>\n<ul data-start=\"1880\" data-end=\"2035\">\n<li data-start=\"1880\" data-end=\"1905\">\n<p data-start=\"1882\" data-end=\"1905\">Nyersfeh\u00e9rje \u2013 6,6 %<\/p>\n<\/li>\n<li data-start=\"1906\" data-end=\"1931\">\n<p data-start=\"1908\" data-end=\"1931\">Nyerszs\u00edr \u2013 11,7 %<\/p>\n<\/li>\n<li data-start=\"1932\" data-end=\"1956\">\n<p data-start=\"1934\" data-end=\"1956\">Nyershamu \u2013 23,9 %<\/p>\n<\/li>\n<li data-start=\"1957\" data-end=\"1980\">\n<p data-start=\"1959\" data-end=\"1980\">Nyersrost \u2013 18,5 %<\/p>\n<\/li>\n<li data-start=\"1981\" data-end=\"2017\">\n<p data-start=\"1983\" data-end=\"2017\">Savban oldhatatlan hamu \u2013 5,3 %<\/p>\n<\/li>\n<li data-start=\"2018\" data-end=\"2035\">\n<p data-start=\"2020\" data-end=\"2035\">N\u00e1trium \u2013 0,06 %<\/p>\n<\/li>\n<\/ul>","protected":false},"excerpt":{"rendered":"<p class=\"translation-block\">A NAF Oestress Powder egy term\u00e9szetes alap\u00fa, takarm\u00e1ny-kieg\u00e9sz\u00edt\u0151 kifejezetten ingerl\u00e9keny, hangulatv\u00e1ltoz\u00e1sokra hajlamos vagy hormon\u00e1lisan \u00e9rz\u00e9keny kanc\u00e1k sz\u00e1m\u00e1ra. Seg\u00edti a hormonh\u00e1ztart\u00e1s egyens\u00faly\u00e1t, ez\u00e1ltal t\u00e1mogatja a nyugodtabb viselked\u00e9st, a koncentr\u00e1ci\u00f3t \u00e9s a teljes\u00edtm\u00e9nyt a ciklus k\u00fcl\u00f6nb\u00f6z\u0151 szakaszaiban. A k\u00e9sz\u00edtm\u00e9ny gy\u00f3gyn\u00f6v\u00e9nyek \u00e9s magn\u00e9zium egyed\u00fcl\u00e1ll\u00f3 kombin\u00e1ci\u00f3j\u00e1t tartalmazza, amelyek term\u00e9szetes m\u00f3don t\u00e1mogatj\u00e1k a m\u00e9h \u00e9s a petef\u00e9szek eg\u00e9szs\u00e9g\u00e9t, valamint enyh\u00edtik a ciklus okozta fesz\u00fclts\u00e9get \u00e9s diszkomfortot.<\/p>","protected":false},"featured_media":595,"comment_status":"open","ping_status":"closed","template":"","meta":{"site-sidebar-layout":"default","site-content-layout":"","ast-site-content-layout":"default","site-content-style":"default","site-sidebar-style":"default","ast-global-header-display":"","ast-banner-title-visibility":"","ast-main-header-display":"","ast-hfb-above-header-display":"","ast-hfb-below-header-display":"","ast-hfb-mobile-header-display":"","site-post-title":"","ast-breadcrumbs-content":"","ast-featured-img":"","footer-sml-layout":"","theme-transparent-header-meta":"default","adv-header-id-meta":"","stick-header-meta":"","header-above-stick-meta":"","header-main-stick-meta":"","header-below-stick-meta":"","astra-migrate-meta-layouts":"set","ast-page-background-enabled":"default","ast-page-background-meta":{"desktop":{"background-color":"var(--ast-global-color-5)","background-image":"","background-repeat":"repeat","background-position":"center center","background-size":"auto","background-attachment":"scroll","background-type":"","background-media":"","overlay-type":"","overlay-color":"","overlay-opacity":"","overlay-gradient":""},"tablet":{"background-color":"","background-image":"","background-repeat":"repeat","background-position":"center center","background-size":"auto","background-attachment":"scroll","background-type":"","background-media":"","overlay-type":"","overlay-color":"","overlay-opacity":"","overlay-gradient":""},"mobile":{"background-color":"","background-image":"","background-repeat":"repeat","background-position":"center center","background-size":"auto","background-attachment":"scroll","background-type":"","background-media":"","overlay-type":"","overlay-color":"","overlay-opacity":"","overlay-gradient":""}},"ast-content-background-meta":{"desktop":{"background-color":"var(--ast-global-color-4)","background-image":"","background-repeat":"repeat","background-position":"center center","background-size":"auto","background-attachment":"scroll","background-type":"","background-media":"","overlay-type":"","overlay-color":"","overlay-opacity":"","overlay-gradient":""},"tablet":{"background-color":"var(--ast-global-color-4)","background-image":"","background-repeat":"repeat","background-position":"center center","background-size":"auto","background-attachment":"scroll","background-type":"","background-media":"","overlay-type":"","overlay-color":"","overlay-opacity":"","overlay-gradient":""},"mobile":{"background-color":"var(--ast-global-color-4)","background-image":"","background-repeat":"repeat","background-position":"center center","background-size":"auto","background-attachment":"scroll","background-type":"","background-media":"","overlay-type":"","overlay-color":"","overlay-opacity":"","overlay-gradient":""}}},"product_brand":[],"product_cat":[47],"product_tag":[],"class_list":{"0":"post-592","1":"product","2":"type-product","3":"status-publish","4":"has-post-thumbnail","6":"product_cat-calm-si-echilibru-in-antrenament","7":"desktop-align-left","8":"tablet-align-left","9":"mobile-align-left","11":"first","12":"instock","13":"shipping-taxable","14":"purchasable","15":"product-type-simple"},"jetpack_sharing_enabled":true,"_links":{"self":[{"href":"https:\/\/magazinulmiculcalaret.ro\/hu\/wp-json\/wp\/v2\/product\/592","targetHints":{"allow":["GET"]}}],"collection":[{"href":"https:\/\/magazinulmiculcalaret.ro\/hu\/wp-json\/wp\/v2\/product"}],"about":[{"href":"https:\/\/magazinulmiculcalaret.ro\/hu\/wp-json\/wp\/v2\/types\/product"}],"replies":[{"embeddable":true,"href":"https:\/\/magazinulmiculcalaret.ro\/hu\/wp-json\/wp\/v2\/comments?post=592"}],"wp:featuredmedia":[{"embeddable":true,"href":"https:\/\/magazinulmiculcalaret.ro\/hu\/wp-json\/wp\/v2\/media\/595"}],"wp:attachment":[{"href":"https:\/\/magazinulmiculcalaret.ro\/hu\/wp-json\/wp\/v2\/media?parent=592"}],"wp:term":[{"taxonomy":"product_brand","embeddable":true,"href":"https:\/\/magazinulmiculcalaret.ro\/hu\/wp-json\/wp\/v2\/product_brand?post=592"},{"taxonomy":"product_cat","embeddable":true,"href":"https:\/\/magazinulmiculcalaret.ro\/hu\/wp-json\/wp\/v2\/product_cat?post=592"},{"taxonomy":"product_tag","embeddable":true,"href":"https:\/\/magazinulmiculcalaret.ro\/hu\/wp-json\/wp\/v2\/product_tag?post=592"}],"curies":[{"name":"wp","href":"https:\/\/api.w.org\/{rel}","templated":true}]}}